{"id":20907,"date":"2025-11-28T21:12:12","date_gmt":"2025-11-28T21:12:12","guid":{"rendered":"https:\/\/asura.lv\/product\/niimbot-b1-wireless-label-printer-green\/"},"modified":"2025-12-12T15:00:14","modified_gmt":"2025-12-12T13:00:14","slug":"niimbot-b1-wireless-label-printer-green","status":"publish","type":"product","link":"https:\/\/asura.lv\/et\/toode\/niimbot-b1-wireless-label-printer-green\/","title":{"rendered":"Niimbot B1 juhtmevaba sildiprinter (roheline)"},"content":{"rendered":"<h3>Niimbot B1 juhtmevaba sildiprinter (roheline)<\/h3>\n<p>Kaasaskantav termosildiprinter Niimbot B1 on j\u00e4rjekordne seademudel, mis lihtsustab igap\u00e4evaseid \u00fclesandeid. See toetab Bluetoothi \u200b\u200bja t\u00f6\u00f6tab iOS-i ja Androidi operatsioonis\u00fcsteemidega, muutes ideaalse sildi kujundamise telefonist laiuses vahemikus 15\u201360 mm lihtsaks ja seej\u00e4rel printimise ilma tinti kasutamata. Ole oma igap\u00e4evaste \u00fclesannetega loominguline.<\/p>\n<p><img decoding=\"async\" src=\"https:\/\/b2b.innpro.pl\/data\/include\/cms\/Niimbot\/B1-Green\/1.jpg\" alt=\"Niimbot\/B1-Green\/1\"><\/p>\n<h3>Loomingulised kujundused<\/h3>\n<p>Niimbot B1 on suurep\u00e4rane t\u00f6\u00f6riist teie loominguliste projektide jaoks. Rakendus sisaldab teeki, kust leiate laia valiku ikoone, tabeleid, raame, koode ja fonte erinevatest kategooriatest. Saate edukalt printida erinevate vajadustega seotud silte \u2013 poesilte, s\u00e4ilitusainete ja kontoritarvete silte. Sinu loovusel pole piire.<\/p>\n<p><img decoding=\"async\" src=\"https:\/\/b2b.innpro.pl\/data\/include\/cms\/Niimbot\/B1-Green\/5.jpg\" alt=\"Niimbot\/B1-Green\/5\"><\/p>\n<h3>Kasuta ilma probleemideta<\/h3>\n<p>Rakenduses navigeerimine on nauding. Vaid paar kl\u00f5psu ekraanil ja sinu silt on valmis. H\u00e4\u00e4ltuvastuse ja QR-koodi skaneerimisega muutub Niimbot B1-ga t\u00f6\u00f6tamine veelgi lihtsamaks ja intuitiivsemaks, eriti kui sul on vaja printida suures mahus. Printer toetab 15\u201360 mm laiuseid paberirulle, nii et saate printida nii laiu kui ka \u00fcsna kitsaid silte n\u00e4iteks ehete jaoks.<\/p>\n<p><img decoding=\"async\" src=\"https:\/\/b2b.innpro.pl\/data\/include\/cms\/Niimbot\/B1-Green\/3.jpg\" alt=\"Niimbot\/B1-Green\/3\"><\/p>\n<h3>Keskkonnas\u00f5bralik valik<\/h3>\n<p>Termoprinter on suurep\u00e4rane valik neile, kes hindavad keskkonnas\u00f5bralikku l\u00e4henemist igap\u00e4evaelule. Niimbot B1 ei vaja tinti, mis t\u00e4hendab, et te ei pea regulaarselt kasutatud osi \u00e4ra viskama ja uusi ostma. Valige lahendused, mis on keskkonnas\u00f5bralikud ja s\u00e4\u00e4stlikud nii teie rahakotile!<\/p>\n<p><img decoding=\"async\" src=\"https:\/\/b2b.innpro.pl\/data\/include\/cms\/Niimbot\/B1-Green\/6.jpg\" alt=\"Niimbot\/B1-Green\/6\"><\/p>\n<h3>Mobiilsus ja j\u00f5udlus<\/h3>\n<p>V\u00f5imas 1500 mAh aku tagab pikaajalise kasutuse ja kaasasolev USB-C kaabel v\u00f5imaldab kiiret laadimist. Kerge ja kompaktne disain (293 g) muudab Niimbot B1 ideaalseks neile, kes vajavad printerit v\u00e4lit\u00f6\u00f6del.<\/p>\n<p><img decoding=\"async\" src=\"https:\/\/b2b.innpro.pl\/data\/include\/cms\/Niimbot\/B1-Green\/4.jpg\" alt=\"Niimbot\/B1-Green\/4\"><\/p>\n<h3>Kaasas<\/h3>\n<ul>\n<li>Printer<\/li>\n<li>USB-kaabel<\/li>\n<li>Sildipaberi rull<\/li>\n<li>Kasutusjuhend<\/li>\n<\/ul>\n<div class=\"table-wrapper\">\n<table>\n<tbody>\n<tr>\n<th>Tootja <\/th>\n<td>Niimbot<\/td>\n<\/tr>\n<tr>\n<th>Mudel <\/th>\n<td>B1<\/td>\n<\/tr>\n<tr>\n<th>V\u00e4rv<\/th>\n<td>Roheline<\/td>\n<\/tr>\n<tr>\n<th>M\u00f5\u00f5tmed<\/th>\n<td>132 x 91,2 x 61,6 mm<\/td>\n<\/tr>\n<tr>\n<th>Laadimisaeg<\/th>\n<td>3,5\u20134 tundi<\/td>\n<\/tr>\n<tr>\n<th>Aku mahtuvus<\/th>\n<td>1500 mAh<\/td>\n<\/tr>\n<tr>\n<th>Prindiresolutsioon<\/th>\n<td>203 dpi<\/td>\n<\/tr>\n<tr>\n<th>\u00dchenduvus<\/th>\n<td>Bluetooth, C-t\u00fc\u00fcpi<\/td>\n<\/tr>\n<tr>\n<th>Kaal<\/th>\n<td>293 g<\/td>\n<\/tr>\n<tr>\n<th>Sisend<\/th>\n<td>5 V alalisvool, 1A<\/td>\n<\/tr>\n<tr>\n<th>Printimismeetod<\/th>\n<td>Termoprintimine<\/td>\n<\/tr>\n<tr>\n<th>Printimislaius<\/th>\n<td>20\u201348 mm<\/td>\n<\/tr>\n<tr>\n<th>Laadimine<\/th>\n<td>USB Type-C<\/td>\n<\/tr>\n<tr>\n<th>T\u00f6\u00f6temperatuur<\/th>\n<td>5\u201340 \u00b0C<\/td>\n<\/tr>\n<\/tbody>\n<\/table>\n<\/div>\n","protected":false},"excerpt":{"rendered":"<p>Niimbot B1 juhtmevaba sildiprinter (roheline) Kaasaskantav termosildiprinter Niimbot B1 on j\u00e4rjekordne seademudel, mis lihtsustab igap\u00e4evaseid \u00fclesandeid. See toetab Bluetoothi \u200b\u200bja t\u00f6\u00f6tab iOS-i ja Androidi operatsioonis\u00fcsteemidega, muutes ideaalse sildi kujundamise telefonist laiuses vahemikus 15\u201360 mm lihtsaks ja seej\u00e4rel printimise ilma tinti kasutamata. Ole oma igap\u00e4evaste \u00fclesannetega loominguline. Loomingulised kujundused Niimbot B1 on suurep\u00e4rane t\u00f6\u00f6riist teie loominguliste [&#8230;]\n","protected":false},"featured_media":20908,"comment_status":"open","ping_status":"closed","template":"","meta":[],"product_brand":[470],"product_cat":[1020],"product_tag":[],"class_list":{"0":"post-20907","1":"product","2":"type-product","3":"status-publish","4":"has-post-thumbnail","6":"product_brand-niimbot","7":"product_cat-labels","9":"first","10":"outofstock","11":"taxable","12":"shipping-taxable","13":"purchasable","14":"product-type-simple"},"aioseo_notices":[],"_links":{"self":[{"href":"https:\/\/asura.lv\/et\/wp-json\/wp\/v2\/product\/20907","targetHints":{"allow":["GET"]}}],"collection":[{"href":"https:\/\/asura.lv\/et\/wp-json\/wp\/v2\/product"}],"about":[{"href":"https:\/\/asura.lv\/et\/wp-json\/wp\/v2\/types\/product"}],"replies":[{"embeddable":true,"href":"https:\/\/asura.lv\/et\/wp-json\/wp\/v2\/comments?post=20907"}],"wp:featuredmedia":[{"embeddable":true,"href":"https:\/\/asura.lv\/et\/wp-json\/wp\/v2\/media\/20908"}],"wp:attachment":[{"href":"https:\/\/asura.lv\/et\/wp-json\/wp\/v2\/media?parent=20907"}],"wp:term":[{"taxonomy":"product_brand","embeddable":true,"href":"https:\/\/asura.lv\/et\/wp-json\/wp\/v2\/product_brand?post=20907"},{"taxonomy":"product_cat","embeddable":true,"href":"https:\/\/asura.lv\/et\/wp-json\/wp\/v2\/product_cat?post=20907"},{"taxonomy":"product_tag","embeddable":true,"href":"https:\/\/asura.lv\/et\/wp-json\/wp\/v2\/product_tag?post=20907"}],"curies":[{"name":"wp","href":"https:\/\/api.w.org\/{rel}","templated":true}]}}