{"id":20973,"date":"2025-11-28T21:12:06","date_gmt":"2025-11-28T21:12:06","guid":{"rendered":"https:\/\/asura.lv\/product\/darkflash-df2100-computer-case-black-4-argb-fans\/"},"modified":"2025-12-12T15:00:04","modified_gmt":"2025-12-12T13:00:04","slug":"darkflash-df2100-computer-case-black-4-argb-fans","status":"publish","type":"product","link":"https:\/\/asura.lv\/et\/toode\/darkflash-df2100-computer-case-black-4-argb-fans\/","title":{"rendered":"Darkflash DF2100 arvutikorpus (must) + 4 ARGB ventilaatorit"},"content":{"rendered":"<h3>Darkflash DF2100 arvutikorpus (must)<\/h3>\n<p>Siin on DF2100 \u2013 korpus, mis muudab teie lauaarvutit revolutsiooniliselt. See on valmistatud 0,6 mm paksusest SPCC materjalist, mis on vastupidav ja vastupidav ning selle m\u00f5\u00f5tmed 450 x 210 x 482 mm sobivad ideaalselt t\u00e4nap\u00e4evaste arvutis\u00fcsteemide vajadustega. \u00dchilduvus E-ATX, ATX, M-ATX ja ITX emaplaatidega annab kasutajatele piiramatud konfiguratsiooniv\u00f5imalused, samas kui seitse laienduspesa ja ruumi kahele k\u00f5vakettale ja kolmele SSD-le tagavad uskumatu paindlikkuse v\u00f5imsate masinate ehitamisel.<\/p>\n<p>\n<img decoding=\"async\" alt=\"\" border=\"0\" src=\"https:\/\/assets.innpro.pl\/7777\/17124\/11.jpg\"\/>\n<\/p>\n<h3>Sisseehitatud USB-pordid<\/h3>\n<p>DF2100-l on USB 3.0 ja USB 2.0 pordid, mis asuvad korpuse \u00fclaosas h\u00f5lpsa ligip\u00e4\u00e4setavuse tagamiseks. See muudab v\u00e4lisseadmete kiire \u00fchendamise veelgi lihtsamaks ja mugavamaks.<\/p>\n<p>\n<img decoding=\"async\" alt=\"\" border=\"0\" src=\"https:\/\/assets.innpro.pl\/7777\/17124\/5.jpg\"\/>\n<\/p>\n<h3>Meisterlik jahutus<\/h3>\n<p>Supreme Cooling Layout toetab kuni 8 ventilaatorit suurusega kuni 120 mm, samuti kuni 360 mm pikkuseid jahutusradiaatoreid, mis v\u00f5imaldab t\u00f5husat soojuse hajumist ja optimaalse temperatuuri s\u00e4ilitamist isegi k\u00f5ige n\u00f5udlikumate komponentide jaoks.<\/p>\n<p>\n<img decoding=\"async\" alt=\"\" border=\"0\" src=\"https:\/\/assets.innpro.pl\/7777\/17124\/7.jpg\"\/>\n<\/p>\n<h3>Graafikakaardi horisontaalne paigaldus<\/h3>\n<p>VGA-kaardi valikuline horisontaalne paigaldus mitte ainult ei kaitse painutamise eest, vaid v\u00f5imaldab ka teie graafikakaardi silmapaistvat esitlemist, muutudes samal ajal teie m\u00e4ngukeskkonna funktsionaalseks disainielemendiks. seadistus.<\/p>\n<p>\n<img decoding=\"async\" alt=\"\" border=\"0\" src=\"https:\/\/assets.innpro.pl\/7777\/17124\/9.jpg\"\/>\n<\/p>\n<h3>Lai \u00fchilduvus<\/h3>\n<p>\u00dchildub laia valiku emaplaatidega, graafikakaardi maksimaalse pikkusega kuni 400 mm ja protsessori jahuti k\u00f5rgusega kuni 165 mm, seega on DF2100 valmis nii standardsete kui ka t\u00e4iustatud komponentide jaoks. Laiendusv\u00f5imalused on peaaegu piiramatud.<\/p>\n<p>\n<img decoding=\"async\" alt=\"\" border=\"0\" src=\"https:\/\/assets.innpro.pl\/7777\/17124\/8.jpg\"\/>\n<\/p>\n<h3>Esi- ja k\u00fclgpaneelid<\/h3>\n<p>ABS-plastist esipaneel ja karastatud klaasist k\u00fclgpaneeli viimistlus ei lisa mitte ainult elegantsi, vaid pakuvad ka vastupidavust ja kahjustuskindlust. See on kombinatsioon, mis k\u00f6idab pilku ja kaitseb teie arvutit.<\/p>\n<p>\n<img decoding=\"async\" alt=\"\" border=\"0\" src=\"https:\/\/assets.innpro.pl\/7777\/17124\/1.jpg\"\/>\n<\/p>\n<h3>Kaasas<\/h3>\n<ul class=\"list-disc pl-5\">\n<li>Korpus<\/li>\n<li>M\/B \/ SSD kruvi x 21<\/li>\n<li>VGA\/PSU kruvi x 6<\/li>\n<li>Vaskvahet\u00fckk x 1<\/li>\n<li>M\/B kuuskantpolt x 3 (6 eelinstallitud)<\/li>\n<li>K\u00f5vaketta kruvi x 8<\/li>\n<li>Triticale x 5<\/li>\n<li>K\u00f5vaketta kruvi x 2 (erinevat t\u00fc\u00fcpi)<\/li>\n<\/ul>\n<div class=\"table-wrapper\">\n<p>\u0412\u00a0<\/p>\n<h3><\/h3>\n<table>\n<tbody>\n<tr>\n<th>Tootja<\/th>\n<td>Darkflash<\/td>\n<\/tr>\n<tr>\n<th>Mudel<\/th>\n<td>DF2100<\/td>\n<\/tr>\n<tr>\n<th>K\u00fclgpaneel<\/th>\n<td>Karastatud klaas<\/td>\n<\/tr>\n<tr>\n<th>Esipaneel<\/th>\n<td>ABS<\/td>\n<\/tr>\n<tr>\n<th>Emaplaadi standard<\/th>\n<td>E-ATX\/ATX\/M-ATX\/ITX<\/td>\n<\/tr>\n<tr>\n<th>Toiteallika standard<\/th>\n<td>ATX<\/td>\n<\/tr>\n<tr>\n<th>Sisemiste draivide\/draivide pesad<\/th>\n<td>K\u00f5vaketas x 2 \/ SSD x 3<\/td>\n<\/tr>\n<tr>\n<th>2,5&#8243; sisemine pesad<\/th>\n<td>3<\/td>\n<\/tr>\n<tr>\n<th>Sisemised pesad 2,5\/3,5&#8243;<\/th>\n<td>2<\/td>\n<\/tr>\n<tr>\n<th>Laienduskaardi pesad<\/th>\n<td>7 pesa<\/td>\n<\/tr>\n<tr>\n<th>Graafikakaardi maksimaalne pikkus<\/th>\n<td>400 mm<\/td>\n<\/tr>\n<tr>\n<th>Protsessori maksimaalne jahutusk\u00f5rgus [mm]<\/th>\n<td>165 mm<\/td>\n<\/tr>\n<tr>\n<th>Ventilaatorite maksimaalne arv [mm]<\/th>\n<td>8 x 120 mm<\/td>\n<\/tr>\n<tr>\n<th>Ventilaatori kinnitusv\u00f5imalused<\/th>\n<td>Ees: 120 mm x 3 \/ 140 mm x 3; \u00dcleval: 120 mm x 3 \/ 140 mm x 2; Taga: 120 mm x 1<\/td>\n<\/tr>\n<tr>\n<th>Toiteploki kate<\/th>\n<td>120 mm x 2<\/td>\n<\/tr>\n<tr>\n<th>Vesijahutuse kinnitusv\u00f5imalused<\/th>\n<td>Ees: 360 mm; \u00dcleval: 360 mm; K\u00fclg: 240 mm<\/td>\n<\/tr>\n<tr>\n<th>Paigaldatud ventilaatorite arv<\/th>\n<td>4<\/td>\n<\/tr>\n<tr>\n<th>Ventilaatori mudel<\/th>\n<td>DM12F<\/td>\n<\/tr>\n<tr>\n<th>Nupud ja juhtnupud<\/th>\n<td>Toide \/ l\u00e4htestamine<\/td>\n<\/tr>\n<tr>\n<th>Pistikud<\/th>\n<td>USB3.0 x 1 \/ USB2.0 x 2 \/ HD AUDIO<\/td>\n<\/tr>\n<tr>\n<th>Materjal<\/th>\n<td>0.6 SPCC<\/td>\n<\/tr>\n<tr>\n<th>V\u00e4rv<\/th>\n<td>must<\/td>\n<\/tr>\n<tr>\n<th>Lisateave<\/th>\n<td>Valikuline graafikakaardi hoidik, VGA-kaardi horisontaalse esituse v\u00f5imalus<\/td>\n<\/tr>\n<tr>\n<th>K\u00f5rgus<\/th>\n<td>482 mm<\/td>\n<\/tr>\n<tr>\n<th>Laius<\/th>\n<td>210 mm<\/td>\n<\/tr>\n<tr>\n<th>S\u00fcgavus<\/th>\n<td>450 mm<\/td>\n<\/tr>\n<\/tbody>\n<\/table>\n<\/div>\n","protected":false},"excerpt":{"rendered":"<p>Darkflash DF2100 arvutikorpus (must) Siin on DF2100 \u2013 korpus, mis muudab teie lauaarvutit revolutsiooniliselt. See on valmistatud 0,6 mm paksusest SPCC materjalist, mis on vastupidav ja vastupidav ning selle m\u00f5\u00f5tmed 450 x 210 x 482 mm sobivad ideaalselt t\u00e4nap\u00e4evaste arvutis\u00fcsteemide vajadustega. \u00dchilduvus E-ATX, ATX, M-ATX ja ITX emaplaatidega annab kasutajatele piiramatud konfiguratsiooniv\u00f5imalused, samas kui seitse [&#8230;]\n","protected":false},"featured_media":20974,"comment_status":"open","ping_status":"closed","template":"","meta":[],"product_brand":[316],"product_cat":[1116],"product_tag":[],"class_list":{"0":"post-20973","1":"product","2":"type-product","3":"status-publish","4":"has-post-thumbnail","6":"product_brand-darkflash","7":"product_cat-with-fan","9":"first","10":"outofstock","11":"taxable","12":"shipping-taxable","13":"purchasable","14":"product-type-simple"},"aioseo_notices":[],"_links":{"self":[{"href":"https:\/\/asura.lv\/et\/wp-json\/wp\/v2\/product\/20973","targetHints":{"allow":["GET"]}}],"collection":[{"href":"https:\/\/asura.lv\/et\/wp-json\/wp\/v2\/product"}],"about":[{"href":"https:\/\/asura.lv\/et\/wp-json\/wp\/v2\/types\/product"}],"replies":[{"embeddable":true,"href":"https:\/\/asura.lv\/et\/wp-json\/wp\/v2\/comments?post=20973"}],"wp:featuredmedia":[{"embeddable":true,"href":"https:\/\/asura.lv\/et\/wp-json\/wp\/v2\/media\/20974"}],"wp:attachment":[{"href":"https:\/\/asura.lv\/et\/wp-json\/wp\/v2\/media?parent=20973"}],"wp:term":[{"taxonomy":"product_brand","embeddable":true,"href":"https:\/\/asura.lv\/et\/wp-json\/wp\/v2\/product_brand?post=20973"},{"taxonomy":"product_cat","embeddable":true,"href":"https:\/\/asura.lv\/et\/wp-json\/wp\/v2\/product_cat?post=20973"},{"taxonomy":"product_tag","embeddable":true,"href":"https:\/\/asura.lv\/et\/wp-json\/wp\/v2\/product_tag?post=20973"}],"curies":[{"name":"wp","href":"https:\/\/api.w.org\/{rel}","templated":true}]}}