{"id":21255,"date":"2025-11-28T21:11:38","date_gmt":"2025-11-28T21:11:38","guid":{"rendered":"https:\/\/asura.lv\/product\/darkflash-ds900-air-computer-case-white\/"},"modified":"2025-12-12T14:59:33","modified_gmt":"2025-12-12T12:59:33","slug":"darkflash-ds900-air-computer-case-white","status":"publish","type":"product","link":"https:\/\/asura.lv\/et\/toode\/darkflash-ds900-air-computer-case-white\/","title":{"rendered":"Darkflash DS900 AIR arvutikorpus (valge)"},"content":{"rendered":"<h3>Darkflash DS900 AIR arvutikorpus (valge)<\/h3>\n<p>Avasta arvutikorpuste seas uus kvaliteet Darkflash DS900 AIR mudeliga. Elegantne valge mudel eristub mitte ainult moodsa disaini, vaid ka t\u00e4iustatud funktsioonide poolest, mis vastavad k\u00f5ige n\u00f5udlikumate kasutajate ootustele. DS900 AIR-iga muutub teie arvuti t\u00f5husamaks, stabiilsemaks ja muljetavaldavamaks. Komplekt ei sisalda ventilaatoreid.<\/p>\n<p>\n<img decoding=\"async\" alt=\"\" border=\"0\" src=\"https:\/\/assets.innpro.pl\/13614\/16742\/9.jpg\"\/>\n<\/p>\n<h3>Stabiilsus ja disain<\/h3>\n<p>Korpuse ainulaadne disain trapetsikujuliste jalgade ja l\u00f6\u00f6ke neelavate patjadega tagab erakordse stabiilsuse, k\u00f5rvaldades vibratsiooni. See on eriti oluline v\u00f5imsate arvutite puhul, mis v\u00f5ivad intensiivse kasutamise ajal vibratsiooni tekitada.<\/p>\n<p>\n<img decoding=\"async\" alt=\"\" border=\"0\" src=\"https:\/\/assets.innpro.pl\/13614\/16742\/14.jpg\"\/>\n<\/p>\n<h3>Laiendatav<\/h3>\n<p>DS900 AIR on mudel, mis pakub kasutajatele h\u00f5lpsat laiendamist. Avar ja kergesti puhastatav sisemus annab laiendamisvabaduse. \u0160assii pakub maksimaalset \u00fchilduvust paindliku kinnitusega, mis mahutab kuni 2 SSD-d ja 2 k\u00f5vaketast. See annab teile suurep\u00e4rased v\u00f5imalused salvestusruumi konfigureerimiseks vastavalt teie individuaalsetele vajadustele.<\/p>\n<p>\n<img decoding=\"async\" alt=\"\" border=\"0\" src=\"https:\/\/assets.innpro.pl\/13614\/16742\/6.jpg\"\/>\n<\/p>\n<h3>Kaitse ja jahutus<\/h3>\n<p>DS900 Air v\u00f5imaldab teil luua v\u00f5imsa jahutuss\u00fcsteemi, millele saab paigaldada mitu ventilaatorit ja jahutusradiaatorit, tagades optimaalsed t\u00f6\u00f6tingimused k\u00f5igile komponentidele. Lisaks on korpuse tagak\u00fclg varustatud kaitsva terasv\u00f5rguga, mis v\u00f5imaldab veelgi t\u00f5husamat ventilatsiooni. See on \u00fclioluline optimaalse temperatuuri ja t\u00f5husa jahutuse s\u00e4ilitamiseks, eriti intensiivse t\u00f6\u00f6 ajal.<\/p>\n<p>\n<img decoding=\"async\" alt=\"\" border=\"0\" src=\"https:\/\/assets.innpro.pl\/13614\/16742\/3.jpg\"\/>\n<\/p>\n<h3>\u00dchilduvus ja lisapesad<\/h3>\n<p>Darkflash DS900 AIR \u00fchildub ATX, M-ATX ja ITX emaplaatidega, pakkudes laia valikut konfiguratsiooniv\u00f5imalusi. Sellel on ka 7 lisapesa, maksimaalne VGA pikkus 425 mm ja maksimaalne protsessori k\u00f5rgus 170 mm. Korpuse allosas asuv toiteplokk v\u00f5imaldab paremat organiseerimist ja kaablihaldust.<\/p>\n<p>\n<img decoding=\"async\" alt=\"\" border=\"0\" src=\"https:\/\/assets.innpro.pl\/13614\/16742\/4.jpg\"\/>\n<\/p>\n<div class=\"table-wrapper\">\n<p>\u0412\u00a0<\/p>\n<h3><\/h3>\n<table>\n<tbody>\n<tr>\n<th>Tootja<\/th>\n<td>Darkflash<\/td>\n<\/tr>\n<tr>\n<th>Mudel<\/th>\n<td>DS900 Air<\/td>\n<\/tr>\n<tr>\n<th>Korpuse t\u00fc\u00fcp<\/th>\n<td>Midi Tower<\/td>\n<\/tr>\n<tr>\n<th>K\u00fclgpaneel<\/th>\n<td>Karastatud klaas<\/td>\n<\/tr>\n<tr>\n<th>Emaplaadi standard<\/th>\n<td>ATX, M-ATX, ITX<\/td>\n<\/tr>\n<tr>\n<th>Toiteplokk standardne<\/th>\n<td>ATX all<\/td>\n<\/tr>\n<tr>\n<th>Sisemiste draivide pesad<\/th>\n<td>3,5&#8221; HDD x2, 2,5&#8221; SSD x2<\/td>\n<\/tr>\n<tr>\n<th>Laienduskaardi pesad<\/th>\n<td>7<\/td>\n<\/tr>\n<tr>\n<th>Toiteploki maksimaalne pikkus<\/th>\n<td>250 mm<\/td>\n<\/tr>\n<tr>\n<th>Graafikakaardi maksimaalne pikkus<\/th>\n<td>425 mm<\/td>\n<\/tr>\n<tr>\n<th>Protsessori jahuti maksimaalne k\u00f5rgus<\/th>\n<td>170 mm<\/td>\n<\/tr>\n<tr>\n<th>Ventilaatorite maksimaalne arv<\/th>\n<td>9<\/td>\n<\/tr>\n<tr>\n<th>Ventilaatori kinnitusv\u00f5imalused<\/th>\n<td>K\u00fclg: 120 mm x2; Tagumine: 120 mm x1; \u00dclemine: 120 mm x3 \/ 140 mm x2; Toiteplokk: 120 mm x3;<\/td>\n<\/tr>\n<tr>\n<th>Vesijahutuse kinnitusv\u00f5imalused<\/th>\n<td>K\u00fclg: 240 mm; \u00dclemine: 240 mm \/ 360 mm;<\/td>\n<\/tr>\n<tr>\n<th>Paigaldatud ventilaatorite arv<\/th>\n<td>VENTILAATORE POLE PAIGALDATUD<\/td>\n<\/tr>\n<tr>\n<th>Ventilaatori t\u00fc\u00fcp<\/th>\n<td>Ventilaatoreid pole paigaldatud<\/td>\n<\/tr>\n<tr>\n<th>Nupud ja juhtnupud<\/th>\n<td>Toide, l\u00e4htestamine, LED<\/td>\n<\/tr>\n<tr>\n<th>Pistikud<\/th>\n<td>USB 3.0 x1, USB 2.0 x1, HD-heli<\/td>\n<\/tr>\n<tr>\n<th>Materjal<\/th>\n<td>Karastatud klaas<\/td>\n<\/tr>\n<tr>\n<th>V\u00e4rv<\/th>\n<td>Valge<\/td>\n<\/tr>\n<tr>\n<th>K\u00f5rgus<\/th>\n<td>454 mm<\/td>\n<\/tr>\n<tr>\n<th>Laius<\/th>\n<td>218 mm<\/td>\n<\/tr>\n<tr>\n<th>S\u00fcgavus<\/th>\n<td>434 mm<\/td>\n<\/tr>\n<tr>\n<th>Kaal<\/th>\n<td>6,53 kg<\/td>\n<\/tr>\n<\/tbody>\n<\/table>\n<\/div>\n","protected":false},"excerpt":{"rendered":"<p>Darkflash DS900 AIR arvutikorpus (valge) Avasta arvutikorpuste seas uus kvaliteet Darkflash DS900 AIR mudeliga. Elegantne valge mudel eristub mitte ainult moodsa disaini, vaid ka t\u00e4iustatud funktsioonide poolest, mis vastavad k\u00f5ige n\u00f5udlikumate kasutajate ootustele. DS900 AIR-iga muutub teie arvuti t\u00f5husamaks, stabiilsemaks ja muljetavaldavamaks. Komplekt ei sisalda ventilaatoreid. Stabiilsus ja disain Korpuse ainulaadne disain trapetsikujuliste jalgade ja [&#8230;]\n","protected":false},"featured_media":21256,"comment_status":"open","ping_status":"closed","template":"","meta":[],"product_brand":[316],"product_cat":[1308],"product_tag":[],"class_list":{"0":"post-21255","1":"product","2":"type-product","3":"status-publish","4":"has-post-thumbnail","6":"product_brand-darkflash","7":"product_cat-without-fan","9":"first","10":"outofstock","11":"taxable","12":"shipping-taxable","13":"purchasable","14":"product-type-simple"},"aioseo_notices":[],"_links":{"self":[{"href":"https:\/\/asura.lv\/et\/wp-json\/wp\/v2\/product\/21255","targetHints":{"allow":["GET"]}}],"collection":[{"href":"https:\/\/asura.lv\/et\/wp-json\/wp\/v2\/product"}],"about":[{"href":"https:\/\/asura.lv\/et\/wp-json\/wp\/v2\/types\/product"}],"replies":[{"embeddable":true,"href":"https:\/\/asura.lv\/et\/wp-json\/wp\/v2\/comments?post=21255"}],"wp:featuredmedia":[{"embeddable":true,"href":"https:\/\/asura.lv\/et\/wp-json\/wp\/v2\/media\/21256"}],"wp:attachment":[{"href":"https:\/\/asura.lv\/et\/wp-json\/wp\/v2\/media?parent=21255"}],"wp:term":[{"taxonomy":"product_brand","embeddable":true,"href":"https:\/\/asura.lv\/et\/wp-json\/wp\/v2\/product_brand?post=21255"},{"taxonomy":"product_cat","embeddable":true,"href":"https:\/\/asura.lv\/et\/wp-json\/wp\/v2\/product_cat?post=21255"},{"taxonomy":"product_tag","embeddable":true,"href":"https:\/\/asura.lv\/et\/wp-json\/wp\/v2\/product_tag?post=21255"}],"curies":[{"name":"wp","href":"https:\/\/api.w.org\/{rel}","templated":true}]}}