{"id":21303,"date":"2025-11-28T21:11:34","date_gmt":"2025-11-28T21:11:34","guid":{"rendered":"https:\/\/asura.lv\/product\/magnetic-phone-case-for-iphone-15-pro-joyroom-jr-bp007-black\/"},"modified":"2025-12-12T14:59:30","modified_gmt":"2025-12-12T12:59:30","slug":"magnetic-phone-case-for-iphone-15-pro-joyroom-jr-bp007-black","status":"publish","type":"product","link":"https:\/\/asura.lv\/et\/toode\/magnetic-phone-case-for-iphone-15-pro-joyroom-jr-bp007-black\/","title":{"rendered":"Magnetiline telefoni\u00fcmbris iPhone 15 Pro jaoks Joyroom JR-BP007 (must)"},"content":{"rendered":"<h3>Magnetiline telefoni\u00fcmbris iPhone 15 Pro-le\u00a0Joyroom JR-BP007 (must)<\/h3>\n<p>Joyroom JR-BP007 magnetiline iPhone 15 Pro-\u00fcmbris pakub p\u00f5hjalikku 360\u00b0 kaitset l\u00f6\u00f6kide ja kukkumiste eest, \u00fchendades peene stiili funktsionaalsusega. Kogu \u00fcmbris on kaetud kvaliteetse nahaga, mis mitte ainult ei lisa elegantsi, vaid tagab ka pehme ja mugava haarde.<\/p>\n<p><img decoding=\"async\" src=\"https:\/\/b2b.innpro.pl\/data\/include\/cms\/Joyroom\/JR-BP007-iP-15-Pro-M-B\/4.jpg\" border=\"0\" alt=\"Joyroom\/JR-BP007-iP-15-Pro-M-B\/4\" \/><\/p>\n<h3>T\u00e4helepanelik<\/h3>\n<p>Metallnupud pakuvad mugavat tunnet ja t\u00e4pset reageeringut vajutustele, mis on iPhone&#8217;i intuitiivse kasutamise v\u00f5ti. T\u00e4nu 1:1 vormimisele ja t\u00e4psele aukude paigutusele sobib \u00fcmbris ideaalselt iPhone 15 Pro-le, pakkudes h\u00f5lpsat juurdep\u00e4\u00e4su k\u00f5igile portidele ja funktsioonidele ilma \u00fcmbrist eemaldamata.<\/p>\n<p><img decoding=\"async\" src=\"https:\/\/b2b.innpro.pl\/data\/include\/cms\/Joyroom\/JR-BP007-iP-15-Pro-M-B\/2.jpg\" border=\"0\" alt=\"Joyroom\/JR-BP007-iP-15-Pro-M-B\/2\" \/><\/p>\n<h3>Magnetiline disain teie mugavuse huvides<\/h3>\n<p>\u00dcmbris v\u00f5imaldab h\u00f5lpsat magnetilist laadimist ja stabiilset haarduvust telefoni k\u00fclge, et kasutamise ajal oleks mugavam. See omadus muudab Joyroom JR-BP007 \u00fcmbrise ideaalseks neile, kes hindavad telefoni kiiret ja lihtsat kinnitamist magnetiga \u00fchilduvate lisatarvikute abil.<\/p>\n<p><img decoding=\"async\" src=\"https:\/\/b2b.innpro.pl\/data\/include\/cms\/Joyroom\/JR-BP007-iP-15-Pro-M-B\/1.jpg\" border=\"0\" alt=\"Joyroom\/JR-BP007-iP-15-Pro-M-B\/1\" \/><\/p>\n<div class=\"table-wrapper\">\n<table>\n<tbody>\n<tr>\n<th>Tootja<\/th>\n<td>Joyroom<\/td>\n<\/tr>\n<tr>\n<th>Mudel<\/th>\n<td>JR-BP007<\/td>\n<\/tr>\n<tr>\n<th>\u00dchilduvus<\/th>\n<td>iPhone 15 Pro<\/td>\n<\/tr>\n<tr>\n<th>V\u00e4rv<\/th>\n<td>Must<\/td>\n<\/tr>\n<tr>\n<th>Materjal<\/th>\n<td>TPU+PC+PU<\/td>\n<\/tr>\n<\/tbody>\n<\/table>\n<\/div>\n","protected":false},"excerpt":{"rendered":"<p>Magnetiline telefoni\u00fcmbris iPhone 15 Pro-le\u00a0Joyroom JR-BP007 (must) Joyroom JR-BP007 magnetiline iPhone 15 Pro-\u00fcmbris pakub p\u00f5hjalikku 360\u00b0 kaitset l\u00f6\u00f6kide ja kukkumiste eest, \u00fchendades peene stiili funktsionaalsusega. Kogu \u00fcmbris on kaetud kvaliteetse nahaga, mis mitte ainult ei lisa elegantsi, vaid tagab ka pehme ja mugava haarde. T\u00e4helepanelik Metallnupud pakuvad mugavat tunnet ja t\u00e4pset reageeringut vajutustele, mis on [&#8230;]\n","protected":false},"featured_media":21304,"comment_status":"open","ping_status":"closed","template":"","meta":[],"product_brand":[443],"product_cat":[1248],"product_tag":[],"class_list":{"0":"post-21303","1":"product","2":"type-product","3":"status-publish","4":"has-post-thumbnail","6":"product_brand-joyroom","7":"product_cat-protective-cases-for-smartphones-cases-gsm-accessories","9":"first","10":"outofstock","11":"taxable","12":"shipping-taxable","13":"purchasable","14":"product-type-simple"},"aioseo_notices":[],"_links":{"self":[{"href":"https:\/\/asura.lv\/et\/wp-json\/wp\/v2\/product\/21303","targetHints":{"allow":["GET"]}}],"collection":[{"href":"https:\/\/asura.lv\/et\/wp-json\/wp\/v2\/product"}],"about":[{"href":"https:\/\/asura.lv\/et\/wp-json\/wp\/v2\/types\/product"}],"replies":[{"embeddable":true,"href":"https:\/\/asura.lv\/et\/wp-json\/wp\/v2\/comments?post=21303"}],"wp:featuredmedia":[{"embeddable":true,"href":"https:\/\/asura.lv\/et\/wp-json\/wp\/v2\/media\/21304"}],"wp:attachment":[{"href":"https:\/\/asura.lv\/et\/wp-json\/wp\/v2\/media?parent=21303"}],"wp:term":[{"taxonomy":"product_brand","embeddable":true,"href":"https:\/\/asura.lv\/et\/wp-json\/wp\/v2\/product_brand?post=21303"},{"taxonomy":"product_cat","embeddable":true,"href":"https:\/\/asura.lv\/et\/wp-json\/wp\/v2\/product_cat?post=21303"},{"taxonomy":"product_tag","embeddable":true,"href":"https:\/\/asura.lv\/et\/wp-json\/wp\/v2\/product_tag?post=21303"}],"curies":[{"name":"wp","href":"https:\/\/api.w.org\/{rel}","templated":true}]}}