{"id":21447,"date":"2025-11-28T21:11:20","date_gmt":"2025-11-28T21:11:20","guid":{"rendered":"https:\/\/asura.lv\/product\/expansion-adapter-sunnylife-for-osmo-pocket-3\/"},"modified":"2025-12-12T14:59:15","modified_gmt":"2025-12-12T12:59:15","slug":"expansion-adapter-sunnylife-for-osmo-pocket-3","status":"publish","type":"product","link":"https:\/\/asura.lv\/et\/toode\/expansion-adapter-sunnylife-for-osmo-pocket-3\/","title":{"rendered":"Laiendusadapter Sunnylife OSMO Pocket 3 jaoks"},"content":{"rendered":"<h3>Sunnylife laiendusadapter OSMO Pocket 3 jaoks<\/h3>\n<p>Sunnylife laiendusadapter OSMO Pocket 3 jaoks on oluline lisatarvik igale filmimis- ja fotograafiahuvilisele. Selle mitmek\u00fclgsus, lisatarvikute paigaldamise v\u00f5imalus ja mugav pikendusk\u00e4epide parandavad teie salvestiste kvaliteeti ja muudavad nende loomise mugavamaks. Olenemata sellest, kas olete professionaal v\u00f5i harrastaja, vastab see adapter teie ootustele ja kaitseb teie varustust iga seikluse ajal.<\/p>\n<p><img decoding=\"async\" src=\"https:\/\/assets.innpro.pl\/2863\/3078\/10.jpg\" border=\"0\" alt=\"\"><\/p>\n<h3>Mitmeotstarbeline adapter<\/h3>\n<p>See ainulaadne adapter mitte ainult ei kaitse teie kaamerat, vaid pakub ka palju muid funktsioone. Saate h\u00f5lpsalt erinevate olukordade vahel vahetada, kasutades adapterit rinnarihma, seljakotiklambri, kaelakinnituse, statiivi, auto iminapaga kinnituse, jalgrattakinnituse v\u00f5i isegi selfie-pulgana. See on t\u00f6\u00f6riist, mis kohandub teie vajadustega.<\/p>\n<p><img decoding=\"async\" src=\"https:\/\/assets.innpro.pl\/2863\/3078\/11.jpg\" border=\"0\" alt=\"\"><\/p>\n<h3>Mikrofoni ja valguse lihtne paigaldamine<\/h3>\n<p>Adapter on varustatud k\u00fclmkinnitusliidesega, kuhu saab paigaldada mikrofoni v\u00f5i t\u00e4itevalguse. See parandab teie salvestuste kvaliteeti ja tagab selgema heli. See on ideaalne lahendus filmitegijatele, kes seavad esikohale professionaalse tootmise taseme.<\/p>\n<p><img decoding=\"async\" src=\"https:\/\/assets.innpro.pl\/2863\/3078\/5.jpg\" border=\"0\" alt=\"\"><\/p>\n<h3>Kasutajas\u00f5bralik<\/h3>\n<p>See mitte ainult ei kaitse, vaid parandab ka teie OSMO Pocket 3 kasutatavust. Adapter toimib ka mugava k\u00e4epidemena, mis muudab kaamera hoidmise lihtsamaks ja annab stabiilsemad salvestused. Lisaks on adapteril kompaktsed m\u00f5\u00f5tmed 41\u201398\u201334 mm. See mitte ainult ei takista kaamera kasutamist, vaid selle keskele on sisse ehitatud pehmed padjad, mis kaitsevad varustust t\u00f5husalt kriimustuste ja l\u00f6\u00f6kide eest.<\/p>\n<p><img decoding=\"async\" src=\"https:\/\/assets.innpro.pl\/2863\/3078\/12.jpg\" border=\"0\" alt=\"\"><\/p>\n<div class=\"table-wrapper\">\n<h3><\/h3>\n<table>\n<tbody>\n<tr>\n<th>Tootja<\/th>\n<td>Sunnylife<\/td>\n<\/tr>\n<tr>\n<th>Mudel<\/th>\n<td>OP3-BK743<\/td>\n<\/tr>\n<tr>\n<th>\u00dchilduvus<\/th>\n<td>OSMO Pocket 3<\/td>\n<\/tr>\n<tr>\n<th>M\u00f5\u00f5tmed<\/th>\n<td>41 \u00d7 98 \u00d7 34 mm<\/td>\n<\/tr>\n<\/tbody>\n<\/table>\n<\/div>\n","protected":false},"excerpt":{"rendered":"<p>Sunnylife laiendusadapter OSMO Pocket 3 jaoks Sunnylife laiendusadapter OSMO Pocket 3 jaoks on oluline lisatarvik igale filmimis- ja fotograafiahuvilisele. Selle mitmek\u00fclgsus, lisatarvikute paigaldamise v\u00f5imalus ja mugav pikendusk\u00e4epide parandavad teie salvestiste kvaliteeti ja muudavad nende loomise mugavamaks. Olenemata sellest, kas olete professionaal v\u00f5i harrastaja, vastab see adapter teie ootustele ja kaitseb teie varustust iga seikluse ajal. [&#8230;]\n","protected":false},"featured_media":21448,"comment_status":"open","ping_status":"closed","template":"","meta":[],"product_brand":[432],"product_cat":[936],"product_tag":[],"class_list":{"0":"post-21447","1":"product","2":"type-product","3":"status-publish","4":"has-post-thumbnail","6":"product_brand-sunnylife","7":"product_cat-for-sports-cameras","9":"first","10":"outofstock","11":"taxable","12":"shipping-taxable","13":"purchasable","14":"product-type-simple"},"aioseo_notices":[],"_links":{"self":[{"href":"https:\/\/asura.lv\/et\/wp-json\/wp\/v2\/product\/21447","targetHints":{"allow":["GET"]}}],"collection":[{"href":"https:\/\/asura.lv\/et\/wp-json\/wp\/v2\/product"}],"about":[{"href":"https:\/\/asura.lv\/et\/wp-json\/wp\/v2\/types\/product"}],"replies":[{"embeddable":true,"href":"https:\/\/asura.lv\/et\/wp-json\/wp\/v2\/comments?post=21447"}],"wp:featuredmedia":[{"embeddable":true,"href":"https:\/\/asura.lv\/et\/wp-json\/wp\/v2\/media\/21448"}],"wp:attachment":[{"href":"https:\/\/asura.lv\/et\/wp-json\/wp\/v2\/media?parent=21447"}],"wp:term":[{"taxonomy":"product_brand","embeddable":true,"href":"https:\/\/asura.lv\/et\/wp-json\/wp\/v2\/product_brand?post=21447"},{"taxonomy":"product_cat","embeddable":true,"href":"https:\/\/asura.lv\/et\/wp-json\/wp\/v2\/product_cat?post=21447"},{"taxonomy":"product_tag","embeddable":true,"href":"https:\/\/asura.lv\/et\/wp-json\/wp\/v2\/product_tag?post=21447"}],"curies":[{"name":"wp","href":"https:\/\/api.w.org\/{rel}","templated":true}]}}