{"id":21453,"date":"2025-11-28T21:11:19","date_gmt":"2025-11-28T21:11:19","guid":{"rendered":"https:\/\/asura.lv\/product\/creative-combo-bag-sunnylife-for-pocket-3\/"},"modified":"2025-12-12T14:59:14","modified_gmt":"2025-12-12T12:59:14","slug":"creative-combo-bag-sunnylife-for-pocket-3","status":"publish","type":"product","link":"https:\/\/asura.lv\/et\/toode\/creative-combo-bag-sunnylife-for-pocket-3\/","title":{"rendered":"Loominguline kombokott Sunnylife taskule 3"},"content":{"rendered":"<h3>Sunnylife \u00fcmbris Pocket 3 ja lisatarvikute jaoks<\/h3>\n<p>Sunnylife \u00fcmbris pakub Pocket 3 transportimisel k\u00f5rgeimat turvalisust. Spetsiaalselt disainitud sahtlid sobivad ideaalselt kaamera ja lisatarvikute, sh Mic 2 saatja v\u00f5i ministatiivi jaoks. Sisemine tasku sobib suurep\u00e4raselt laadimiskaablite v\u00f5i kaamera randmerihma hoidmiseks. Kerge ja mugav disain muudab transportimise lihtsaks.<\/p>\n<p><img decoding=\"async\" src=\"https:\/\/b2b.innpro.pl\/data\/include\/cms\/Sunnylife\/OP3-B718\/1.jpg\" alt=\"Sunnylife\/OP3-B718\/1\"><\/p>\n<h3>Kvaliteetne t\u00f6\u00f6tlus<\/h3>\n<p>\u00dcmbris on valmistatud vastupidavatest ja kulumiskindlatest materjalidest. Lisaks on kasutatud materjalid \u00e4\u00e4rmiselt meeldivad puudutusele. Pehme vooder kaitseb ideaalselt kriimustuste ja l\u00f6\u00f6kide eest. \u00dcmbris on varustatud ka vastupidava lukuga.<\/p>\n<p><img decoding=\"async\" src=\"https:\/\/b2b.innpro.pl\/data\/include\/cms\/Sunnylife\/OP3-B718\/3.jpg\" alt=\"Sunnylife\/OP3-B718\/3\"><\/p>\n<div class=\"table-wrapper\">\n<table>\n<tbody>\n<tr>\n<th>Tootja <\/th>\n<td>Sunnylife<\/td>\n<\/tr>\n<tr>\n<th>Mudel<\/th>\n<td>OP3-B718<\/td>\n<\/tr>\n<tr>\n<th>\u00dchilduvus<\/th>\n<td>DJI Pocket 3<\/td>\n<\/tr>\n<tr>\n<th>Materjal<\/th>\n<td>Kangas + flanell<\/td>\n<\/tr>\n<tr>\n<th>Kaal<\/th>\n<td>197 g<\/td>\n<\/tr>\n<tr>\n<th>M\u00f5\u00f5tmed<\/th>\n<td>183 x 153 x 64 mm<\/td>\n<\/tr>\n<\/tbody>\n<\/table>\n<\/div>\n","protected":false},"excerpt":{"rendered":"<p>Sunnylife \u00fcmbris Pocket 3 ja lisatarvikute jaoks Sunnylife \u00fcmbris pakub Pocket 3 transportimisel k\u00f5rgeimat turvalisust. Spetsiaalselt disainitud sahtlid sobivad ideaalselt kaamera ja lisatarvikute, sh Mic 2 saatja v\u00f5i ministatiivi jaoks. Sisemine tasku sobib suurep\u00e4raselt laadimiskaablite v\u00f5i kaamera randmerihma hoidmiseks. Kerge ja mugav disain muudab transportimise lihtsaks. Kvaliteetne t\u00f6\u00f6tlus \u00dcmbris on valmistatud vastupidavatest ja kulumiskindlatest materjalidest. [&#8230;]\n","protected":false},"featured_media":21454,"comment_status":"open","ping_status":"closed","template":"","meta":[],"product_brand":[432],"product_cat":[936],"product_tag":[],"class_list":{"0":"post-21453","1":"product","2":"type-product","3":"status-publish","4":"has-post-thumbnail","6":"product_brand-sunnylife","7":"product_cat-for-sports-cameras","9":"first","10":"outofstock","11":"taxable","12":"shipping-taxable","13":"purchasable","14":"product-type-simple"},"aioseo_notices":[],"_links":{"self":[{"href":"https:\/\/asura.lv\/et\/wp-json\/wp\/v2\/product\/21453","targetHints":{"allow":["GET"]}}],"collection":[{"href":"https:\/\/asura.lv\/et\/wp-json\/wp\/v2\/product"}],"about":[{"href":"https:\/\/asura.lv\/et\/wp-json\/wp\/v2\/types\/product"}],"replies":[{"embeddable":true,"href":"https:\/\/asura.lv\/et\/wp-json\/wp\/v2\/comments?post=21453"}],"wp:featuredmedia":[{"embeddable":true,"href":"https:\/\/asura.lv\/et\/wp-json\/wp\/v2\/media\/21454"}],"wp:attachment":[{"href":"https:\/\/asura.lv\/et\/wp-json\/wp\/v2\/media?parent=21453"}],"wp:term":[{"taxonomy":"product_brand","embeddable":true,"href":"https:\/\/asura.lv\/et\/wp-json\/wp\/v2\/product_brand?post=21453"},{"taxonomy":"product_cat","embeddable":true,"href":"https:\/\/asura.lv\/et\/wp-json\/wp\/v2\/product_cat?post=21453"},{"taxonomy":"product_tag","embeddable":true,"href":"https:\/\/asura.lv\/et\/wp-json\/wp\/v2\/product_tag?post=21453"}],"curies":[{"name":"wp","href":"https:\/\/api.w.org\/{rel}","templated":true}]}}