{"id":21459,"date":"2025-11-28T21:11:19","date_gmt":"2025-11-28T21:11:19","guid":{"rendered":"https:\/\/asura.lv\/product\/baseus-crystal-series-magnetic-case-for-iphone-14-plus-tempered-glass\/"},"modified":"2025-12-12T14:59:14","modified_gmt":"2025-12-12T12:59:14","slug":"baseus-crystal-series-magnetic-case-for-iphone-14-plus-tempered-glass","status":"publish","type":"product","link":"https:\/\/asura.lv\/et\/toode\/baseus-crystal-series-magnetic-case-for-iphone-14-plus-tempered-glass\/","title":{"rendered":"Baseus Crystal Series magnetiline \u00fcmbris iPhone 14 Plusile + karastatud klaas"},"content":{"rendered":"<h3>Baseus Crystal Series magnetiline \u00fcmbris iPhone 14 Plusile + karastatud klaas<\/h3>\n<p>Baseus Crystal Series \u00fcmbris on ideaalne kombinatsioon k\u00f5rgest kaitsest ja elegantsest disainist teie iPhone 14 Plusile. \u00dcli\u00f5huke ja kristallselge l\u00e4bipaistvusega \u00fcmbris pakub t\u00e4ielikku kaitset ilma stiili osas j\u00e4releandmisi tegemata. Saksa Bayeri materjalist valmistatud \u00fcmbris mitte ainult ei kaitse teie telefoni, vaid s\u00e4ilitab ka oma esteetika pikka aega. Selliste omadustega nagu l\u00f6\u00f6gikindlus, l\u00e4\u00e4tsekaitse ja valguse l\u00e4bilaskvus on see iga iPhone 14 Plusi kasutaja jaoks asendamatu lisa.<\/p>\n<p><img decoding=\"async\" src=\"https:\/\/assets.innpro.pl\/2780\/2956\/2.jpg\" border=\"0\" alt=\"\"><\/p>\n<h3>Kristallselge l\u00e4bipaistvus<\/h3>\n<p>Baseus Crystal Series \u00fcmbris paistab silma oma erakordse kristallselge l\u00e4bipaistvusega, mis v\u00f5imaldab teil oma iPhone&#8217;i esitleda oma lemmikv\u00e4rvitoonis. Suurep\u00e4rane valguse l\u00e4bilaskvus muudab telefoni loomulikuks, pakkudes samal ajal kaitset. \u00dcmbrise materjal ei kolletu, tagades vastupidavuse ja esteetika aja jooksul.<\/p>\n<p><img decoding=\"async\" src=\"https:\/\/assets.innpro.pl\/2780\/2956\/6.jpg\" border=\"0\" alt=\"\"><\/p>\n<h3>T\u00e4ielik objektiivikaitse<\/h3>\n<p>Crystal Series \u00fcmbrise t\u00e4ielikult suletud konstruktsioon kaitseb kriimustuste eest mitte ainult telefoni tagak\u00fclge ja k\u00fclgi, vaid ka objektiive. See on fotode ja videote kvaliteedi s\u00e4ilitamiseks \u00fclioluline, muutes \u00fcmbrise ideaalseks mobiilse fotograafia entusiastidele.<\/p>\n<p><img decoding=\"async\" src=\"https:\/\/assets.innpro.pl\/2780\/2956\/5.jpg\" border=\"0\" alt=\"\"><\/p>\n<h3>Uuenduslik tolmukaitse<\/h3>\n<p>Baseus tutvustab intelligentset lahendust sisseehitatud k\u00f5lariv\u00f5re avadega. See hoiab \u00e4ra tolmu ja osakeste sattumise korpusesse, tagades puhtuse ja pikendades seadme eluiga.<\/p>\n<p><img decoding=\"async\" src=\"https:\/\/assets.innpro.pl\/2780\/2956\/7.jpg\" border=\"0\" alt=\"\"><\/p>\n<h3>Lihtne paigaldamine<\/h3>\n<p>T\u00e4nu \u00fcmaratele nurkadele on Baseus Crystal Series korpust uskumatult lihtne paigaldada. Seda saab kiiresti telefoni peale panna v\u00f5i telefonilt eemaldada, ilma et peaks seadet v\u00f5i \u00fcmbrist ennast kahjustama.<\/p>\n<p><img decoding=\"async\" src=\"https:\/\/assets.innpro.pl\/2780\/2956\/1.jpg\" border=\"0\" alt=\"\"><\/p>\n<h3>T\u00e4iustatud l\u00f6\u00f6gikindlus<\/h3>\n<p>Suurenenud l\u00f6\u00f6gikindlus minimeerib iPhone&#8217;i kahjustamise ohtu, mis on eriti oluline igap\u00e4evasel kasutamisel.<\/p>\n<p><img decoding=\"async\" src=\"https:\/\/assets.innpro.pl\/2780\/2956\/4.jpg\" border=\"0\" alt=\"\"><\/p>\n<h3>Juhtmevaba laadimise \u00fchilduvus<\/h3>\n<p>Moodsa tehnoloogia ajastul paistab Baseus Crystal Series \u00fcmbris silma ka oma \u00fchilduvuse poolest juhtmevaba laadimisega. \u00dcli\u00f5huke \u00fcmbrise disain ei m\u00f5juta laadimise efektiivsust, v\u00f5imaldades iPhone 14 Plusi mugavat ja kiiret laadimist ilma kaitset eemaldamata. See funktsionaalsus on eriti oluline kasutajatele, kes hindavad mugavust ja kaasaegseid lahendusi. Selle \u00fcmbrisega saate nautida k\u00f5iki juhtmevaba laadimise eeliseid, tagades samal ajal oma seadme maksimaalse kaitse.<\/p>\n<p><img decoding=\"async\" src=\"https:\/\/assets.innpro.pl\/2780\/2956\/8.jpg\" border=\"0\" alt=\"\"><\/p>\n<div class=\"table-wrapper\">\n<p>&nbsp;<\/p>\n<h3><\/h3>\n<table>\n<tbody>\n<tr>\n<th>Br\u00e4nd<\/th>\n<td>Baseus<\/td>\n<\/tr>\n<tr>\n<th>Mudel<\/th>\n<td>Crystal seeria<\/td>\n<\/tr>\n<tr>\n<th>\u00dchilduvus<\/th>\n<td>iPhone 14 Plus<\/td>\n<\/tr>\n<tr>\n<th>Paksus<\/th>\n<td>1,3 mm<\/td>\n<\/tr>\n<tr>\n<th><\/th>\n<td><\/td>\n<\/tr>\n<\/tbody>\n<\/table>\n<\/div>\n","protected":false},"excerpt":{"rendered":"<p>Baseus Crystal Series magnetiline \u00fcmbris iPhone 14 Plusile + karastatud klaas Baseus Crystal Series \u00fcmbris on ideaalne kombinatsioon k\u00f5rgest kaitsest ja elegantsest disainist teie iPhone 14 Plusile. \u00dcli\u00f5huke ja kristallselge l\u00e4bipaistvusega \u00fcmbris pakub t\u00e4ielikku kaitset ilma stiili osas j\u00e4releandmisi tegemata. Saksa Bayeri materjalist valmistatud \u00fcmbris mitte ainult ei kaitse teie telefoni, vaid s\u00e4ilitab ka oma [&#8230;]\n","protected":false},"featured_media":21460,"comment_status":"open","ping_status":"closed","template":"","meta":[],"product_brand":[95],"product_cat":[1248],"product_tag":[],"class_list":{"0":"post-21459","1":"product","2":"type-product","3":"status-publish","4":"has-post-thumbnail","6":"product_brand-baseus","7":"product_cat-protective-cases-for-smartphones-cases-gsm-accessories","9":"first","10":"outofstock","11":"taxable","12":"shipping-taxable","13":"purchasable","14":"product-type-simple"},"aioseo_notices":[],"_links":{"self":[{"href":"https:\/\/asura.lv\/et\/wp-json\/wp\/v2\/product\/21459","targetHints":{"allow":["GET"]}}],"collection":[{"href":"https:\/\/asura.lv\/et\/wp-json\/wp\/v2\/product"}],"about":[{"href":"https:\/\/asura.lv\/et\/wp-json\/wp\/v2\/types\/product"}],"replies":[{"embeddable":true,"href":"https:\/\/asura.lv\/et\/wp-json\/wp\/v2\/comments?post=21459"}],"wp:featuredmedia":[{"embeddable":true,"href":"https:\/\/asura.lv\/et\/wp-json\/wp\/v2\/media\/21460"}],"wp:attachment":[{"href":"https:\/\/asura.lv\/et\/wp-json\/wp\/v2\/media?parent=21459"}],"wp:term":[{"taxonomy":"product_brand","embeddable":true,"href":"https:\/\/asura.lv\/et\/wp-json\/wp\/v2\/product_brand?post=21459"},{"taxonomy":"product_cat","embeddable":true,"href":"https:\/\/asura.lv\/et\/wp-json\/wp\/v2\/product_cat?post=21459"},{"taxonomy":"product_tag","embeddable":true,"href":"https:\/\/asura.lv\/et\/wp-json\/wp\/v2\/product_tag?post=21459"}],"curies":[{"name":"wp","href":"https:\/\/api.w.org\/{rel}","templated":true}]}}