{"id":21465,"date":"2025-11-28T21:11:18","date_gmt":"2025-11-28T21:11:18","guid":{"rendered":"https:\/\/asura.lv\/product\/irrigator-soocas-w3-pro\/"},"modified":"2025-12-12T14:59:13","modified_gmt":"2025-12-12T12:59:13","slug":"irrigator-soocas-w3-pro","status":"publish","type":"product","link":"https:\/\/asura.lv\/et\/toode\/irrigator-soocas-w3-pro\/","title":{"rendered":"Niisutaja Soocas W3 Pro"},"content":{"rendered":"<h3>Soocas W3 Pro hambapesuriga<\/h3>\n<p>Soocas W3 Pro hambapesuriga hoolitsete oma hammaste tervise eest igak\u00fclgselt. Traditsioonilisel hambapesul j\u00e4\u00e4b sageli vahele kuni 40% suu\u00f5\u00f5nest \u2013 tavaline hambahari ei ulatu k\u00f5ikjale. Seet\u00f5ttu tasub kasutada ka teisi puhastusmeetodeid. Soocas hambapesuriga hoolitsete oma hammaste ja muu eest igak\u00fclgselt \u2013 seda v\u00f5imaldavad 3 t\u00f6\u00f6re\u017eiimi ja kuni 4 vahetatavat otsikut. Seade on ka h\u00f5lpsasti kasutatav ja ergonoomiline ning \u00fche laadimisega kestab see kuni 80 p\u00e4eva.<\/p>\n<p><img decoding=\"async\" src=\"https:\/\/b2b.innpro.pl\/data\/include\/cms\/12Soocas\/W3-Pro\/1.jpg\" border=\"0\" alt=\"12Soocas\/W3-Pro\/1\" \/><\/p>\n<h3>4 otsikut \u2013 iga suu p\u00f5hjalik puhastus<\/h3>\n<p>Komplektis on 4 otsikut, mis sobivad erinevateks rakendusteks. Standardne tagab t\u00f5husa igap\u00e4evase puhastuse. Keelepuhastusots k\u00f5rvaldab halva hinge\u00f5hu probleemi, samas kui ortodontiline ots sobib suurep\u00e4raselt breketite kasutajatele. Parodontaalne ots seevastu sobib ideaalselt igemete \u00f5rnaks puhastamiseks. K\u00f5ik otsikud p\u00f6\u00f6rlevad 360\u00b0, tagades paindlikkuse ja mitmek\u00fclgse j\u00f5udluse.<\/p>\n<p><img decoding=\"async\" src=\"https:\/\/b2b.innpro.pl\/data\/include\/cms\/12Soocas\/W3-Pro\/3.jpg\" border=\"0\" alt=\"12Soocas\/W3-Pro\/3\" \/><\/p>\n<h3>3 t\u00f6\u00f6re\u017eiimi erinevate vajaduste jaoks<\/h3>\n<p>Soocas W3 Pro t\u00f6\u00f6tab 3 re\u017eiimis, mida saab mugavalt nupuvajutusega vahetada. Standardre\u017eiim sobib ideaalselt igap\u00e4evaseks kasutamiseks \u2013 see v\u00f5imaldab tavalist ja t\u00f5husat puhastamist. Igemehooldusre\u017eiimi kasutavad edukalt nii algajad irrigaatori kasutajad kui ka need, kes v\u00f5itlevad suu\u00f5\u00f5ne haigustega. Viimane re\u017eiim, pulss, sobib ideaalselt neile, kes kannavad breketeid. Lisaks pakuvad standard- ja igemehooldusre\u017eiimid 3 v\u00f5imsustaset, nii et saate seadme j\u00f5udlust vastavalt oma vajadustele kohandada. Vali kuni 7 valiku hulgast!<\/p>\n<p><img decoding=\"async\" src=\"https:\/\/b2b.innpro.pl\/data\/include\/cms\/12Soocas\/W3-Pro\/2.jpg\" border=\"0\" alt=\"12Soocas\/W3-Pro\/2\" \/><\/p>\n<h3>Suur j\u00f5udlus ja efektiivsus<\/h3>\n<p>Seade on varustatud intelligentse kiibiga, mis vastutab selle t\u00e4pse, kuid t\u00f5husa t\u00f6\u00f6 eest. Irrigaator pulseerib kiirusega kuni 1300 korda minutis, tagades optimaalse puhastuse. Soocas W3 laseb veel hambavahedest \u00fchtlaselt l\u00e4bi voolata, nii et mustus loputatakse kiiresti ja t\u00f5husalt minema. Seade eemaldab kuni 99,9% hambakatust, aidates hoida teie naeratust suurep\u00e4rases seisukorras. See v\u00e4hendab ka igemete veritsemise ja p\u00f5letiku riski. See aitab eemaldada hambakivi ja stimuleerib igemete mikrotsirkulatsiooni, edendades suu\u00f5\u00f5ne tervist.<\/p>\n<p><img decoding=\"async\" src=\"https:\/\/b2b.innpro.pl\/data\/include\/cms\/12Soocas\/W3-Pro\/4.jpg\" border=\"0\" alt=\"12Soocas\/W3-Pro\/4\" \/><\/p>\n<h3>Veelgi pikem t\u00f6\u00f6aeg<\/h3>\n<p>Saate irrigaatorit mugavalt laadida t\u00e4nu laialdaselt \u00fchilduvale USB-C pordile. Seadme laadimine v\u00f5tab vaid 4 tundi. P\u00e4rast seda teenib W3 Pro teid kuni 80 p\u00e4eva. Kasutage irrigaatorit iga p\u00e4ev ja \u00e4rge muretsege liiga sagedase laadimise p\u00e4rast. Seadme v\u00f5imas aku \u00fcllatab teid oma t\u00f6\u00f6kindlusega.<\/p>\n<p><img decoding=\"async\" src=\"https:\/\/b2b.innpro.pl\/data\/include\/cms\/12Soocas\/W3-Pro\/7.jpg\" border=\"0\" alt=\"12Soocas\/W3-Pro\/7\" \/><\/p>\n<h3>Funktsionaalne, ergonoomiline, veekindel<\/h3>\n<p>Irrigaatori veepaagi maht on kuni 240 ml \u2013 seega ei pea te seda liiga tihti t\u00e4itma. Vajadusel saate selle h\u00f5lpsalt lahti v\u00f5tta ja puhastada. Seade on ka kerge ja mugav kasutada \u2013 t\u00e4nu ergonoomilisele disainile ja kumerale k\u00e4epidemele sobib see ideaalselt teie k\u00e4tte. Lisaks sobib see suurep\u00e4raselt reisimiseks ja mahub igasse kotti. IPX7 veekindluse reiting t\u00e4hendab, et saate irrigaatorit vannitoas muretult kasutada. Soocas W3 Pro pakub erakordset kasutusmugavust.<\/p>\n<p><img decoding=\"async\" src=\"https:\/\/b2b.innpro.pl\/data\/include\/cms\/12Soocas\/W3-Pro\/6.jpg\" border=\"0\" alt=\"12Soocas\/W3-Pro\/6\" \/><\/p>\n<h3>Komplekti sisu<\/h3>\n<ul>\n<li>Soocas W3 Pro irrigaator x1<\/li>\n<li>Vahetatavad otsikud (standardsed, ortodontilised, parodontaalsed, keelepuhastusvahendid) x4<\/li>\n<li>Asendusotsikute karp x1<\/li>\n<li>USB-C kaabel x1<\/li>\n<\/ul>\n<div class=\"table-wrapper\">\n<table>\n<tbody>\n<tr>\n<th>Tootja<\/th>\n<td>Soocas<\/td>\n<\/tr>\n<tr>\n<th>Mudel<\/th>\n<td>W3 Pro<\/td>\n<\/tr>\n<tr>\n<th>Impulsi kiirus<\/th>\n<td>1300\/min.<\/td>\n<\/tr>\n<tr>\n<th>Laadimisaeg<\/th>\n<td>Ligikaudu 4 tundi<\/td>\n<\/tr>\n<tr>\n<th>T\u00f6\u00f6aeg<\/th>\n<td>Kuni umbes 80 p\u00e4eva<\/td>\n<\/tr>\n<tr>\n<th>Veepaagi maht<\/th>\n<td>240 ml<\/td>\n<\/tr>\n<tr>\n<th>Veekindlus<\/th>\n<td>IPX7<\/td>\n<\/tr>\n<\/tbody>\n<\/table>\n<\/div>\n","protected":false},"excerpt":{"rendered":"<p>Soocas W3 Pro hambapesuriga Soocas W3 Pro hambapesuriga hoolitsete oma hammaste tervise eest igak\u00fclgselt. Traditsioonilisel hambapesul j\u00e4\u00e4b sageli vahele kuni 40% suu\u00f5\u00f5nest \u2013 tavaline hambahari ei ulatu k\u00f5ikjale. Seet\u00f5ttu tasub kasutada ka teisi puhastusmeetodeid. Soocas hambapesuriga hoolitsete oma hammaste ja muu eest igak\u00fclgselt \u2013 seda v\u00f5imaldavad 3 t\u00f6\u00f6re\u017eiimi ja kuni 4 vahetatavat otsikut. Seade on [&#8230;]\n","protected":false},"featured_media":21466,"comment_status":"open","ping_status":"closed","template":"","meta":[],"product_brand":[565],"product_cat":[1479],"product_tag":[],"class_list":{"0":"post-21465","1":"product","2":"type-product","3":"status-publish","4":"has-post-thumbnail","6":"product_brand-soocas","7":"product_cat-irrigators","9":"first","10":"outofstock","11":"taxable","12":"shipping-taxable","13":"purchasable","14":"product-type-simple"},"aioseo_notices":[],"_links":{"self":[{"href":"https:\/\/asura.lv\/et\/wp-json\/wp\/v2\/product\/21465","targetHints":{"allow":["GET"]}}],"collection":[{"href":"https:\/\/asura.lv\/et\/wp-json\/wp\/v2\/product"}],"about":[{"href":"https:\/\/asura.lv\/et\/wp-json\/wp\/v2\/types\/product"}],"replies":[{"embeddable":true,"href":"https:\/\/asura.lv\/et\/wp-json\/wp\/v2\/comments?post=21465"}],"wp:featuredmedia":[{"embeddable":true,"href":"https:\/\/asura.lv\/et\/wp-json\/wp\/v2\/media\/21466"}],"wp:attachment":[{"href":"https:\/\/asura.lv\/et\/wp-json\/wp\/v2\/media?parent=21465"}],"wp:term":[{"taxonomy":"product_brand","embeddable":true,"href":"https:\/\/asura.lv\/et\/wp-json\/wp\/v2\/product_brand?post=21465"},{"taxonomy":"product_cat","embeddable":true,"href":"https:\/\/asura.lv\/et\/wp-json\/wp\/v2\/product_cat?post=21465"},{"taxonomy":"product_tag","embeddable":true,"href":"https:\/\/asura.lv\/et\/wp-json\/wp\/v2\/product_tag?post=21465"}],"curies":[{"name":"wp","href":"https:\/\/api.w.org\/{rel}","templated":true}]}}