{"id":21495,"date":"2025-11-28T21:11:16","date_gmt":"2025-11-28T21:11:16","guid":{"rendered":"https:\/\/asura.lv\/product\/in-line-choetech-t606-f-wireless-charger-for-smartwatch-black\/"},"modified":"2025-12-12T14:59:11","modified_gmt":"2025-12-12T12:59:11","slug":"in-line-choetech-t606-f-wireless-charger-for-smartwatch-black","status":"publish","type":"product","link":"https:\/\/asura.lv\/et\/toode\/in-line-choetech-t606-f-wireless-charger-for-smartwatch-black\/","title":{"rendered":"Sisseehitatud Choetech T606-F juhtmevaba laadija nutikellale (must)"},"content":{"rendered":"<h3>Sisseehitatud Choetech T606-F juhtmevaba laadija nutikellale (must).<\/h3>\n<p>Laadige oma nutikella kiiresti ja mugavalt. Choetech T606-F on juhtmevaba laadija, millega saate uuendada nii Apple&#8217;i kui ka Samsungi nutikellade energiat. See pakub USB-C ja USB-A porte ning ABS + PC V0 materjalidest valmistatud laadija on vastupidav ja vastupidav pikaajaliseks kasutamiseks.<\/p>\n<p>\n<img decoding=\"async\" border=\"0\" src=\"https:\/\/assets.innpro.pl\/11096\/13086\/2.jpg\"\/>\n<\/p>\n<h3>Kiirlaadimine<\/h3>\n<p>Laadijal on kaks porti &#8211; USB-A ja USB-C, mis annab teile valiku eelistatud \u00fchendusmeetodi vahel. Sisendpinge on 5V\/1A ja v\u00e4ljundv\u00f5imsus on maksimaalselt 5W, mis tagab kiire ja probleemivaba laadimise.<\/p>\n<p>\n<img decoding=\"async\" border=\"0\" src=\"https:\/\/assets.innpro.pl\/11096\/13086\/5.jpg\"\/>\n<\/p>\n<h3>Kompaktne, kokkupandav disain<\/h3>\n<p>Choetech T606-F eristub oma kokkupandava disaini poolest. See t\u00e4hendab, et saate selle h\u00f5lpsalt kokku pakkida ja kaasa v\u00f5tta, ilma et see teie kotis v\u00f5i seljakotis liiga palju ruumi v\u00f5taks. See on ideaalne inimestele, kes peavad oma nutikella laadima k\u00f5ikjal.<\/p>\n<p>\n<img decoding=\"async\" border=\"0\" src=\"https:\/\/assets.innpro.pl\/11096\/13086\/4.jpg\"\/>\n<\/p>\n<h3>\u00dchilduv<\/h3>\n<p>Choetech T606-F \u00fchildub nii Apple&#8217;i kui ka Samsungi nutikelladega, muutes selle mitmek\u00fclgseks ja kasulikuks lisatarvikuks m\u00f5lema kaubam\u00e4rgi kasutajatele. Olenemata sellest, kas sul on Apple Watch v\u00f5i Galaxy Watch, vastab Choetechi laadija sinu vajadustele.<\/p>\n<p><\/p>\n<p>\n<img decoding=\"async\" border=\"0\" src=\"https:\/\/assets.innpro.pl\/11096\/13086\/1.jpg\"\/>\n<\/p>\n<div class=\"table-wrapper\">\n<p>\u0412\u00a0<\/p>\n<h3><\/h3>\n<table>\n<tbody>\n<tr>\n<th>Tootja<\/th>\n<td>Choetech<\/td>\n<\/tr>\n<tr>\n<th>Mudel<\/th>\n<td>T606-F<\/td>\n<\/tr>\n<tr>\n<th>V\u00e4rv<\/th>\n<td>must<\/td>\n<\/tr>\n<tr>\n<th>Liides<\/th>\n<td>USB-A, USB-C<\/td>\n<\/tr>\n<tr>\n<th>Sisendpinge<\/th>\n<td>USB-C: 5 V \/ 1 A<\/td>\n<\/tr>\n<tr>\n<th>V\u00e4ljundv\u00f5imsus<\/th>\n<td>Maksimaalselt 5 W<\/td>\n<\/tr>\n<tr>\n<th>Materjal<\/th>\n<td>ABS + PC V0<\/td>\n<\/tr>\n<\/tbody>\n<\/table>\n<\/div>\n","protected":false},"excerpt":{"rendered":"<p>Sisseehitatud Choetech T606-F juhtmevaba laadija nutikellale (must). Laadige oma nutikella kiiresti ja mugavalt. Choetech T606-F on juhtmevaba laadija, millega saate uuendada nii Apple&#8217;i kui ka Samsungi nutikellade energiat. See pakub USB-C ja USB-A porte ning ABS + PC V0 materjalidest valmistatud laadija on vastupidav ja vastupidav pikaajaliseks kasutamiseks. Kiirlaadimine Laadijal on kaks porti &#8211; USB-A [&#8230;]\n","protected":false},"featured_media":21496,"comment_status":"open","ping_status":"closed","template":"","meta":[],"product_brand":[445],"product_cat":[945],"product_tag":[],"class_list":{"0":"post-21495","1":"product","2":"type-product","3":"status-publish","4":"has-post-thumbnail","6":"product_brand-choetech","7":"product_cat-other-gsm-accessories","9":"first","10":"outofstock","11":"taxable","12":"shipping-taxable","13":"purchasable","14":"product-type-simple"},"aioseo_notices":[],"_links":{"self":[{"href":"https:\/\/asura.lv\/et\/wp-json\/wp\/v2\/product\/21495","targetHints":{"allow":["GET"]}}],"collection":[{"href":"https:\/\/asura.lv\/et\/wp-json\/wp\/v2\/product"}],"about":[{"href":"https:\/\/asura.lv\/et\/wp-json\/wp\/v2\/types\/product"}],"replies":[{"embeddable":true,"href":"https:\/\/asura.lv\/et\/wp-json\/wp\/v2\/comments?post=21495"}],"wp:featuredmedia":[{"embeddable":true,"href":"https:\/\/asura.lv\/et\/wp-json\/wp\/v2\/media\/21496"}],"wp:attachment":[{"href":"https:\/\/asura.lv\/et\/wp-json\/wp\/v2\/media?parent=21495"}],"wp:term":[{"taxonomy":"product_brand","embeddable":true,"href":"https:\/\/asura.lv\/et\/wp-json\/wp\/v2\/product_brand?post=21495"},{"taxonomy":"product_cat","embeddable":true,"href":"https:\/\/asura.lv\/et\/wp-json\/wp\/v2\/product_cat?post=21495"},{"taxonomy":"product_tag","embeddable":true,"href":"https:\/\/asura.lv\/et\/wp-json\/wp\/v2\/product_tag?post=21495"}],"curies":[{"name":"wp","href":"https:\/\/api.w.org\/{rel}","templated":true}]}}