{"id":21981,"date":"2025-11-28T21:09:32","date_gmt":"2025-11-28T21:09:32","guid":{"rendered":"https:\/\/asura.lv\/product\/powerbank-mini-baseus-6000-mah-20w-blue\/"},"modified":"2025-12-12T14:57:50","modified_gmt":"2025-12-12T12:57:50","slug":"powerbank-mini-baseus-6000-mah-20w-blue","status":"publish","type":"product","link":"https:\/\/asura.lv\/et\/toode\/powerbank-mini-baseus-6000-mah-20w-blue\/","title":{"rendered":"Powerbank mini Baseus 6000 mAh 20W (sinine)"},"content":{"rendered":"<h3>Baseus Magnetic Mini 6000 mAh 20 W varupatarei (sinine)<\/h3>\n<p>Laadige oma seadmeid kiiresti ja ohutult Baseuse varupatareiga! Magnetic Mini on varustatud USB-C pordiga ja v\u00f5imaldab ka juhtmevaba laadimist. Selle maht on 6000 mAh. Lisaks toetab see 12-14 seeria iPhone&#8217;e ja LED-indikaator annab teada varupatarei j\u00e4relej\u00e4\u00e4nud laetuse tasemest.<\/p>\n<p><img decoding=\"async\" src=\"https:\/\/b2b.innpro.pl\/data\/include\/cms\/-Baseus\/P10059002313-00\/1.jpg\" alt=\"-Baseus\/P10059002313-00\/1\"><\/p>\n<h3>Juhtmega ja juhtmevaba laadimine<\/h3>\n<p>Toode v\u00f5imaldab nii juhtmega kui ka juhtmevaba laadimist. Kasutatavad lahendused pakuvad teile soovitud mugavust. See toetab 20-vatist laadimisv\u00f5imsust. Mida see praktikas t\u00e4hendab? Sinu iPhone 14 laetakse 50% t\u00e4is k\u00f5igest 30 minutiga! See toetab ka 15 W juhtmevaba laadimist.<\/p>\n<p><img decoding=\"async\" src=\"https:\/\/b2b.innpro.pl\/data\/include\/cms\/-Baseus\/P10059002313-00\/2.jpg\" alt=\"-Baseus\/P10059002313-00\/2\"><\/p>\n<h3>Lai \u00fchilduvus<\/h3>\n<p>Selle praktilise varupatareiga saad h\u00f5lpsalt laadida enamikku populaarseid seadmeid. Toode v\u00f5imaldab sul kiiresti laadida iPhone 12-14 seeriaid ning \u00fchildub muuhulgas ka Xiaomi ja Huawei telefonidega. See v\u00f5imaldab sul laadida ka tahvelarvuteid ja juhtmevabasid k\u00f5rvaklappe. <\/p>\n<p><img decoding=\"async\" src=\"https:\/\/b2b.innpro.pl\/data\/include\/cms\/-Baseus\/P10059002313-00\/9.jpg\" alt=\"-Baseus\/P10059002313-00\/9\"><\/p>\n<h3>Ohutu kasutada<\/h3>\n<p>Kvaliteetne pol\u00fcmeer-liitiumaku tagab ohutu laadimise. Baseus pakub kaitset muuhulgas \u00fclepinge, \u00fclevoolu, \u00fclelaadimise ja l\u00fchise eest. V\u00e4lispatareil on ka NTC temperatuuriandurid \u00fclekuumenemise v\u00e4ltimiseks. Lisaks vastab toode rahvusvahelistele \u00f5hutranspordi standarditele, mis v\u00f5imaldab teil seda peaaegu k\u00f5ikjale kaasa v\u00f5tta.<\/p>\n<p><img decoding=\"async\" src=\"https:\/\/b2b.innpro.pl\/data\/include\/cms\/-Baseus\/P10059002313-00\/8.jpg\" alt=\"-Baseus\/P10059002313-00\/8\"><\/p>\n<h3>L\u00e4bim\u00f5eldud disain<\/h3>\n<p>Toodet iseloomustab kerge kaal ja kompaktne suurus, nii et saate seda alati kaasas kanda! Lisaks on see loodud selleks, et saaksite nutitelefoni mugavalt juhtmevabalt laadida &#8211; see ei varja telefoni kaamerat, nii et saate seda edukalt kasutada. T\u00e4nu sisseehitatud magnetitele, millel on suur t\u00f5mbej\u00f5ud, tagab see telefonile asetatud stabiilsuse. Lisaks on materjal meeldiv puudutada ja hoiab \u00e4ra seadme libisemise k\u00e4est.<\/p>\n<p><img decoding=\"async\" src=\"https:\/\/b2b.innpro.pl\/data\/include\/cms\/-Baseus\/P10059002313-00\/4.jpg\" alt=\"-Baseus\/P10059002313-00\/4\"><\/p>\n<h3>Kaasas<\/h3>\n<ul>\n<li>v\u00e4lislaadija<\/li>\n<li>USB-C &#8211; USB-C kaabel<\/li>\n<\/ul>\n<div class=\"table-wrapper\">\n<table>\n<tbody>\n<tr>\n<th>Tootja<\/th>\n<td>Baseus<\/td>\n<\/tr>\n<tr>\n<th>Tootjakood<\/th>\n<td>P10059002313-00<\/td>\n<\/tr>\n<tr>\n<th>V\u00e4rv<\/th>\n<td>Sinine<\/td>\n<\/tr>\n<tr>\n<th>Aku mahtuvus<\/th>\n<td>6000 mAh \/ 22,2 Wh<\/td>\n<\/tr>\n<tr>\n<th>Aku <\/th>\n<td>Pol\u00fcmeer-liitium<\/td>\n<\/tr>\n<tr>\n<th>Energia teisendustegur<\/th>\n<td>\u224875%<\/td>\n<\/tr>\n<tr>\n<th>USB-C sisend<\/th>\n<td>5V\/3A, 9V\/2 A<\/td>\n<\/tr>\n<tr>\n<th>USB-C v\u00e4ljund<\/th>\n<td>5V\/2,4A; 9V\/2,22A; 12V\/1,5A<\/td>\n<\/tr>\n<tr>\n<th>Juhtmevaba laadija v\u00e4ljundv\u00f5imsus<\/th>\n<td>15W<\/td>\n<\/tr>\n<tr>\n<th>Kogu v\u00e4ljundvool<\/th>\n<td>5V\/2,4A<\/td>\n<\/tr>\n<tr>\n<th>Materjal<\/th>\n<td>PC+ABS<\/td>\n<\/tr>\n<tr>\n<th>M\u00f5\u00f5tmed<\/th>\n<td>98,4 \u00d7 63,9 \u00d7 16,3 mm<\/td>\n<\/tr>\n<tr>\n<th>Kaal<\/th>\n<td>umbes 146,5 g<\/td>\n<\/tr>\n<tr>\n<th>Kaabli materjal<\/th>\n<td>TPE<\/td>\n<\/tr>\n<tr>\n<th>Kaabli v\u00f5imsus<\/th>\n<td>60 W<\/td>\n<\/tr>\n<tr>\n<th>Kaabli liides<\/th>\n<td>USB-C USB-C-ks<\/td>\n<\/tr>\n<tr>\n<th>Pikkus<\/th>\n<td>50 cm<\/td>\n<\/tr>\n<\/tbody>\n<\/table>\n<\/div>\n","protected":false},"excerpt":{"rendered":"<p>Baseus Magnetic Mini 6000 mAh 20 W varupatarei (sinine) Laadige oma seadmeid kiiresti ja ohutult Baseuse varupatareiga! Magnetic Mini on varustatud USB-C pordiga ja v\u00f5imaldab ka juhtmevaba laadimist. Selle maht on 6000 mAh. Lisaks toetab see 12-14 seeria iPhone&#8217;e ja LED-indikaator annab teada varupatarei j\u00e4relej\u00e4\u00e4nud laetuse tasemest. Juhtmega ja juhtmevaba laadimine Toode v\u00f5imaldab nii juhtmega [&#8230;]\n","protected":false},"featured_media":21982,"comment_status":"open","ping_status":"closed","template":"","meta":[],"product_brand":[95],"product_cat":[1023],"product_tag":[],"class_list":{"0":"post-21981","1":"product","2":"type-product","3":"status-publish","4":"has-post-thumbnail","6":"product_brand-baseus","7":"product_cat-powerbanks","9":"first","10":"outofstock","11":"taxable","12":"shipping-taxable","13":"purchasable","14":"product-type-simple"},"aioseo_notices":[],"_links":{"self":[{"href":"https:\/\/asura.lv\/et\/wp-json\/wp\/v2\/product\/21981","targetHints":{"allow":["GET"]}}],"collection":[{"href":"https:\/\/asura.lv\/et\/wp-json\/wp\/v2\/product"}],"about":[{"href":"https:\/\/asura.lv\/et\/wp-json\/wp\/v2\/types\/product"}],"replies":[{"embeddable":true,"href":"https:\/\/asura.lv\/et\/wp-json\/wp\/v2\/comments?post=21981"}],"wp:featuredmedia":[{"embeddable":true,"href":"https:\/\/asura.lv\/et\/wp-json\/wp\/v2\/media\/21982"}],"wp:attachment":[{"href":"https:\/\/asura.lv\/et\/wp-json\/wp\/v2\/media?parent=21981"}],"wp:term":[{"taxonomy":"product_brand","embeddable":true,"href":"https:\/\/asura.lv\/et\/wp-json\/wp\/v2\/product_brand?post=21981"},{"taxonomy":"product_cat","embeddable":true,"href":"https:\/\/asura.lv\/et\/wp-json\/wp\/v2\/product_cat?post=21981"},{"taxonomy":"product_tag","embeddable":true,"href":"https:\/\/asura.lv\/et\/wp-json\/wp\/v2\/product_tag?post=21981"}],"curies":[{"name":"wp","href":"https:\/\/api.w.org\/{rel}","templated":true}]}}