{"id":22359,"date":"2025-11-28T21:08:05","date_gmt":"2025-11-28T21:08:05","guid":{"rendered":"https:\/\/asura.lv\/product\/blitzwolf-bw-ja1-16000mah-car-starter\/"},"modified":"2025-12-12T14:56:25","modified_gmt":"2025-12-12T12:56:25","slug":"blitzwolf-bw-ja1-16000mah-car-starter","status":"publish","type":"product","link":"https:\/\/asura.lv\/et\/toode\/blitzwolf-bw-ja1-16000mah-car-starter\/","title":{"rendered":"Blitzwolf BW-JA1 16000mAh auto starter."},"content":{"rendered":"<h3>Blitzwolf BW-JA1 16000mAh autok\u00e4ivitusseade kompressoriga<\/h3>\n<p>Blitzwolf BW-JA1 on kompressori ja taskulambiga autok\u00e4ivitusseade, mida saab kasutada ka 16000mAh akupangana. Tippvoolutugevusega 2000Ai ja tugevate klemmidega on see v\u00f5imeline k\u00e4ivitama s\u00f5iduki sekunditega isegi \u00e4\u00e4rmuslike temperatuuride korral -20\u00b0C kuni 60\u00b0C. Olenemata sellest, kas tegemist on kuni 8,0L bensiini- v\u00f5i diiselmootoriga, garanteerib starter t\u00f6\u00f6kindluse ja toe kriitilistes olukordades. Sobib ka 12-voldistele s\u00f5idukitele, eriti raskematele, pakkudes mitmek\u00fclgsust ja t\u00f6\u00f6kindlust isegi keerulistel marsruutidel.<\/p>\n<p>\n<img decoding=\"async\" alt=\"\" border=\"0\" src=\"https:\/\/assets.innpro.pl\/1239\/1342\/8.jpg\"\/>\n<\/p>\n<h3>Suure v\u00f5imsusega kompressor<\/h3>\n<p>Blitzwolf BW-JA1 mitte ainult ei avalda muljet maksimaalse r\u00f5huga 150 PSI ja \u00f5huvooluga 45 l\/min, vaid pakub kasutajale ka mugavust ja k\u00e4ep\u00e4rasust. Autorehvi (0\u201336 PSI) t\u00e4ispumpamiseks kulub vaid 3 minutit ja r\u00f5hu reguleerimiseks vahemikus 25 kuni 1 minut. 36 PSI, kui seda iga p\u00e4ev vaja l\u00e4heb. See ei toeta aga veoautorehve. T\u00e4iustatud funktsioonid, nagu intelligentsed eelseadistused ja automaatne v\u00e4ljal\u00fclitus, muudavad kasutamise intuitiivseks ja probleemivabaks. Kaasasoleva adapterikomplektiga saab kasutaja t\u00e4is pumbata ka jalgrattarehve, t\u00e4ispuhutavat madratsit v\u00f5i lapse veem\u00e4nguasju.<\/p>\n<p>\n<img decoding=\"async\" alt=\"\" border=\"0\" src=\"https:\/\/assets.innpro.pl\/1239\/1342\/4.jpg\"\/>\n<\/p>\n<h3>Praktiline suure mahutavusega varupatarei<\/h3>\n<p>Lisaks kompressorile ja starterile saab BW-JA1 olla ka usaldusv\u00e4\u00e4rne varupatarei mahutavusega 16000mAh. Sellel on kaks USB-porti telefonide ja muude lisaseadmete kiireks ja t\u00f5husaks laadimiseks. Selle funktsiooni kasutamine on eriti kasulik pikkadel reisidel, kus juurdep\u00e4\u00e4s toiteallikatele on piiratud, v\u00f5i h\u00e4daolukordades teel.<\/p>\n<p>\n<img decoding=\"async\" alt=\"\" border=\"0\" src=\"https:\/\/assets.innpro.pl\/1239\/1342\/3.jpg\"\/>\n<\/p>\n<h3>Kerge ja kompaktne<\/h3>\n<p>Blitzwolf BW-JA1 \u00fchendab endas kompaktse suuruse ja kerge kaalu, muutes selle ideaalseks kaaslaseks igal reisil. Kaaluga vaid 780 g ja m\u00f5\u00f5tmetega 220 x 95 x 89 mm ei v\u00f5ta see v\u00e4ike, kuid v\u00f5imas seade palju ruumi, mis on kindlasti eeliseks, kui r\u00e4\u00e4gime piiratud ruumist s\u00f5idukis. T\u00e4nu oma v\u00e4iksusele saab seda hoida peaaegu k\u00f5ikjal &#8211; pakiruumist kindalaekani ja s\u00f5iduki ukseni. See muudab selle mitte ainult h\u00e4daolukorras kergesti ligip\u00e4\u00e4setavaks, vaid ka kompaktsele disainile vaatamata ei ohverda see oma funktsionaalsust ja j\u00f5udlust, pakkudes tuge paljudes olukordades teel olles.<\/p>\n<p>\n<img decoding=\"async\" alt=\"\" border=\"0\" src=\"https:\/\/assets.innpro.pl\/1239\/1342\/6.jpg\"\/>\n<\/p>\n<h3>Komplekti sisu<\/h3>\n<ul class=\"list-disc pl-5\">\n<li>Klemmid x 1 paar<\/li>\n<li>USB-C &#8211; USB-A kaabel 1<\/li>\n<li>\u00d5huvoolik x 1<\/li>\n<li>Pumba adapter x 1<\/li>\n<li>Korpus x 1<\/li>\n<\/ul>\n<div class=\"table-wrapper\">\n<p>\u0412\u00a0<\/p>\n<h3><\/h3>\n<table>\n<tbody>\n<tr>\n<th>Br\u00e4nd<\/th>\n<td>Blitzwolf<\/td>\n<\/tr>\n<tr>\n<th>Mudel<\/th>\n<td>BW-JA1<\/td>\n<\/tr>\n<tr>\n<th>Aku Mahtuvus<\/th>\n<td>16000mAh<\/td>\n<\/tr>\n<tr>\n<th>Voolutugevus<\/th>\n<td>2000A<\/td>\n<\/tr>\n<tr>\n<th>M\u00f5\u00f5tmist\u00e4psus<\/th>\n<td>\u00b11,5 PS<\/td>\n<\/tr>\n<tr>\n<th>Laadimissisendpinge<\/th>\n<td>5V 2A<\/td>\n<\/tr>\n<tr>\n<th>R\u00f5hu\u00fchik<\/th>\n<td>PSI, BAR, KPA, KG\/cm2<\/td>\n<\/tr>\n<tr>\n<th>Maksimaalne r\u00f5hk<\/th>\n<td>150PSI<\/td>\n<\/tr>\n<tr>\n<th>\u00d5huvoolukiirus<\/th>\n<td>45l\/min<\/td>\n<\/tr>\n<tr>\n<th>Nimipinge<\/th>\n<td>14,8V<\/td>\n<\/tr>\n<tr>\n<th>T\u00f6\u00f6pinge temperatuur<\/th>\n<td>-20\u201360 \u00b0C<\/td>\n<\/tr>\n<tr>\n<th>Maksimaalne voolutugevus<\/th>\n<td><8V<\/td>\n<\/tr>\n<tr>\n<th>LED-taskulambi luumenite v\u00e4\u00e4rtus<\/th>\n<td>120LM<\/td>\n<\/tr>\n<tr>\n<th>LCD-ekraan<\/th>\n<td>Jah<\/td>\n<\/tr>\n<tr>\n<th>M\u00f5\u00f5tmed<\/th>\n<td>220 x 95 x 89 mm<\/td>\n<\/tr>\n<tr>\n<th>Kaal<\/th>\n<td>780 g<\/td>\n<\/tr>\n<\/tbody>\n<\/table>\n<\/div>\n","protected":false},"excerpt":{"rendered":"<p>Blitzwolf BW-JA1 16000mAh autok\u00e4ivitusseade kompressoriga Blitzwolf BW-JA1 on kompressori ja taskulambiga autok\u00e4ivitusseade, mida saab kasutada ka 16000mAh akupangana. Tippvoolutugevusega 2000Ai ja tugevate klemmidega on see v\u00f5imeline k\u00e4ivitama s\u00f5iduki sekunditega isegi \u00e4\u00e4rmuslike temperatuuride korral -20\u00b0C kuni 60\u00b0C. Olenemata sellest, kas tegemist on kuni 8,0L bensiini- v\u00f5i diiselmootoriga, garanteerib starter t\u00f6\u00f6kindluse ja toe kriitilistes olukordades. Sobib ka [&#8230;]\n","protected":false},"featured_media":22360,"comment_status":"open","ping_status":"closed","template":"","meta":[],"product_brand":[224],"product_cat":[1464],"product_tag":[],"class_list":{"0":"post-22359","1":"product","2":"type-product","3":"status-publish","4":"has-post-thumbnail","6":"product_brand-blitzwolf","7":"product_cat-jump-starters","9":"first","10":"outofstock","11":"taxable","12":"shipping-taxable","13":"purchasable","14":"product-type-simple"},"aioseo_notices":[],"_links":{"self":[{"href":"https:\/\/asura.lv\/et\/wp-json\/wp\/v2\/product\/22359","targetHints":{"allow":["GET"]}}],"collection":[{"href":"https:\/\/asura.lv\/et\/wp-json\/wp\/v2\/product"}],"about":[{"href":"https:\/\/asura.lv\/et\/wp-json\/wp\/v2\/types\/product"}],"replies":[{"embeddable":true,"href":"https:\/\/asura.lv\/et\/wp-json\/wp\/v2\/comments?post=22359"}],"wp:featuredmedia":[{"embeddable":true,"href":"https:\/\/asura.lv\/et\/wp-json\/wp\/v2\/media\/22360"}],"wp:attachment":[{"href":"https:\/\/asura.lv\/et\/wp-json\/wp\/v2\/media?parent=22359"}],"wp:term":[{"taxonomy":"product_brand","embeddable":true,"href":"https:\/\/asura.lv\/et\/wp-json\/wp\/v2\/product_brand?post=22359"},{"taxonomy":"product_cat","embeddable":true,"href":"https:\/\/asura.lv\/et\/wp-json\/wp\/v2\/product_cat?post=22359"},{"taxonomy":"product_tag","embeddable":true,"href":"https:\/\/asura.lv\/et\/wp-json\/wp\/v2\/product_tag?post=22359"}],"curies":[{"name":"wp","href":"https:\/\/api.w.org\/{rel}","templated":true}]}}