{"id":22443,"date":"2025-11-28T21:07:59","date_gmt":"2025-11-28T21:07:59","guid":{"rendered":"https:\/\/asura.lv\/product\/pet-travel-backpack-petkit-breezy-2-0-pink\/"},"modified":"2025-12-12T14:56:19","modified_gmt":"2025-12-12T12:56:19","slug":"pet-travel-backpack-petkit-breezy-2-0-pink","status":"publish","type":"product","link":"https:\/\/asura.lv\/et\/toode\/pet-travel-backpack-petkit-breezy-2-0-pink\/","title":{"rendered":"Lemmiklooma reisikott PetKit Breezy 2.0 (roosa)"},"content":{"rendered":"<h3>PetKit Breezy 2 reisiseljakott lemmikloomadele (roosa)<\/h3>\n<p><p>Avasta maailma oma karvase kaaslasega. Kassidele ja v\u00e4ikestele koertele m\u00f5eldud PetKit Breezy 2 seljakott on varustatud suure aknaga, mis v\u00f5imaldab teie lemmikloomal igal ajal n\u00e4ha, mis \u00f5ues toimub. Nutikas ventilatsioonis\u00fcsteem tagab teie neljajalgse s\u00f5bra mugavuse ilma umbsuseta. Samuti saate \u00f5huvoolu kiirust k\u00e4sitsi reguleerida. Toode pakub ka \u00f5rna valgustust, mida saate vastavalt vajadusele sisse l\u00fclitada. Seljakott on uskumatult kerge, mugav ja vastupidav. M\u00e4rkus: ventilatsiooni- ja valgustuss\u00fcsteemide n\u00f5uetekohaseks t\u00f6\u00f6ks on vaja varupatareid (ei kuulu komplekti).<\/p>\n<\/p>\n<p><img decoding=\"async\" src=\"https:\/\/assets.innpro.pl\/2129\/2259\/1.jpg\" border=\"0\" alt=\"\"><\/p>\n<h3>Aken maailma<\/h3>\n<p><p>N\u00fc\u00fcd saab teie lemmikloom mugavalt j\u00e4lgida, mis \u00fcmberringi toimub, kui k\u00fclastate koos huvitavaid kohti. Breezy 2 seljakotil on sisseehitatud suur aken, mis kindlasti k\u00f6idab teie lemmiklooma t\u00e4helepanu. Selle klaas on sobivalt toonitud, et v\u00e4ltida pimestamist ja pakkuda teie lemmikloomale reisimise ajal suuremat mugavust.<\/p>\n<\/p>\n<p><img decoding=\"async\" src=\"https:\/\/assets.innpro.pl\/2129\/2259\/5.jpg\" border=\"0\" alt=\"\"><\/p>\n<h3>Loodud teie lemmikloomale<\/h3>\n<p><p>PetKit Breezy 2 seljakott on m\u00f5eldud kassidele ja v\u00e4ikestele koertele kaaluga kuni 8 kg. Sees on eemaldatav padi, mis pakub teie lemmikloomale stabiilsust ja uskumatut mugavust. K\u00fcljetaskud v\u00f5imaldavad teil hoida v\u00e4iksemaid esemeid, n\u00e4iteks maiustusi teie karvasele s\u00f5brale. Seljakoti pikendatud p\u00f5hi tagab teie lemmikloomale rohkem liikumisruumi.<\/p>\n<\/p>\n<p><img decoding=\"async\" src=\"https:\/\/assets.innpro.pl\/2129\/2259\/2.jpg\" border=\"0\" alt=\"\"><\/p>\n<h3>T\u00e4iustatud ventilatsioonis\u00fcsteem<\/h3>\n<p><p>Te ei pea muretsema, et teie lemmikloomal j\u00e4\u00e4b v\u00e4rske \u00f5hk otsa. Seljakott on varustatud mitme ventilatsiooniava, ventilaatori ja t\u00e4iustatud Coanda Effect ventilatsioonis\u00fcsteemiga. Umbes 20 sekundi p\u00e4rast saab teie lemmikloom v\u00e4rsket \u00f5hku hingata. Sellel on ka t\u00e4pne temperatuuriandur automaatseks juhtimiseks, tagades teie lemmiklooma mugavuse. Samuti saate \u00f5huvoolu kiirust k\u00e4sitsi reguleerida. M\u00e4rkus: ventilatsioonis\u00fcsteemi kasutamiseks on vaja t\u00e4iendavat akupanka (ei kuulu komplekti).<\/p>\n<\/p>\n<p><img decoding=\"async\" src=\"https:\/\/assets.innpro.pl\/2129\/2259\/3.jpg\" border=\"0\" alt=\"\"><\/p>\n<h3>Lisavalgustus<\/h3>\n<p><p>Kas reisite vahel \u00f6\u00f6sel? Breezy 2 seljakott on teie jaoks ideaalne valik! Toode on varustatud v\u00e4ikese lambiga, mis v\u00f5imaldab teil oma lemmiklooma igas olukorras valgustada. See v\u00f5imaldab teil oma lemmiklooma j\u00e4lgida ka pimedas. Valguse sissel\u00fclitamine on v\u00e4ga lihtne ja kiire. Lambi sissel\u00fclitamisel valgustatakse seljakoti sisemust j\u00e4rk-j\u00e4rgult, et v\u00e4ltida puhkava lemmiklooma ehmatamist. Samuti saate selle heledust reguleerida. M\u00e4rkus: valgustuse sissel\u00fclitamiseks peate seljakoti \u00fchendama akupangaga (ei kuulu komplekti).<\/p>\n<\/p>\n<p><img decoding=\"async\" src=\"https:\/\/assets.innpro.pl\/2129\/2259\/6.jpg\" border=\"0\" alt=\"\"><\/p>\n<h3>Vastupidav ja mugav<\/h3>\n<p><p>See erakordne seljakott teenib teid pikka aega. See on valmistatud kvaliteetsetest materjalidest, mis on uskumatult vastupidavad ja kahjustustele vastupidavad. Teie lemmiklooma hambad ja k\u00fc\u00fcnised ei tee talle liiga! Vaatamata suurele vastupidavusele on seljakott \u00fcllatavalt mugav. See kaalub vaid umbes 1,4 kg ja sellel on l\u00e4bim\u00f5eldud ergonoomiline disain. Seljaosas olev hingav v\u00f5rk ja spetsiaalselt disainitud rihmad pakuvad v\u00f5rratut kandmismugavust. Lisaks v\u00f5imaldavad metalljalad seljakotil stabiilselt p\u00f5randal seista, nii et te ei pea muretsema selle \u00fcmberkukkumise p\u00e4rast!<\/p>\n<\/p>\n<p><img decoding=\"async\" src=\"https:\/\/assets.innpro.pl\/2129\/2259\/9.jpg\" border=\"0\" alt=\"\"><\/p>\n<div class=\"table-wrapper\">\n<p>&nbsp;<\/p>\n<h3>Spetsifikatsioonid<\/h3>\n<table>\n<tbody>\n<tr>\n<th>Tootja<\/th>\n<td>PetKit<\/td>\n<\/tr>\n<tr>\n<th>Mudel<\/th>\n<td>Breezy 2<\/td>\n<\/tr>\n<tr>\n<th>V\u00e4rv<\/th>\n<td>Roosa<\/td>\n<\/tr>\n<tr>\n<th>M\u00f5\u00f5tmed<\/th>\n<td>33 x 30 x 45 cm<\/td>\n<\/tr>\n<tr>\n<th>Kaal<\/th>\n<td>1.4 kg<\/td>\n<\/tr>\n<tr>\n<th>Materjal<\/th>\n<td>ABS, pol\u00fckarbonaat, kangas<\/td>\n<\/tr>\n<tr>\n<th><\/th>\n<td><\/td>\n<\/tr>\n<tr>\n<th><\/th>\n<td><\/td>\n<\/tr>\n<\/tbody>\n<\/table>\n<\/div>\n","protected":false},"excerpt":{"rendered":"<p>PetKit Breezy 2 reisiseljakott lemmikloomadele (roosa) Avasta maailma oma karvase kaaslasega. Kassidele ja v\u00e4ikestele koertele m\u00f5eldud PetKit Breezy 2 seljakott on varustatud suure aknaga, mis v\u00f5imaldab teie lemmikloomal igal ajal n\u00e4ha, mis \u00f5ues toimub. Nutikas ventilatsioonis\u00fcsteem tagab teie neljajalgse s\u00f5bra mugavuse ilma umbsuseta. Samuti saate \u00f5huvoolu kiirust k\u00e4sitsi reguleerida. Toode pakub ka \u00f5rna valgustust, mida [&#8230;]\n","protected":false},"featured_media":22444,"comment_status":"open","ping_status":"closed","template":"","meta":[],"product_brand":[279],"product_cat":[1278],"product_tag":[],"class_list":{"0":"post-22443","1":"product","2":"type-product","3":"status-publish","4":"has-post-thumbnail","6":"product_brand-petkit","7":"product_cat-walking-and-transportation","9":"first","10":"outofstock","11":"taxable","12":"shipping-taxable","13":"purchasable","14":"product-type-simple"},"aioseo_notices":[],"_links":{"self":[{"href":"https:\/\/asura.lv\/et\/wp-json\/wp\/v2\/product\/22443","targetHints":{"allow":["GET"]}}],"collection":[{"href":"https:\/\/asura.lv\/et\/wp-json\/wp\/v2\/product"}],"about":[{"href":"https:\/\/asura.lv\/et\/wp-json\/wp\/v2\/types\/product"}],"replies":[{"embeddable":true,"href":"https:\/\/asura.lv\/et\/wp-json\/wp\/v2\/comments?post=22443"}],"wp:featuredmedia":[{"embeddable":true,"href":"https:\/\/asura.lv\/et\/wp-json\/wp\/v2\/media\/22444"}],"wp:attachment":[{"href":"https:\/\/asura.lv\/et\/wp-json\/wp\/v2\/media?parent=22443"}],"wp:term":[{"taxonomy":"product_brand","embeddable":true,"href":"https:\/\/asura.lv\/et\/wp-json\/wp\/v2\/product_brand?post=22443"},{"taxonomy":"product_cat","embeddable":true,"href":"https:\/\/asura.lv\/et\/wp-json\/wp\/v2\/product_cat?post=22443"},{"taxonomy":"product_tag","embeddable":true,"href":"https:\/\/asura.lv\/et\/wp-json\/wp\/v2\/product_tag?post=22443"}],"curies":[{"name":"wp","href":"https:\/\/api.w.org\/{rel}","templated":true}]}}