{"id":23121,"date":"2025-11-28T21:06:04","date_gmt":"2025-11-28T21:06:04","guid":{"rendered":"https:\/\/asura.lv\/product\/choetech-pd5008-travel-charger-3xusb-a-2xusb-c-gan-35w-us-eu-uk-au-black\/"},"modified":"2025-12-12T14:54:20","modified_gmt":"2025-12-12T12:54:20","slug":"choetech-pd5008-travel-charger-3xusb-a-2xusb-c-gan-35w-us-eu-uk-au-black","status":"publish","type":"product","link":"https:\/\/asura.lv\/et\/toode\/choetech-pd5008-travel-charger-3xusb-a-2xusb-c-gan-35w-us-eu-uk-au-black\/","title":{"rendered":"Choetech PD5008 reisilaadija, 3xUSB-A, 2xUSB-C, GaN, 35W, US\/EU\/UK\/AU (must)"},"content":{"rendered":"<h3>Choetech PD5008 reisilaadija, 3xUSB-A, 2xUSB-C, GaN, 35W, US\/EL\/UK\/AU (must).<\/h3>\n<p>Choetech PD5008 toitelaadija sobib ideaalselt reisimiseks. See pakub 4 erinevat pistikut, nii et saate seda kasutada enam kui 200 riigis \u00fcle maailma. Lisaks on see varustatud 3 USB-A ja USB-C pordiga, mis v\u00f5imaldavad teil laadida mitut seadet korraga. Lisaks kaitsevad mitmed turvafunktsioonid teie seadmeid kahjustuste eest.<\/p>\n<p>\n<img decoding=\"async\" border=\"0\" src=\"https:\/\/assets.innpro.pl\/8502\/9930\/2.jpg\"\/>\n<\/p>\n<h3>Kiire ja mugav laadimine<\/h3>\n<p>L\u00e4hed puhkusele v\u00f5i \u00e4rireisile? V\u00f5ta Choetech PD5008 endaga kaasa! Laadija maksimaalse v\u00f5imsusega 35 W ning sellel on 3 USB-A ja 1 USB-C port, nii et saate sellega korraga \u00fchendada mitu seadet. See taastab edukalt teie nutitelefoni, tahvelarvuti v\u00f5i TWS-k\u00f5rvaklappide energiavaru. USA, EL, \u00dchendkuningriigi ja Austraalia pistikud v\u00f5imaldavad teil oma seadmeid v\u00e4lismaal mugavalt laadida.<\/p>\n<p>\n<img decoding=\"async\" border=\"0\" src=\"https:\/\/assets.innpro.pl\/8502\/9930\/3.jpg\"\/>\n<\/p>\n<h3>Kasutusohutus<\/h3>\n<p>\u00c4rge kartke oma seadmeid kahjustada, kui kasutate Choetech PD5008 laadijat. Laadija on varustatud nutika kiibiga ja pakub kaitset \u00fclekuumenemise, liigse pinge, \u00fclelaadimise ja \u00fclevoolu eest. Seet\u00f5ttu saate seda ohutult kasutada.<\/p>\n<p>\n<img decoding=\"async\" border=\"0\" src=\"https:\/\/assets.innpro.pl\/8502\/9930\/5.jpg\"\/>\n<\/p>\n<div class=\"table-wrapper\">\n<p>\u0412\u00a0<\/p>\n<h3><\/h3>\n<table>\n<tbody>\n<tr>\n<th>Tootja<\/th>\n<td>Choetech<\/td>\n<\/tr>\n<tr>\n<th>Mudel<\/th>\n<td>PD5008<\/td>\n<\/tr>\n<tr>\n<th>V\u00e4rv<\/th>\n<td>must<\/td>\n<\/tr>\n<tr>\n<th>Sisendpinge<\/th>\n<td>Vahelduvvool 100-240V ~ 50\/60 Hz, 0,8 A<\/td>\n<\/tr>\n<tr>\n<th>V\u00e4ljundpinge<\/th>\n<td>USB-C: 5V\/3A, 9V\/3A, 12 V\/2,5 A, 15 V\/2 A, 20 V\/1,5 A (maksimaalselt 35 W), USB-A1\/2\/3: 5 V\/2,4 A (maksimaalselt 12 W), USB-C + USB-A1\/2\/3: 18 W + 12 W (maksimaalselt 30 W), USB-A1 + USB-A2 + USB-A 3: 5 V\/2,4 A (maksimaalselt 12 W)<\/td>\n<\/tr>\n<\/tbody>\n<\/table>\n<\/div>\n","protected":false},"excerpt":{"rendered":"<p>Choetech PD5008 reisilaadija, 3xUSB-A, 2xUSB-C, GaN, 35W, US\/EL\/UK\/AU (must). Choetech PD5008 toitelaadija sobib ideaalselt reisimiseks. See pakub 4 erinevat pistikut, nii et saate seda kasutada enam kui 200 riigis \u00fcle maailma. Lisaks on see varustatud 3 USB-A ja USB-C pordiga, mis v\u00f5imaldavad teil laadida mitut seadet korraga. Lisaks kaitsevad mitmed turvafunktsioonid teie seadmeid kahjustuste eest. [&#8230;]\n","protected":false},"featured_media":23122,"comment_status":"open","ping_status":"closed","template":"","meta":[],"product_brand":[445],"product_cat":[1098],"product_tag":[],"class_list":{"0":"post-23121","1":"product","2":"type-product","3":"status-publish","4":"has-post-thumbnail","6":"product_brand-choetech","7":"product_cat-mains-chargers-chargers-gsm-accessories","9":"first","10":"outofstock","11":"taxable","12":"shipping-taxable","13":"purchasable","14":"product-type-simple"},"aioseo_notices":[],"_links":{"self":[{"href":"https:\/\/asura.lv\/et\/wp-json\/wp\/v2\/product\/23121","targetHints":{"allow":["GET"]}}],"collection":[{"href":"https:\/\/asura.lv\/et\/wp-json\/wp\/v2\/product"}],"about":[{"href":"https:\/\/asura.lv\/et\/wp-json\/wp\/v2\/types\/product"}],"replies":[{"embeddable":true,"href":"https:\/\/asura.lv\/et\/wp-json\/wp\/v2\/comments?post=23121"}],"wp:featuredmedia":[{"embeddable":true,"href":"https:\/\/asura.lv\/et\/wp-json\/wp\/v2\/media\/23122"}],"wp:attachment":[{"href":"https:\/\/asura.lv\/et\/wp-json\/wp\/v2\/media?parent=23121"}],"wp:term":[{"taxonomy":"product_brand","embeddable":true,"href":"https:\/\/asura.lv\/et\/wp-json\/wp\/v2\/product_brand?post=23121"},{"taxonomy":"product_cat","embeddable":true,"href":"https:\/\/asura.lv\/et\/wp-json\/wp\/v2\/product_cat?post=23121"},{"taxonomy":"product_tag","embeddable":true,"href":"https:\/\/asura.lv\/et\/wp-json\/wp\/v2\/product_tag?post=23121"}],"curies":[{"name":"wp","href":"https:\/\/api.w.org\/{rel}","templated":true}]}}