{"id":23145,"date":"2025-11-28T21:06:02","date_gmt":"2025-11-28T21:06:02","guid":{"rendered":"https:\/\/asura.lv\/product\/tempered-glass-baseus-corning-0-4-mm-for-pad-10-2-air3-10-5\/"},"modified":"2025-12-12T14:54:18","modified_gmt":"2025-12-12T12:54:18","slug":"tempered-glass-baseus-corning-0-4-mm-for-pad-10-2-air3-10-5","status":"publish","type":"product","link":"https:\/\/asura.lv\/et\/toode\/tempered-glass-baseus-corning-0-4-mm-for-pad-10-2-air3-10-5\/","title":{"rendered":"Karastatud klaas Baseus Corning 0.4 mm 10.2&#8243;\/Air3 10.5&#8243; tahvelarvutile"},"content":{"rendered":"<h3>Baseus Corning 0.4mm karastatud klaas iPad 10.2&#8243;\/Air3 10.5&#8243; jaoks.<\/h3>\n<p>Hoolitse oma iPadi kaitse eest, hankides Baseuse karastatud klaasi. See kasutab kvaliteetset Corningi klaasi, mis kaitseb kukkumiste ja kriimustuste eest. See sobib ideaalselt, kattes ka \u00f5rnad servad. Toode ei m\u00f5juta pildikvaliteeti ega puutetundliku ekraani toimimise kvaliteeti.<\/p>\n<p><img decoding=\"async\" src=\"https:\/\/b2b.innpro.pl\/data\/include\/cms\/-Baseus\/SGKN020302\/6.jpg\" alt=\"-Baseus\/SGKN020302\/6\"><\/p>\n<h3>Corningi erakordsed omadused<\/h3>\n<p>Corningi klaasi eristab k\u00f5rge k\u00f5vadusaste, mist\u00f5ttu see pakub nii t\u00f5husat kaitset. Samal ajal on klaas \u00f5huke ja v\u00e4ga l\u00e4bipaistev ning j\u00e4tab mulje, nagu see poleks n\u00e4htav! Seega ei pea te muretsema viivitatud reageerimise ega Face ID funktsiooni probleemide p\u00e4rast. Lisaks on klaasil spetsiaalne oleofoobne kate, seega pole iPadi puhtana hoidmine \u00fcldse probleem!<\/p>\n<p><img decoding=\"async\" src=\"https:\/\/b2b.innpro.pl\/data\/include\/cms\/-Baseus\/SGKN020302\/1.jpg\" alt=\"-Baseus\/SGKN020302\/1\"><\/p>\n<div class=\"table-wrapper\">\n<table>\n<tbody>\n<tr>\n<th>Tootja<\/th>\n<td>Baseus<\/td>\n<\/tr>\n<tr>\n<th>Mudel<\/th>\n<td>SGKN020302<\/td>\n<\/tr>\n<tr>\n<th>\u00dchilduvus<\/th>\n<td>iPad 10.2&#8243;\/Air3 10.5&#8243;<\/td>\n<\/tr>\n<tr>\n<th>Materjal<\/th>\n<td>Klaas<\/td>\n<\/tr>\n<\/tbody>\n<\/table>\n<\/div>\n","protected":false},"excerpt":{"rendered":"<p>Baseus Corning 0.4mm karastatud klaas iPad 10.2&#8243;\/Air3 10.5&#8243; jaoks. Hoolitse oma iPadi kaitse eest, hankides Baseuse karastatud klaasi. See kasutab kvaliteetset Corningi klaasi, mis kaitseb kukkumiste ja kriimustuste eest. See sobib ideaalselt, kattes ka \u00f5rnad servad. Toode ei m\u00f5juta pildikvaliteeti ega puutetundliku ekraani toimimise kvaliteeti. Corningi erakordsed omadused Corningi klaasi eristab k\u00f5rge k\u00f5vadusaste, mist\u00f5ttu see [&#8230;]\n","protected":false},"featured_media":23146,"comment_status":"open","ping_status":"closed","template":"","meta":[],"product_brand":[95],"product_cat":[1521],"product_tag":[],"class_list":{"0":"post-23145","1":"product","2":"type-product","3":"status-publish","4":"has-post-thumbnail","6":"product_brand-baseus","7":"product_cat-for-tablets-tempered-glass-and-screen-protectors-gsm-accessories","9":"first","10":"outofstock","11":"taxable","12":"shipping-taxable","13":"purchasable","14":"product-type-simple"},"aioseo_notices":[],"_links":{"self":[{"href":"https:\/\/asura.lv\/et\/wp-json\/wp\/v2\/product\/23145","targetHints":{"allow":["GET"]}}],"collection":[{"href":"https:\/\/asura.lv\/et\/wp-json\/wp\/v2\/product"}],"about":[{"href":"https:\/\/asura.lv\/et\/wp-json\/wp\/v2\/types\/product"}],"replies":[{"embeddable":true,"href":"https:\/\/asura.lv\/et\/wp-json\/wp\/v2\/comments?post=23145"}],"wp:featuredmedia":[{"embeddable":true,"href":"https:\/\/asura.lv\/et\/wp-json\/wp\/v2\/media\/23146"}],"wp:attachment":[{"href":"https:\/\/asura.lv\/et\/wp-json\/wp\/v2\/media?parent=23145"}],"wp:term":[{"taxonomy":"product_brand","embeddable":true,"href":"https:\/\/asura.lv\/et\/wp-json\/wp\/v2\/product_brand?post=23145"},{"taxonomy":"product_cat","embeddable":true,"href":"https:\/\/asura.lv\/et\/wp-json\/wp\/v2\/product_cat?post=23145"},{"taxonomy":"product_tag","embeddable":true,"href":"https:\/\/asura.lv\/et\/wp-json\/wp\/v2\/product_tag?post=23145"}],"curies":[{"name":"wp","href":"https:\/\/api.w.org\/{rel}","templated":true}]}}