{"id":23181,"date":"2025-11-28T21:05:57","date_gmt":"2025-11-28T21:05:57","guid":{"rendered":"https:\/\/asura.lv\/product\/puluz-pu3150b-lavalier-wireless-microphone-lightning-type\/"},"modified":"2025-12-12T14:54:14","modified_gmt":"2025-12-12T12:54:14","slug":"puluz-pu3150b-lavalier-wireless-microphone-lightning-type","status":"publish","type":"product","link":"https:\/\/asura.lv\/et\/toode\/puluz-pu3150b-lavalier-wireless-microphone-lightning-type\/","title":{"rendered":"Puluz PU3150B rev\u00e4\u00e4riline juhtmevaba mikrofon v\u00e4lklambi t\u00fc\u00fcpi."},"content":{"rendered":"<h3>Puluz PU3150B rev\u00e4\u00e4rt\u00fc\u00fcpi Lightning juhtmevaba mikrofon<\/h3>\n<p>Loo kvaliteetseid salvestisi. Puluzi omnidirektsioonmikrofon j\u00e4\u00e4dvustab t\u00f5husalt 360\u00b0 heli ja sisseehitatud kiip k\u00f5rvaldab \u00fcmbritseva m\u00fcra. Selle ulatus on kuni 20 meetrit ning see \u00fchildub iPhone&#8217;ide ja iPadidega. Vastuv\u00f5tjal on Lightning-port ja see v\u00f5imaldab teil seadet samaaegselt salvestada ja laadida. Lisaks v\u00f5imaldab spetsiaalne klamber mikrofoni riietele kinnitada.<\/p>\n<p>\n<img decoding=\"async\" alt=\"\" border=\"0\" src=\"https:\/\/assets.innpro.pl\/14648\/18362\/6.jpg\"\/>\n<\/p>\n<h3>Kvaliteetne heli ilma h\u00e4ireteta<\/h3>\n<p>Puluz PU3151B on omnidirektsioonmikrofon, mis v\u00f5tab helisid igast suunast. Lisaks v\u00e4hendab sisseehitatud kiip \u00fcmbritsevat m\u00fcra ja h\u00e4ireid, nii et saate mugavalt salvestada isegi l\u00e4rmakas keskkonnas.<\/p>\n<p>\n<img decoding=\"async\" alt=\"\" border=\"0\" src=\"https:\/\/assets.innpro.pl\/14648\/18362\/1.jpg\"\/>\n<\/p>\n<h3>Juhtmevaba t\u00f6\u00f6<\/h3>\n<p>Lavalieri mikrofon t\u00f6\u00f6tab juhtmevabalt ja t\u00e4nu plug &#038; play funktsioonile saate selle kiiresti \u00fchilduva seadmega \u00fchendada. 2,4 GHz sagedusala pakub stabiilset signaali kuni 10 m kaugusel \u00f5ues ja kuni 20 m kaugusel siseruumides. 70 mAh liitiumaku pakub kuni 5 tundi t\u00f6\u00f6aega ja kaasasolev kaabel muudab laadimise lihtsaks.<\/p>\n<p>\n<img decoding=\"async\" alt=\"\" border=\"0\" src=\"https:\/\/assets.innpro.pl\/14648\/18362\/7.jpg\"\/>\n<\/p>\n<h3>\u00dchilduv<\/h3>\n<p>Mikrofoni saate edukalt kasutada intervjuude, vlogide v\u00f5i otse\u00fclekannete salvestamise ajal. See on iOS-\u00fchilduv, nii et saate selle h\u00f5lpsalt \u00fchendada selliste seadmetega nagu iPhone 13, iPhone 12, iPhone 11, iPad Pro 11 v\u00f5i iPad Pro 12.9. See t\u00f6\u00f6tab platvormidega nagu TikTok, YouTube, Twitter, Snapchat, Instagram ja Facebook.<\/p>\n<p>\n<img decoding=\"async\" alt=\"\" border=\"0\" src=\"https:\/\/assets.innpro.pl\/14648\/18362\/4.jpg\"\/>\n<\/p>\n<h3>Kaasas<\/h3>\n<ul class=\"list-disc pl-5\">\n<li>Mikrofon x2<\/li>\n<li>Vastuv\u00f5tja<\/li>\n<li>Laadimiskaabel x2<\/li>\n<\/ul>\n<div class=\"table-wrapper\">\n<p>B\u00a0<\/p>\n<h3>\u00dcldine<\/h3>\n<table>\n<tbody>\n<tr>\n<th>Tootja<\/th>\n<td>Puluz<\/td>\n<\/tr>\n<tr>\n<th>Mudel<\/th>\n<td>PU3150B<\/td>\n<\/tr>\n<tr>\n<th>V\u00e4rv<\/th>\n<td>must<\/td>\n<\/tr>\n<tr>\n<th>\u00dchilduvus<\/th>\n<td>Apple: iPhone 14 Plus, iPhone 14, iPhone 14 Pro, iPhone 14 Pro Max, iPhone SE 2022, iPhone 13 Pro Max, iPhone 13 mini, iPhone 13 Pro, iPhone 12 Pro Max, iPhone 12, iPhone 12 Pro, iPhone 12 mini, iPhone SE 2020, iPhone 11 Pro iPhone 11 Pro Max, iPhone 11, iPhone XS, iPhone XS Max, iPhone XR, iPhone X, iPhone X, iPhone 8 Plus, iPhone 8 , iPhone 7, iPhone 7 Plus, iPhone 6s Plus, iPhone 6s, iPhone 6 Plus<\/td>\n<\/tr>\n<\/tbody>\n<\/table>\n<p>\u0412\u00a0<\/p>\n<h3>Mikrofon<\/h3>\n<table>\n<tbody>\n<tr>\n<th>Kiip<\/th>\n<td>2,4 GHz<\/td>\n<\/tr>\n<tr>\n<th>Mikrofoni tundlikkus<\/th>\n<td>-35 dBm<\/td>\n<\/tr>\n<tr>\n<th>Prooviv\u00f5tu sagedus<\/th>\n<td>44,1 K (tavare\u017eiim), 32 K (m\u00fcra v\u00e4hendamine)<\/td>\n<\/tr>\n<tr>\n<th>Edastusv\u00f5imsus<\/th>\n<td>max. 10 dBm<\/td>\n<\/tr>\n<tr>\n<th>Ulatus<\/th>\n<td>15\u201320 m (siseruumides, takistusteta), u. 10 m (\u00f5ues, takistusteta)<\/td>\n<\/tr>\n<tr>\n<th>Laadimisport<\/th>\n<td>V\u00e4lk<\/td>\n<\/tr>\n<tr>\n<th>Materjal<\/th>\n<td>ABS<\/td>\n<\/tr>\n<\/tbody>\n<\/table>\n<p>\u0412\u00a0<\/p>\n<h3>Vastuv\u00f5tja<\/h3>\n<table>\n<tbody>\n<tr>\n<th>Aku mahtuvus<\/th>\n<td>70 mAh (LIR1254)<\/td>\n<\/tr>\n<tr>\n<th>Voolutarve sissel\u00fclitamisel<\/th>\n<td>2,6 uA<\/td>\n<\/tr>\n<tr>\n<th>Energiatarve<\/th>\n<td>4 mA (sissel\u00fclitamisel ilma mikrofoniga sidumiseta); 10 mA (sissel\u00fclitamisel ja mikrofoniga sidumisel); 6 mA (vaikne re\u017eiim)<\/td>\n<\/tr>\n<tr>\n<th>Laadimisvool<\/th>\n<td>70 mA<\/td>\n<\/tr>\n<\/tbody>\n<\/table>\n<\/div>\n","protected":false},"excerpt":{"rendered":"<p>Puluz PU3150B rev\u00e4\u00e4rt\u00fc\u00fcpi Lightning juhtmevaba mikrofon Loo kvaliteetseid salvestisi. Puluzi omnidirektsioonmikrofon j\u00e4\u00e4dvustab t\u00f5husalt 360\u00b0 heli ja sisseehitatud kiip k\u00f5rvaldab \u00fcmbritseva m\u00fcra. Selle ulatus on kuni 20 meetrit ning see \u00fchildub iPhone&#8217;ide ja iPadidega. Vastuv\u00f5tjal on Lightning-port ja see v\u00f5imaldab teil seadet samaaegselt salvestada ja laadida. Lisaks v\u00f5imaldab spetsiaalne klamber mikrofoni riietele kinnitada. Kvaliteetne heli ilma [&#8230;]\n","protected":false},"featured_media":23182,"comment_status":"open","ping_status":"closed","template":"","meta":[],"product_brand":[149],"product_cat":[1275],"product_tag":[],"class_list":{"0":"post-23181","1":"product","2":"type-product","3":"status-publish","4":"has-post-thumbnail","6":"product_brand-puluz","7":"product_cat-lavalier","9":"first","10":"outofstock","11":"taxable","12":"shipping-taxable","13":"purchasable","14":"product-type-simple"},"aioseo_notices":[],"_links":{"self":[{"href":"https:\/\/asura.lv\/et\/wp-json\/wp\/v2\/product\/23181","targetHints":{"allow":["GET"]}}],"collection":[{"href":"https:\/\/asura.lv\/et\/wp-json\/wp\/v2\/product"}],"about":[{"href":"https:\/\/asura.lv\/et\/wp-json\/wp\/v2\/types\/product"}],"replies":[{"embeddable":true,"href":"https:\/\/asura.lv\/et\/wp-json\/wp\/v2\/comments?post=23181"}],"wp:featuredmedia":[{"embeddable":true,"href":"https:\/\/asura.lv\/et\/wp-json\/wp\/v2\/media\/23182"}],"wp:attachment":[{"href":"https:\/\/asura.lv\/et\/wp-json\/wp\/v2\/media?parent=23181"}],"wp:term":[{"taxonomy":"product_brand","embeddable":true,"href":"https:\/\/asura.lv\/et\/wp-json\/wp\/v2\/product_brand?post=23181"},{"taxonomy":"product_cat","embeddable":true,"href":"https:\/\/asura.lv\/et\/wp-json\/wp\/v2\/product_cat?post=23181"},{"taxonomy":"product_tag","embeddable":true,"href":"https:\/\/asura.lv\/et\/wp-json\/wp\/v2\/product_tag?post=23181"}],"curies":[{"name":"wp","href":"https:\/\/api.w.org\/{rel}","templated":true}]}}