{"id":23319,"date":"2025-11-28T21:04:50","date_gmt":"2025-11-28T21:04:50","guid":{"rendered":"https:\/\/asura.lv\/product\/magnetic-phone-clamp-dji-om-4-om-5-osmo-mobile-6-osmo-mobile-se\/"},"modified":"2025-12-12T14:53:33","modified_gmt":"2025-12-12T12:53:33","slug":"magnetic-phone-clamp-dji-om-4-om-5-osmo-mobile-6-osmo-mobile-se","status":"publish","type":"product","link":"https:\/\/asura.lv\/et\/toode\/magnetic-phone-clamp-dji-om-4-om-5-osmo-mobile-6-osmo-mobile-se\/","title":{"rendered":"Magnetiline telefoniklamber DJI OM 4 \/ OM 5 \/ Osmo Mobile 6 \/ Osmo Mobile SE"},"content":{"rendered":"<h3>Magnetiline klamber DJI OM 4 \/ OM 5 \/ Osmo Mobile 6 \/ Osmo Mobile SE nutitelefonile.<\/h3>\n<p>DJI magnetiline klamber v\u00f5imaldab teil telefoni kiiresti stabilisaatorile kinnitada. N\u00fc\u00fcd olete koheselt salvestamiseks valmis \u2013 \u00e4rge muretsege, et j\u00e4\u00e4te kasutamata v\u00f5imalusest luua ainulaadne kaader! Lisatarvik on \u00e4\u00e4rmiselt kerge ja kompaktne \u2013 see on alati k\u00e4ep\u00e4rast. Lisaks on see disainitud nii, et see ei varja teie nutitelefoni nuppe. See t\u00f6\u00f6tab suurep\u00e4raselt ka suuremate telefonidega.<\/p>\n<p><img decoding=\"async\" src=\"https:\/\/b2b.innpro.pl\/data\/include\/cms\/12DJI\/Magnetyczna-klamra-smartfona-DJI-OM-4-OM-5-Osmo-Mobile-6-Osmo-Mobile-SE\/7.jpg\" border=\"0\" alt=\"12DJI\/Magnetyczna-klamra-smartfona-DJI-OM-4-OM-5-Osmo-Mobile-6-Osmo-Mobile-SE\/7\" \/><\/p>\n<h3>Karbis<\/h3>\n<ul>\n<li>Magnetiline nutitelefoni klamber x1<\/li>\n<\/ul>\n<div class=\"table-wrapper\">\n<table>\n<tbody>\n<tr>\n<th>Br\u00e4nd<\/th>\n<td>DJI<\/td>\n<\/tr>\n<tr>\n<th>Nimi<\/th>\n<td>DJI OM magnetiline telefoniklamber 3<\/td>\n<\/tr>\n<tr>\n<th>Mudel<\/th>\n<td>CP.OS.00000219.01<\/td>\n<\/tr>\n<tr>\n<th>Kaal<\/th>\n<td>31 g<\/td>\n<\/tr>\n<tr>\n<th>\u00dchilduvate nutitelefonide laius<\/th>\n<td>67\u201384 mm<\/td>\n<\/tr>\n<tr>\n<th>\u00dchilduvate nutitelefonide paksus<\/th>\n<td>6,9\u201310 mm<\/td>\n<\/tr>\n<tr>\n<th>\u00dchilduvate nutitelefonide kaal<\/th>\n<td>170\u2013290 g<\/td>\n<\/tr>\n<tr>\n<th>\u00dchilduvus<\/th>\n<td>DJI OM 4, DJI OM 5, DJI Osmo Mobile 6, DJI Osmo Mobile SE<\/td>\n<\/tr>\n<\/tbody>\n<\/table>\n<\/div>\n","protected":false},"excerpt":{"rendered":"<p>Magnetiline klamber DJI OM 4 \/ OM 5 \/ Osmo Mobile 6 \/ Osmo Mobile SE nutitelefonile. DJI magnetiline klamber v\u00f5imaldab teil telefoni kiiresti stabilisaatorile kinnitada. N\u00fc\u00fcd olete koheselt salvestamiseks valmis \u2013 \u00e4rge muretsege, et j\u00e4\u00e4te kasutamata v\u00f5imalusest luua ainulaadne kaader! Lisatarvik on \u00e4\u00e4rmiselt kerge ja kompaktne \u2013 see on alati k\u00e4ep\u00e4rast. Lisaks on see [&#8230;]\n","protected":false},"featured_media":23320,"comment_status":"open","ping_status":"closed","template":"","meta":[],"product_brand":[89],"product_cat":[873],"product_tag":[],"class_list":{"0":"post-23319","1":"product","2":"type-product","3":"status-publish","4":"has-post-thumbnail","6":"product_brand-dji","7":"product_cat-for-gimbals","9":"first","10":"outofstock","11":"taxable","12":"shipping-taxable","13":"purchasable","14":"product-type-simple"},"aioseo_notices":[],"_links":{"self":[{"href":"https:\/\/asura.lv\/et\/wp-json\/wp\/v2\/product\/23319","targetHints":{"allow":["GET"]}}],"collection":[{"href":"https:\/\/asura.lv\/et\/wp-json\/wp\/v2\/product"}],"about":[{"href":"https:\/\/asura.lv\/et\/wp-json\/wp\/v2\/types\/product"}],"replies":[{"embeddable":true,"href":"https:\/\/asura.lv\/et\/wp-json\/wp\/v2\/comments?post=23319"}],"wp:featuredmedia":[{"embeddable":true,"href":"https:\/\/asura.lv\/et\/wp-json\/wp\/v2\/media\/23320"}],"wp:attachment":[{"href":"https:\/\/asura.lv\/et\/wp-json\/wp\/v2\/media?parent=23319"}],"wp:term":[{"taxonomy":"product_brand","embeddable":true,"href":"https:\/\/asura.lv\/et\/wp-json\/wp\/v2\/product_brand?post=23319"},{"taxonomy":"product_cat","embeddable":true,"href":"https:\/\/asura.lv\/et\/wp-json\/wp\/v2\/product_cat?post=23319"},{"taxonomy":"product_tag","embeddable":true,"href":"https:\/\/asura.lv\/et\/wp-json\/wp\/v2\/product_tag?post=23319"}],"curies":[{"name":"wp","href":"https:\/\/api.w.org\/{rel}","templated":true}]}}