{"id":23331,"date":"2025-11-28T21:04:49","date_gmt":"2025-11-28T21:04:49","guid":{"rendered":"https:\/\/asura.lv\/product\/dji-inspire-3-foldable-quick-release-propellers-for-high-altitude-pair\/"},"modified":"2025-12-12T14:53:32","modified_gmt":"2025-12-12T12:53:32","slug":"dji-inspire-3-foldable-quick-release-propellers-for-high-altitude-pair","status":"publish","type":"product","link":"https:\/\/asura.lv\/et\/toode\/dji-inspire-3-foldable-quick-release-propellers-for-high-altitude-pair\/","title":{"rendered":"DJI Inspire 3 kokkupandavad kiirkinnitusega propellerid k\u00f5rgm\u00e4estiku jaoks (paar)"},"content":{"rendered":"<h3>DJI Inspire 3 kokkupandavad kiirkinnitusega propellerid suurel k\u00f5rgusel lendamiseks (paar)<\/h3>\n<p>DJI Inspire 3 drooni jaoks loodud propellerid on loodud ohutuks ja stabiilseks lennuks suurel k\u00f5rgusel. Neid on v\u00e4ga lihtne paigaldada ja need on vastupidavad. Neid eristab ka kokkupandav disain, mis muudab nende transportimise palju lihtsamaks. Soovitame propellereid kasutada ainult \u00fcle 3000 m k\u00f5rgusel \u2013 vastasel juhul v\u00f5ib nende kasutusiga l\u00fcheneda.<\/p>\n<p><img decoding=\"async\" src=\"https:\/\/b2b.innpro.pl\/data\/include\/cms\/12DJI\/Skladane-smigla-Quick-Release-dla-duzych-wysokosci-DJI-Inspire-3-para\/1.jpg\" border=\"0\" alt=\"12DJI\/Skladane-smigla-Quick-Release-dla-duzych-wysokosci-DJI-Inspire-3-para\/1\" \/><\/p>\n<h3>Karbis<\/h3>\n<ul>\n<li>Inspire 3 kokkupandavat kiirvabastusega propellerit k\u00f5rgm\u00e4estiku jaoks (paar) x1<\/li>\n<\/ul>\n<div class=\"table-wrapper\">\n<table>\n<tbody>\n<tr>\n<th>Br\u00e4nd<\/th>\n<td>DJI<\/td>\n<\/tr>\n<tr>\n<th>Nimi<\/th>\n<td>Inspire 3 kokkupandavad kiirvabastusega propellerid k\u00f5rgm\u00e4estiku jaoks (paar)<\/td>\n<\/tr>\n<tr>\n<th>Mudel<\/th>\n<td>CP.IN.00000044.01<\/td>\n<\/tr>\n<tr>\n<th>\u00dchilduvus<\/th>\n<td>DJI Inspire 3<\/td>\n<\/tr>\n<\/tbody>\n<\/table>\n<\/div>\n","protected":false},"excerpt":{"rendered":"<p>DJI Inspire 3 kokkupandavad kiirkinnitusega propellerid suurel k\u00f5rgusel lendamiseks (paar) DJI Inspire 3 drooni jaoks loodud propellerid on loodud ohutuks ja stabiilseks lennuks suurel k\u00f5rgusel. Neid on v\u00e4ga lihtne paigaldada ja need on vastupidavad. Neid eristab ka kokkupandav disain, mis muudab nende transportimise palju lihtsamaks. Soovitame propellereid kasutada ainult \u00fcle 3000 m k\u00f5rgusel \u2013 vastasel [&#8230;]\n","protected":false},"featured_media":23332,"comment_status":"open","ping_status":"closed","template":"","meta":[],"product_brand":[89],"product_cat":[1530],"product_tag":[],"class_list":{"0":"post-23331","1":"product","2":"type-product","3":"status-publish","4":"has-post-thumbnail","6":"product_brand-dji","7":"product_cat-spare-parts-drones","9":"first","10":"outofstock","11":"taxable","12":"shipping-taxable","13":"purchasable","14":"product-type-simple"},"aioseo_notices":[],"_links":{"self":[{"href":"https:\/\/asura.lv\/et\/wp-json\/wp\/v2\/product\/23331","targetHints":{"allow":["GET"]}}],"collection":[{"href":"https:\/\/asura.lv\/et\/wp-json\/wp\/v2\/product"}],"about":[{"href":"https:\/\/asura.lv\/et\/wp-json\/wp\/v2\/types\/product"}],"replies":[{"embeddable":true,"href":"https:\/\/asura.lv\/et\/wp-json\/wp\/v2\/comments?post=23331"}],"wp:featuredmedia":[{"embeddable":true,"href":"https:\/\/asura.lv\/et\/wp-json\/wp\/v2\/media\/23332"}],"wp:attachment":[{"href":"https:\/\/asura.lv\/et\/wp-json\/wp\/v2\/media?parent=23331"}],"wp:term":[{"taxonomy":"product_brand","embeddable":true,"href":"https:\/\/asura.lv\/et\/wp-json\/wp\/v2\/product_brand?post=23331"},{"taxonomy":"product_cat","embeddable":true,"href":"https:\/\/asura.lv\/et\/wp-json\/wp\/v2\/product_cat?post=23331"},{"taxonomy":"product_tag","embeddable":true,"href":"https:\/\/asura.lv\/et\/wp-json\/wp\/v2\/product_tag?post=23331"}],"curies":[{"name":"wp","href":"https:\/\/api.w.org\/{rel}","templated":true}]}}