{"id":23673,"date":"2025-11-28T21:04:20","date_gmt":"2025-11-28T21:04:20","guid":{"rendered":"https:\/\/asura.lv\/product\/smart-light-switch-wifi-avatto-ts02-eu-w3-3-way-tuya-white\/"},"modified":"2025-12-12T14:53:07","modified_gmt":"2025-12-12T12:53:07","slug":"smart-light-switch-wifi-avatto-ts02-eu-w3-3-way-tuya-white","status":"publish","type":"product","link":"https:\/\/asura.lv\/et\/toode\/smart-light-switch-wifi-avatto-ts02-eu-w3-3-way-tuya-white\/","title":{"rendered":"Nutikas valgusl\u00fcliti WiFi-ga Avatto TS02-EU-W3 3-suunaline TUYA (valge)"},"content":{"rendered":"<h3>Nutikas valgusl\u00fcliti WiFi-ga Avatto TS02-EU-W3 3-suunaline TUYA (valge)<\/h3>\n<p>Avatto TS02-EU-W3 puutetundlik l\u00fcliti sobib ideaalselt teie nutika kodu jaoks. See v\u00f5imaldab teil mugavalt valgust sisse ja v\u00e4lja l\u00fclitada ning t\u00e4nu \u00fchilduvusele TUYA \/ Smart Life rakendusega v\u00f5imaldab teil valgustust eemalt juhtida. Seadet saate juhtida ka h\u00e4\u00e4lassistentide Amazon Alexa ja Google Assistant abil. L\u00fclitit eristab ka veekindlus ja elegantne, minimalistlik disain. Toode on varustatud 3 nupuga ja toetab \u00fchendust WiFi kaudu.<\/p>\n<p><img decoding=\"async\" src=\"https:\/\/b2b.innpro.pl\/data\/include\/cms\/Avatto\/TS02-EU-W3\/7.jpg\" border=\"0\" alt=\"Avatto\/TS02-EU-W3\/7\" \/><\/p>\n<h3>Kaugjuhtimine rakendusega<\/h3>\n<p>Pole kindel, kas l\u00fclitasid enne kodust lahkumist tuled v\u00e4lja? Sa ei pea enam m\u00f5tlema \u2013 haara lihtsalt oma telefon! L\u00fcliti \u00fchildub TUYA \/ Smart Life rakendusega, nii et saad tulesid nutitelefonist eemalt sisse v\u00f5i v\u00e4lja l\u00fclitada. Samuti saad luua taimereid ja ajakavasid oma seadmetele. Kas sa tavaliselt \u00e4rkad kell 7 hommikul ja l\u00e4hed magama kell 23? Seadista oma tuled nendel aegadel automaatselt sisse ja v\u00e4lja l\u00fclituma.<\/p>\n<p><img decoding=\"async\" src=\"https:\/\/b2b.innpro.pl\/data\/include\/cms\/Avatto\/TS02-EU-W3\/4.jpg\" border=\"0\" alt=\"Avatto\/TS02-EU-W3\/4\" \/><\/p>\n<h3>Veelgi rohkem v\u00f5imalusi<\/h3>\n<p>Rakendus pakub palju rohkem v\u00f5imalusi. N\u00e4iteks saad oma seadmeid omavahel \u00fchendada ja neid r\u00fchmadena juhtida. Samuti on v\u00f5imalik l\u00fcliteid teiste seadmetega siduda, et luua nutikaid stseene. Kasuta n\u00e4iteks t\u00e4iendavat liikumisandurit ja pane tuled automaatselt sisse l\u00fclituma, kui majja sisened! Samuti saate oma seadmeid teiste pereliikmetega jagada, et ka nemad saaksid neid oma nutitelefoni kaudu juhtida.<\/p>\n<p><img decoding=\"async\" src=\"https:\/\/b2b.innpro.pl\/data\/include\/cms\/Avatto\/TS02-EU-W3\/2.jpg\" border=\"0\" alt=\"Avatto\/TS02-EU-W3\/2\" \/><\/p>\n<h3>H\u00e4\u00e4ljuhtimine<\/h3>\n<p>Kas teil on toiduvalmistamise ajal k\u00e4ed h\u00f5ivatud ja vajaksite lisavalgustust? V\u00f5i \u00e4kki lamate mugavas voodis ja soovite tuled kustutada? Pole probleemi &#8211; Avatto l\u00fcliti \u00fchildub Google Assistant ja Amazon Alexa nutikate assistentidega. Seega saate seda juhtida h\u00e4\u00e4lk\u00e4sklustega! N\u00fc\u00fcd piisab vaid paarist s\u00f5nast, et tuled kiiresti sisse v\u00f5i v\u00e4lja l\u00fclitada.<\/p>\n<p><img decoding=\"async\" src=\"https:\/\/b2b.innpro.pl\/data\/include\/cms\/Avatto\/TS02-EU-W3\/5.jpg\" border=\"0\" alt=\"Avatto\/TS02-EU-W3\/5\" \/><\/p>\n<h3>T\u00e4iustatud disain<\/h3>\n<p>L\u00fclitil on stiilne ja minimalistlik disain \u2013 see sobib ideaalselt iga sisekujundusega. T\u00e4nu lihtsale disainile on seda ka v\u00e4ga lihtne puhastada \u2013 piisab, kui aeg-ajalt tolmust puhtaks p\u00fchkida. Seda iseloomustab ka k\u00f5rge vastupidavus ja vastupidavus pleekimisele, kriimustustele ja muudele kahjustustele. Lisaks on l\u00fcliti veekindel, nii et saate selle muretult vannituppa paigaldada. Seade on varustatud ka taustvalgustusega, mida saab igal ajal sisse v\u00f5i v\u00e4lja l\u00fclitada.<\/p>\n<p><img decoding=\"async\" src=\"https:\/\/b2b.innpro.pl\/data\/include\/cms\/Avatto\/TS02-EU-W3\/6.jpg\" border=\"0\" alt=\"Avatto\/TS02-EU-W3\/6\" \/><\/p>\n<h3>Lihtne paigaldus \u2013 meeldiv kasutamine<\/h3>\n<p>Seadme paigaldamine ei tekita teile probleeme ega v\u00f5ta liiga kaua aega. Samuti saate \u00fche lambi juhtimiseks kasutada kahte l\u00fclitit, mis on ideaalne n\u00e4iteks treppidel. Nii saate esimesel korrusel valgust h\u00f5lpsalt sisse l\u00fclitada ja \u00fcles minnes selle v\u00e4lja l\u00fclitada! Lisaks on toote nupud v\u00e4ga meeldivad puudutusele ja v\u00f5imaldavad mugavat kasutamist. Pange t\u00e4hele: L\u00fcliti korrektseks paigaldamiseks on vaja neutraaljuhet.<\/p>\n<p><img decoding=\"async\" src=\"https:\/\/b2b.innpro.pl\/data\/include\/cms\/Avatto\/TS02-EU-W3\/1.jpg\" border=\"0\" alt=\"Avatto\/TS02-EU-W3\/1\" \/><\/p>\n<div class=\"table-wrapper\">\n<table>\n<tbody>\n<tr>\n<th>Kaubam\u00e4rk<\/th>\n<td>Avatto<\/td>\n<\/tr>\n<tr>\n<th>Mudel<\/th>\n<td>TS02-EU-W3<\/td>\n<\/tr>\n<tr>\n<th>V\u00e4rv<\/th>\n<td>Valge<\/td>\n<\/tr>\n<tr>\n<th>Nuppude arv<\/th>\n<td>3<\/td>\n<\/tr>\n<tr>\n<th>Nimiv\u00f5imsus<\/th>\n<td>800 W \/ kanal<\/td>\n<\/tr>\n<tr>\n<th>Nimivool<\/th>\n<td>10 A<\/td>\n<\/tr>\n<tr>\n<th>Sisendpinge<\/th>\n<td>Vahelduvvool 110\u2013240 V, 50\/60 Hz<\/td>\n<\/tr>\n<tr>\n<th>Energiatarve ootere\u017eiimis<\/th>\n<td>0,45 W \/ 0,1 mA<\/td>\n<\/tr>\n<tr>\n<th>Wi-Fi edastussagedus<\/th>\n<td>2,4 GHz \/ 2,4 GHz ja 5 GHz<\/td>\n<\/tr>\n<tr>\n<th>Materjal<\/th>\n<td>ABS<\/td>\n<\/tr>\n<tr>\n<th>Paneeli materjal<\/th>\n<td>Karastatud klaas<\/td>\n<\/tr>\n<tr>\n<th>M\u00f5\u00f5tmed<\/th>\n<td>86 x 86 x 33 mm<\/td>\n<\/tr>\n<tr>\n<th>Toetatud s\u00fcsteemid<\/th>\n<td>iOS 8.0, Android 4.0 ja uuemad<\/td>\n<\/tr>\n<tr>\n<th>Rakendus<\/th>\n<td>TUYA \/ Smart Life<\/td>\n<\/tr>\n<tr>\n<th>\u00dchilduvus<\/th>\n<td>Amazon Alexa, Google Home, Yandex Alice, SmartThings<\/td>\n<\/tr>\n<\/tbody>\n<\/table>\n<\/div>\n","protected":false},"excerpt":{"rendered":"<p>Nutikas valgusl\u00fcliti WiFi-ga Avatto TS02-EU-W3 3-suunaline TUYA (valge) Avatto TS02-EU-W3 puutetundlik l\u00fcliti sobib ideaalselt teie nutika kodu jaoks. See v\u00f5imaldab teil mugavalt valgust sisse ja v\u00e4lja l\u00fclitada ning t\u00e4nu \u00fchilduvusele TUYA \/ Smart Life rakendusega v\u00f5imaldab teil valgustust eemalt juhtida. Seadet saate juhtida ka h\u00e4\u00e4lassistentide Amazon Alexa ja Google Assistant abil. L\u00fclitit eristab ka veekindlus [&#8230;]\n","protected":false},"featured_media":23674,"comment_status":"open","ping_status":"closed","template":"","meta":[],"product_brand":[466],"product_cat":[930],"product_tag":[],"class_list":{"0":"post-23673","1":"product","2":"type-product","3":"status-publish","4":"has-post-thumbnail","6":"product_brand-avatto","7":"product_cat-switches","9":"first","10":"outofstock","11":"taxable","12":"shipping-taxable","13":"purchasable","14":"product-type-simple"},"aioseo_notices":[],"_links":{"self":[{"href":"https:\/\/asura.lv\/et\/wp-json\/wp\/v2\/product\/23673","targetHints":{"allow":["GET"]}}],"collection":[{"href":"https:\/\/asura.lv\/et\/wp-json\/wp\/v2\/product"}],"about":[{"href":"https:\/\/asura.lv\/et\/wp-json\/wp\/v2\/types\/product"}],"replies":[{"embeddable":true,"href":"https:\/\/asura.lv\/et\/wp-json\/wp\/v2\/comments?post=23673"}],"wp:featuredmedia":[{"embeddable":true,"href":"https:\/\/asura.lv\/et\/wp-json\/wp\/v2\/media\/23674"}],"wp:attachment":[{"href":"https:\/\/asura.lv\/et\/wp-json\/wp\/v2\/media?parent=23673"}],"wp:term":[{"taxonomy":"product_brand","embeddable":true,"href":"https:\/\/asura.lv\/et\/wp-json\/wp\/v2\/product_brand?post=23673"},{"taxonomy":"product_cat","embeddable":true,"href":"https:\/\/asura.lv\/et\/wp-json\/wp\/v2\/product_cat?post=23673"},{"taxonomy":"product_tag","embeddable":true,"href":"https:\/\/asura.lv\/et\/wp-json\/wp\/v2\/product_tag?post=23673"}],"curies":[{"name":"wp","href":"https:\/\/api.w.org\/{rel}","templated":true}]}}