{"id":23757,"date":"2025-11-28T21:04:14","date_gmt":"2025-11-28T21:04:14","guid":{"rendered":"https:\/\/asura.lv\/product\/filter-nd32-freewell-for-dji-mavic-3\/"},"modified":"2025-12-12T14:53:00","modified_gmt":"2025-12-12T12:53:00","slug":"filter-nd32-freewell-for-dji-mavic-3","status":"publish","type":"product","link":"https:\/\/asura.lv\/et\/toode\/filter-nd32-freewell-for-dji-mavic-3\/","title":{"rendered":"DJI Mavic 3 droonile m\u00f5eldud Freewelli ND32 filter"},"content":{"rendered":"<h3>Freewell ND32 filter DJI Mavic 3 jaoks<\/h3>\n<p>Kaitse oma kaamera objektiivi ja paranda tehtud v\u00f5tete kvaliteeti Freewelli pakkumisega. ND32 filter pakub kaitset kriimustuste, vee ja tolmu eest ning v\u00e4hendab t\u00f5husalt objektiivist l\u00e4bi tuleva valguse hulka. Toode on valmistatud kvaliteetsest optilisest klaasist ja alumiiniumsulamist. Seda eristab kerge kaal \u2013 te ei pea muretsema oma seadme koormuse p\u00e4rast. See \u00fchildub DJI Mavic 3 kaameratega.<\/p>\n<p><img decoding=\"async\" src=\"https:\/\/b2b.innpro.pl\/data\/include\/cms\/Freewell\/FW-MC3-ND32\/2.jpg\" border=\"0\" alt=\"Freewell\/FW-MC3-ND32\/2\" \/><\/p>\n<h3>T\u00f5hus j\u00f5udlus<\/h3>\n<p>Freewelli ND32 filter pakub t\u00f5husat pimestamise v\u00e4hendamist, nii et saate h\u00f5lpsalt teha realistlike v\u00e4rvide ja suurep\u00e4rase kontrastsusega kaadreid. Toode aitab teil ka kaamera s\u00e4rituse seadeid \u00f5ues pildistades v\u00f5i salvestades kontrollida ning pakub 5-astmelist kompensatsiooni, et v\u00e4hendada objektiivi kaudu tuleva valguse hulka.<\/p>\n<p><img decoding=\"async\" src=\"https:\/\/b2b.innpro.pl\/data\/include\/cms\/Freewell\/FW-MC3-ND32\/3.jpg\" border=\"0\" alt=\"Freewell\/FW-MC3-ND32\/1\" \/><\/p>\n<h3>Rafineeritud disain<\/h3>\n<p>Freewelli toode on valmistatud kvaliteetsest optilisest klaasist ja alumiiniumisulamist. See pakub kaitset vee, tolmu ja kriimustuste eest.\u0412\u00a0<\/p>\n<p><img decoding=\"async\" src=\"https:\/\/b2b.innpro.pl\/data\/include\/cms\/Freewell\/FW-MC3-ND32\/1.jpg\" border=\"0\" alt=\"Freewell\/FW-MC3-ND32\/3\" \/><\/p>\n<h3>Kaasas:<\/h3>\n<ul>\n<li>ND32 filter<\/li>\n<li>Kaitse\u00fcmbris<\/li>\n<\/ul>\n<div class=\"table-wrapper\">\n<table>\n<tbody>\n<tr>\n<th>Tootja<\/th>\n<td>Freewell<\/td>\n<\/tr>\n<tr>\n<th>Mudel<\/th>\n<td>FW-MC3-ND32<\/td>\n<\/tr>\n<tr>\n<th>Filter t\u00fc\u00fcp<\/th>\n<td>ND32<\/td>\n<\/tr>\n<tr>\n<th>Materjal<\/th>\n<td>Alumiiniumisulam, optiline klaas<\/td>\n<\/tr>\n<tr>\n<th>\u00dchilduvus<\/th>\n<td>DJI Mavic 3<\/td>\n<\/tr>\n<\/tbody>\n<\/table>\n<\/div>\n","protected":false},"excerpt":{"rendered":"<p>Freewell ND32 filter DJI Mavic 3 jaoks Kaitse oma kaamera objektiivi ja paranda tehtud v\u00f5tete kvaliteeti Freewelli pakkumisega. ND32 filter pakub kaitset kriimustuste, vee ja tolmu eest ning v\u00e4hendab t\u00f5husalt objektiivist l\u00e4bi tuleva valguse hulka. Toode on valmistatud kvaliteetsest optilisest klaasist ja alumiiniumsulamist. Seda eristab kerge kaal \u2013 te ei pea muretsema oma seadme koormuse [&#8230;]\n","protected":false},"featured_media":23758,"comment_status":"open","ping_status":"closed","template":"","meta":[],"product_brand":[491],"product_cat":[1026],"product_tag":[],"class_list":{"0":"post-23757","1":"product","2":"type-product","3":"status-publish","4":"has-post-thumbnail","6":"product_brand-freewell","7":"product_cat-dji","9":"first","10":"outofstock","11":"taxable","12":"shipping-taxable","13":"purchasable","14":"product-type-simple"},"aioseo_notices":[],"_links":{"self":[{"href":"https:\/\/asura.lv\/et\/wp-json\/wp\/v2\/product\/23757","targetHints":{"allow":["GET"]}}],"collection":[{"href":"https:\/\/asura.lv\/et\/wp-json\/wp\/v2\/product"}],"about":[{"href":"https:\/\/asura.lv\/et\/wp-json\/wp\/v2\/types\/product"}],"replies":[{"embeddable":true,"href":"https:\/\/asura.lv\/et\/wp-json\/wp\/v2\/comments?post=23757"}],"wp:featuredmedia":[{"embeddable":true,"href":"https:\/\/asura.lv\/et\/wp-json\/wp\/v2\/media\/23758"}],"wp:attachment":[{"href":"https:\/\/asura.lv\/et\/wp-json\/wp\/v2\/media?parent=23757"}],"wp:term":[{"taxonomy":"product_brand","embeddable":true,"href":"https:\/\/asura.lv\/et\/wp-json\/wp\/v2\/product_brand?post=23757"},{"taxonomy":"product_cat","embeddable":true,"href":"https:\/\/asura.lv\/et\/wp-json\/wp\/v2\/product_cat?post=23757"},{"taxonomy":"product_tag","embeddable":true,"href":"https:\/\/asura.lv\/et\/wp-json\/wp\/v2\/product_tag?post=23757"}],"curies":[{"name":"wp","href":"https:\/\/api.w.org\/{rel}","templated":true}]}}