{"id":23889,"date":"2025-11-28T21:04:02","date_gmt":"2025-11-28T21:04:02","guid":{"rendered":"https:\/\/asura.lv\/product\/magnetic-case-baseus-synthetic-fiber-series-for-iphone-14-pro-black-tempered-glass-cleaning-kit\/"},"modified":"2025-12-12T14:52:45","modified_gmt":"2025-12-12T12:52:45","slug":"magnetic-case-baseus-synthetic-fiber-series-for-iphone-14-pro-black-tempered-glass-cleaning-kit","status":"publish","type":"product","link":"https:\/\/asura.lv\/et\/toode\/magnetic-case-baseus-synthetic-fiber-series-for-iphone-14-pro-black-tempered-glass-cleaning-kit\/","title":{"rendered":"Baseus s\u00fcnteetilisest kiust magnetiline \u00fcmbris iPhone 14 Pro-le (must) + karastatud klaas + puhastuskomplekt"},"content":{"rendered":"<h3>Baseus Synthetic Fiber Series magnetiline \u00fcmbris iPhone 14 Pro-le (must) + karastatud klaas + puhastuskomplekt<\/h3>\n<p>Baseus Synthetic Fiber Series \u00fcmbris pakub usaldusv\u00e4\u00e4rset kaitset juhuslike kukkumiste v\u00f5i kriimustuste eest. See sobib ideaalselt iPhone 14 Pro-le ja sisseehitatud magnetid v\u00f5imaldavad juhtmevaba laadimist. See paistab silma oma kulumiskindluse, rasvaste plekkide ja s\u00f5rmej\u00e4lgede vastupidavuse poolest ning on ka \u00e4\u00e4rmiselt meeldiv puudutusele. Nutitelefoni turvalisuse veelgi suurendamiseks on kaasas ka karastatud klaas.<\/p>\n<p><img decoding=\"async\" src=\"https:\/\/b2b.innpro.pl\/data\/include\/cms\/-Baseus\/ARQW000101\/1.jpg\" alt=\"-Baseus\/ARQW000101\/1\"><\/p>\n<h3>Usaldusv\u00e4\u00e4rne kaitse teie nutitelefonile<\/h3>\n<p>V\u00f5ite olla kindlad, et teie nutitelefon on t\u00f5husalt kaitstud! Baseus Synthetic Fiber \u00fcmbris kaitseb teie seadet ja kaamera objektiivi ideaalselt kriimustuste ja kahjustuste eest. Tugevdatud servad kaitsevad teie telefoni ideaalselt ja absorbeerivad usaldusv\u00e4\u00e4rselt kukkumisi. Selle valmistamiseks on kasutatud kvaliteetseid materjale, mis tagavad erakordse vastupidavuse. <\/p>\n<p><img decoding=\"async\" src=\"https:\/\/b2b.innpro.pl\/data\/include\/cms\/-Baseus\/ARQW000101\/2.jpg\" alt=\"-Baseus\/ARQW000101\/2\"><\/p>\n<h3>T\u00e4iuslik sobivus<\/h3>\n<p>\u00dcmbris on disainitud iPhone 14 Pro jaoks. See sobib nutitelefoniga ideaalselt ja t\u00e4pselt l\u00f5igatud nupuavad muudavad selle kasutamise lihtsaks. Samuti ei blokeeri see juurdep\u00e4\u00e4su laadimispordile. \u00dcmbris on \u00e4\u00e4rmiselt \u00f5huke, nii et te ei tunne selle olemasolu isegi! Spetsiaalne oleofoobne kate hoiab \u00e4ra s\u00f5rmej\u00e4lgede ja rasvaste plekkide tekkimise. Nii et teie iPhone n\u00e4eb alati suurep\u00e4rane v\u00e4lja!<\/p>\n<p><img decoding=\"async\" src=\"https:\/\/b2b.innpro.pl\/data\/include\/cms\/-Baseus\/ARQW000101\/3.jpg\" alt=\"-Baseus\/ARQW000101\/3\"><\/p>\n<h3>Hoolikalt l\u00e4bim\u00f5eldud disain<\/h3>\n<p>Te ei pea enam muretsema seadme \u00fclekuumenemise p\u00e4rast \u2013 t\u00e4nu kvaliteetsete materjalide kasutamisele hajutab \u00fcmbris t\u00f5husalt soojust. Baseuse \u00fcmbris \u00fchildub juhtmevabade laadijate, induktiivse laadimisfunktsiooniga varupatareide v\u00f5i alustega \u2013 k\u00f5ik t\u00e4nu 38 sisseehitatud neod\u00fc\u00fcmmagnetile. Nii saate oma telefoni vabalt laadida ilma \u00fcmbrist eemaldamata. <\/p>\n<p><img decoding=\"async\" src=\"https:\/\/b2b.innpro.pl\/data\/include\/cms\/-Baseus\/ARQW000101\/6.jpg\" alt=\"-Baseus\/ARQW000101\/4\"><\/p>\n<h3>Kaasas<\/h3>\n<ul>\n<li>\u00fcmbris<\/li>\n<li>karastatud klaas<\/li>\n<li>puhastuskomplekt<\/li>\n<\/ul>\n<div class=\"table-wrapper\">\n<table>\n<tbody>\n<tr>\n<th>Tootja<\/th>\n<td>Baseus<\/td>\n<\/tr>\n<tr>\n<th>Nimi <\/th>\n<td>S\u00fcnteetilise kiu seeria<\/td>\n<\/tr>\n<tr>\n<th>Mudel<\/th>\n<td>ARQW000101<\/td>\n<\/tr>\n<tr>\n<th>V\u00e4rv<\/th>\n<td>Must<\/td>\n<\/tr>\n<tr>\n<th>Sobib<\/th>\n<td>iPhone 14 Pro<\/td>\n<\/tr>\n<tr>\n<th>Materjal<\/th>\n<td>TPU + s\u00fcnteetiline kiud<\/td>\n<\/tr>\n<\/tbody>\n<\/table>\n<\/div>\n","protected":false},"excerpt":{"rendered":"<p>Baseus Synthetic Fiber Series magnetiline \u00fcmbris iPhone 14 Pro-le (must) + karastatud klaas + puhastuskomplekt Baseus Synthetic Fiber Series \u00fcmbris pakub usaldusv\u00e4\u00e4rset kaitset juhuslike kukkumiste v\u00f5i kriimustuste eest. See sobib ideaalselt iPhone 14 Pro-le ja sisseehitatud magnetid v\u00f5imaldavad juhtmevaba laadimist. See paistab silma oma kulumiskindluse, rasvaste plekkide ja s\u00f5rmej\u00e4lgede vastupidavuse poolest ning on ka \u00e4\u00e4rmiselt [&#8230;]\n","protected":false},"featured_media":23890,"comment_status":"open","ping_status":"closed","template":"","meta":[],"product_brand":[95],"product_cat":[1248],"product_tag":[],"class_list":{"0":"post-23889","1":"product","2":"type-product","3":"status-publish","4":"has-post-thumbnail","6":"product_brand-baseus","7":"product_cat-protective-cases-for-smartphones-cases-gsm-accessories","9":"first","10":"outofstock","11":"taxable","12":"shipping-taxable","13":"purchasable","14":"product-type-simple"},"aioseo_notices":[],"_links":{"self":[{"href":"https:\/\/asura.lv\/et\/wp-json\/wp\/v2\/product\/23889","targetHints":{"allow":["GET"]}}],"collection":[{"href":"https:\/\/asura.lv\/et\/wp-json\/wp\/v2\/product"}],"about":[{"href":"https:\/\/asura.lv\/et\/wp-json\/wp\/v2\/types\/product"}],"replies":[{"embeddable":true,"href":"https:\/\/asura.lv\/et\/wp-json\/wp\/v2\/comments?post=23889"}],"wp:featuredmedia":[{"embeddable":true,"href":"https:\/\/asura.lv\/et\/wp-json\/wp\/v2\/media\/23890"}],"wp:attachment":[{"href":"https:\/\/asura.lv\/et\/wp-json\/wp\/v2\/media?parent=23889"}],"wp:term":[{"taxonomy":"product_brand","embeddable":true,"href":"https:\/\/asura.lv\/et\/wp-json\/wp\/v2\/product_brand?post=23889"},{"taxonomy":"product_cat","embeddable":true,"href":"https:\/\/asura.lv\/et\/wp-json\/wp\/v2\/product_cat?post=23889"},{"taxonomy":"product_tag","embeddable":true,"href":"https:\/\/asura.lv\/et\/wp-json\/wp\/v2\/product_tag?post=23889"}],"curies":[{"name":"wp","href":"https:\/\/api.w.org\/{rel}","templated":true}]}}