{"id":23961,"date":"2025-11-28T20:51:47","date_gmt":"2025-11-28T20:51:47","guid":{"rendered":"https:\/\/asura.lv\/product\/cycling-face-mask-rockbros-lf8049-2-dark-grey\/"},"modified":"2025-12-12T14:51:52","modified_gmt":"2025-12-12T12:51:52","slug":"cycling-face-mask-rockbros-lf8049-2-dark-grey","status":"publish","type":"product","link":"https:\/\/asura.lv\/et\/toode\/cycling-face-mask-rockbros-lf8049-2-dark-grey\/","title":{"rendered":"Jalgrattas\u00f5idu n\u00e4omask Rockbros LF8049-2 (tumehall)"},"content":{"rendered":"<h3>Rockbros n\u00e4omask jalgrattale LF8049-2 (tumehall)<\/h3>\n<p>Rockbros n\u00e4omask on kasulik aksessuaar igale \u00f5ues\u00f5brale. See pakub t\u00f5husat kaitset tuule, tolmu ja p\u00e4ikese eest. Kanderihm on valmistatud kvaliteetsest j\u00e4\u00e4siidist, mida iseloomustab hea imavus ja uskumatu elastsus. Toodet saab kasutada mitmel viisil, sealhulgas n\u00e4omaski, m\u00fctsi, peapaela v\u00f5i kaelav\u00f5runa. <\/p>\n<p><img decoding=\"async\" src=\"https:\/\/b2b.innpro.pl\/data\/include\/cms\/Rockbros\/LF8049-2\/1.jpg\"><\/p>\n<div class=\"table-wrapper\">\n<table>\n<tbody>\n<tr>\n<th>Tootja<\/th>\n<td>Rockbros<\/td>\n<\/tr>\n<tr>\n<th>Mudel<\/th>\n<td>LF8049-2<\/td>\n<\/tr>\n<tr>\n<th>V\u00e4rv<\/th>\n<td>Tumehall<\/td>\n<\/tr>\n<tr>\n<th>Suurus<\/th>\n<td>Universaalne<\/td>\n<\/tr>\n<tr>\n<th>Materjal<\/th>\n<td>J\u00e4\u00e4siid (85% pol\u00fcesterkiud, 15% pol\u00fcuretaan)<\/td>\n<\/tr>\n<\/tbody>\n<\/table>\n<\/div>\n","protected":false},"excerpt":{"rendered":"<p>Rockbros n\u00e4omask jalgrattale LF8049-2 (tumehall) Rockbros n\u00e4omask on kasulik aksessuaar igale \u00f5ues\u00f5brale. See pakub t\u00f5husat kaitset tuule, tolmu ja p\u00e4ikese eest. Kanderihm on valmistatud kvaliteetsest j\u00e4\u00e4siidist, mida iseloomustab hea imavus ja uskumatu elastsus. Toodet saab kasutada mitmel viisil, sealhulgas n\u00e4omaski, m\u00fctsi, peapaela v\u00f5i kaelav\u00f5runa. Tootja Rockbros Mudel LF8049-2 V\u00e4rv Tumehall Suurus Universaalne Materjal J\u00e4\u00e4siid (85% [&#8230;]\n","protected":false},"featured_media":23962,"comment_status":"open","ping_status":"closed","template":"","meta":[],"product_brand":[447],"product_cat":[1554],"product_tag":[],"class_list":{"0":"post-23961","1":"product","2":"type-product","3":"status-publish","4":"has-post-thumbnail","6":"product_brand-rockbros","7":"product_cat-clothing","9":"first","10":"outofstock","11":"taxable","12":"shipping-taxable","13":"purchasable","14":"product-type-simple"},"aioseo_notices":[],"_links":{"self":[{"href":"https:\/\/asura.lv\/et\/wp-json\/wp\/v2\/product\/23961","targetHints":{"allow":["GET"]}}],"collection":[{"href":"https:\/\/asura.lv\/et\/wp-json\/wp\/v2\/product"}],"about":[{"href":"https:\/\/asura.lv\/et\/wp-json\/wp\/v2\/types\/product"}],"replies":[{"embeddable":true,"href":"https:\/\/asura.lv\/et\/wp-json\/wp\/v2\/comments?post=23961"}],"wp:featuredmedia":[{"embeddable":true,"href":"https:\/\/asura.lv\/et\/wp-json\/wp\/v2\/media\/23962"}],"wp:attachment":[{"href":"https:\/\/asura.lv\/et\/wp-json\/wp\/v2\/media?parent=23961"}],"wp:term":[{"taxonomy":"product_brand","embeddable":true,"href":"https:\/\/asura.lv\/et\/wp-json\/wp\/v2\/product_brand?post=23961"},{"taxonomy":"product_cat","embeddable":true,"href":"https:\/\/asura.lv\/et\/wp-json\/wp\/v2\/product_cat?post=23961"},{"taxonomy":"product_tag","embeddable":true,"href":"https:\/\/asura.lv\/et\/wp-json\/wp\/v2\/product_tag?post=23961"}],"curies":[{"name":"wp","href":"https:\/\/api.w.org\/{rel}","templated":true}]}}