{"id":24009,"date":"2025-11-28T20:51:43","date_gmt":"2025-11-28T20:51:43","guid":{"rendered":"https:\/\/asura.lv\/product\/cable-2xdisplay-port-1-4-vention-hcabi-8k-60hz-3m-black\/"},"modified":"2025-12-12T14:51:48","modified_gmt":"2025-12-12T12:51:48","slug":"cable-2xdisplay-port-1-4-vention-hcabi-8k-60hz-3m-black","status":"publish","type":"product","link":"https:\/\/asura.lv\/et\/toode\/cable-2xdisplay-port-1-4-vention-hcabi-8k-60hz-3m-black\/","title":{"rendered":"Kaabel 2xDisplayPort 1.4 Vention HCABI 8K 60Hz 3m (must)"},"content":{"rendered":"<h3>Vention HCABI 2xDisplay Port isas-isas videokaabel, 8K 60Hz, 3m (must)<\/h3>\n<p>Vajad kaablit, mis v\u00f5imaldab edastada videot ja heli suurep\u00e4rases kvaliteedis? Vention pakub kahe versiooniga 1.4 isasega DisplayPort kaablit, mis garanteerib 32,4 Gbps ribalaiuse, 32-bitise\/1536KHz heliedastuse ja toetab 8K kvaliteediga videot! See v\u00f5imaldab kahesuunalist edastust ja toetab mitme ekraaniga kuvamist. V\u00e4\u00e4rib m\u00e4rkimist kaabli vastupidav konstruktsioon, mis pikendab toote eluiga. Vention teenib sind kindlasti pikka aega! Kullatud pistikud on oks\u00fcdeerumiskindlad ja korduva kasutamise suhtes vastupidavad. Kaabel on kogu pikkuses tugevdatud ja kaetud spetsiaalse punutisega, et see ei l\u00e4heks sassi ja oleks vastupidavam t\u00f5mbamisele.<\/p>\n<p><img decoding=\"async\" src=\"https:\/\/b2b.innpro.pl\/data\/include\/cms\/Vention\/HCABI\/1.jpg\" border=\"0\" alt=\"Vention\/HCABI\/1\" \/><\/p>\n<h3>Fantastiline pildikvaliteet<\/h3>\n<p>Kaabel pakub edastuskiirust 32,4 Gbps ja seda iseloomustab k\u00f5rge v\u00e4rskendussagedus, seega kuvatakse pilt suurep\u00e4rase kvaliteediga ja ei hakki. See on eriti oluline m\u00e4ngijatele, kes hindavad ekraanil sujuvat liikumist. Lisaks toetab kaabel d\u00fcnaamilist HDR-i, muutes vaadatavad pildid veelgi detailsemaks!<\/p>\n<p><img decoding=\"async\" src=\"https:\/\/b2b.innpro.pl\/data\/include\/cms\/Vention\/HCABI\/2.jpg\" border=\"0\" alt=\"Vention\/HCABI\/2\" \/><\/p>\n<h3>Veelgi parem heli<\/h3>\n<p>Selle kaabliga saate nautida detailset ruumilist heli. Toode pakub 32-bitist\/1536KHz edastust, mis t\u00e4hendab, et kuuled taustahelisid selgelt v\u00f5i leiad vastase tema sammude heli p\u00f5hjal.<\/p>\n<p><img decoding=\"async\" src=\"https:\/\/b2b.innpro.pl\/data\/include\/cms\/Vention\/HCABI\/3.jpg\" border=\"0\" alt=\"Vention\/HCABI\/3\" \/><\/p>\n<h3>Lai \u00fchilduvus<\/h3>\n<p>Kaabel v\u00f5imaldab esitada 8K kvaliteediga videot ja pakub k\u00f5rgetasemelist heliedastust, kuid see toetab ka madalamaid eraldusv\u00f5imeid, nii et saad seda kasutada paljude seadmetega, nautides h\u00e4ireteta edastust! Kaabel toetab peegelre\u017eiimi, kus saad sama pilti kuvada kahel ekraanil. Samuti saate seda kasutada kahe erineva pildi kuvamiseks laiendatud re\u017eiimis ja mitme ekraani re\u017eiimis.<\/p>\n<p><img decoding=\"async\" src=\"https:\/\/b2b.innpro.pl\/data\/include\/cms\/Vention\/HCABI\/4.jpg\" border=\"0\" alt=\"Vention\/HCABI\/4\" \/><\/p>\n<h3>\u0412\u00a0<\/h3>\n<div class=\"table-wrapper\">\n<table>\n<tbody>\n<tr>\n<th>Tootja<\/th>\n<td>Vention<\/td>\n<\/tr>\n<tr>\n<th>Mudel<\/th>\n<td>HCABI<\/td>\n<\/tr>\n<tr>\n<th>V\u00e4rv<\/th>\n<td>Must<\/td>\n<\/tr>\n<tr>\n<th>Liides<\/th>\n<td>DP 1.4 isane ; kullatud<\/td>\n<\/tr>\n<tr>\n<th>L\u00e4bilaskvus<\/th>\n<td>32,4 Gbps<\/td>\n<\/tr>\n<tr>\n<th>V\u00e4rskendussagedus<\/th>\n<td>1080P @ 240Hz; 2K @ 165Hz; 4K @ 144Hz; 8K @ 60H<\/td>\n<\/tr>\n<tr>\n<th>Heli edastus<\/th>\n<td>32-bitine\/1536KHz<\/td>\n<\/tr>\n<tr>\n<th>D\u00fcnaamiline HDR<\/th>\n<td>Jah<\/td>\n<\/tr>\n<tr>\n<th>Mitme ekraaniga kuva<\/th>\n<td>Jah<\/td>\n<\/tr>\n<tr>\n<th>Kaabel<\/th>\n<td>Tinavask<\/td>\n<\/tr>\n<tr>\n<th>Kate<\/th>\n<td>Tsingisulam<\/td>\n<\/tr>\n<tr>\n<th>Kate<\/th>\n<td>Alumiiniumfoolium + v\u00f5rk<\/td>\n<\/tr>\n<tr>\n<th>Punutis<\/th>\n<td>Nailon v\u00f5rk<\/td>\n<\/tr>\n<tr>\n<th>AWG<\/th>\n<td>28AWG<\/td>\n<\/tr>\n<\/tbody>\n<\/table>\n<\/div>\n","protected":false},"excerpt":{"rendered":"<p>Vention HCABI 2xDisplay Port isas-isas videokaabel, 8K 60Hz, 3m (must) Vajad kaablit, mis v\u00f5imaldab edastada videot ja heli suurep\u00e4rases kvaliteedis? Vention pakub kahe versiooniga 1.4 isasega DisplayPort kaablit, mis garanteerib 32,4 Gbps ribalaiuse, 32-bitise\/1536KHz heliedastuse ja toetab 8K kvaliteediga videot! See v\u00f5imaldab kahesuunalist edastust ja toetab mitme ekraaniga kuvamist. V\u00e4\u00e4rib m\u00e4rkimist kaabli vastupidav konstruktsioon, mis [&#8230;]\n","protected":false},"featured_media":24010,"comment_status":"open","ping_status":"closed","template":"","meta":[],"product_brand":[474],"product_cat":[1491],"product_tag":[],"class_list":{"0":"post-24009","1":"product","2":"type-product","3":"status-publish","4":"has-post-thumbnail","6":"product_brand-vention","7":"product_cat-video-cables-cables","9":"first","10":"outofstock","11":"taxable","12":"shipping-taxable","13":"purchasable","14":"product-type-simple"},"aioseo_notices":[],"_links":{"self":[{"href":"https:\/\/asura.lv\/et\/wp-json\/wp\/v2\/product\/24009","targetHints":{"allow":["GET"]}}],"collection":[{"href":"https:\/\/asura.lv\/et\/wp-json\/wp\/v2\/product"}],"about":[{"href":"https:\/\/asura.lv\/et\/wp-json\/wp\/v2\/types\/product"}],"replies":[{"embeddable":true,"href":"https:\/\/asura.lv\/et\/wp-json\/wp\/v2\/comments?post=24009"}],"wp:featuredmedia":[{"embeddable":true,"href":"https:\/\/asura.lv\/et\/wp-json\/wp\/v2\/media\/24010"}],"wp:attachment":[{"href":"https:\/\/asura.lv\/et\/wp-json\/wp\/v2\/media?parent=24009"}],"wp:term":[{"taxonomy":"product_brand","embeddable":true,"href":"https:\/\/asura.lv\/et\/wp-json\/wp\/v2\/product_brand?post=24009"},{"taxonomy":"product_cat","embeddable":true,"href":"https:\/\/asura.lv\/et\/wp-json\/wp\/v2\/product_cat?post=24009"},{"taxonomy":"product_tag","embeddable":true,"href":"https:\/\/asura.lv\/et\/wp-json\/wp\/v2\/product_tag?post=24009"}],"curies":[{"name":"wp","href":"https:\/\/api.w.org\/{rel}","templated":true}]}}