{"id":24123,"date":"2025-11-28T20:51:33","date_gmt":"2025-11-28T20:51:33","guid":{"rendered":"https:\/\/asura.lv\/product\/transparent-magnetic-case-mcdodo-pc-1890-for-iphone-12-12-pro-magsafe\/"},"modified":"2025-12-12T14:51:37","modified_gmt":"2025-12-12T12:51:37","slug":"transparent-magnetic-case-mcdodo-pc-1890-for-iphone-12-12-pro-magsafe","status":"publish","type":"product","link":"https:\/\/asura.lv\/et\/toode\/transparent-magnetic-case-mcdodo-pc-1890-for-iphone-12-12-pro-magsafe\/","title":{"rendered":"L\u00e4bipaistev magnetiline \u00fcmbris Mcdodo PC-1890 iPhone 12\/12 Pro jaoks, Magsafe"},"content":{"rendered":"<h3>Mcdodo PC-1890 l\u00e4bipaistev magnetiline \u00fcmbris iPhone 12\/12 Pro jaoks, Magsafe<\/h3>\n<p>Varu endale stiilne ja vastupidav \u00fcmbris ning taga oma iPhone 12 v\u00f5i 12 Pro telefonile usaldusv\u00e4\u00e4rne kaitse. PC-1890 kaitseb sinu telefoni kahjustuste eest, m\u00f5jutamata kasutuskogemust. Lisatarvik on varustatud ka 38 magnetiga, mis v\u00f5imaldavad nutitelefoni induktiivselt laadida ja magnetilisi hoidikuid kasutada.<\/p>\n<p><img decoding=\"async\" src=\"https:\/\/b2b.innpro.pl\/data\/include\/cms\/McDodo\/PC-1890\/5.jpg\"><\/p>\n<h3>Usaldusv\u00e4\u00e4rne kaitse<\/h3>\n<p>V\u00f5id kindel olla, et sinu telefon on ohutu. \u00dcmbris on valmistatud kvaliteetsest PC-st ja TPU-st, seega kaitseb see t\u00f5husalt sinu nutitelefoni kriimustuste ja kukkumiste v\u00f5i l\u00f6\u00f6kide eest. Tootja hoolitses ka selle eest, et nutitelefoni ekraan ja kaamerad oleksid korralikult kaitstud.<\/p>\n<p><img decoding=\"async\" src=\"https:\/\/b2b.innpro.pl\/data\/include\/cms\/McDodo\/PC-1890\/2.jpg\"><\/p>\n<h3>38 magnetit<\/h3>\n<p>Te ei pea enam oma iPhone&#8217;i \u00fcmbrisest eemaldama, et seda juhtmevabalt laadida v\u00f5i magnetilist hoidikut kasutada. Mcdodo kaubam\u00e4rgi lisatarvik on varustatud 38 magnetiga, mis garanteerivad muljetavaldava t\u00f5mbej\u00f5u. See v\u00f5imaldab teil mugavalt kasutada induktiivseid laadijaid ja hoidikuid, aga ka MagSafe&#8217;i aluseid.<\/p>\n<p><img decoding=\"async\" src=\"https:\/\/b2b.innpro.pl\/data\/include\/cms\/McDodo\/PC-1890\/3.jpg\"><\/p>\n<h3>Kvaliteetne t\u00f6\u00f6tlus<\/h3>\n<p>See praktiline \u00fcmbris teenib teid h\u00e4sti pikka aega. See paistab silma oma k\u00f5rge kulumiskindluse ja kollasuse suhtes &#8211; \u00e4rge kartke, et peate selle peagi uue vastu vahetama. Lisatarvik on kaetud ka spetsiaalse kattega, nii et s\u00f5rmej\u00e4ljed pole sellel n\u00e4htavad. See t\u00e4hendab, et saate seda h\u00f5lpsalt puhtana hoida!<\/p>\n<p><img decoding=\"async\" src=\"https:\/\/b2b.innpro.pl\/data\/include\/cms\/McDodo\/PC-1890\/4.jpg\"><\/p>\n<div class=\"table-wrapper\">\n<table>\n<tbody>\n<tr>\n<th>Br\u00e4nd<\/th>\n<td>Mcdodo<\/td>\n<\/tr>\n<tr>\n<th>Mudel<\/th>\n<td>PC-1890<\/td>\n<\/tr>\n<tr>\n<th>V\u00e4rv<\/th>\n<td>L\u00e4bipaistev<\/td>\n<\/tr>\n<tr>\n<th>Materjal<\/th>\n<td>PC + TPU<\/td>\n<\/tr>\n<tr>\n<th>\u00dchilduvus<\/th>\n<td>iPhone 12 \/ 12 Pro<\/td>\n<\/tr>\n<\/tbody>\n<\/table>\n<\/div>\n","protected":false},"excerpt":{"rendered":"<p>Mcdodo PC-1890 l\u00e4bipaistev magnetiline \u00fcmbris iPhone 12\/12 Pro jaoks, Magsafe Varu endale stiilne ja vastupidav \u00fcmbris ning taga oma iPhone 12 v\u00f5i 12 Pro telefonile usaldusv\u00e4\u00e4rne kaitse. PC-1890 kaitseb sinu telefoni kahjustuste eest, m\u00f5jutamata kasutuskogemust. Lisatarvik on varustatud ka 38 magnetiga, mis v\u00f5imaldavad nutitelefoni induktiivselt laadida ja magnetilisi hoidikuid kasutada. Usaldusv\u00e4\u00e4rne kaitse V\u00f5id kindel olla, [&#8230;]\n","protected":false},"featured_media":24124,"comment_status":"open","ping_status":"closed","template":"","meta":[],"product_brand":[461],"product_cat":[1248],"product_tag":[],"class_list":{"0":"post-24123","1":"product","2":"type-product","3":"status-publish","4":"has-post-thumbnail","6":"product_brand-mcdodo","7":"product_cat-protective-cases-for-smartphones-cases-gsm-accessories","9":"first","10":"outofstock","11":"taxable","12":"shipping-taxable","13":"purchasable","14":"product-type-simple"},"aioseo_notices":[],"_links":{"self":[{"href":"https:\/\/asura.lv\/et\/wp-json\/wp\/v2\/product\/24123","targetHints":{"allow":["GET"]}}],"collection":[{"href":"https:\/\/asura.lv\/et\/wp-json\/wp\/v2\/product"}],"about":[{"href":"https:\/\/asura.lv\/et\/wp-json\/wp\/v2\/types\/product"}],"replies":[{"embeddable":true,"href":"https:\/\/asura.lv\/et\/wp-json\/wp\/v2\/comments?post=24123"}],"wp:featuredmedia":[{"embeddable":true,"href":"https:\/\/asura.lv\/et\/wp-json\/wp\/v2\/media\/24124"}],"wp:attachment":[{"href":"https:\/\/asura.lv\/et\/wp-json\/wp\/v2\/media?parent=24123"}],"wp:term":[{"taxonomy":"product_brand","embeddable":true,"href":"https:\/\/asura.lv\/et\/wp-json\/wp\/v2\/product_brand?post=24123"},{"taxonomy":"product_cat","embeddable":true,"href":"https:\/\/asura.lv\/et\/wp-json\/wp\/v2\/product_cat?post=24123"},{"taxonomy":"product_tag","embeddable":true,"href":"https:\/\/asura.lv\/et\/wp-json\/wp\/v2\/product_tag?post=24123"}],"curies":[{"name":"wp","href":"https:\/\/api.w.org\/{rel}","templated":true}]}}