{"id":24279,"date":"2025-11-28T20:51:19","date_gmt":"2025-11-28T20:51:19","guid":{"rendered":"https:\/\/asura.lv\/product\/solar-angle-guide-ecoflow\/"},"modified":"2025-12-12T14:51:19","modified_gmt":"2025-12-12T12:51:19","slug":"solar-angle-guide-ecoflow","status":"publish","type":"product","link":"https:\/\/asura.lv\/et\/toode\/solar-angle-guide-ecoflow\/","title":{"rendered":"P\u00e4ikeseenergia kaldenurga juhend EcoFlow"},"content":{"rendered":"<h3>EcoFlow p\u00e4ikesepaneelide nurga juhend<\/h3>\n<p>Hankige p\u00e4ikesest veelgi rohkem energiat. EcoFlow p\u00e4ikesepaneelide nurga juhend v\u00f5imaldab teil oma fotogalvaaniliste paneelide t\u00e4ielikku potentsiaali \u00e4ra kasutada \u2013 selle abiga saate need h\u00f5lpsalt optimaalse j\u00f5udluse saavutamiseks seadistada! Toodet on v\u00e4ga lihtne paigaldada ja see on \u00e4\u00e4rmiselt vastupidav. See eristub ka UV-kiirguse vastupidavuse poolest. T\u00e4nu sellele teenib see teid suurep\u00e4raselt aastaid.<\/p>\n<p><img decoding=\"async\" src=\"https:\/\/b2b.innpro.pl\/data\/include\/cms\/12EcoFlow\/EcoFlow-Solar-Angle-Guide\/1.jpg\" alt=\"12EcoFlow\/EcoFlow-Solar-Angle-Guide\/1\"><\/p>\n<h3>V\u00e4ga lihtne kasutada<\/h3>\n<p>P\u00e4ikesepaneeli nurga juhendi abil saate oma fotogalvaanilise paneeli h\u00f5lpsalt paigutada nii, et p\u00e4ikesekiired langeksid sellele 90\u00b0 nurga all. Nii saate v\u00e4hema ajaga rohkem energiat! Sa pead vaid lisatarviku paneeli k\u00fclge kinnitama ja seej\u00e4rel selle asendit reguleerima nii, et vari j\u00e4\u00e4ks t\u00e4pselt toote keskele. L\u00e4bipaistev korpus ja sees olev diagramm teevad \u00fclesande teie jaoks lihtsamaks.<\/p>\n<p><img decoding=\"async\" src=\"https:\/\/b2b.innpro.pl\/data\/include\/cms\/12EcoFlow\/EcoFlow-Solar-Angle-Guide\/3.jpg\" alt=\"12EcoFlow\/EcoFlow-Solar-Angle-Guide\/3\"><\/p>\n<div class=\"table-wrapper\">\n<table>\n<tbody>\n<tr>\n<th>Br\u00e4nd<\/th>\n<td>EcoFlow<\/td>\n<\/tr>\n<tr>\n<th>Nimi<\/th>\n<td>P\u00e4ikesenurga juhend<\/td>\n<\/tr>\n<tr>\n<th>M\u00f5\u00f5tmed<\/th>\n<td>50 x 54 x 30mm<\/td>\n<\/tr>\n<tr>\n<th>Kaal<\/th>\n<td>25g<\/td>\n<\/tr>\n<\/tbody>\n<\/table>\n<\/div>\n","protected":false},"excerpt":{"rendered":"<p>EcoFlow p\u00e4ikesepaneelide nurga juhend Hankige p\u00e4ikesest veelgi rohkem energiat. EcoFlow p\u00e4ikesepaneelide nurga juhend v\u00f5imaldab teil oma fotogalvaaniliste paneelide t\u00e4ielikku potentsiaali \u00e4ra kasutada \u2013 selle abiga saate need h\u00f5lpsalt optimaalse j\u00f5udluse saavutamiseks seadistada! Toodet on v\u00e4ga lihtne paigaldada ja see on \u00e4\u00e4rmiselt vastupidav. See eristub ka UV-kiirguse vastupidavuse poolest. T\u00e4nu sellele teenib see teid suurep\u00e4raselt aastaid. [&#8230;]\n","protected":false},"featured_media":24280,"comment_status":"open","ping_status":"closed","template":"","meta":[],"product_brand":[247],"product_cat":[978],"product_tag":[],"class_list":{"0":"post-24279","1":"product","2":"type-product","3":"status-publish","4":"has-post-thumbnail","6":"product_brand-ecoflow","7":"product_cat-accessories-power-stations","9":"first","10":"outofstock","11":"taxable","12":"shipping-taxable","13":"purchasable","14":"product-type-simple"},"aioseo_notices":[],"_links":{"self":[{"href":"https:\/\/asura.lv\/et\/wp-json\/wp\/v2\/product\/24279","targetHints":{"allow":["GET"]}}],"collection":[{"href":"https:\/\/asura.lv\/et\/wp-json\/wp\/v2\/product"}],"about":[{"href":"https:\/\/asura.lv\/et\/wp-json\/wp\/v2\/types\/product"}],"replies":[{"embeddable":true,"href":"https:\/\/asura.lv\/et\/wp-json\/wp\/v2\/comments?post=24279"}],"wp:featuredmedia":[{"embeddable":true,"href":"https:\/\/asura.lv\/et\/wp-json\/wp\/v2\/media\/24280"}],"wp:attachment":[{"href":"https:\/\/asura.lv\/et\/wp-json\/wp\/v2\/media?parent=24279"}],"wp:term":[{"taxonomy":"product_brand","embeddable":true,"href":"https:\/\/asura.lv\/et\/wp-json\/wp\/v2\/product_brand?post=24279"},{"taxonomy":"product_cat","embeddable":true,"href":"https:\/\/asura.lv\/et\/wp-json\/wp\/v2\/product_cat?post=24279"},{"taxonomy":"product_tag","embeddable":true,"href":"https:\/\/asura.lv\/et\/wp-json\/wp\/v2\/product_tag?post=24279"}],"curies":[{"name":"wp","href":"https:\/\/api.w.org\/{rel}","templated":true}]}}