{"id":24315,"date":"2025-11-28T20:51:16","date_gmt":"2025-11-28T20:51:16","guid":{"rendered":"https:\/\/asura.lv\/product\/sonoff-nspanel-stand-white\/"},"modified":"2025-12-12T14:51:15","modified_gmt":"2025-12-12T12:51:15","slug":"sonoff-nspanel-stand-white","status":"publish","type":"product","link":"https:\/\/asura.lv\/et\/toode\/sonoff-nspanel-stand-white\/","title":{"rendered":"Sonoff NSPaneli alus (valge)"},"content":{"rendered":"<h3>Sonoff Stand paneeli alus (valge)<\/h3>\n<p>Alus \u00fchildub Sonoff NSPaneli ja NSPanel Pro nutil\u00fclititega. Seet\u00f5ttu saate oma seadmeid juhtida k\u00f5ikjalt. Saate selle edukalt asetada lauale, \u00f6\u00f6kapile v\u00f5i lauale. See toimib \u00e4ratuskella, termostaadina jne. Lisaks ei tekita l\u00fcliti ja aluse paigaldamine teile probleeme. <\/p>\n<p><img decoding=\"async\" src=\"https:\/\/b2b.innpro.pl\/data\/include\/cms\/01Sonoff\/StandW\/2.jpg\"><\/p>\n<div class=\"table-wrapper\">\n<table>\n<tbody>\n<tr>\n<th>Tootja<\/th>\n<td>Sonoff<\/td>\n<\/tr>\n<tr>\n<th>Mudel<\/th>\n<td>StandW<\/td>\n<\/tr>\n<tr>\n<th>V\u00e4rv<\/th>\n<td>valge<\/td>\n<\/tr>\n<tr>\n<th>Materjal<\/th>\n<td>PC V0<\/td>\n<\/tr>\n<tr>\n<th>M\u00f5\u00f5tmed<\/th>\n<td>121 x 88,5 x 67,5 mm<\/td>\n<\/tr>\n<tr>\n<th>\u00dchilduvus<\/th>\n<td>NSPanel, NSPanel Pro<\/td>\n<\/tr>\n<\/tbody>\n<\/table>\n<\/div>\n","protected":false},"excerpt":{"rendered":"<p>Sonoff Stand paneeli alus (valge) Alus \u00fchildub Sonoff NSPaneli ja NSPanel Pro nutil\u00fclititega. Seet\u00f5ttu saate oma seadmeid juhtida k\u00f5ikjalt. Saate selle edukalt asetada lauale, \u00f6\u00f6kapile v\u00f5i lauale. See toimib \u00e4ratuskella, termostaadina jne. Lisaks ei tekita l\u00fcliti ja aluse paigaldamine teile probleeme. Tootja Sonoff Mudel StandW V\u00e4rv valge Materjal PC V0 M\u00f5\u00f5tmed 121 x 88,5 x [&#8230;]\n","protected":false},"featured_media":24316,"comment_status":"open","ping_status":"closed","template":"","meta":[],"product_brand":[203],"product_cat":[957],"product_tag":[],"class_list":{"0":"post-24315","1":"product","2":"type-product","3":"status-publish","4":"has-post-thumbnail","6":"product_brand-sonoff","7":"product_cat-accessories-smart-home","9":"first","10":"outofstock","11":"taxable","12":"shipping-taxable","13":"purchasable","14":"product-type-simple"},"aioseo_notices":[],"_links":{"self":[{"href":"https:\/\/asura.lv\/et\/wp-json\/wp\/v2\/product\/24315","targetHints":{"allow":["GET"]}}],"collection":[{"href":"https:\/\/asura.lv\/et\/wp-json\/wp\/v2\/product"}],"about":[{"href":"https:\/\/asura.lv\/et\/wp-json\/wp\/v2\/types\/product"}],"replies":[{"embeddable":true,"href":"https:\/\/asura.lv\/et\/wp-json\/wp\/v2\/comments?post=24315"}],"wp:featuredmedia":[{"embeddable":true,"href":"https:\/\/asura.lv\/et\/wp-json\/wp\/v2\/media\/24316"}],"wp:attachment":[{"href":"https:\/\/asura.lv\/et\/wp-json\/wp\/v2\/media?parent=24315"}],"wp:term":[{"taxonomy":"product_brand","embeddable":true,"href":"https:\/\/asura.lv\/et\/wp-json\/wp\/v2\/product_brand?post=24315"},{"taxonomy":"product_cat","embeddable":true,"href":"https:\/\/asura.lv\/et\/wp-json\/wp\/v2\/product_cat?post=24315"},{"taxonomy":"product_tag","embeddable":true,"href":"https:\/\/asura.lv\/et\/wp-json\/wp\/v2\/product_tag?post=24315"}],"curies":[{"name":"wp","href":"https:\/\/api.w.org\/{rel}","templated":true}]}}