{"id":24381,"date":"2025-11-28T20:51:11","date_gmt":"2025-11-28T20:51:11","guid":{"rendered":"https:\/\/asura.lv\/product\/superfire-mx16-flashlight-600-lm-500-mah-usb-c-4-modes\/"},"modified":"2025-12-12T14:51:07","modified_gmt":"2025-12-12T12:51:07","slug":"superfire-mx16-flashlight-600-lm-500-mah-usb-c-4-modes","status":"publish","type":"product","link":"https:\/\/asura.lv\/et\/toode\/superfire-mx16-flashlight-600-lm-500-mah-usb-c-4-modes\/","title":{"rendered":"Superfire MX16 taskulamp, 600 lm, 500 mAh, USB-C, 4 re\u017eiimi"},"content":{"rendered":"<h3>Superfire MX16 taskulamp, 600 lm, 500 mAh, USB-C, 4 re\u017eiimi<\/h3>\n<p>Praktiline Superfire MX16 taskulamp sobib suurep\u00e4raselt paljudesse olukordadesse. Sellel on 3 standardset valgusre\u017eiimi ja t\u00e4iendav eriti tugev valgusre\u017eiim, samuti v\u00e4lk, nii et saate valgust vastavalt oludele h\u00f5lpsalt reguleerida. Selle heledus ulatub 600 lm-ni. Sisseehitatud laetav aku garanteerib kuni 2 tundi t\u00f6\u00f6aega ja vajadusel saate seda h\u00f5lpsalt laadida USB-C-kaabli (Universal Serial Bus Type-C, universaalne s\u00fcmmeetriline pistik andmete ja toite jaoks &#8211; kaasas). Port toetab universaalseid laadijaid, arvuteid ja varupatareisid, v\u00f5imaldab teil \u00fchendada kaabli m\u00f5lemalt poolt ja kasutada taskulampi ka laadimise ajal. Vastupidava alumiiniumisulami ja ABS-i (akr\u00fc\u00fclnitriilbutadieenst\u00fcreen, vastupidav plastik) kasutamine tagab vee- ja l\u00f6\u00f6gikindluse. Samuti v\u00e4\u00e4rib m\u00e4rkimist veekindel disain (IP44, kaitseklass Ingress 44, kaitse tahkete esemete (\u00fcle 1 mm) ja erinevatest suundadest tulevate veepritsmete eest) ning pudeliavaja funktsioon.<\/p>\n<p>\n<img decoding=\"async\" alt=\"Kaasaskantav Superfire lamp k\u00e4epideme ja kokkupandava alusega, varustatud valguspaneeliga\" border=\"0\" src=\"https:\/\/assets.innpro.pl\/14119\/17609\/7.jpg\"\/>\n<\/p>\n<h3>4 valgustusre\u017eiimi<\/h3>\n<p>Kohanda valgustus vastavalt oma vajadustele. Seade pakub nelja peamist valgustusre\u017eiimi, mida saad h\u00f5lpsalt muuta korpuse k\u00fcljel asuva nupu vajutamisega. Saad valida eriti tugeva, tugeva, heleda ja vilkuva valguse vahel. Lisaks on olemas maksimaalse heleduse re\u017eiim veelgi suurema intensiivsuse saavutamiseks n\u00f5udlikes tingimustes.<\/p>\n<p>\n<img decoding=\"async\" alt=\"Neli fotot, mis n\u00e4itavad lampi erinevates valgusre\u017eiimides\" border=\"0\" src=\"https:\/\/assets.innpro.pl\/14119\/17609\/8.jpg\"\/>\n<\/p>\n<h3>Mugav laadimine<\/h3>\n<p>Taskulampi saab kasutada kuni 2 tundi. Sisseehitatud 500 mAh akut saab h\u00f5lpsalt laadida pakendis oleva USB-C kaabli abil. Laadimise olekust annab teada spetsiaalne tuli \u2013 punane n\u00e4itab laadimist, roheline aga seda, et seade on uuesti kasutusvalmis. T\u00e4nu \u00fchilduvusele erinevate toiteallikatega, n\u00e4iteks vooluv\u00f5rgust laadija, arvuti v\u00f5i varupatareiga, saate t\u00e4ieliku vabaduse energia t\u00e4iendamiseks. Lisaks t\u00f6\u00f6tab taskulamp laadimise ajal normaalselt.<\/p>\n<p>\n<img decoding=\"async\" alt=\"Lamp on laadimiseks kaabli abil \u00fchendatud s\u00fclearvuti k\u00f5rval puidust laual\" border=\"0\" src=\"https:\/\/assets.innpro.pl\/14119\/17609\/1.jpg\"\/>\n<\/p>\n<h3>Kompaktne disain<\/h3>\n<p>Seadme mugav ja kerge disain t\u00e4hendab, et see on alati k\u00e4ep\u00e4rast \u2013 see mahub probleemideta isegi taskusse. MX16 saab riputada v\u00f5tmehoidjale, kinnitada magnetiga, asetada kokkupandavale kronsteinile v\u00f5i kinnitada kruvidega, pakkudes teile palju kasutusv\u00f5imalusi. Seda iseloomustab ka IP44 veekindlus, pudeliavaja funktsioon ja praktiline k\u00e4epide, t\u00e4nu millele saab taskulambi edukalt seljakoti v\u00f5i koti k\u00fclge kinnitada.<\/p>\n<p>\n<img decoding=\"async\" alt=\"Mees istub kaljul seljakotiga, mille k\u00fclge on kinnitatud v\u00e4ike lamp\" border=\"0\" src=\"https:\/\/assets.innpro.pl\/14119\/17609\/4.jpg\"\/>\n<\/p>\n<h3>Kaasas<\/h3>\n<ul class=\"list-disc pl-5\">\n<li>taskulamp<\/li>\n<li>USB-C\/USB-A kaabel (Universal Serial Bus Type-A, klassikaline USB-pistik andmeedastuseks ja toiteks)<\/li>\n<li>kasutusjuhend<\/li>\n<\/ul>\n<div class=\"table-wrapper\">\n<p>\u0412\u00a0<\/p>\n<h3><\/h3>\n<table>\n<tbody>\n<tr>\n<th>Tootja<\/th>\n<td>Superfire<\/td>\n<\/tr>\n<tr>\n<th>Mudel<\/th>\n<td>MX16<\/td>\n<\/tr>\n<tr>\n<th>M\u00f5\u00f5tmed<\/th>\n<td>61,2 x 45 x 21 mm<\/td>\n<\/tr>\n<tr>\n<th>Kaal<\/th>\n<td>42,9 g<\/td>\n<\/tr>\n<tr>\n<th>V\u00f5imsus<\/th>\n<td>9 W<\/td>\n<\/tr>\n<tr>\n<th>Valguse v\u00e4rvus<\/th>\n<td>5800 K<\/td>\n<\/tr>\n<tr>\n<th>Heleduse tase<\/th>\n<td>600 LM<\/td>\n<\/tr>\n<tr>\n<th>Veekindlus<\/th>\n<td>IP44<\/td>\n<\/tr>\n<tr>\n<th>Aku mahutavus<\/th>\n<td>500 mAh<\/td>\n<\/tr>\n<tr>\n<th>T\u00f6\u00f6aeg<\/th>\n<td>umbes 2 tundi<\/td>\n<\/tr>\n<tr>\n<th>Laadimisliides<\/th>\n<td>T\u00fc\u00fcp C<\/td>\n<\/tr>\n<tr>\n<th>Materjal<\/th>\n<td>Alumiiniumisulam + ABS<\/td>\n<\/tr>\n<tr>\n<th>Valgustusre\u017eiimid<\/th>\n<td>Maksimaalne valgus, tugev valgus, n\u00f5rk valgus, vilkuv valgus<\/td>\n<\/tr>\n<\/tbody>\n<\/table>\n<\/div>\n","protected":false},"excerpt":{"rendered":"<p>Superfire MX16 taskulamp, 600 lm, 500 mAh, USB-C, 4 re\u017eiimi Praktiline Superfire MX16 taskulamp sobib suurep\u00e4raselt paljudesse olukordadesse. Sellel on 3 standardset valgusre\u017eiimi ja t\u00e4iendav eriti tugev valgusre\u017eiim, samuti v\u00e4lk, nii et saate valgust vastavalt oludele h\u00f5lpsalt reguleerida. Selle heledus ulatub 600 lm-ni. Sisseehitatud laetav aku garanteerib kuni 2 tundi t\u00f6\u00f6aega ja vajadusel saate seda [&#8230;]\n","protected":false},"featured_media":24382,"comment_status":"open","ping_status":"closed","template":"","meta":[],"product_brand":[195],"product_cat":[1344],"product_tag":[],"class_list":{"0":"post-24381","1":"product","2":"type-product","3":"status-publish","4":"has-post-thumbnail","6":"product_brand-superfire","7":"product_cat-workshop-flashlights-flashlights","9":"first","10":"outofstock","11":"taxable","12":"shipping-taxable","13":"purchasable","14":"product-type-simple"},"aioseo_notices":[],"_links":{"self":[{"href":"https:\/\/asura.lv\/et\/wp-json\/wp\/v2\/product\/24381","targetHints":{"allow":["GET"]}}],"collection":[{"href":"https:\/\/asura.lv\/et\/wp-json\/wp\/v2\/product"}],"about":[{"href":"https:\/\/asura.lv\/et\/wp-json\/wp\/v2\/types\/product"}],"replies":[{"embeddable":true,"href":"https:\/\/asura.lv\/et\/wp-json\/wp\/v2\/comments?post=24381"}],"wp:featuredmedia":[{"embeddable":true,"href":"https:\/\/asura.lv\/et\/wp-json\/wp\/v2\/media\/24382"}],"wp:attachment":[{"href":"https:\/\/asura.lv\/et\/wp-json\/wp\/v2\/media?parent=24381"}],"wp:term":[{"taxonomy":"product_brand","embeddable":true,"href":"https:\/\/asura.lv\/et\/wp-json\/wp\/v2\/product_brand?post=24381"},{"taxonomy":"product_cat","embeddable":true,"href":"https:\/\/asura.lv\/et\/wp-json\/wp\/v2\/product_cat?post=24381"},{"taxonomy":"product_tag","embeddable":true,"href":"https:\/\/asura.lv\/et\/wp-json\/wp\/v2\/product_tag?post=24381"}],"curies":[{"name":"wp","href":"https:\/\/api.w.org\/{rel}","templated":true}]}}