{"id":24501,"date":"2025-11-28T20:50:06","date_gmt":"2025-11-28T20:50:06","guid":{"rendered":"https:\/\/asura.lv\/product\/polarized-cycling-glasses-rockbros-10037\/"},"modified":"2025-12-12T14:50:18","modified_gmt":"2025-12-12T12:50:18","slug":"polarized-cycling-glasses-rockbros-10037","status":"publish","type":"product","link":"https:\/\/asura.lv\/et\/toode\/polarized-cycling-glasses-rockbros-10037\/","title":{"rendered":"Polariseeritud jalgrattaprillid Rockbros 10037"},"content":{"rendered":"<h3>Rockbros polariseeritud jalgrattas\u00f5iduprillid 10037<\/h3>\n<p>Kui s\u00f5idate sageli jalgrattaga ja naudite aktiivseid tegevusi \u00f5ues, siis veenduge, et teie silmad oleksid alati h\u00e4sti kaitstud. Rockbrosi polariseeritud prillid on iga jalgratturi, m\u00e4giratturi, kalap\u00fc\u00fcgi v\u00f5i m\u00e4gironimise entusiasti jaoks h\u00e4davajalikud. Prillid pakuvad UV400 kaitset ja p\u00fcsivad kiirel s\u00f5idul kindlalt paigal. Need on \u00e4\u00e4rmiselt kerged, nii et te ei tunne ebamugavust isegi pikaajalisel kasutamisel. Muuhulgas on komplektis prillide pael, mis suurendab toote kasutamise ohutust s\u00f5idu ajal.<\/p>\n<p><img decoding=\"async\" src=\"https:\/\/b2b.innpro.pl\/data\/include\/cms\/Rockbros\/10037\/1.jpg\"><\/p>\n<h3>Aktiivsete inimeste jaoks h\u00e4davajalik ese<\/h3>\n<p>Kas soovite oma n\u00e4htavust jalgrattas\u00f5idu ajal parandada? Kas olete mures suurema mugavuse p\u00e4rast oma lemmiktegevuste ajal? Siis on Rockbrosi kaubam\u00e4rgi prillid teile suurep\u00e4rane valik! T\u00e4nu polarisatsioonifunktsioonile suunatakse teie silmadesse ainult vertikaalsed kiired, mis parandab teie n\u00e4htavust, v\u00e4rvid on k\u00fcllastunud ja \u2013 mis k\u00f5ige t\u00e4htsam \u2013 teie silmad ei puneta, ei hakka pisaraid jooksma ega p\u00f5lema. Laske end mugavalt tunda ja hoolitsege oma silmade eest!<\/p>\n<p><img decoding=\"async\" src=\"https:\/\/b2b.innpro.pl\/data\/include\/cms\/Rockbros\/10037\/2.jpg\"><\/p>\n<h3>Mitmeotstarbeline<\/h3>\n<p>Rockbrosi polariseeritud prille kasutate paljudes olukordades \u2013 jalgrattas\u00f5idul, m\u00e4gimatkal, kalap\u00fc\u00fcgil v\u00f5i lihtsalt autot juhtides. Prillid on tuulekindlad ja pakuvad UV400 kaitset, nii et te ei pea muretsema ultraviolettkiirte kahjuliku m\u00f5ju p\u00e4rast. T\u00e4nu l\u00e4bim\u00f5eldud disainile on Rockbrosi toode \u00e4\u00e4rmiselt kerge, stabiilne ja v\u00e4ga mugav kasutada. Saate kaasasolevaid polariseeritud prille vastavalt oma eelistustele vabalt vahetada. Lisaks saate prillide hoiustamiseks tarvikuid.<\/p>\n<p><img decoding=\"async\" src=\"https:\/\/b2b.innpro.pl\/data\/include\/cms\/Rockbros\/10037\/5.jpg\"><\/p>\n<h3>Komplekti sisu:<\/h3>\n<ul>\n<li>Prilliraamid x1<\/li>\n<li>Polariseeritud l\u00e4\u00e4tsede vahetus x3<\/li>\n<li>Prillikarp x1<\/li>\n<li>Prillikott x1<\/li>\n<li>Prillilapp x1<\/li>\n<li>Prillipael x1<\/li>\n<\/ul>\n<div class=\"table-wrapper\">\n<table>\n<tbody>\n<tr>\n<th>Tootja<\/th>\n<td>Rockbros<\/td>\n<\/tr>\n<tr>\n<th>Mudel<\/th>\n<td>10037<\/td>\n<\/tr>\n<tr>\n<th>Otstarve<\/th>\n<td>Jalgrattas\u00f5it\/Kalap\u00fc\u00fck\/Ronimine\/Autojuhtimine.<\/td>\n<\/tr>\n<tr>\n<th>Raami v\u00e4rv<\/th>\n<td>Must<\/td>\n<\/tr>\n<tr>\n<th>Raami materjal<\/th>\n<td>Atsetaat<\/td>\n<\/tr>\n<tr>\n<th>L\u00e4\u00e4tsede t\u00fc\u00fcp<\/th>\n<td>Polariseeritud<\/td>\n<\/tr>\n<tr>\n<th>L\u00e4\u00e4tse materjal<\/th>\n<td>Pol\u00fckarbon<\/td>\n<\/tr>\n<tr>\n<th>UV-kaitse<\/th>\n<td>400 nm<\/td>\n<\/tr>\n<tr>\n<th>Lisaomadused<\/th>\n<td>Tuulekindel<\/td>\n<\/tr>\n<\/tbody>\n<\/table>\n<\/div>\n","protected":false},"excerpt":{"rendered":"<p>Rockbros polariseeritud jalgrattas\u00f5iduprillid 10037 Kui s\u00f5idate sageli jalgrattaga ja naudite aktiivseid tegevusi \u00f5ues, siis veenduge, et teie silmad oleksid alati h\u00e4sti kaitstud. Rockbrosi polariseeritud prillid on iga jalgratturi, m\u00e4giratturi, kalap\u00fc\u00fcgi v\u00f5i m\u00e4gironimise entusiasti jaoks h\u00e4davajalikud. Prillid pakuvad UV400 kaitset ja p\u00fcsivad kiirel s\u00f5idul kindlalt paigal. Need on \u00e4\u00e4rmiselt kerged, nii et te ei tunne ebamugavust [&#8230;]\n","protected":false},"featured_media":24502,"comment_status":"open","ping_status":"closed","template":"","meta":[],"product_brand":[447],"product_cat":[1257],"product_tag":[],"class_list":{"0":"post-24501","1":"product","2":"type-product","3":"status-publish","4":"has-post-thumbnail","6":"product_brand-rockbros","7":"product_cat-glasses","9":"first","10":"outofstock","11":"taxable","12":"shipping-taxable","13":"purchasable","14":"product-type-simple"},"aioseo_notices":[],"_links":{"self":[{"href":"https:\/\/asura.lv\/et\/wp-json\/wp\/v2\/product\/24501","targetHints":{"allow":["GET"]}}],"collection":[{"href":"https:\/\/asura.lv\/et\/wp-json\/wp\/v2\/product"}],"about":[{"href":"https:\/\/asura.lv\/et\/wp-json\/wp\/v2\/types\/product"}],"replies":[{"embeddable":true,"href":"https:\/\/asura.lv\/et\/wp-json\/wp\/v2\/comments?post=24501"}],"wp:featuredmedia":[{"embeddable":true,"href":"https:\/\/asura.lv\/et\/wp-json\/wp\/v2\/media\/24502"}],"wp:attachment":[{"href":"https:\/\/asura.lv\/et\/wp-json\/wp\/v2\/media?parent=24501"}],"wp:term":[{"taxonomy":"product_brand","embeddable":true,"href":"https:\/\/asura.lv\/et\/wp-json\/wp\/v2\/product_brand?post=24501"},{"taxonomy":"product_cat","embeddable":true,"href":"https:\/\/asura.lv\/et\/wp-json\/wp\/v2\/product_cat?post=24501"},{"taxonomy":"product_tag","embeddable":true,"href":"https:\/\/asura.lv\/et\/wp-json\/wp\/v2\/product_tag?post=24501"}],"curies":[{"name":"wp","href":"https:\/\/api.w.org\/{rel}","templated":true}]}}