{"id":24525,"date":"2025-11-28T20:50:04","date_gmt":"2025-11-28T20:50:04","guid":{"rendered":"https:\/\/asura.lv\/product\/baseus-wireless-charging-case-for-smooth-writing-stylus-white\/"},"modified":"2025-12-12T14:50:16","modified_gmt":"2025-12-12T12:50:16","slug":"baseus-wireless-charging-case-for-smooth-writing-stylus-white","status":"publish","type":"product","link":"https:\/\/asura.lv\/et\/toode\/baseus-wireless-charging-case-for-smooth-writing-stylus-white\/","title":{"rendered":"Baseus juhtmevaba laadimis\u00fcmbris Smooth Writing Stylus&#8217;ile (valge)"},"content":{"rendered":"<h3>Induktiivlaadijaga \u00fcmbris Baseus Smooth Writing Stylus kirjutuspliiatsile (valge)<\/h3>\n<p>Varusta end praktilise \u00fcmbrisega, mis mitte ainult ei hoia sinu pliiatsit, vaid laeb seda ka kiiresti ja ohutult. \u00dcmbrisel on induktiivse laadimise funktsioon, mis v\u00f5imaldab sul uuendada Baseus Smooth Writing Stylus kirjutuspliiatsi ja Apple Pen II p\u00f5lvkonna energiat. \u00dcmbrisega on kaasas 30 cm pikkune C-t\u00fc\u00fcpi laadimiskaabel.<\/p>\n<p><img decoding=\"async\" src=\"https:\/\/b2b.innpro.pl\/data\/include\/cms\/-Baseus\/SXBC030002\/9.jpg\"><\/p>\n<h3>Kaasas<\/h3>\n<ul>\n<li>Induktiivlaadijaga \u00fcmbris<\/li>\n<li>C-t\u00fc\u00fcpi laadimiskaabel (3A, 30 cm)<\/li>\n<\/ul>\n<div class=\"table-wrapper\">\n<table>\n<tbody>\n<tr>\n<th>Tootja<\/th>\n<td>Baseus<\/td>\n<\/tr>\n<tr>\n<th>Mudel<\/th>\n<td>SXBC030002<\/td>\n<\/tr>\n<tr>\n<th>\u00dchilduvus<\/th>\n<td>Apple Pen II p\u00f5lvkond, Baseus Smooth Writing Pliiats<\/td>\n<\/tr>\n<tr>\n<th>V\u00e4rv<\/th>\n<td>Valge<\/td>\n<\/tr>\n<tr>\n<th>\u00dchilduvus<\/th>\n<td>ipad (6, 7, 8, 9, mini 5, mini 6, air 3, air 4, air 5, Pro, Pro 3, Pro 4, Pro 5)<\/td>\n<\/tr>\n<\/tbody>\n<\/table>\n<\/div>\n","protected":false},"excerpt":{"rendered":"<p>Induktiivlaadijaga \u00fcmbris Baseus Smooth Writing Stylus kirjutuspliiatsile (valge) Varusta end praktilise \u00fcmbrisega, mis mitte ainult ei hoia sinu pliiatsit, vaid laeb seda ka kiiresti ja ohutult. \u00dcmbrisel on induktiivse laadimise funktsioon, mis v\u00f5imaldab sul uuendada Baseus Smooth Writing Stylus kirjutuspliiatsi ja Apple Pen II p\u00f5lvkonna energiat. \u00dcmbrisega on kaasas 30 cm pikkune C-t\u00fc\u00fcpi laadimiskaabel. Kaasas [&#8230;]\n","protected":false},"featured_media":24526,"comment_status":"open","ping_status":"closed","template":"","meta":[],"product_brand":[95],"product_cat":[1212],"product_tag":[],"class_list":{"0":"post-24525","1":"product","2":"type-product","3":"status-publish","4":"has-post-thumbnail","6":"product_brand-baseus","7":"product_cat-tablet-styluses-gsm-accessories","9":"first","10":"outofstock","11":"taxable","12":"shipping-taxable","13":"purchasable","14":"product-type-simple"},"aioseo_notices":[],"_links":{"self":[{"href":"https:\/\/asura.lv\/et\/wp-json\/wp\/v2\/product\/24525","targetHints":{"allow":["GET"]}}],"collection":[{"href":"https:\/\/asura.lv\/et\/wp-json\/wp\/v2\/product"}],"about":[{"href":"https:\/\/asura.lv\/et\/wp-json\/wp\/v2\/types\/product"}],"replies":[{"embeddable":true,"href":"https:\/\/asura.lv\/et\/wp-json\/wp\/v2\/comments?post=24525"}],"wp:featuredmedia":[{"embeddable":true,"href":"https:\/\/asura.lv\/et\/wp-json\/wp\/v2\/media\/24526"}],"wp:attachment":[{"href":"https:\/\/asura.lv\/et\/wp-json\/wp\/v2\/media?parent=24525"}],"wp:term":[{"taxonomy":"product_brand","embeddable":true,"href":"https:\/\/asura.lv\/et\/wp-json\/wp\/v2\/product_brand?post=24525"},{"taxonomy":"product_cat","embeddable":true,"href":"https:\/\/asura.lv\/et\/wp-json\/wp\/v2\/product_cat?post=24525"},{"taxonomy":"product_tag","embeddable":true,"href":"https:\/\/asura.lv\/et\/wp-json\/wp\/v2\/product_tag?post=24525"}],"curies":[{"name":"wp","href":"https:\/\/api.w.org\/{rel}","templated":true}]}}