{"id":24657,"date":"2025-11-28T20:49:51","date_gmt":"2025-11-28T20:49:51","guid":{"rendered":"https:\/\/asura.lv\/product\/yeelight-ceiling-light-c2201c300\/"},"modified":"2025-12-12T14:50:07","modified_gmt":"2025-12-12T12:50:07","slug":"yeelight-ceiling-light-c2201c300","status":"publish","type":"product","link":"https:\/\/asura.lv\/et\/toode\/yeelight-ceiling-light-c2201c300\/","title":{"rendered":"Yeelighti laevalgusti C2201C300"},"content":{"rendered":"<h3 style=\"text-align: center;\">Yeelight Light nutikas laelamp C2201C300<\/h3>\n<p>Valgustage ruume sooja ja silmale meeldiva valgusega. Yeelight nutikas laelamp pakub reguleeritavat heledust, v\u00e4rvi ja v\u00e4rvitemperatuuri ning selle paigaldamisega ei teki probleeme. Lisaks h\u00f5lbustavad selle kasutamist rakendus ja h\u00e4\u00e4lk\u00e4sklused. Toode \u00fchildub ka eraldi saadaoleva nutika dimmeri ja Yeelighti kaugjuhtimispuldiga. Lisaks eristab lampi IP54 veekindlus ning selle minimalistlik ja \u00f5huke disain on teie interj\u00f6\u00f6ri elegantne t\u00e4iendus.<\/p>\n<p><img loading=\"lazy\" decoding=\"async\" src=\"https:\/\/b2b.innpro.pl\/data\/include\/cms\/12Yeelight\/YLXDD-0033\/3.jpg\" border=\"0\" alt=\"\" width=\"1100\" height=\"700\" \/><\/p>\n<p>\u0412\u00a0<\/p>\n<h3 style=\"text-align: center;\">Hoolikalt l\u00e4bim\u00f5eldud disain<\/h3>\n<p>Lambil on minimalistlik ja \u00fcli\u00f5huke disain, nii et see sobib peaaegu igasse moodsasse interj\u00f6\u00f6ri. Lisaks pakub see peamist, topeltvalget valgust, mis langeb ruumi, ja v\u00e4rvilist valgust, mis heidab lakke v\u00e4rvika kuma, luues ruumis ainulaadse atmosf\u00e4\u00e4ri. See on IP54 veekindel, nii et saate selle edukalt paigaldada k\u00f6\u00f6ki, vannituppa v\u00f5i isegi terrassile. Lisaks takistab \u00f5hukindel disain tolmu ja putukate sattumist lampi. Teisest k\u00fcljest tagab kaasasolev alus kiire ja lihtsa paigaldamise \u2013 lihtsalt lukustage see oma kohale.<\/p>\n<p><img loading=\"lazy\" decoding=\"async\" src=\"https:\/\/b2b.innpro.pl\/data\/include\/cms\/12Yeelight\/YLXDD-0033\/4.jpg\" border=\"0\" alt=\"\" width=\"1100\" height=\"700\" \/><\/p>\n<p>\u0412\u00a0<\/p>\n<h3 style=\"text-align: center;\">Mitmed juhtimisv\u00f5imalused<\/h3>\n<p>Nautige Yeelighti pakutavat kasutusvabadust. Nutilamp C2201C300 t\u00f6\u00f6tab Google Assistant, Apple HomeKiti, Amazon Alexa ja Samsung SmartThingsi abil, nii et saate seadme t\u00f6\u00f6d lihtsa h\u00e4\u00e4lk\u00e4sklusega kohandada. Lisaks saate kasutada spetsiaalset Yeelighti rakendust v\u00f5i kaugjuhtimispulti (ei kuulu komplekti). Lamp toetab ka saadaolevat Yeelight Smart Dimmerit, mis v\u00f5imaldab teil lampi eemalt juhtida, isegi kui see on kella l\u00fcliti abil v\u00e4lja l\u00fclitatud.<\/p>\n<p><img loading=\"lazy\" decoding=\"async\" src=\"https:\/\/b2b.innpro.pl\/data\/include\/cms\/12Yeelight\/YLXDD-0033\/12.jpg\" border=\"0\" alt=\"\" width=\"1100\" height=\"700\" \/><\/p>\n<p>\u0412\u00a0<\/p>\n<h3 style=\"text-align: center;\">\u00d5rn valgus silmadele<\/h3>\n<p>Lamp tekitab sooja ja silmadele meeldivat valgust, nii et te ei pea muretsema v\u00e4simuse v\u00f5i ebamugavustunde p\u00e4rast. Lisaks on see varustatud kuuvalgusre\u017eiimiga, mis pakub madalat heledustaset. See sobib ideaalselt magamistuppa v\u00f5i lastetuppa, kattes ruumi pehme valgusega.<\/p>\n<p><img loading=\"lazy\" decoding=\"async\" src=\"https:\/\/b2b.innpro.pl\/data\/include\/cms\/12Yeelight\/YLXDD-0033\/10.jpg\" border=\"0\" alt=\"\" width=\"1100\" height=\"700\" \/><\/p>\n<p>\u0412\u00a0<\/p>\n<h3 style=\"text-align: center;\">T\u00f6\u00f6tab nii, nagu soovite<\/h3>\n<p>Kohandage lambi t\u00f6\u00f6d vastavalt oma vajadustele. Saate reguleerida selle heledust v\u00f5i v\u00e4rvitemperatuuri (2700\u20136500 K). Lisaks pakub Yeelighti rakendus v\u00f5imalust valguse v\u00e4rvi kohandada \u2013 saate valida kuni 16 miljoni v\u00e4rvitooni hulgast. Seadme veelgi isikup\u00e4rastamiseks m\u00e4\u00e4rake taimer ja lamp l\u00fclitub teie valitud ajal v\u00e4lja.<\/p>\n<p><img loading=\"lazy\" decoding=\"async\" src=\"https:\/\/b2b.innpro.pl\/data\/include\/cms\/12Yeelight\/YLXDD-0033\/7.jpg\" border=\"0\" alt=\"\" width=\"1100\" height=\"700\" \/><\/p>\n<p>\u0412\u00a0<\/p>\n<h3>Kaasas<\/h3>\n<ul>\n<li>lamp<\/li>\n<li>kinnituselemendid (isekeermestav kruvi x2, seinapistik x2, silikoonseib x2)<\/li>\n<li>kasutusjuhend<\/li>\n<\/ul>\n<p>\u0412\u00a0<\/p>\n<h3>Spetsifikatsioon:<\/h3>\n<div class=\"table-wrapper\">\n<table>\n<tbody>\n<tr>\n<th>Tootja<\/th>\n<td>Yeelight<\/td>\n<\/tr>\n<tr>\n<th>Mudel<\/th>\n<td>YLXDD-0033<\/td>\n<\/tr>\n<tr>\n<th>Nimi<\/th>\n<td>Yeelight \u00fcli\u00f5huke nutikas laevalgusti<\/td>\n<\/tr>\n<tr>\n<th>V\u00e4rvitemperatuur<\/th>\n<td>2700\u20136500 K<\/td>\n<\/tr>\n<tr>\n<th>Heledus<\/th>\n<td>1600 lm @ 4000K<\/td>\n<\/tr>\n<tr>\n<th>Nimipinge<\/th>\n<td>220\u2013240 V ~ 50\/60 Hz Maks. 0,127 A<\/td>\n<\/tr>\n<tr>\n<th>Nimiv\u00f5imsus<\/th>\n<td>21 W<\/td>\n<\/tr>\n<tr>\n<th>T\u00f6\u00f6niiskus<\/th>\n<td>0\u201385% suhteline \u00f5huniiskus<\/td>\n<\/tr>\n<tr>\n<th>T\u00f6\u00f6temperatuur<\/th>\n<td>\u201320 \u00b0C kuni 40 \u00b0C<\/td>\n<\/tr>\n<tr>\n<th>\u00dchilduvus<\/th>\n<td>Android 4.4 (v\u00f5i uuem), iOS 9.0 (v\u00f5i uuem)<\/td>\n<\/tr>\n<tr>\n<th>Juhtimine<\/th>\n<td>Google Home, Apple Home, Samsung SmartThings, Amazon Alexa, Yeelighti rakendus, nutikas dimmer, Yeelighti kaugjuhtimispult<\/td>\n<\/tr>\n<tr>\n<th>M\u00f5\u00f5tmed<\/th>\n<td>P\u2020300 x 25 mm<\/td>\n<\/tr>\n<tr>\n<th>Veekindel<\/th>\n<td>IP54<\/td>\n<\/tr>\n<tr>\n<th>Traadita \u00fchenduvus<\/th>\n<td>Wi-Fi IEEE 802.11 b\/g\/n 2,4 GHz, Bluetooth 4.2 BLE<\/td>\n<\/tr>\n<tr>\n<th>T\u00f6\u00f6sagedus<\/th>\n<td>2412\u20132472 MHz (Wi-Fi), 2402\u20132480 MHz (BT)<\/td>\n<\/tr>\n<tr>\n<th>Maksimaalne v\u00e4ljundv\u00f5imsus<\/th>\n<td>20 dBm (Wi-Fi), 0 dBm (BT-LE)<\/td>\n<\/tr>\n<tr>\n<th>Vahetatav LED-valgusallikas<\/th>\n<td>Jah<\/td>\n<\/tr>\n<\/tbody>\n<\/table>\n<\/div>\n<style type=\"text\/css\"><!--\n.table-wrapper{width:100%;overflow-x:auto}.table-wrapper>table{border-spacing:0}.table-wrapper>table>tbody>tr>td,.table-wrapper>table>tbody>tr>th{padding:10px 35px;text-align:left}.table-wrapper>table>tbody>tr>th{vertical-align:top}.table-wrapper>table>tbody>tr:nth-child(even){background-color:#f7f7f7}\n--><\/style>\n","protected":false},"excerpt":{"rendered":"<p>Yeelight Light nutikas laelamp C2201C300 Valgustage ruume sooja ja silmale meeldiva valgusega. Yeelight nutikas laelamp pakub reguleeritavat heledust, v\u00e4rvi ja v\u00e4rvitemperatuuri ning selle paigaldamisega ei teki probleeme. Lisaks h\u00f5lbustavad selle kasutamist rakendus ja h\u00e4\u00e4lk\u00e4sklused. Toode \u00fchildub ka eraldi saadaoleva nutika dimmeri ja Yeelighti kaugjuhtimispuldiga. Lisaks eristab lampi IP54 veekindlus ning selle minimalistlik ja \u00f5huke disain [&#8230;]\n","protected":false},"featured_media":24658,"comment_status":"open","ping_status":"closed","template":"","meta":[],"product_brand":[156],"product_cat":[1038],"product_tag":[],"class_list":{"0":"post-24657","1":"product","2":"type-product","3":"status-publish","4":"has-post-thumbnail","6":"product_brand-yeelight","7":"product_cat-ceiling-lamps","9":"first","10":"outofstock","11":"taxable","12":"shipping-taxable","13":"purchasable","14":"product-type-simple"},"aioseo_notices":[],"_links":{"self":[{"href":"https:\/\/asura.lv\/et\/wp-json\/wp\/v2\/product\/24657","targetHints":{"allow":["GET"]}}],"collection":[{"href":"https:\/\/asura.lv\/et\/wp-json\/wp\/v2\/product"}],"about":[{"href":"https:\/\/asura.lv\/et\/wp-json\/wp\/v2\/types\/product"}],"replies":[{"embeddable":true,"href":"https:\/\/asura.lv\/et\/wp-json\/wp\/v2\/comments?post=24657"}],"wp:featuredmedia":[{"embeddable":true,"href":"https:\/\/asura.lv\/et\/wp-json\/wp\/v2\/media\/24658"}],"wp:attachment":[{"href":"https:\/\/asura.lv\/et\/wp-json\/wp\/v2\/media?parent=24657"}],"wp:term":[{"taxonomy":"product_brand","embeddable":true,"href":"https:\/\/asura.lv\/et\/wp-json\/wp\/v2\/product_brand?post=24657"},{"taxonomy":"product_cat","embeddable":true,"href":"https:\/\/asura.lv\/et\/wp-json\/wp\/v2\/product_cat?post=24657"},{"taxonomy":"product_tag","embeddable":true,"href":"https:\/\/asura.lv\/et\/wp-json\/wp\/v2\/product_tag?post=24657"}],"curies":[{"name":"wp","href":"https:\/\/api.w.org\/{rel}","templated":true}]}}