{"id":24783,"date":"2025-11-28T20:49:40","date_gmt":"2025-11-28T20:49:40","guid":{"rendered":"https:\/\/asura.lv\/product\/habotest-ht108l-digital-universal-multimeter\/"},"modified":"2025-12-12T14:49:59","modified_gmt":"2025-12-12T12:49:59","slug":"habotest-ht108l-digital-universal-multimeter","status":"publish","type":"product","link":"https:\/\/asura.lv\/et\/toode\/habotest-ht108l-digital-universal-multimeter\/","title":{"rendered":"Habotest HT108L digitaalne universaalne multimeeter"},"content":{"rendered":"<h3>Habotest HT108L digitaalne universaalne multimeeter<\/h3>\n<p>Habotest HT108L digitaalne multimeeter on multifunktsionaalne seade, mis on kasulik elektrit\u00f6\u00f6del. Toode v\u00f5imaldab m\u00f5\u00f5ta pinget, takistust ja paljusid muid v\u00e4\u00e4rtusi. Multimeetril on h\u00f5lpsasti loetav ekraan, mis v\u00f5imaldab teil m\u00f5\u00f5tmistulemusi mugavalt lugeda, lisaks on see varustatud taskulambi ja praktiliste nuppudega.<\/p>\n<p><img decoding=\"async\" src=\"https:\/\/b2b.innpro.pl\/data\/include\/cms\/04Habotest\/HT108L\/1.jpg\"><\/p>\n<h3>Paljud kasulikud funktsioonid<\/h3>\n<p>Habotest HT108L digitaalne universaalne multimeeter on mugav seade, mis \u00fcllatab oma tohutute v\u00f5imalustega. See v\u00f5imaldab teil suure t\u00e4psusega m\u00f5\u00f5ta muuhulgas vahelduv- ja alalisvoolu pinget, takistust, voolujuhet v\u00f5i mahtuvust. See v\u00f5imaldab teil ka dioode testida ja t\u00e4nu praktilistele nuppudele saate t\u00f5husalt valida sobiva funktsiooni.<\/p>\n<p><img decoding=\"async\" src=\"https:\/\/b2b.innpro.pl\/data\/include\/cms\/04Habotest\/HT108L\/5.jpg\"><\/p>\n<h3>H\u00e4sti disainitud<\/h3>\n<p>Seadme v\u00e4ike suurus (130 x 70 x 23 mm) muudab multimeetri k\u00e4tte sobivaks ja tagab suure kasutusmugavuse. Seda toidab kaks AAA-patareid, mida saab h\u00f5lpsalt eemaldada ja vahetada. Pehmest materjalist korpus on meeldiv puudutada, lisaks pakub see t\u00f5husat isolatsiooni ja on kukkumiskindel.<\/p>\n<p><img decoding=\"async\" src=\"https:\/\/b2b.innpro.pl\/data\/include\/cms\/04Habotest\/HT108L\/9.jpg\"><\/p>\n<h3>Kaasas<\/h3>\n<ul>\n<li>Digitaalne universaalne multimeeter<\/li>\n<li>Testjuhtmed<\/li>\n<li>Kasutusjuhend<\/li>\n<\/ul>\n<div class=\"table-wrapper\">\n<table>\n<tbody>\n<tr>\n<th>Tootja<\/th>\n<td>Habotest<\/td>\n<\/tr>\n<tr>\n<th>Mudel<\/th>\n<td>HT108L<\/td>\n<\/tr>\n<tr>\n<th>Alalisvoolu pinge m\u00f5\u00f5tmine vahemik<\/th>\n<td>200mV\/2V\/20V\/200V\/600V<\/td>\n<\/tr>\n<tr>\n<th>Vahelduvpinge m\u00f5\u00f5tevahemik<\/th>\n<td>20V\/200V\/600V<\/td>\n<\/tr>\n<tr>\n<th>Alalisvoolu m\u00f5\u00f5tevahemik<\/th>\n<td>20mA\/200mA<\/td>\n<\/tr>\n<tr>\n<th>Takistuse m\u00f5\u00f5tevahemik<\/th>\n<td>200kH\/2kH\/20kH\/200kH\/2MH\/20MH<\/td>\n<\/tr>\n<tr>\n<th>Dioodide testimine<\/th>\n<td>Jah<\/td>\n<\/tr>\n<tr>\n<th>Loengute arv<\/th>\n<td>2000<\/td>\n<\/tr>\n<tr>\n<th>Andmed salvestusruum<\/th>\n<td>Jah<\/td>\n<\/tr>\n<tr>\n<th>Tegelik RMS-v\u00e4\u00e4rtus<\/th>\n<td>Jah<\/td>\n<\/tr>\n<tr>\n<th>Aku t\u00fchjenemise indikaator<\/th>\n<td>Jah<\/td>\n<\/tr>\n<tr>\n<th>Automaatne v\u00e4ljal\u00fclitus<\/th>\n<td>Jah<\/td>\n<\/tr>\n<tr>\n<th>Taustvalgustus<\/th>\n<td>Jah<\/td>\n<\/tr>\n<tr>\n<th>Toiteallikas<\/th>\n<td>2 x 1,5 V AAA-patareid<\/td>\n<\/tr>\n<tr>\n<th>Ohutus<\/th>\n<td>EN61010-2-030 EN61010-2-033 CAT III 600V<\/td>\n<\/tr>\n<tr>\n<th>Kaal<\/th>\n<td>Ligikaudu 105 g<\/td>\n<\/tr>\n<tr>\n<th>M\u00f5\u00f5tmed<\/th>\n<td>128 x 67 x 36 mm<\/td>\n<\/tr>\n<\/tbody>\n<\/table>\n<\/div>\n","protected":false},"excerpt":{"rendered":"<p>Habotest HT108L digitaalne universaalne multimeeter Habotest HT108L digitaalne multimeeter on multifunktsionaalne seade, mis on kasulik elektrit\u00f6\u00f6del. Toode v\u00f5imaldab m\u00f5\u00f5ta pinget, takistust ja paljusid muid v\u00e4\u00e4rtusi. Multimeetril on h\u00f5lpsasti loetav ekraan, mis v\u00f5imaldab teil m\u00f5\u00f5tmistulemusi mugavalt lugeda, lisaks on see varustatud taskulambi ja praktiliste nuppudega. Paljud kasulikud funktsioonid Habotest HT108L digitaalne universaalne multimeeter on mugav seade, [&#8230;]\n","protected":false},"featured_media":24784,"comment_status":"open","ping_status":"closed","template":"","meta":[],"product_brand":[282],"product_cat":[876],"product_tag":[],"class_list":{"0":"post-24783","1":"product","2":"type-product","3":"status-publish","4":"has-post-thumbnail","6":"product_brand-habotest","7":"product_cat-measuring-tools-tools-home-and-garden","9":"first","10":"outofstock","11":"taxable","12":"shipping-taxable","13":"purchasable","14":"product-type-simple"},"aioseo_notices":[],"_links":{"self":[{"href":"https:\/\/asura.lv\/et\/wp-json\/wp\/v2\/product\/24783","targetHints":{"allow":["GET"]}}],"collection":[{"href":"https:\/\/asura.lv\/et\/wp-json\/wp\/v2\/product"}],"about":[{"href":"https:\/\/asura.lv\/et\/wp-json\/wp\/v2\/types\/product"}],"replies":[{"embeddable":true,"href":"https:\/\/asura.lv\/et\/wp-json\/wp\/v2\/comments?post=24783"}],"wp:featuredmedia":[{"embeddable":true,"href":"https:\/\/asura.lv\/et\/wp-json\/wp\/v2\/media\/24784"}],"wp:attachment":[{"href":"https:\/\/asura.lv\/et\/wp-json\/wp\/v2\/media?parent=24783"}],"wp:term":[{"taxonomy":"product_brand","embeddable":true,"href":"https:\/\/asura.lv\/et\/wp-json\/wp\/v2\/product_brand?post=24783"},{"taxonomy":"product_cat","embeddable":true,"href":"https:\/\/asura.lv\/et\/wp-json\/wp\/v2\/product_cat?post=24783"},{"taxonomy":"product_tag","embeddable":true,"href":"https:\/\/asura.lv\/et\/wp-json\/wp\/v2\/product_tag?post=24783"}],"curies":[{"name":"wp","href":"https:\/\/api.w.org\/{rel}","templated":true}]}}