{"id":24819,"date":"2025-11-28T20:49:37","date_gmt":"2025-11-28T20:49:37","guid":{"rendered":"https:\/\/asura.lv\/product\/charger-skyrc-t400q\/"},"modified":"2025-12-12T14:49:57","modified_gmt":"2025-12-12T12:49:57","slug":"charger-skyrc-t400q","status":"publish","type":"product","link":"https:\/\/asura.lv\/et\/toode\/charger-skyrc-t400q\/","title":{"rendered":"Laadija SKYRC T400Q"},"content":{"rendered":"<h3>SkyRC T400Q laadija<\/h3>\n<p>SkyRC T400Q neljakanaliline laadija on iga modelleerija jaoks h\u00e4davajalik vidin! Laadija garanteerib mitme seadme mugava samaaegse laadimise. See on varustatud 4 pordiga, mis v\u00f5imaldavad t\u00fchjendamist ja laadimist maksimaalse v\u00f5imsusega kuni 100 vatti ja laadimisvooluga 12 A. See reguleerib automaatselt seadmete laadimise intensiivsust ja sellel on praktiline madala temperatuuriga laadimisre\u017eiim. Seda on \u00e4\u00e4rmiselt lihtne kasutada ja selle ergonoomiline disain v\u00f5imaldab teil seda probleemideta k\u00f5ikjale transportida!<\/p>\n<p><img decoding=\"async\" src=\"https:\/\/b2b.innpro.pl\/data\/include\/cms\/SkyRC\/T400Q\/1.jpg\"><\/p>\n<h3>Suur j\u00f5udlus<\/h3>\n<p>T400Q-l on 4 s\u00f5ltumatut laadimisporti, mida saate h\u00f5lpsalt samaaegselt kasutada! See annab kuni 100 vatti v\u00f5imsust ja 12 amprit vooluahela kohta, nii et saate oma vastuv\u00f5tja akut v\u00f5i 6S liitiumakusid kiiresti laadida. Lisaks suudab see t\u00e4nu kullatud vedruklemmidele pikema aja jooksul taluda maksimaalselt 60 A voolu, ilma et temperatuur \u00fcletaks 80 \u00b0C.<\/p>\n<p><img decoding=\"async\" src=\"https:\/\/b2b.innpro.pl\/data\/include\/cms\/SkyRC\/T400Q\/3.jpg\"><\/p>\n<h3>Lai \u00fchilduvus<\/h3>\n<p>SkyRc laadija sobib mitmesugustele akudele. Selle laadimisalgoritm \u00fchildub paljude turul saadaolevate populaarsete akut\u00fc\u00fcpidega &#8211; LiPo, Lilon, LiHV, NiMH, NiCd ja Pb. Lisaks hoiab sisseehitatud XT60 pistik t\u00f5husalt \u00e4ra vastupidise polaarsuse, tagades usaldusv\u00e4\u00e4rse t\u00f6\u00f6.<\/p>\n<p><img decoding=\"async\" src=\"https:\/\/b2b.innpro.pl\/data\/include\/cms\/SkyRC\/T400Q\/2.jpg\"><\/p>\n<h3>Talveks valmis<\/h3>\n<p>Laadijal on AGM ja Pb laadimisre\u017eiimid, mis laadivad t\u00fchjenenud akut h\u00f5lpsalt (Pb re\u017eiim ei ole AGM akude jaoks saadaval). Lisaks on sellel spetsiaalne madala temperatuuri laadimise funktsioon, nii et te ei pea k\u00fclma ilmaga muretsema oma auto v\u00f5i lennukimudeli aku probleemide p\u00e4rast!<\/p>\n<p><img decoding=\"async\" src=\"https:\/\/b2b.innpro.pl\/data\/include\/cms\/SkyRC\/T400Q\/5.jpg\"><\/p>\n<h3>Lihtne kasutada<\/h3>\n<p>Laadijat on \u00e4\u00e4rmiselt lihtne kasutada! T\u00e4nu intuitiivsetele nuppudele ja LCD-ekraanile saab iga\u00fcks \u2013 isegi kogenematud kasutajad \u2013 sellega h\u00f5lpsalt hakkama. INC- v\u00f5i DEC-klahvide abil saate v\u00e4\u00e4rtusi h\u00f5lpsalt reguleerida. Laadimise alustamiseks peate vaid vajutama sisestusklahvi. Juba p\u00e4rast \u00fchte kasutuskorda on aku k\u00e4sitsemine teie k\u00e4eulatuses! Lisaks v\u00f5imaldab seade teil reguleerida klemmide pinget (ainult edasij\u00f5udnutele kasutajatele).<\/p>\n<p><img decoding=\"async\" src=\"https:\/\/b2b.innpro.pl\/data\/include\/cms\/SkyRC\/T400Q\/6.jpg\"><\/p>\n<h3>Ergonoomiline disain<\/h3>\n<p>Minimalistlik disain koos funktsionaalsusega. Laadija kompaktne disain ei v\u00f5ta palju ruumi. Lisaks on seade varustatud praktilise k\u00e4epidemega mugavaks transportimiseks. <\/p>\n<p><img decoding=\"async\" src=\"https:\/\/b2b.innpro.pl\/data\/include\/cms\/SkyRC\/T400Q\/7.jpg\"><\/p>\n<h3>Ohutu kasutamine<\/h3>\n<p>T400Q on varustatud praktilise AUTO-re\u017eiimiga, mis reguleerib laadimise v\u00f5i t\u00fchjendamise ajal automaatselt voolutugevust, mis v\u00f5ib eba\u00f5ige kasutamise korral p\u00f5hjustada plahvatusi. Liitiumakude puhul hoiab see t\u00f5husalt \u00e4ra \u00fclelaadimise. Lisaks suudab seade automaatselt vooluringi katkestada ja rikke tuvastamise korral teid hoiatada. Saate k\u00f5iki saadaolevaid s\u00e4tteid ise h\u00f5lpsalt konfigureerida.<\/p>\n<p><img decoding=\"async\" src=\"https:\/\/b2b.innpro.pl\/data\/include\/cms\/SkyRC\/T400Q\/10.jpg\"><\/p>\n<div class=\"table-wrapper\">\n<table>\n<tbody>\n<tr>\n<th>Tootja<\/th>\n<td>SkyRC<\/td>\n<\/tr>\n<tr>\n<th>Mudel<\/th>\n<td>T400Q<\/td>\n<\/tr>\n<tr>\n<th>M\u00f5\u00f5tmed<\/th>\n<td>186 x 103 x 209 mm<\/td>\n<\/tr>\n<tr>\n<th>Kaal<\/th>\n<td>1610 g<\/td>\n<\/tr>\n<tr>\n<th>Korpus materjal<\/th>\n<td>Plastid<\/td>\n<\/tr>\n<tr>\n<th>Ekraani t\u00fc\u00fcp<\/th>\n<td>2 x 16 LCD<\/td>\n<\/tr>\n<tr>\n<th>Ekraani taustvalgustus<\/th>\n<td>Sinine <\/td>\n<\/tr>\n<tr>\n<th>Laadimisv\u00f5imsus<\/th>\n<td>100W x 4<\/td>\n<\/tr>\n<tr>\n<th>T\u00fchjendusv\u00f5imsus<\/th>\n<td>10W<\/td>\n<\/tr>\n<tr>\n<th>Alalisvoolu sisendpinge<\/th>\n<td>11\u201318 V<\/td>\n<\/tr>\n<tr>\n<th>Vahelduvvoolu sisendpinge<\/th>\n<td>100\u2013240 V 50\/60 Hz<\/td>\n<\/tr>\n<tr>\n<th>Aku t\u00fc\u00fcbid<\/th>\n<td>LiPo\/LiHV.LiFe\/Lilon: 1-6S, NiMH\/NiCd: 1-15S, Pb: 2-20V<\/td>\n<\/tr>\n<tr>\n<th>Aku mahtuvuse vahemik<\/th>\n<td>NiMH\/NiCd: 100-50000 mAh LiPo\/LiFe\/LiHV: 100-50000 mAh Pb: 100-50000 mAh<\/td>\n<\/tr>\n<tr>\n<th>Laadimispinge<\/th>\n<td>NiMH\/NiCd: Delta tipptuvastus, LiPo: 4,18-4,25 V\/S, LiFe: 3,58-3,7 V\/S, Lilon: 4,08-4,2 V\/S, LiHV: 4,25-4,35 V\/S, Pb: 1,8\u20132,0 V\/S<\/td>\n<\/tr>\n<tr>\n<th>T\u00fchjendusvoolu piirpinge<\/th>\n<td>NiMH\/NiCd: 0,1\u20131,1 V\/S, LiPo: 3,0\u20133,3 V\/S, LiFe: 2,6\u20132,0 V\/S, LiIon: 2,9\u20133,2 V\/S, LiHV: 3,1\u20133,4 V\/S<\/td>\n<\/tr>\n<tr>\n<th>Laadimispinge vahemik<\/th>\n<td>0,1\u201326,1 V\/element<\/td>\n<\/tr>\n<tr>\n<th>Laadimisvool<\/th>\n<td>0,1 A \u2013 12,0 A<\/td>\n<\/tr>\n<tr>\n<th>T\u00fchjendusvool<\/th>\n<td>0,1 A \u2013 12,0 A<\/td>\n<\/tr>\n<tr>\n<th>Tasakaalustusvool<\/th>\n<td>500 mA<\/td>\n<\/tr>\n<tr>\n<th>Ohutusaeg<\/th>\n<td>1 ~ 720 min &amp; v\u00e4ljal\u00fclitamine (vaikimisi: 120 min)<\/td>\n<\/tr>\n<tr>\n<th>T\u00f6\u00f6temperatuur<\/th>\n<td>0 \u00b0C\u201340 \u00b0C<\/td>\n<\/tr>\n<tr>\n<th>T\u00f6\u00f6niiskus<\/th>\n<td>0\u201375%<\/td>\n<\/tr>\n<tr>\n<th>S\u00e4ilitustemperatuur<\/th>\n<td>\u201310 \u00b0C\u201370 \u00b0C<\/td>\n<\/tr>\n<tr>\n<th>S\u00e4ilitusniiskus<\/th>\n<td>0\u201375%<\/td>\n<\/tr>\n<\/tbody>\n<\/table>\n<\/div>\n","protected":false},"excerpt":{"rendered":"<p>SkyRC T400Q laadija SkyRC T400Q neljakanaliline laadija on iga modelleerija jaoks h\u00e4davajalik vidin! Laadija garanteerib mitme seadme mugava samaaegse laadimise. See on varustatud 4 pordiga, mis v\u00f5imaldavad t\u00fchjendamist ja laadimist maksimaalse v\u00f5imsusega kuni 100 vatti ja laadimisvooluga 12 A. See reguleerib automaatselt seadmete laadimise intensiivsust ja sellel on praktiline madala temperatuuriga laadimisre\u017eiim. Seda on \u00e4\u00e4rmiselt [&#8230;]\n","protected":false},"featured_media":24820,"comment_status":"open","ping_status":"closed","template":"","meta":[],"product_brand":[82],"product_cat":[1437],"product_tag":[],"class_list":{"0":"post-24819","1":"product","2":"type-product","3":"status-publish","4":"has-post-thumbnail","6":"product_brand-skyrc","7":"product_cat-chargers","9":"first","10":"outofstock","11":"taxable","12":"shipping-taxable","13":"purchasable","14":"product-type-simple"},"aioseo_notices":[],"_links":{"self":[{"href":"https:\/\/asura.lv\/et\/wp-json\/wp\/v2\/product\/24819","targetHints":{"allow":["GET"]}}],"collection":[{"href":"https:\/\/asura.lv\/et\/wp-json\/wp\/v2\/product"}],"about":[{"href":"https:\/\/asura.lv\/et\/wp-json\/wp\/v2\/types\/product"}],"replies":[{"embeddable":true,"href":"https:\/\/asura.lv\/et\/wp-json\/wp\/v2\/comments?post=24819"}],"wp:featuredmedia":[{"embeddable":true,"href":"https:\/\/asura.lv\/et\/wp-json\/wp\/v2\/media\/24820"}],"wp:attachment":[{"href":"https:\/\/asura.lv\/et\/wp-json\/wp\/v2\/media?parent=24819"}],"wp:term":[{"taxonomy":"product_brand","embeddable":true,"href":"https:\/\/asura.lv\/et\/wp-json\/wp\/v2\/product_brand?post=24819"},{"taxonomy":"product_cat","embeddable":true,"href":"https:\/\/asura.lv\/et\/wp-json\/wp\/v2\/product_cat?post=24819"},{"taxonomy":"product_tag","embeddable":true,"href":"https:\/\/asura.lv\/et\/wp-json\/wp\/v2\/product_tag?post=24819"}],"curies":[{"name":"wp","href":"https:\/\/api.w.org\/{rel}","templated":true}]}}