{"id":24831,"date":"2025-11-28T20:49:36","date_gmt":"2025-11-28T20:49:36","guid":{"rendered":"https:\/\/asura.lv\/product\/wifi-smart-power-meter-switch-sonoff-powr320d\/"},"modified":"2025-12-12T14:49:55","modified_gmt":"2025-12-12T12:49:55","slug":"wifi-smart-power-meter-switch-sonoff-powr320d","status":"publish","type":"product","link":"https:\/\/asura.lv\/et\/toode\/wifi-smart-power-meter-switch-sonoff-powr320d\/","title":{"rendered":"WiFi nutikas v\u00f5imsusm\u00f5\u00f5turi l\u00fcliti Sonoff POWR320D"},"content":{"rendered":"<h3>Nutikas voolum\u00f5\u00f5tja l\u00fcliti Sonoff POWR320D<\/h3>\n<p>Halda oma kodumasinaid mugavalt diivanilt t\u00f5usmata! Nutikas relee Sonoff POWR320D v\u00f5imaldab sul oma kodumasinaid kaugjuhtimise teel juhtida rakenduste v\u00f5i h\u00e4\u00e4lassistentide abil. See v\u00f5imaldab j\u00e4lgida kogunenud andmeid ning m\u00e4\u00e4rata konkreetseid v\u00e4\u00e4rtusi p\u00e4eva, n\u00e4dala v\u00f5i kuu energiatarbimiseks. See on varustatud ka \u00fclekoormuskaitsega ja selle maksimaalne koormusvool on takistuslike koormuste korral 20A.<\/p>\n<p><img decoding=\"async\" src=\"https:\/\/b2b.innpro.pl\/data\/include\/cms\/01Sonoff\/POWR320D\/6.jpg\"><\/p>\n<h3>S\u00e4\u00e4sta energiat ja raha<\/h3>\n<p>M\u00e4\u00e4rake oma energiatarbimise parameetrid, et v\u00e4hendada oma elektriarveid. Saate h\u00f5lpsalt reguleerida nii p\u00e4eva, n\u00e4dala kui ka kuu energiatarbimise v\u00e4\u00e4rtusi kodus \u2013 kui tarbimiseesm\u00e4rk on saavutatud, saate oma nutitelefoni teate. L\u00fclitil on ka aeglaselt liikuv re\u017eiim, mis l\u00fclitab seadmed iga kord teatud aja m\u00f6\u00f6dudes automaatselt v\u00e4lja. Raha s\u00e4\u00e4stmine pole kunagi varem olnud nii lihtne!<\/p>\n<p><img decoding=\"async\" src=\"https:\/\/b2b.innpro.pl\/data\/include\/cms\/01Sonoff\/POWR320D\/9.jpg\"><\/p>\n<h3>Mitmed rakendused<\/h3>\n<p>Sonoffi kaubam\u00e4rgi l\u00fcliti on kasulik peaaegu k\u00f5ikjal. Selle abil saate muu hulgas kontrollida igakuist elektritarbimist kaubanduskeskuses v\u00f5i talus. Samuti saate seda kasutada oma garaa\u017ei v\u00f5i basseini igap\u00e4evase energiatarbimise juhtimiseks.<\/p>\n<p><img decoding=\"async\" src=\"https:\/\/b2b.innpro.pl\/data\/include\/cms\/01Sonoff\/POWR320D\/7.jpg\"><\/p>\n<h3>Kohandatud teie p\u00e4evale<\/h3>\n<p>Kohandage l\u00fclitiga \u00fchendatud seadmed oma p\u00e4evakavaga. Toode on varustatud taimeriga, nii et saate n\u00e4iteks seadistada, millal soovite, et tuli s\u00fcttiks ja millal see kustuks. Lisaks saab l\u00fcliti t\u00f6\u00f6tada ka ilma WiFi-\u00fchenduseta \u2013 kasutage lihtsalt LAN-toe funktsiooni.<\/p>\n<p><img decoding=\"async\" src=\"https:\/\/b2b.innpro.pl\/data\/include\/cms\/01Sonoff\/POWR320D\/5.jpg\"><\/p>\n<h3>Veelgi parem juurdep\u00e4\u00e4s teabele<\/h3>\n<p>Juhtige l\u00fcliti kogutud andmeid mugavalt. \u00dchendage POWR320D eWeLinki rakendusega, et seda oma telefonist j\u00e4lgida! Samuti saate oma s\u00fclearvutisse installida spetsiaalse lisandmooduli, et n\u00e4ha, millised seadmed on sisse l\u00fclitatud v\u00f5i kontrollida oma korteri energiatarbimist. Lisaks salvestab relee kogunenud andmeid kuni 6 kuud \u2013 soovi korral saate need edukalt eksportida ja oma telefoni salvestada. Seadmel on ka sisseehitatud LCD-ekraan, mis hoiab sind kursis muuhulgas kogu energiatarbimise, vastuv\u00f5tja hetkev\u00f5imsuse ja voolutarbimisega.\u0412\u00a0<\/p>\n<p><img decoding=\"async\" src=\"https:\/\/b2b.innpro.pl\/data\/include\/cms\/01Sonoff\/POWR320D\/1.jpg\"><\/p>\n<h3>H\u00e4\u00e4ljuhtimine<\/h3>\n<p>Nutil\u00fcliti t\u00f6\u00f6tab Google Assistant ja Amazon Alexa h\u00e4\u00e4lassistentidega. Vaid m\u00f5ne s\u00f5naga saad mugavalt oma \u00fchendatud seadmeid juhtida! Tulede kustutamiseks ei pea isegi voodist t\u00f5usma. Lisaks \u00fchildub toode ka IFTTT ja Alexa Energy Dashboard tarkvaraga, mis v\u00f5imaldab teil j\u00e4lgida oma elektritarbimist.<\/p>\n<p><img decoding=\"async\" src=\"https:\/\/b2b.innpro.pl\/data\/include\/cms\/01Sonoff\/POWR320D\/8.jpg\"><\/p>\n<h3>\u00dclim turvalisus<\/h3>\n<p>Kasutage Sonoffi nutikat l\u00fclitit ilma ohutuse p\u00e4rast muretsemata. Seade on varustatud t\u00e4iustatud \u00fclekoormuskaitsega, mis l\u00fclitab \u00fchendatud seadmed automaatselt v\u00e4lja, kui seatud voolutugevus on saavutatud. Lisaks on seadme korpus valmistatud kvaliteetsest PC-materjalist, mis pakub t\u00f5husat kaitset tule eest.<\/p>\n<p><img decoding=\"async\" src=\"https:\/\/b2b.innpro.pl\/data\/include\/cms\/01Sonoff\/POWR320D\/4.jpg\"><\/p>\n<h3>Kaasas<\/h3>\n<ul>\n<li>nutil\u00fcliti<\/li>\n<li>k\u00e4epide<\/li>\n<li>kasutusjuhend<\/li>\n<\/ul>\n<div class=\"table-wrapper\">\n<table>\n<tbody>\n<tr>\n<th>Mudel<\/th>\n<td>POWR320D<\/td>\n<\/tr>\n<tr>\n<th>M\u00f5\u00f5tmed<\/th>\n<td>98 x 54 x 31 mm<\/td>\n<\/tr>\n<tr>\n<th>V\u00e4rv<\/th>\n<td>Valge<\/td>\n<\/tr>\n<tr>\n<th>Sisend\/v\u00e4ljund<\/th>\n<td>100\u2013240 V, 50\/60 Hz, 20 A max<\/td>\n<\/tr>\n<tr>\n<th>Korpuse materjal<\/th>\n<td>PC V0<\/td>\n<\/tr>\n<tr>\n<th>WiFi-\u00fchendus<\/th>\n<td>IEEE 802.11 b\/g\/n 2,4 GHz<\/td>\n<\/tr>\n<tr>\n<th>Maksimaalne koormusvool:<\/th>\n<td>20 A takistuslike koormuste korral<\/td>\n<\/tr>\n<\/tbody>\n<\/table>\n<\/div>\n","protected":false},"excerpt":{"rendered":"<p>Nutikas voolum\u00f5\u00f5tja l\u00fcliti Sonoff POWR320D Halda oma kodumasinaid mugavalt diivanilt t\u00f5usmata! Nutikas relee Sonoff POWR320D v\u00f5imaldab sul oma kodumasinaid kaugjuhtimise teel juhtida rakenduste v\u00f5i h\u00e4\u00e4lassistentide abil. See v\u00f5imaldab j\u00e4lgida kogunenud andmeid ning m\u00e4\u00e4rata konkreetseid v\u00e4\u00e4rtusi p\u00e4eva, n\u00e4dala v\u00f5i kuu energiatarbimiseks. See on varustatud ka \u00fclekoormuskaitsega ja selle maksimaalne koormusvool on takistuslike koormuste korral 20A. S\u00e4\u00e4sta [&#8230;]\n","protected":false},"featured_media":24832,"comment_status":"open","ping_status":"closed","template":"","meta":[],"product_brand":[203],"product_cat":[918],"product_tag":[],"class_list":{"0":"post-24831","1":"product","2":"type-product","3":"status-publish","4":"has-post-thumbnail","6":"product_brand-sonoff","7":"product_cat-smart-controllers","9":"first","10":"outofstock","11":"taxable","12":"shipping-taxable","13":"purchasable","14":"product-type-simple"},"aioseo_notices":[],"_links":{"self":[{"href":"https:\/\/asura.lv\/et\/wp-json\/wp\/v2\/product\/24831","targetHints":{"allow":["GET"]}}],"collection":[{"href":"https:\/\/asura.lv\/et\/wp-json\/wp\/v2\/product"}],"about":[{"href":"https:\/\/asura.lv\/et\/wp-json\/wp\/v2\/types\/product"}],"replies":[{"embeddable":true,"href":"https:\/\/asura.lv\/et\/wp-json\/wp\/v2\/comments?post=24831"}],"wp:featuredmedia":[{"embeddable":true,"href":"https:\/\/asura.lv\/et\/wp-json\/wp\/v2\/media\/24832"}],"wp:attachment":[{"href":"https:\/\/asura.lv\/et\/wp-json\/wp\/v2\/media?parent=24831"}],"wp:term":[{"taxonomy":"product_brand","embeddable":true,"href":"https:\/\/asura.lv\/et\/wp-json\/wp\/v2\/product_brand?post=24831"},{"taxonomy":"product_cat","embeddable":true,"href":"https:\/\/asura.lv\/et\/wp-json\/wp\/v2\/product_cat?post=24831"},{"taxonomy":"product_tag","embeddable":true,"href":"https:\/\/asura.lv\/et\/wp-json\/wp\/v2\/product_tag?post=24831"}],"curies":[{"name":"wp","href":"https:\/\/api.w.org\/{rel}","templated":true}]}}