{"id":24843,"date":"2025-11-28T20:49:36","date_gmt":"2025-11-28T20:49:36","guid":{"rendered":"https:\/\/asura.lv\/product\/smart-yeelight-staria-bedside-lamp-pro\/"},"modified":"2025-12-12T14:49:55","modified_gmt":"2025-12-12T12:49:55","slug":"smart-yeelight-staria-bedside-lamp-pro","status":"publish","type":"product","link":"https:\/\/asura.lv\/et\/toode\/smart-yeelight-staria-bedside-lamp-pro\/","title":{"rendered":"Nutikas Yeelight Staria \u00f6\u00f6lamp Pro"},"content":{"rendered":"<p><img decoding=\"async\" style=\"display: block; margin-left: auto; margin-right: auto;\" src=\"\/data\/include\/cms\/1_DOMINIK\/xiaomi_logo1.png\" border=\"0\" alt=\"\" \/><\/p>\n<p style=\"text-align: center;\"><span style=\"font-size: 10pt;\"><strong>Yeelight<\/strong> br\u00e4nd on osa Xiaomi \u00f6kos\u00fcsteemist. <\/span><\/p>\n<h3>Yeelight Staria Pro nutikas \u00f6\u00f6valgusti.<\/h3>\n<p>Yeelight Staria Pro on nutikas \u00f6\u00f6valgusti, mis lisaks erineva heleduse ja v\u00e4rvitemperatuuriga valguse pakkumisele v\u00f5imaldab teil ka nutitelefoni juhtmevabalt laadida. \u00dchilduvuse t\u00f5ttu Google Assistant, Apple HomeKiti, SmartThingsi ja Alexaga saate seda oma h\u00e4\u00e4lega juhtida.<\/p>\n<p><img decoding=\"async\" src=\"https:\/\/b2b.innpro.pl\/data\/include\/cms\/12Yeelight\/YLCT03YL\/1.jpg\" alt=\"12Yeelight\/YLCT03YL\/1\"><\/p>\n<h3>Juhtmevaba laadimine<\/h3>\n<p>Staria Pro valgusti abil saate juhtmevabalt laadida nutitelefone v\u00f5i k\u00f5rvaklappe, millel on induktiivne laadimisv\u00f5imalus. 10W v\u00f5imsusega laadimine on t\u00f5hus ja lisaks paigutatud alumiiniumplaat hajutab soojust ning v\u00f5imaldab veelgi kiiremat laadimist.<\/p>\n<p><img decoding=\"async\" src=\"https:\/\/b2b.innpro.pl\/data\/include\/cms\/12Yeelight\/YLCT03YL\/3.jpg\" alt=\"12Yeelight\/YLCT03YL\/3\"><\/p>\n<h3>T\u00e4iuslik valgus igas olukorras<\/h3>\n<p>Yeelight Staria Pro disainimisel tuginesid insenerid valgusmugavusk\u00f5verale, et tagada, et kiirgav valgus ei v\u00e4sitaks silmi ja oleks v\u00f5imalikult mugav. Staria Pro v\u00f5imaldab teil reguleerida heledust ja v\u00e4rvitemperatuuri, et luua soovitud atmosf\u00e4\u00e4r. Teie otsustada, kas suunata sooja v\u00f5i k\u00fclma valgust ja kui intensiivselt.<\/p>\n<p><img decoding=\"async\" src=\"https:\/\/b2b.innpro.pl\/data\/include\/cms\/12Yeelight\/YLCT03YL\/7.jpg\" alt=\"12Yeelight\/YLCT03YL\/7\"><\/p>\n<h3>Tere, Siri, l\u00fclita tuli sisse<\/h3>\n<p>T\u00e4nu \u00fchilduvusele Apple HomeKiti rakendusega saate Staria Pro \u00f6\u00f6valgustit oma h\u00e4\u00e4lega juhtida. Juhtige seda h\u00f5lpsalt ja mugavalt oma iPhone&#8217;ist, iPadist, Apple Watchist ja Macist. Loo oma nutikodu teiste nutiseadmetega Apple HomeKiti rakenduses.<\/p>\n<p><img decoding=\"async\" src=\"https:\/\/b2b.innpro.pl\/data\/include\/cms\/12Yeelight\/YLCT03YL\/2.jpg\" alt=\"12Yeelight\/YLCT03YL\/2\"><\/p>\n<h3>Veelgi rohkem v\u00f5imalusi<\/h3>\n<p>Lisaks valgusti juhtimisele Yeelighti rakendusega saad selle \u00fchendada ka Google Home&#8217;i, Samsung SmartThingsi ja Amazon Alexa nutis\u00fcsteemidega. See v\u00f5imaldab teil t\u00e4ielikult nautida kaugjuhtimist rakenduse v\u00f5i valitud h\u00e4\u00e4le kaudu.<\/p>\n<p><img decoding=\"async\" src=\"https:\/\/b2b.innpro.pl\/data\/include\/cms\/12Yeelight\/YLCT03YL\/9.jpg\" alt=\"12Yeelight\/YLCT03YL\/9\"><\/p>\n<h3>Lihtne puutetundlik juhtimine<\/h3>\n<p>Kui teil pole nutitelefoni ega muud mobiilseadet l\u00e4heduses, saate seda ka k\u00e4sitsi juhtida. T\u00e4nu puutepaneelile saate reguleerida lambi heledust ja valgustemperatuuri vahemikus 2700\u20136500 K.<\/p>\n<p><img decoding=\"async\" src=\"https:\/\/b2b.innpro.pl\/data\/include\/cms\/12Yeelight\/YLCT03YL\/5.jpg\" alt=\"12Yeelight\/YLCT03YL\/5\"><\/p>\n<h3>Elegantne disain<\/h3>\n<p>Yeelight Staria Pro disainimisel peeti silmas lihtsust ja elegantsi. See on valmistatud k\u00f5rgeima kvaliteediga materjalidest, on meeldiv puudutusele ja \u00e4\u00e4rmiselt vastupidav. Selle ajatu disain muudab selle sobivaks igat t\u00fc\u00fcpi interj\u00f6\u00f6ridesse.<\/p>\n<p><img decoding=\"async\" src=\"https:\/\/b2b.innpro.pl\/data\/include\/cms\/12Yeelight\/YLCT03YL\/8.jpg\" alt=\"12Yeelight\/YLCT03YL\/8\"><\/p>\n<h3>Suurep\u00e4rane valguse hajumine<\/h3>\n<p>Staria Pro tootmisel kasutatud PC-materjalid hajutavad valgust ideaalselt. Lisaks t\u00e4hendab 350 luumenit, et see ei pimesta silmi, mist\u00f5ttu sobib see ideaalselt \u00f6\u00f6lambiks puhkamiseks.<\/p>\n<p><img decoding=\"async\" src=\"https:\/\/b2b.innpro.pl\/data\/include\/cms\/12Yeelight\/YLCT03YL\/10.jpg\" alt=\"12Yeelight\/YLCT03YL\/10\"><\/p>\n<h3>T\u00e4iuslik igas m\u00f5ttes<\/h3>\n<p>Seadme aluse libisemiskindlad silikoonribad tagavad, et lamp ei libise maapinnal ja p\u00fcsib paigal, ning varju 30\u00b0 reguleerimine v\u00f5imaldab teil valguse nurka reguleerida. Saate selle paigutada kuhu iganes soovite ja nautida Yeelighti nutikat valgustust oma kodus.<\/p>\n<p><img decoding=\"async\" src=\"https:\/\/b2b.innpro.pl\/data\/include\/cms\/12Yeelight\/YLCT03YL\/6.jpg\" alt=\"12Yeelight\/YLCT03YL\/6\"><\/p>\n<h3>Kaasas<\/h3>\n<ul>\n<li>Kasutusjuhend<\/li>\n<li>Toiteallikas<\/li>\n<\/ul>\n<div class=\"table-wrapper\">\n<table>\n<tbody>\n<tr>\n<th>Mudel<\/th>\n<td>YLCT03YL<\/td>\n<\/tr>\n<tr>\n<th>V\u00e4rv<\/th>\n<td>Valge<\/td>\n<\/tr>\n<tr>\n<th>Heledus<\/th>\n<td>40lm~400lm @4000K<\/td>\n<\/tr>\n<tr>\n<th>M\u00f5\u00f5tmed<\/th>\n<td>229 x 164 mm<\/td>\n<\/tr>\n<tr>\n<th>V\u00e4rvitemperatuur<\/th>\n<td>2700 K &#8211; 6500 K<\/td>\n<\/tr>\n<tr>\n<th>Laadimisv\u00f5imsus<\/th>\n<td>10W<\/td>\n<\/tr>\n<tr>\n<th>Lambi v\u00f5imsus<\/th>\n<td>22W<\/td>\n<\/tr>\n<tr>\n<th>CRI<\/th>\n<td>95Ra<\/td>\n<\/tr>\n<tr>\n<th>\u00dchenduvus<\/th>\n<td>WiFi (802.11 b\/g\/n 2,4 GHz)<\/td>\n<\/tr>\n<tr>\n<th>Tarkvara<\/th>\n<td>Android 4.4, iOS 8.0 ja k\u00f5rgem<\/td>\n<\/tr>\n<tr>\n<th>Pinge<\/th>\n<td>100\u2013240 V \u2013 50\/60 Hz 0,35 A<\/td>\n<\/tr>\n<tr>\n<th>Kasutusiga<\/th>\n<td>25 000 tundi<\/td>\n<\/tr>\n<\/tbody>\n<\/table>\n<\/div>\n","protected":false},"excerpt":{"rendered":"<p>Yeelight br\u00e4nd on osa Xiaomi \u00f6kos\u00fcsteemist. Yeelight Staria Pro nutikas \u00f6\u00f6valgusti. Yeelight Staria Pro on nutikas \u00f6\u00f6valgusti, mis lisaks erineva heleduse ja v\u00e4rvitemperatuuriga valguse pakkumisele v\u00f5imaldab teil ka nutitelefoni juhtmevabalt laadida. \u00dchilduvuse t\u00f5ttu Google Assistant, Apple HomeKiti, SmartThingsi ja Alexaga saate seda oma h\u00e4\u00e4lega juhtida. Juhtmevaba laadimine Staria Pro valgusti abil saate juhtmevabalt laadida nutitelefone [&#8230;]\n","protected":false},"featured_media":24844,"comment_status":"open","ping_status":"closed","template":"","meta":[],"product_brand":[156],"product_cat":[1035],"product_tag":[],"class_list":{"0":"post-24843","1":"product","2":"type-product","3":"status-publish","4":"has-post-thumbnail","6":"product_brand-yeelight","7":"product_cat-desk-and-night-lamps","9":"first","10":"outofstock","11":"taxable","12":"shipping-taxable","13":"purchasable","14":"product-type-simple"},"aioseo_notices":[],"_links":{"self":[{"href":"https:\/\/asura.lv\/et\/wp-json\/wp\/v2\/product\/24843","targetHints":{"allow":["GET"]}}],"collection":[{"href":"https:\/\/asura.lv\/et\/wp-json\/wp\/v2\/product"}],"about":[{"href":"https:\/\/asura.lv\/et\/wp-json\/wp\/v2\/types\/product"}],"replies":[{"embeddable":true,"href":"https:\/\/asura.lv\/et\/wp-json\/wp\/v2\/comments?post=24843"}],"wp:featuredmedia":[{"embeddable":true,"href":"https:\/\/asura.lv\/et\/wp-json\/wp\/v2\/media\/24844"}],"wp:attachment":[{"href":"https:\/\/asura.lv\/et\/wp-json\/wp\/v2\/media?parent=24843"}],"wp:term":[{"taxonomy":"product_brand","embeddable":true,"href":"https:\/\/asura.lv\/et\/wp-json\/wp\/v2\/product_brand?post=24843"},{"taxonomy":"product_cat","embeddable":true,"href":"https:\/\/asura.lv\/et\/wp-json\/wp\/v2\/product_cat?post=24843"},{"taxonomy":"product_tag","embeddable":true,"href":"https:\/\/asura.lv\/et\/wp-json\/wp\/v2\/product_tag?post=24843"}],"curies":[{"name":"wp","href":"https:\/\/api.w.org\/{rel}","templated":true}]}}