{"id":24909,"date":"2025-11-28T20:49:31","date_gmt":"2025-11-28T20:49:31","guid":{"rendered":"https:\/\/asura.lv\/product\/tempered-glass-nillkin-amazing-cp-pro-for-apple-iphone-14-pro\/"},"modified":"2025-12-12T14:49:50","modified_gmt":"2025-12-12T12:49:50","slug":"tempered-glass-nillkin-amazing-cp-pro-for-apple-iphone-14-pro","status":"publish","type":"product","link":"https:\/\/asura.lv\/et\/toode\/tempered-glass-nillkin-amazing-cp-pro-for-apple-iphone-14-pro\/","title":{"rendered":"Nillkin Amazing CP+ PRO karastatud klaas Apple iPhone 14 jaoks"},"content":{"rendered":"<h3>Nillkin Amazing CP+ PRO karastatud klaas Apple iPhone 14 Pro jaoks<\/h3>\n<p>Valige oma nutitelefoni ekraani t\u00f5estatud kaitse Nillkini karastatud klaasiga. Tootel on 9H k\u00f5vadus ja see on kriimustus- ja l\u00f6\u00f6kkindel. See pakub suurep\u00e4rast l\u00e4bipaistvust ja v\u00e4ga lihtsat paigaldamist.<\/p>\n<p><img decoding=\"async\" src=\"https:\/\/b2b.innpro.pl\/data\/include\/cms\/Nillkin\/Nillkin-CPPRO-Tempered-Glass-AP-IP14-Pro-Black\/1.jpg\"><\/p>\n<h3>Piisav kaitse<\/h3>\n<p>Toode kasutab kvaliteetset 9H k\u00f5vadusega karastatud klaasi, mis muudab selle kriimustus- ja l\u00f6\u00f6kkindlaks. Lisaks hoiab oleofoobne ja h\u00fcdrofoobne kate \u00e4ra rasvastumise ja inetute s\u00f5rmej\u00e4lgede j\u00e4tmise.<\/p>\n<p><img decoding=\"async\" src=\"https:\/\/b2b.innpro.pl\/data\/include\/cms\/Nillkin\/Nillkin-CPPRO-Tempered-Glass-AP-IP14-Pro-Black\/4.jpg\"><\/p>\n<h3>L\u00e4bim\u00f5eldud disain<\/h3>\n<p>Tugevdatud servadega 2,5D disain toetab ekraani t\u00f5husat kaitset. Lisaks tagab klaasi k\u00f5rge l\u00e4bipaistvus laitmatu pildi, samas kui \u00f5huke struktuur tagab, et puutetundlikkus ei m\u00f5juta seda. Valige funktsionaalsuse ja mugavuse kombinatsioon \u2013 kompromisse pole!<\/p>\n<p><img decoding=\"async\" src=\"https:\/\/b2b.innpro.pl\/data\/include\/cms\/Nillkin\/Nillkin-CPPRO-Tempered-Glass-AP-IP14-Pro-Black\/7.jpg\"><\/p>\n<h3>Komplekt sisaldab:<\/h3>\n<ul>\n<li>Karastatud klaas<\/li>\n<li>Kuiv lapp<\/li>\n<li>Puhastuskleebised<\/li>\n<li>M\u00e4rg lapp<\/li>\n<\/ul>\n<div class=\"table-wrapper\">\n<table>\n<tbody>\n<tr>\n<th>Tootja<\/th>\n<td>Nillkin<\/td>\n<\/tr>\n<tr>\n<th>Nimi<\/th>\n<td>Nillkin H Tempered Glass IP 14 Pro<\/td>\n<\/tr>\n<tr>\n<th>Otstarve<\/th>\n<td>iPhone 14 Pro<\/td>\n<\/tr>\n<tr>\n<th>Materjal<\/th>\n<td>Karastatud klaas 9H<\/td>\n<\/tr>\n<tr>\n<th>Kaal<\/th>\n<td>20,4 g<\/td>\n<\/tr>\n<tr>\n<th>M\u00f5\u00f5tmed<\/th>\n<td>146,27 x 71,35 x 0,33 mm<\/td>\n<\/tr>\n<\/tbody>\n<\/table>\n<\/div>\n","protected":false},"excerpt":{"rendered":"<p>Nillkin Amazing CP+ PRO karastatud klaas Apple iPhone 14 Pro jaoks Valige oma nutitelefoni ekraani t\u00f5estatud kaitse Nillkini karastatud klaasiga. Tootel on 9H k\u00f5vadus ja see on kriimustus- ja l\u00f6\u00f6kkindel. See pakub suurep\u00e4rast l\u00e4bipaistvust ja v\u00e4ga lihtsat paigaldamist. Piisav kaitse Toode kasutab kvaliteetset 9H k\u00f5vadusega karastatud klaasi, mis muudab selle kriimustus- ja l\u00f6\u00f6kkindlaks. Lisaks hoiab [&#8230;]\n","protected":false},"featured_media":24910,"comment_status":"open","ping_status":"closed","template":"","meta":[],"product_brand":[438],"product_cat":[1317],"product_tag":[],"class_list":{"0":"post-24909","1":"product","2":"type-product","3":"status-publish","4":"has-post-thumbnail","6":"product_brand-nillkin","7":"product_cat-for-smartphones-tempered-glass-and-screen-protectors-gsm-accessories","9":"first","10":"outofstock","11":"taxable","12":"shipping-taxable","13":"purchasable","14":"product-type-simple"},"aioseo_notices":[],"_links":{"self":[{"href":"https:\/\/asura.lv\/et\/wp-json\/wp\/v2\/product\/24909","targetHints":{"allow":["GET"]}}],"collection":[{"href":"https:\/\/asura.lv\/et\/wp-json\/wp\/v2\/product"}],"about":[{"href":"https:\/\/asura.lv\/et\/wp-json\/wp\/v2\/types\/product"}],"replies":[{"embeddable":true,"href":"https:\/\/asura.lv\/et\/wp-json\/wp\/v2\/comments?post=24909"}],"wp:featuredmedia":[{"embeddable":true,"href":"https:\/\/asura.lv\/et\/wp-json\/wp\/v2\/media\/24910"}],"wp:attachment":[{"href":"https:\/\/asura.lv\/et\/wp-json\/wp\/v2\/media?parent=24909"}],"wp:term":[{"taxonomy":"product_brand","embeddable":true,"href":"https:\/\/asura.lv\/et\/wp-json\/wp\/v2\/product_brand?post=24909"},{"taxonomy":"product_cat","embeddable":true,"href":"https:\/\/asura.lv\/et\/wp-json\/wp\/v2\/product_cat?post=24909"},{"taxonomy":"product_tag","embeddable":true,"href":"https:\/\/asura.lv\/et\/wp-json\/wp\/v2\/product_tag?post=24909"}],"curies":[{"name":"wp","href":"https:\/\/api.w.org\/{rel}","templated":true}]}}