{"id":25119,"date":"2025-11-28T20:48:20","date_gmt":"2025-11-28T20:48:20","guid":{"rendered":"https:\/\/asura.lv\/product\/sonoff-r5-smart-wall-switch-remote-control-and-scene-controller-ewelink\/"},"modified":"2025-12-12T14:48:59","modified_gmt":"2025-12-12T12:48:59","slug":"sonoff-r5-smart-wall-switch-remote-control-and-scene-controller-ewelink","status":"publish","type":"product","link":"https:\/\/asura.lv\/et\/toode\/sonoff-r5-smart-wall-switch-remote-control-and-scene-controller-ewelink\/","title":{"rendered":"Sonoff R5 nutikas seinal\u00fcliti \/ kaugjuhtimispult ja stseenikontroller (eWeLink)"},"content":{"rendered":"<div class=\"longdesc d-flex flex-column mt-5\" id=\"description\">\n<div class=\"desc_center d-flex flex-column gap-32 mx-md-auto py-3\">\n<div class=\"desc_content d-flex flex-column justify-content-center align-items-center text-center gap-16\">\n<h3 class=\"text-black text-18 text-md-24 smooth_load --top --delay-150\">Sonoff R5 nutikas seinal\u00fcliti \/ kaugjuhtimispult ja stseenikontroller (eWeLink).<\/h3>\n<div class=\"text-black text-14 text-md-16 smooth_load --top --delay-200\">\n<p>Hankige oma nutika kodu haldamisel veelgi mugavam lahendus. Sonoff R5 seinal\u00fcliti v\u00f5imaldab teil oma seadmeid kaugjuhtimise teel juhtida eWeLink-Remote l\u00fc\u00fcsi funktsiooni abil (funktsiooni korrektseks toimimiseks peate varustama end toodetega, mis toimivad eWeLink-Remote l\u00fc\u00fcsina, n\u00e4iteks MINIR4, NSPanel Pro v\u00f5i iHost). Varustatud 6 programmeeritava nupuga ja toetades 3 t\u00fc\u00fcpi vajutusi, pakub see laia valikut v\u00f5imalusi &#8211; alates \u00fcksikute seadmete sissel\u00fclitamisest kuni keerukate stseenide aktiveerimiseni. Kuni 90-meetrise ulatuse ja lihtsa seadistamisega on see ideaalne lahendus igale kodule. Komplektis on 20 nupu sildistamise kleebist, nii et saate l\u00fclitit h\u00f5lpsalt oma vajadustele vastavaks kohandada.<\/p>\n<\/div>\n<\/div>\n<div class=\"desc_img d-flex justify-content-center align-items-center\">\n<img decoding=\"async\" alt=\"intelligentne l\u00fcliti musta v\u00e4rvi paneeliga, mis aitab teil oma 3m-i abil...\" class=\"d-block w-100 border-radius-24 smooth_load --scale --delay-100\" src=\"https:\/\/assets.innpro.pl\/12975\/15817\/Intelligentne l\u00fcliti, piloot ja Sonoff R5 eWeLinki stseeni juhtimine.jpg\"\/>\n<\/div>\n<\/div>\n<div class=\"desc_left d-flex\" flex-column flex-md-row-reverse justify-content-end column-gap-64 mx-md-auto py-3\">\n<div class=\"desc_content col-md-5 p-md-0 d-flex flex-column justify-content-center align-items-center align-items-md-start text-center text-md-start gap-16\">\n<h3 class=\"text-black text-18 text-md-24 smooth_load --right --delay-150\">Loodud nutikodu silmas pidades<\/h3>\n<div class=\"text-black text-14 text-md-16 smooth_load --right --delay-200\">\n<p>Kas te ei soovi iga kord telefoni j\u00e4rele haarata, et oma seadmeid juhtida? Sonoff R5 on mugav alternatiiv. eWeLink-Remote l\u00fc\u00fcsi funktsiooniga saate oma nutiseadmeid lokaalselt juhtida, isegi kui teie WiFi-\u00fchendusega on probleeme. Lisaks v\u00f5imaldab l\u00fcliti kahesuunalist valgustuse juhtimist, kui kombineerida see t\u00e4iendava Sonoff M5 l\u00fclitiga (saadaval eraldi).<\/p>\n<\/div>\n<\/div>\n<div class=\"desc_img col-md-6 p-md-0 d-flex justify-content-center align-items-center\">\n<img decoding=\"async\" alt=\"widok mieszkania z lotu ptaka z urz\u0414\u2026dzeniami po\u0415\u201a\u0414\u2026czonymi z intelligentnym prze\u0415\u201a\u0414\u2026cznikiem\" class=\"d-block w-100 border-radius-24 smooth_load --left --delay-100\" src=\"https:\/\/assets.innpro.pl\/12975\/15817\/Intelligentny prze\u0415\u201a\u0414\u2026cznik.jpg\"\/>\n<\/div>\n<\/div>\n<div class=\"desc_right d-flex flex-column\" flex-md-row justify-content-end column-gap-64 mx-md-auto py-3\">\n<div class=\"desc_content col-md-5 p-md-0 d-flex flex-column justify-content-center align-items-center align-items-md-start text-center text-md-start gap-16\">\n<h3 class=\"text-black text-18 text-md-24 smooth_load --left --delay-150\">\u00dche kl\u00f5psuga juhtimine \u2013 veelgi rohkem v\u00f5imalusi<\/h3>\n<div class=\"text-black text-14 text-md-16 smooth_load --left --delay-200\">\n<p>Aktiveerige nutikad stseenid \u00fche puudutusega. Lihtsalt vajutage nuppu, et l\u00fclitada sisse tuled kogu kodus, v\u00e4lja l\u00fclitada \u00f6\u00f6valgustus v\u00f5i k\u00e4ivitada oma lemmikvalgustusstseen. R5 toetab kolme t\u00fc\u00fcpi vajutusi \u2013 \u00fchekordne, topelt- ja pikk vajutus. M\u00e4\u00e4rake igale t\u00fc\u00fcbile erinev funktsioon ja saavutage t\u00e4ielik kontroll oma keskkonna \u00fcle. N\u00e4ide? \u00dcks kl\u00f5ps l\u00fclitab elutoas tuled sisse, topeltkl\u00f5ps k\u00e4ivitab k\u00f6\u00f6gis LED-riba ja pikk hoidmine l\u00fclitab v\u00e4lja k\u00f5ik maja seadmed. Sa pead seda proovima!<\/p>\n<\/div>\n<\/div>\n<div class=\"desc_img col-md-6 p-md-0 d-flex justify-content-center align-items-center\">\n<img decoding=\"async\" alt=\"intelligentne t\u00f6\u00f6riist servade vahekauguseks\" class=\"d-block w-100 border-radius-24 smooth_load --right --delay-100\" src=\"https:\/\/assets.innpro.pl\/12975\/15817\/Intelligentne t\u00f6\u00f6riist servade vahe, piloot ja kontroller Sonoff.jpg\"\/>\n<\/div>\n<\/div>\n<div class=\"desc_left d-flex flex-column flex-md-row-reverse justify-content-end column-gap-64\" mx-md-auto py-3\">\n<div class=\"desc_content col-md-5 p-md-0 d-flex flex-column justify-content-center align-items-center align-items-md-start text-center text-md-start gap-16\">\n<h3 class=\"text-black text-18 text-md-24 smooth_load --right --delay-150\">Lihtne paigaldus ilma juhtmestikuta<\/h3>\n<div class=\"text-black text-14 text-md-16 smooth_load --right --delay-200\">\n<p>Sonoff R5 paigaldamine v\u00f5tab vaid hetke ega vaja keerulist juhtmestikku. Komplektis olevad kleebised v\u00f5imaldavad teil seadme kiiresti seinale kinnitada. V\u00f5i v\u00f5ite l\u00fcliti lihtsalt lauale v\u00f5i riiulile asetada ja seda puldina kasutada. Kahe CR2032 patareiga t\u00f6\u00f6tava l\u00fcliti t\u00f6\u00f6aeg on kuni 2 aastat.<\/p>\n<\/div>\n<\/div>\n<div class=\"desc_img col-md-6 p-md-0 d-flex justify-content-center align-items-center\">\n<img decoding=\"async\" alt=\"musta nutika l\u00fcliti seinale kinnitatava k\u00f5lari paneel\" class=\"d-block w-100 border-radius-24 smooth_load --left --delay-100\" src=\"https:\/\/assets.innpro.pl\/12975\/15817\/Nutikas l\u00fcliti seinale kinnitatav, pilot.jpg\"\/>\n<\/div>\n<\/div>\n<\/div>\n<div class=\"d-flex flex-column gap-32 overflow-hidden\" id=\"inthebox\">\n<h2 class=\"w-100 text-center text-black text-24 text-md-36 smooth_load --scale\">Kaasas m\u00e4\u00e4ratlemata<\/h2>\n<div class=\"smooth_load --left\">\n<ul class=\"list-disc pl-5\">\n<li>R5 l\u00fcliti<\/li>\n<li>Kinnituskruvid<\/li>\n<li>Isekleepuvad kleebised<\/li>\n<li>Kleebised nuppude m\u00e4rgistamiseks<\/li>\n<li>Kasutusjuhend<\/li>\n<\/ul>\n<\/div>\n<\/div>\n<div class=\"d-flex flex-column gap-32\" id=\"specification\">\n<h2 class=\"w-100 text-center text-black text-24 text-md-36 smooth_load --scale\">Spetsifikatsioon<\/h2>\n<div class=\"spec_nav__wrapper d-flex overflow-auto\"><\/div>\n<div class=\"spec_items__wrapper\">\n<div class=\"spec_item__wrapper d-flex flex-column flex-md-row\" data-name=\"\">\n<table class=\"table_wrapper w-100 w-md-50 h-50 h-md-100\">\n<tr>\n<th>Tootja<\/th>\n<td>Sonoff<\/td>\n<\/tr>\n<tr>\n<th>Mudel<\/th>\n<td>R5<\/td>\n<\/tr>\n<tr>\n<th>Nuppude arv<\/th>\n<td>6<\/td>\n<\/tr>\n<tr>\n<th>Toiteallikas<\/th>\n<td>2x 3V CR2032 patareid<\/td>\n<\/tr>\n<\/table>\n<table class=\"table_wrapper w-100 w-md-50 h-50 h-md-100\">\n<tr>\n<th>T\u00f6\u00f6temperatuur<\/th>\n<td>0\u00b0C &#8211; 40\u00b0C<\/td>\n<\/tr>\n<tr>\n<th>Materjal<\/th>\n<td>PC V0<\/td>\n<\/tr>\n<tr>\n<th>M\u00f5\u00f5tmed<\/th>\n<td>86 x 86 x 13,5 mm<\/td>\n<\/tr>\n<tr>\n<th>V\u00e4rv<\/th>\n<td>Hall<\/td>\n<\/tr>\n<\/table>\n<\/div>\n<\/div>\n<\/div>\n","protected":false},"excerpt":{"rendered":"<p>Sonoff R5 nutikas seinal\u00fcliti \/ kaugjuhtimispult ja stseenikontroller (eWeLink). Hankige oma nutika kodu haldamisel veelgi mugavam lahendus. Sonoff R5 seinal\u00fcliti v\u00f5imaldab teil oma seadmeid kaugjuhtimise teel juhtida eWeLink-Remote l\u00fc\u00fcsi funktsiooni abil (funktsiooni korrektseks toimimiseks peate varustama end toodetega, mis toimivad eWeLink-Remote l\u00fc\u00fcsina, n\u00e4iteks MINIR4, NSPanel Pro v\u00f5i iHost). Varustatud 6 programmeeritava nupuga ja toetades 3 [&#8230;]\n","protected":false},"featured_media":25120,"comment_status":"open","ping_status":"closed","template":"","meta":[],"product_brand":[203],"product_cat":[930],"product_tag":[],"class_list":{"0":"post-25119","1":"product","2":"type-product","3":"status-publish","4":"has-post-thumbnail","6":"product_brand-sonoff","7":"product_cat-switches","9":"first","10":"outofstock","11":"taxable","12":"shipping-taxable","13":"purchasable","14":"product-type-simple"},"aioseo_notices":[],"_links":{"self":[{"href":"https:\/\/asura.lv\/et\/wp-json\/wp\/v2\/product\/25119","targetHints":{"allow":["GET"]}}],"collection":[{"href":"https:\/\/asura.lv\/et\/wp-json\/wp\/v2\/product"}],"about":[{"href":"https:\/\/asura.lv\/et\/wp-json\/wp\/v2\/types\/product"}],"replies":[{"embeddable":true,"href":"https:\/\/asura.lv\/et\/wp-json\/wp\/v2\/comments?post=25119"}],"wp:featuredmedia":[{"embeddable":true,"href":"https:\/\/asura.lv\/et\/wp-json\/wp\/v2\/media\/25120"}],"wp:attachment":[{"href":"https:\/\/asura.lv\/et\/wp-json\/wp\/v2\/media?parent=25119"}],"wp:term":[{"taxonomy":"product_brand","embeddable":true,"href":"https:\/\/asura.lv\/et\/wp-json\/wp\/v2\/product_brand?post=25119"},{"taxonomy":"product_cat","embeddable":true,"href":"https:\/\/asura.lv\/et\/wp-json\/wp\/v2\/product_cat?post=25119"},{"taxonomy":"product_tag","embeddable":true,"href":"https:\/\/asura.lv\/et\/wp-json\/wp\/v2\/product_tag?post=25119"}],"curies":[{"name":"wp","href":"https:\/\/api.w.org\/{rel}","templated":true}]}}