{"id":25167,"date":"2025-11-28T20:48:16","date_gmt":"2025-11-28T20:48:16","guid":{"rendered":"https:\/\/asura.lv\/product\/water-flosser-seago-sg-8001-white\/"},"modified":"2025-12-12T14:48:54","modified_gmt":"2025-12-12T12:48:54","slug":"water-flosser-seago-sg-8001-white","status":"publish","type":"product","link":"https:\/\/asura.lv\/et\/toode\/water-flosser-seago-sg-8001-white\/","title":{"rendered":"Veepuhastusvahend Seago SG-8001 (valge)"},"content":{"rendered":"<h3>Seago SG-8001 hambaniit<\/h3>\n<p>N\u00fc\u00fcd saate oma suuh\u00fcgieeni eest veelgi paremini hoolitseda. Seago SG-8001 hambaniit t\u00f6\u00f6tab sagedusega kuni 1800 liigutust minutis ja puhastab t\u00f5husalt isegi neid kohti, kuhu tavaline hambahari ei ulatu. Selle efektiivsus on kuni 99%! Saate valida 3 puhastusre\u017eiimi vahel ja see kestab \u00fche laadimisega kuni 30 p\u00e4eva. Komplekt sisaldab ka 5 vahetatavat irrigaatori otsikut.<\/p>\n<p><img decoding=\"async\" src=\"https:\/\/b2b.innpro.pl\/data\/include\/cms\/Seago\/SG-8001-white\/9.jpg\"><\/p>\n<h3>V\u00e4ga t\u00f5hus<\/h3>\n<p>Selle irrigaatoriga saate p\u00f5hjalikult puhastada isegi neid suu raskesti ligip\u00e4\u00e4setavaid kohti, kuhu tavaline hambahari ei ulatu, n\u00e4iteks hammaste vahesid. Kuni 1800 l\u00f6\u00f6giga minutis eemaldab SG-8001 mustuse ja toiduj\u00e4\u00e4gid kuni 99% efektiivsusega. Seagoga hoolitsete oma suuh\u00fcgieeni eest h\u00e4sti ja r\u00f5\u00f5mustate k\u00f5iki kauni naeratusega!<\/p>\n<p><img decoding=\"async\" src=\"https:\/\/b2b.innpro.pl\/data\/include\/cms\/Seago\/SG-8001-white\/11.jpg\"><\/p>\n<h3>Kaasas on vahetusotsikud<\/h3>\n<p>Komplektis on 5 vahetatavat otsikut, nii et saate vesil\u00f5nga oma vajadustele vastavalt reguleerida. 2 standardotsikut sobivad ideaalselt igap\u00e4evaseks kasutamiseks &#8211; need v\u00f5imaldavad teil t\u00f5husalt eemaldada toiduj\u00e4\u00e4ke. Parodontaalne otsik sobib ideaalselt inimestele, kes v\u00f5itlevad igemehaigustega. Ortodontiline otsik sobib breketite ja proteeside kandjatele. Spetsiaalset otsikut saab kasutada ka keele puhastamiseks.<\/p>\n<p><img decoding=\"async\" src=\"https:\/\/b2b.innpro.pl\/data\/include\/cms\/Seago\/SG-8001-white\/13.jpg\"><\/p>\n<h3>3 puhastusre\u017eiimi<\/h3>\n<p>SG-8001 vesil\u00f5hnal on valida ka 3 puhastusre\u017eiimi vahel. See sobib ideaalselt igap\u00e4evaseks kasutamiseks ning hammaste ja proteeside puhastamiseks. Daily on ideaalne igap\u00e4evaseks kasutamiseks \u2013 see eemaldab mustuse ja toiduj\u00e4\u00e4gid. High pakub veelgi p\u00f5hjalikumat puhastust \u2013 see saab hakkama isegi k\u00f5ige kangekaelsema mustusega. Pulse pakub \u00f5rna igememassaa\u017ei. Lisaks m\u00e4letab seade viimati kasutatud re\u017eiimi.<\/p>\n<p><img decoding=\"async\" src=\"https:\/\/b2b.innpro.pl\/data\/include\/cms\/Seago\/SG-8001-white\/16.jpg\"><\/p>\n<h3>Pikk t\u00f6\u00f6aeg<\/h3>\n<p>\u00c4rge muretsege, et peate oma vesil\u00f5hna nii sageli laadima. SG-8001 on varustatud v\u00f5imsa liitiumioonakuga, mis tagab muljetavaldavalt pika t\u00f6\u00f6aja. T\u00e4islaetud seade v\u00f5ib teenida teid kuni 30 p\u00e4eva, eeldades, et kasutate seda iga p\u00e4ev umbes 2 minutit (p\u00e4evare\u017eiimis). Mugav laadimine toimub kaasasoleva kaabli abil.<\/p>\n<p><img decoding=\"async\" src=\"https:\/\/b2b.innpro.pl\/data\/include\/cms\/Seago\/SG-8001-white\/14.jpg\"><\/p>\n<h3>Veelgi mugavam<\/h3>\n<p>Seadet on v\u00e4ga lihtne kasutada ja see pakub mugavust. See on suhteliselt kerge ja sobib h\u00e4sti k\u00e4tte. See on varustatud mahuka veepaagiga, mida on lihtne t\u00e4ita. Veepaak on ka \u00e4\u00e4rmiselt lekkekindel, nii et te ei pea lekete p\u00e4rast muretsema. Lisaks l\u00fclitub veepuhastusvahend automaatselt v\u00e4lja p\u00e4rast 2-minutilist t\u00f6\u00f6tamist. Seega v\u00f5ite olla kindel, et kasutate seda t\u00e4pselt \u00f5ige aja jooksul.<\/p>\n<p><img decoding=\"async\" src=\"https:\/\/b2b.innpro.pl\/data\/include\/cms\/Seago\/SG-8001-white\/15.jpg\"><\/p>\n<h3>Karbis<\/h3>\n<ul>\n<li>Veel\u00f5\u00f5ts<\/li>\n<li>Otsikud x5 (2x standardotsak, 1x parodondiotsak, 1x ortodontiline otsik, 1x keelepuhastusotsik)<\/li>\n<li>Laadimiskaabel<\/li>\n<\/ul>\n<div class=\"table-wrapper\">\n<table>\n<tbody>\n<tr>\n<th>Br\u00e4nd<\/th>\n<td>Seago<\/td>\n<\/tr>\n<tr>\n<th>Mudel<\/th>\n<td>SG-8001<\/td>\n<\/tr>\n<tr>\n<th>V\u00e4rv<\/th>\n<td>Valge<\/td>\n<\/tr>\n<tr>\n<th>Sagedus<\/th>\n<td>Kuni 1800 l\u00f6\u00f6ki minutis<\/td>\n<\/tr>\n<tr>\n<th>Aku t\u00fc\u00fcp<\/th>\n<td>Liitiumioonaku<\/td>\n<\/tr>\n<tr>\n<th>Energiatarve<\/th>\n<td>2W<\/td>\n<\/tr>\n<tr>\n<th>Sisendpinge<\/th>\n<td>5V<\/td>\n<\/tr>\n<tr>\n<th>Laadimisaeg<\/th>\n<td>Teave 6h<\/td>\n<\/tr>\n<tr>\n<th>T\u00f6\u00f6aeg<\/th>\n<td>Umbes 30 p\u00e4eva (kui kasutada \u00fcks kord p\u00e4evas 2 minutit igap\u00e4evases re\u017eiimis)<\/td>\n<\/tr>\n<tr>\n<th>Automaatne v\u00e4ljal\u00fclitus<\/th>\n<td>2 minuti p\u00e4rast<\/td>\n<\/tr>\n<tr>\n<th>Materjal<\/th>\n<td>ABS, PC, PMMA<\/td>\n<\/tr>\n<tr>\n<th>M\u00f5\u00f5tmed<\/th>\n<td>Umbes 63x83x298mm<\/td>\n<\/tr>\n<tr>\n<th>Kaal<\/th>\n<td>Umbes 300g<\/td>\n<\/tr>\n<tr>\n<th>T\u00f6\u00f6re\u017eiimid<\/th>\n<td>K\u00f5rge, Igap\u00e4evane, Pulseeriv<\/td>\n<\/tr>\n<\/tbody>\n<\/table>\n<\/div>\n","protected":false},"excerpt":{"rendered":"<p>Seago SG-8001 hambaniit N\u00fc\u00fcd saate oma suuh\u00fcgieeni eest veelgi paremini hoolitseda. Seago SG-8001 hambaniit t\u00f6\u00f6tab sagedusega kuni 1800 liigutust minutis ja puhastab t\u00f5husalt isegi neid kohti, kuhu tavaline hambahari ei ulatu. Selle efektiivsus on kuni 99%! Saate valida 3 puhastusre\u017eiimi vahel ja see kestab \u00fche laadimisega kuni 30 p\u00e4eva. Komplekt sisaldab ka 5 vahetatavat irrigaatori [&#8230;]\n","protected":false},"featured_media":25168,"comment_status":"open","ping_status":"closed","template":"","meta":[],"product_brand":[406],"product_cat":[1479],"product_tag":[],"class_list":{"0":"post-25167","1":"product","2":"type-product","3":"status-publish","4":"has-post-thumbnail","6":"product_brand-seago","7":"product_cat-irrigators","9":"first","10":"outofstock","11":"taxable","12":"shipping-taxable","13":"purchasable","14":"product-type-simple"},"aioseo_notices":[],"_links":{"self":[{"href":"https:\/\/asura.lv\/et\/wp-json\/wp\/v2\/product\/25167","targetHints":{"allow":["GET"]}}],"collection":[{"href":"https:\/\/asura.lv\/et\/wp-json\/wp\/v2\/product"}],"about":[{"href":"https:\/\/asura.lv\/et\/wp-json\/wp\/v2\/types\/product"}],"replies":[{"embeddable":true,"href":"https:\/\/asura.lv\/et\/wp-json\/wp\/v2\/comments?post=25167"}],"wp:featuredmedia":[{"embeddable":true,"href":"https:\/\/asura.lv\/et\/wp-json\/wp\/v2\/media\/25168"}],"wp:attachment":[{"href":"https:\/\/asura.lv\/et\/wp-json\/wp\/v2\/media?parent=25167"}],"wp:term":[{"taxonomy":"product_brand","embeddable":true,"href":"https:\/\/asura.lv\/et\/wp-json\/wp\/v2\/product_brand?post=25167"},{"taxonomy":"product_cat","embeddable":true,"href":"https:\/\/asura.lv\/et\/wp-json\/wp\/v2\/product_cat?post=25167"},{"taxonomy":"product_tag","embeddable":true,"href":"https:\/\/asura.lv\/et\/wp-json\/wp\/v2\/product_tag?post=25167"}],"curies":[{"name":"wp","href":"https:\/\/api.w.org\/{rel}","templated":true}]}}