{"id":25197,"date":"2025-11-28T20:48:14","date_gmt":"2025-11-28T20:48:14","guid":{"rendered":"https:\/\/asura.lv\/product\/wireless-vertical-mouse-delux-m618c-2-4g-1600dpi-rgb-white\/"},"modified":"2025-12-12T14:48:53","modified_gmt":"2025-12-12T12:48:53","slug":"wireless-vertical-mouse-delux-m618c-2-4g-1600dpi-rgb-white","status":"publish","type":"product","link":"https:\/\/asura.lv\/et\/toode\/wireless-vertical-mouse-delux-m618c-2-4g-1600dpi-rgb-white\/","title":{"rendered":"Juhtmevaba vertikaalne hiir Delux M618C 2.4G 1600DPI RGB (valge)"},"content":{"rendered":"<h3>\u00dctle tere mitmekesisusele<\/h3>\n<p>\u00dctle tere uuele arvutikogemusele Delux vertikaalse hiirega. Millised on selle orientatsiooni eelised? Vertikaalsete hiirte k\u00e4epigistusasend t\u00e4hendab, et teie randme ei paindu nii palju k\u00fcljelt k\u00fcljele ja teie k\u00e4sivars p\u00f6\u00f6rleb v\u00e4hem \u00fcmber oma telje. Seega v\u00e4hendab M618C vertikaalne hiir teie lihaste v\u00e4simust ja randmevalu ning v\u00e4hendab karpaalkanali s\u00fcndroomi riski. See v\u00f5imaldab teil ka DPI-taset reguleerida.<\/p>\n<p><img decoding=\"async\" src=\"https:\/\/b2b.innpro.pl\/data\/include\/cms\/Delux\/M618C-white\/7.jpg\" border=\"0\" \/><\/p>\n<h3>Nurga all t\u00f6\u00f6tamine<\/h3>\n<p>Muutke oma t\u00f6\u00f6 mugavamaks, hoides hiirt mugava ja loomulikuma nurga all &#8211; 57\u00b0, mis minimeerib lihaspingeid ja koormab teie k\u00e4tt v\u00e4hem. Lisaks on hiir puudutusele v\u00e4ga meeldiv, seega on selle kasutamine mugav ja palju efektiivsem.<\/p>\n<p><img decoding=\"async\" src=\"https:\/\/b2b.innpro.pl\/data\/include\/cms\/Delux\/M618C-white\/1.jpg\" border=\"0\" \/><\/p>\n<h3>RGB stiiliks<\/h3>\n<p>Hiire \u00fclaosas olev d\u00fcnaamiline taustvalgustus pole lihtsalt kaunistus, vaid muudab selle ainulaadse ja eksimatu iseloomu n\u00e4htavaks. Seade k\u00f6idab pilku ja r\u00f5hutab teie t\u00f6\u00f6jaama moodsat stiili. See on teie k\u00e4eulatuses!<\/p>\n<p><img decoding=\"async\" src=\"https:\/\/b2b.innpro.pl\/data\/include\/cms\/Delux\/M618C-white\/3.jpg\" border=\"0\" \/><\/p>\n<h3>Reguleeritav t\u00e4psus<\/h3>\n<p>Liigutage kursorit ekraanil vajaliku kiiruse ja t\u00e4psusega. Vali saadaolevate DPI hulgast sobiv: 1000 \/ 1200 \/ 1600. Vali endale optimaalne seadistus ja naudi sujuvat toimimist. Veendu, et tunned end arvutiga t\u00f6\u00f6tades mugavalt \u2013 isegi pikkade sessioonide ajal!<\/p>\n<p><img decoding=\"async\" src=\"https:\/\/b2b.innpro.pl\/data\/include\/cms\/Delux\/M618C-white\/9.jpg\" border=\"0\" \/><\/p>\n<h3>Komplekt sisaldab:<\/h3>\n<ul>\n<li>Delux M618C hiirt<\/li>\n<li>Nano USB vastuv\u00f5tjat<\/li>\n<li>Kasutusjuhendit<\/li>\n<\/ul>\n<div class=\"table-wrapper\">\n<table>\n<tbody>\n<tr>\n<th>Tootja<\/th>\n<td>Delux<\/td>\n<\/tr>\n<tr>\n<th>Mudel<\/th>\n<td>M618C<\/td>\n<\/tr>\n<tr>\n<th>V\u00e4rv<\/th>\n<td>Valge<\/td>\n<\/tr>\n<tr>\n<th>Hiirt t\u00fc\u00fcp<\/th>\n<td>Optiline, vertikaalne<\/td>\n<\/tr>\n<tr>\n<th>Andur<\/th>\n<td>FCT3065<\/td>\n<\/tr>\n<tr>\n<th>Hiire suurus<\/th>\n<td>Keskmine<\/td>\n<\/tr>\n<tr>\n<th>\u00dchendus<\/th>\n<td>Traadita<\/td>\n<\/tr>\n<tr>\n<th>Liides<\/th>\n<td>2.4G<\/td>\n<\/tr>\n<tr>\n<th>DPI<\/th>\n<td>1000 \/ 1200 \/ 1600<\/td>\n<\/tr>\n<tr>\n<th>Nuppude arv<\/th>\n<td>6<\/td>\n<\/tr>\n<tr>\n<th>Nuppude eluiga<\/th>\n<td>3 miljonit kl\u00f5psu<\/td>\n<\/tr>\n<tr>\n<th>V\u00e4rskenda Sagedus<\/th>\n<td>150 Hz<\/td>\n<\/tr>\n<tr>\n<th>Toiteallikas<\/th>\n<td>1 x AA patarei (kaasas)<\/td>\n<\/tr>\n<tr>\n<th>Taustvalgustus<\/th>\n<td>RGB<\/td>\n<\/tr>\n<tr>\n<th>M\u00f5\u00f5tmed<\/th>\n<td>115x81x75 mm<\/td>\n<\/tr>\n<tr>\n<th>Kaal<\/th>\n<td>95 g<\/td>\n<\/tr>\n<tr>\n<th>\u00dchilduvus<\/th>\n<td>Windows 2000 \/ XP \/ 7 \/ 8 \/ 10 \/ Mac OS<\/td>\n<\/tr>\n<\/tbody>\n<\/table>\n<\/div>\n","protected":false},"excerpt":{"rendered":"<p>\u00dctle tere mitmekesisusele \u00dctle tere uuele arvutikogemusele Delux vertikaalse hiirega. Millised on selle orientatsiooni eelised? Vertikaalsete hiirte k\u00e4epigistusasend t\u00e4hendab, et teie randme ei paindu nii palju k\u00fcljelt k\u00fcljele ja teie k\u00e4sivars p\u00f6\u00f6rleb v\u00e4hem \u00fcmber oma telje. Seega v\u00e4hendab M618C vertikaalne hiir teie lihaste v\u00e4simust ja randmevalu ning v\u00e4hendab karpaalkanali s\u00fcndroomi riski. See v\u00f5imaldab teil ka [&#8230;]\n","protected":false},"featured_media":25198,"comment_status":"open","ping_status":"closed","template":"","meta":[],"product_brand":[381],"product_cat":[1539],"product_tag":[],"class_list":{"0":"post-25197","1":"product","2":"type-product","3":"status-publish","4":"has-post-thumbnail","6":"product_brand-delux","7":"product_cat-vertical-mice","9":"first","10":"outofstock","11":"taxable","12":"shipping-taxable","13":"purchasable","14":"product-type-simple"},"aioseo_notices":[],"_links":{"self":[{"href":"https:\/\/asura.lv\/et\/wp-json\/wp\/v2\/product\/25197","targetHints":{"allow":["GET"]}}],"collection":[{"href":"https:\/\/asura.lv\/et\/wp-json\/wp\/v2\/product"}],"about":[{"href":"https:\/\/asura.lv\/et\/wp-json\/wp\/v2\/types\/product"}],"replies":[{"embeddable":true,"href":"https:\/\/asura.lv\/et\/wp-json\/wp\/v2\/comments?post=25197"}],"wp:featuredmedia":[{"embeddable":true,"href":"https:\/\/asura.lv\/et\/wp-json\/wp\/v2\/media\/25198"}],"wp:attachment":[{"href":"https:\/\/asura.lv\/et\/wp-json\/wp\/v2\/media?parent=25197"}],"wp:term":[{"taxonomy":"product_brand","embeddable":true,"href":"https:\/\/asura.lv\/et\/wp-json\/wp\/v2\/product_brand?post=25197"},{"taxonomy":"product_cat","embeddable":true,"href":"https:\/\/asura.lv\/et\/wp-json\/wp\/v2\/product_cat?post=25197"},{"taxonomy":"product_tag","embeddable":true,"href":"https:\/\/asura.lv\/et\/wp-json\/wp\/v2\/product_tag?post=25197"}],"curies":[{"name":"wp","href":"https:\/\/api.w.org\/{rel}","templated":true}]}}