{"id":25443,"date":"2025-11-28T20:47:50","date_gmt":"2025-11-28T20:47:50","guid":{"rendered":"https:\/\/asura.lv\/product\/turkish-coffee-machine-hibrew-cm1179_eu\/"},"modified":"2025-12-12T14:48:36","modified_gmt":"2025-12-12T12:48:36","slug":"turkish-coffee-machine-hibrew-cm1179_eu","status":"publish","type":"product","link":"https:\/\/asura.lv\/et\/toode\/turkish-coffee-machine-hibrew-cm1179_eu\/","title":{"rendered":"T\u00fcrgi kohvimasin HiBREW CM1179_EU"},"content":{"rendered":"<h3>T\u00fcrgi kohvimasin HiBREW<\/h3>\n<p>Kas teile meeldib T\u00fcrgi kohvi iseloomulik ja tugev maitse? HiBREW v\u00e4ike kohvimasin osutub teie k\u00f6\u00f6gis asendamatuks! Selle abil saate h\u00f5lpsalt valmistada kuuma ja aromaatset jooki. Roostevabast terasest k\u00fctteelement v\u00f5imaldab kiiret kuumutamist ja spetsiaalne LED-indikaator n\u00e4itab masina olekut. Kohvimasinal on ka kerge ja eemaldatav kohvikann.<\/p>\n<p><img decoding=\"async\" src=\"https:\/\/b2b.innpro.pl\/data\/include\/cms\/HiBREW\/CM1179_EU\/4.jpg\"><\/p>\n<h3>Aromaatne T\u00fcrgi kohv<\/h3>\n<p>Traditsioonilist T\u00fcrgi kohvi on kogu maailmas tuntud juba sadu aastaid. Seda eristab iseloomulik, rikkalik maitse ja suurep\u00e4rane aroom. HiBREW kaubam\u00e4rgi kohvimasin teeb T\u00fcrgi stiilis kohvi valmistamise kodus lihtsaks! Masin kuumeneb v\u00e4ga kiiresti ja t\u00e4nu oma omadustele toob ubadest esile parima. Sa ei pea oma ergutava ja aromaatse joogi kruusi ootama!<\/p>\n<p><img decoding=\"async\" src=\"https:\/\/b2b.innpro.pl\/data\/include\/cms\/HiBREW\/CM1179_EU\/8.jpg\"><\/p>\n<h3>Lihtne kasutada<\/h3>\n<p>Kohvimasinat on \u00e4\u00e4rmiselt lihtne kasutada. Vala lihtsalt kohv kannu ja t\u00e4ida see veega, veendudes, et see ei \u00fcletaks MAX joont. Seej\u00e4rel aseta kann masinasse, \u00fchenda vooluv\u00f5rku ja vajuta k\u00e4ivitamiseks nuppu. Kui kohv on valmis, peatub masin automaatselt ja LED-indikaator kustub. Lisaks j\u00e4lgib veetaset spetsiaalne andur.<\/p>\n<p><img decoding=\"async\" src=\"https:\/\/b2b.innpro.pl\/data\/include\/cms\/HiBREW\/CM1179_EU\/2.jpg\"><\/p>\n<h3>Eemaldatav kann<\/h3>\n<p>T\u00fcrgi kohvi joomine on just muutunud nauditavamaks. Masinal on eemaldatav 250 ml kann. N\u00e4iteks v\u00f5ite selle lauale panna ja igal ajal kuuma joogi t\u00e4iendamiseks selle j\u00e4rele haarata. Mugav k\u00e4epide muudab selle kasutamise mugavaks. Kann on ka v\u00e4ga kerge ja samal ajal vastupidav. See teenib teid kaua h\u00e4sti!<\/p>\n<p><img decoding=\"async\" src=\"https:\/\/b2b.innpro.pl\/data\/include\/cms\/HiBREW\/CM1179_EU\/9.jpg\"><\/p>\n<div class=\"table-wrapper\">\n<table>\n<tbody>\n<tr>\n<th>Br\u00e4nd<\/th>\n<td>HiBREW<\/td>\n<\/tr>\n<tr>\n<th>Mudel<\/th>\n<td>CM1179_EU<\/td>\n<\/tr>\n<tr>\n<th>Kannu maht<\/th>\n<td>250ml<\/td>\n<\/tr>\n<tr>\n<th>M\u00f5\u00f5tmed<\/th>\n<td>280x145mm<\/td>\n<\/tr>\n<tr>\n<th>V\u00e4rv<\/th>\n<td>Must<\/td>\n<\/tr>\n<\/tbody>\n<\/table>\n<\/div>\n","protected":false},"excerpt":{"rendered":"<p>T\u00fcrgi kohvimasin HiBREW Kas teile meeldib T\u00fcrgi kohvi iseloomulik ja tugev maitse? HiBREW v\u00e4ike kohvimasin osutub teie k\u00f6\u00f6gis asendamatuks! Selle abil saate h\u00f5lpsalt valmistada kuuma ja aromaatset jooki. Roostevabast terasest k\u00fctteelement v\u00f5imaldab kiiret kuumutamist ja spetsiaalne LED-indikaator n\u00e4itab masina olekut. Kohvimasinal on ka kerge ja eemaldatav kohvikann. Aromaatne T\u00fcrgi kohv Traditsioonilist T\u00fcrgi kohvi on kogu [&#8230;]\n","protected":false},"featured_media":25444,"comment_status":"open","ping_status":"closed","template":"","meta":[],"product_brand":[389],"product_cat":[1011],"product_tag":[],"class_list":{"0":"post-25443","1":"product","2":"type-product","3":"status-publish","4":"has-post-thumbnail","6":"product_brand-hibrew","7":"product_cat-coffee-makers","9":"first","10":"outofstock","11":"taxable","12":"shipping-taxable","13":"purchasable","14":"product-type-simple"},"aioseo_notices":[],"_links":{"self":[{"href":"https:\/\/asura.lv\/et\/wp-json\/wp\/v2\/product\/25443","targetHints":{"allow":["GET"]}}],"collection":[{"href":"https:\/\/asura.lv\/et\/wp-json\/wp\/v2\/product"}],"about":[{"href":"https:\/\/asura.lv\/et\/wp-json\/wp\/v2\/types\/product"}],"replies":[{"embeddable":true,"href":"https:\/\/asura.lv\/et\/wp-json\/wp\/v2\/comments?post=25443"}],"wp:featuredmedia":[{"embeddable":true,"href":"https:\/\/asura.lv\/et\/wp-json\/wp\/v2\/media\/25444"}],"wp:attachment":[{"href":"https:\/\/asura.lv\/et\/wp-json\/wp\/v2\/media?parent=25443"}],"wp:term":[{"taxonomy":"product_brand","embeddable":true,"href":"https:\/\/asura.lv\/et\/wp-json\/wp\/v2\/product_brand?post=25443"},{"taxonomy":"product_cat","embeddable":true,"href":"https:\/\/asura.lv\/et\/wp-json\/wp\/v2\/product_cat?post=25443"},{"taxonomy":"product_tag","embeddable":true,"href":"https:\/\/asura.lv\/et\/wp-json\/wp\/v2\/product_tag?post=25443"}],"curies":[{"name":"wp","href":"https:\/\/api.w.org\/{rel}","templated":true}]}}