{"id":25521,"date":"2025-11-28T20:47:44","date_gmt":"2025-11-28T20:47:44","guid":{"rendered":"https:\/\/asura.lv\/product\/telesin-remote-control-for-gopro-hero-13-12-11-10-9-8-max-gp-rmt-t10\/"},"modified":"2025-12-12T14:48:30","modified_gmt":"2025-12-12T12:48:30","slug":"telesin-remote-control-for-gopro-hero-13-12-11-10-9-8-max-gp-rmt-t10","status":"publish","type":"product","link":"https:\/\/asura.lv\/et\/toode\/telesin-remote-control-for-gopro-hero-13-12-11-10-9-8-max-gp-rmt-t10\/","title":{"rendered":"Telesin kaugjuhtimispult GoPro Hero 13 \/ 12 \/ 11 \/ 10 \/ 9 \/ 8 \/ MAX kaameratele (GP-RMT-T10)"},"content":{"rendered":"<h3>Telesini kaugjuhtimispult GoPro Hero 13 \/ 12 \/ 11 \/ 10 \/ 9 \/ 8 \/ MAX kaameratele (GP-RMT-T10)<\/h3>\n<p>Kaugjuhtimispult v\u00f5imaldab teil GoPro Hero 13 \/ 12 \/ 11 \/ 10 \/ 9 \/ 8 \/ MAX kaameraid kaugjuhtimisega juhtida. See pakub mugavat juurdep\u00e4\u00e4su k\u00f5igile kaamera funktsioonidele, muutes suurep\u00e4raste videote salvestamise ja originaalsete kaadrite loomise lihtsamaks. Selle ulatus on kuni 80 m, seega ei pea te muretsema signaalih\u00e4irete p\u00e4rast. Seadme kasutamine on \u00e4\u00e4rmiselt lihtne ja \u00fchenduse loomine v\u00f5tab vaid paar sekundit. Lisaks v\u00f5imaldab kaugjuhtimispult teil samaaegselt juhtida kuni viit kaamerat. Kaasasolev rihm v\u00f5imaldab teil seda kanda nagu kella.<\/p>\n<p>\n<img decoding=\"async\" alt=\"\" border=\"0\" src=\"https:\/\/assets.innpro.pl\/7313\/8514\/1.jpg\"\/>\n<\/p>\n<h3>Mugav kasutamine<\/h3>\n<p>Kaugjuhtimispult on mugav m\u00e4giretkedel v\u00f5i jalgrattas\u00f5idul. Selle abil saate h\u00f5lpsalt teha grupifoto, salvestada video, sisse l\u00fclitada aegv\u00f5tte v\u00f5i muuta kaamera s\u00e4tteid. Randmele asetatuna pakub see aktiivse vaba aja veetmise ajal maksimaalset mugavust ja ohutust.<\/p>\n<p>\n<img decoding=\"async\" alt=\"\" border=\"0\" src=\"https:\/\/assets.innpro.pl\/7313\/8514\/3.jpg\"\/>\n<\/p>\n<h3>Pikk t\u00f6\u00f6aeg<\/h3>\n<p>T10 kaugjuhtimispult t\u00f6\u00f6tab \u00fche laadimisega kuni 10 tundi. Pikka t\u00f6\u00f6aega m\u00f5jutab kasutatav v\u00e4ikese energiatarbega Bluetooth-tehnoloogia. Mugav magnetiline laadimine on v\u00f5imalik kaasasoleva kaabli abil ning praktiline ekraan kuvab teavet nii puldi kui ka kaamera laadimistaseme kohta.<\/p>\n<p>\n<img decoding=\"async\" alt=\"\" border=\"0\" src=\"https:\/\/assets.innpro.pl\/7313\/8514\/5.jpg\"\/>\n<\/p>\n<h3>Kanna seda nagu kella<\/h3>\n<p>Komplektiga on kaasas praktiline rihm, mis on valmistatud nahas\u00f5bralikest materjalidest ja v\u00f5imaldab puldi k\u00e4ele kinnitada. See v\u00f5imaldab seda kanda nagu kella ja kasutada isegi \u00e4\u00e4rmuslikes olukordades. Reguleeritav pikkus tagab, et k\u00e4epael sobib igale kasutajale.<\/p>\n<p>\n<img decoding=\"async\" alt=\"\" border=\"0\" src=\"https:\/\/assets.innpro.pl\/7313\/8514\/4.jpg\"\/>\n<\/p>\n<h3>Praktilised lahendused<\/h3>\n<p>Pult on varustatud v\u00e4ikese ekraaniga, mis annab teavet puldi ja kaamera laadimistaseme v\u00f5i salvestusaja kohta. T10 \u00fchildub GoPro Hero 13 \/ 12 \/ 11 \/ 10 \/ 9 \/ 8 \/ MAX kaameratega ning lisaks saab neid korraga juhtida, kuna T10 v\u00f5imaldab juhtida kuni 5 kaamerat korraga. Suured nupud muudavad puldi kasutamise lihtsaks ja meeldivaks.<\/p>\n<p>\n<img decoding=\"async\" alt=\"\" border=\"0\" src=\"https:\/\/assets.innpro.pl\/7313\/8514\/2.jpg\"\/>\n<\/p>\n<h3>Komplektis:<\/h3>\n<ul class=\"list-disc pl-5\">\n<li>Telesin T10 GoPro pult<\/li>\n<li>Randepael<\/li>\n<li>Laadimiskaabel<\/li>\n<li>Kasutusjuhend<\/li>\n<\/ul>\n<div class=\"table-wrapper\">\n<p>\u0412\u00a0<\/p>\n<h3><\/h3>\n<table>\n<tbody>\n<tr>\n<th>Tootja<\/th>\n<td>Telesin<\/td>\n<\/tr>\n<tr>\n<th>Nimi<\/th>\n<td>T10 pult Juhtimine<\/td>\n<\/tr>\n<tr>\n<th>Mudel<\/th>\n<td>T10<\/td>\n<\/tr>\n<tr>\n<th>\u00dchilduvus<\/th>\n<td>GoPro Hero 13 \/ 12 \/ 11 \/ 10 \/ 9 \/ 8 \/ MAX<\/td>\n<\/tr>\n<tr>\n<th>Suurus<\/th>\n<td>66 x 39,4 x 17,5 mm<\/td>\n<\/tr>\n<tr>\n<th>Kaal<\/th>\n<td>36 g<\/td>\n<\/tr>\n<tr>\n<th>Materjal<\/th>\n<td>ABS + TPU (kaugjuhtimispult), l\u00fckra + flanell (rihm)<\/td>\n<\/tr>\n<tr>\n<th>Ulatus<\/th>\n<td>80 m<\/td>\n<\/tr>\n<tr>\n<th>\u00dchenduvus<\/th>\n<td>Bluetooth<\/td>\n<\/tr>\n<tr>\n<th>T\u00f6\u00f6aeg<\/th>\n<td>10 h<\/td>\n<\/tr>\n<\/tbody>\n<\/table>\n<\/div>\n","protected":false},"excerpt":{"rendered":"<p>Telesini kaugjuhtimispult GoPro Hero 13 \/ 12 \/ 11 \/ 10 \/ 9 \/ 8 \/ MAX kaameratele (GP-RMT-T10) Kaugjuhtimispult v\u00f5imaldab teil GoPro Hero 13 \/ 12 \/ 11 \/ 10 \/ 9 \/ 8 \/ MAX kaameraid kaugjuhtimisega juhtida. See pakub mugavat juurdep\u00e4\u00e4su k\u00f5igile kaamera funktsioonidele, muutes suurep\u00e4raste videote salvestamise ja originaalsete kaadrite loomise [&#8230;]\n","protected":false},"featured_media":25522,"comment_status":"open","ping_status":"closed","template":"","meta":[],"product_brand":[296],"product_cat":[936],"product_tag":[],"class_list":{"0":"post-25521","1":"product","2":"type-product","3":"status-publish","4":"has-post-thumbnail","6":"product_brand-telesin","7":"product_cat-for-sports-cameras","9":"first","10":"outofstock","11":"taxable","12":"shipping-taxable","13":"purchasable","14":"product-type-simple"},"aioseo_notices":[],"_links":{"self":[{"href":"https:\/\/asura.lv\/et\/wp-json\/wp\/v2\/product\/25521","targetHints":{"allow":["GET"]}}],"collection":[{"href":"https:\/\/asura.lv\/et\/wp-json\/wp\/v2\/product"}],"about":[{"href":"https:\/\/asura.lv\/et\/wp-json\/wp\/v2\/types\/product"}],"replies":[{"embeddable":true,"href":"https:\/\/asura.lv\/et\/wp-json\/wp\/v2\/comments?post=25521"}],"wp:featuredmedia":[{"embeddable":true,"href":"https:\/\/asura.lv\/et\/wp-json\/wp\/v2\/media\/25522"}],"wp:attachment":[{"href":"https:\/\/asura.lv\/et\/wp-json\/wp\/v2\/media?parent=25521"}],"wp:term":[{"taxonomy":"product_brand","embeddable":true,"href":"https:\/\/asura.lv\/et\/wp-json\/wp\/v2\/product_brand?post=25521"},{"taxonomy":"product_cat","embeddable":true,"href":"https:\/\/asura.lv\/et\/wp-json\/wp\/v2\/product_cat?post=25521"},{"taxonomy":"product_tag","embeddable":true,"href":"https:\/\/asura.lv\/et\/wp-json\/wp\/v2\/product_tag?post=25521"}],"curies":[{"name":"wp","href":"https:\/\/api.w.org\/{rel}","templated":true}]}}