{"id":25545,"date":"2025-11-28T20:47:42","date_gmt":"2025-11-28T20:47:42","guid":{"rendered":"https:\/\/asura.lv\/product\/electric-hot-water-cup-deerma-dr050\/"},"modified":"2025-12-12T14:48:28","modified_gmt":"2025-12-12T12:48:28","slug":"electric-hot-water-cup-deerma-dr050","status":"publish","type":"product","link":"https:\/\/asura.lv\/et\/toode\/electric-hot-water-cup-deerma-dr050\/","title":{"rendered":"Elektriline kuumaveekruus Deerma DR050"},"content":{"rendered":"<h3>Deerma DR050 elektriline kuumaveetass<\/h3>\n<p>Deerma DR050 on mitmek\u00fclgne seade, mis sobib nii kaasaskantava veekeetja kui ka termosina. See v\u00f5imaldab teil mitte ainult vett keeta, vaid ka t\u00e4nu termosfunktsioonile selle temperatuuri hoida. Toode tagab ohutu kasutamise ja on valmistatud kvaliteetsetest materjalidest, n\u00e4iteks 304 roostevabast terasest. Selle maht on 350 ml. Termoskork sobib h\u00e4sti ka kruusina. Seade on kerge ja piisavalt mugav, et teid peaaegu k\u00f5ikjale kaasa v\u00f5tta \u2013 kodus, t\u00f6\u00f6l v\u00f5i reisil olles.<\/p>\n<p><img decoding=\"async\" src=\"https:\/\/b2b.innpro.pl\/data\/include\/cms\/12Deerma\/DEM-DR050\/3.jpg?v=1649143683806\"><\/p>\n<h3>Teie asendamatu kaaslane<\/h3>\n<p>Varustage endale v\u00f5imalus valmistada aromaatset kohvi, kuuma teed v\u00f5i kiirsuppi k\u00f5ikjal, kuhu l\u00e4hete. DR050 veekeetja on \u00e4\u00e4rmiselt kerge ja kaasaskantav \u2013 see mahub h\u00f5lpsalt kotti v\u00f5i seljakotti. See ei ole liiga suur koorem. Lisaks on selle energiatarve vaid umbes 300 W. Seega saate seda h\u00f5lpsalt kasutada ka piiratud energiatarbimisega kohtades, n\u00e4iteks \u00fchiselamutes v\u00f5i hotellides.<\/p>\n<p><img decoding=\"async\" src=\"https:\/\/b2b.innpro.pl\/data\/include\/cms\/12Deerma\/DEM-DR050\/4.jpg?v=1649143683806\"><\/p>\n<h3>Keedab vett ja hoiab seda soojas<\/h3>\n<p>Kui te selle vooluv\u00f5rgust lahti \u00fchendate, p\u00fcsib sees olev jook m\u00f5nda aega soojana, nagu tavalises termoses. Selle teeb v\u00f5imalikuks 3-kihiline soojusisolatsioon. Seade on varustatud ka spetsiaalse kaitseklapi ja 3 \u00f5hutusavaga, et tagada \u00fchtlane aurustumine. See muudab selle kasutamise veelgi ohutumaks.<\/p>\n<p><img decoding=\"async\" src=\"https:\/\/b2b.innpro.pl\/data\/include\/cms\/12Deerma\/DEM-DR050\/1.jpg?v=1649143683806\"><\/p>\n<h3>Kasutusmugavus<\/h3>\n<p>Termos on loodud pakkuma teile maksimaalset mugavust. Selle lihtne kasutamine on v\u00f5imalik \u00fche nupuga. Libisemiskindel silikoonpadi v\u00f5imaldab teil seadet valitud pinnal kindlalt asetada ja eemaldatav juhe muudab selle transportimise ja hoiustamise lihtsaks. Te ei pea kartma, et termos lekib \u2013 spetsiaalne tihend hoiab selle \u00e4ra. Toote kaant saab kasutada kruusina \u2013 nii ei pea te oma kotti ega seljakotti koormama.<\/p>\n<p><img decoding=\"async\" src=\"https:\/\/b2b.innpro.pl\/data\/include\/cms\/12Deerma\/DEM-DR050\/5.jpg?v=1649143683806\"><\/p>\n<h3>Ohutuse huvides<\/h3>\n<p>\u00c4rge kartke p\u00f5letusi saada. Termos on varustatud 3-kihilise soojusisolatsiooniga, t\u00e4nu millele selle pind ei kuumene \u00fclem\u00e4\u00e4ra. Seadme sisemus on valmistatud 304 roostevabast terasest, mis on ohutu kasutada toiduga kokkupuutel. Lisaks minimeerib kasutatav tehnoloogia bakterite paljunemise ohtu. Toode on muuhulgas kaitstud ka \u00fclekuumenemise eest.<\/p>\n<p><img decoding=\"async\" src=\"https:\/\/b2b.innpro.pl\/data\/include\/cms\/12Deerma\/DEM-DR050\/2.jpg?v=1649143683806\"><\/p>\n<h3>Karbis<\/h3>\n<ul>\n<li>Deerma kuumaveetass<\/li>\n<li>Toitejuhe<\/li>\n<li>Kasutusjuhend<\/li>\n<\/ul>\n<div class=\"table-wrapper\">\n<table>\n<tbody>\n<tr>\n<th>Kaubam\u00e4rk<\/th>\n<td>Deerma<\/td>\n<\/tr>\n<tr>\n<th>Nimi<\/th>\n<td>Kaasaskantav soojendustass<\/td>\n<\/tr>\n<tr>\n<th>Mudel<\/th>\n<td>DEM-DR050<\/td>\n<\/tr>\n<tr>\n<th>Hinnatud Pinge<\/th>\n<td>220V~<\/td>\n<\/tr>\n<tr>\n<th>Nimiv\u00f5imsus<\/th>\n<td>300W<\/td>\n<\/tr>\n<tr>\n<th>Nimisagedus<\/th>\n<td>50Hz<\/td>\n<\/tr>\n<tr>\n<th>Mahutavus<\/th>\n<td>350ml<\/td>\n<\/tr>\n<tr>\n<th>M\u00f5\u00f5tmed<\/th>\n<td>81x81x217mm<\/td>\n<\/tr>\n<\/tbody>\n<\/table>\n<\/div>\n","protected":false},"excerpt":{"rendered":"<p>Deerma DR050 elektriline kuumaveetass Deerma DR050 on mitmek\u00fclgne seade, mis sobib nii kaasaskantava veekeetja kui ka termosina. See v\u00f5imaldab teil mitte ainult vett keeta, vaid ka t\u00e4nu termosfunktsioonile selle temperatuuri hoida. Toode tagab ohutu kasutamise ja on valmistatud kvaliteetsetest materjalidest, n\u00e4iteks 304 roostevabast terasest. Selle maht on 350 ml. Termoskork sobib h\u00e4sti ka kruusina. Seade [&#8230;]\n","protected":false},"featured_media":25546,"comment_status":"open","ping_status":"closed","template":"","meta":[],"product_brand":[252],"product_cat":[1389],"product_tag":[],"class_list":{"0":"post-25545","1":"product","2":"type-product","3":"status-publish","4":"has-post-thumbnail","6":"product_brand-deerma","7":"product_cat-electric-kettles","9":"first","10":"outofstock","11":"taxable","12":"shipping-taxable","13":"purchasable","14":"product-type-simple"},"aioseo_notices":[],"_links":{"self":[{"href":"https:\/\/asura.lv\/et\/wp-json\/wp\/v2\/product\/25545","targetHints":{"allow":["GET"]}}],"collection":[{"href":"https:\/\/asura.lv\/et\/wp-json\/wp\/v2\/product"}],"about":[{"href":"https:\/\/asura.lv\/et\/wp-json\/wp\/v2\/types\/product"}],"replies":[{"embeddable":true,"href":"https:\/\/asura.lv\/et\/wp-json\/wp\/v2\/comments?post=25545"}],"wp:featuredmedia":[{"embeddable":true,"href":"https:\/\/asura.lv\/et\/wp-json\/wp\/v2\/media\/25546"}],"wp:attachment":[{"href":"https:\/\/asura.lv\/et\/wp-json\/wp\/v2\/media?parent=25545"}],"wp:term":[{"taxonomy":"product_brand","embeddable":true,"href":"https:\/\/asura.lv\/et\/wp-json\/wp\/v2\/product_brand?post=25545"},{"taxonomy":"product_cat","embeddable":true,"href":"https:\/\/asura.lv\/et\/wp-json\/wp\/v2\/product_cat?post=25545"},{"taxonomy":"product_tag","embeddable":true,"href":"https:\/\/asura.lv\/et\/wp-json\/wp\/v2\/product_tag?post=25545"}],"curies":[{"name":"wp","href":"https:\/\/api.w.org\/{rel}","templated":true}]}}