{"id":25605,"date":"2025-11-28T20:47:36","date_gmt":"2025-11-28T20:47:36","guid":{"rendered":"https:\/\/asura.lv\/product\/baseus-crystal-cable-usb-c-to-lightning-20w-pd-1-2m-black\/"},"modified":"2025-12-12T14:48:25","modified_gmt":"2025-12-12T12:48:25","slug":"baseus-crystal-cable-usb-c-to-lightning-20w-pd-1-2m-black","status":"publish","type":"product","link":"https:\/\/asura.lv\/et\/toode\/baseus-crystal-cable-usb-c-to-lightning-20w-pd-1-2m-black\/","title":{"rendered":"Baseus Crystal kaabel USB-C &#8211; Lightning, 20W, PD, 1.2m (must)"},"content":{"rendered":"<h3>USB-C &#8211; Lightning kaabel Baseus Crystal<\/h3>\n<p>1,2 m pikkune USB-C &#8211; Lightning kaabel Baseus Crystal pakub 20 W PD kiirlaadimist ja \u00fchildub enamiku Apple&#8217;i seadmetega. See v\u00f5imaldab teil faile edastada kiirusega kuni 480 Mbps. See on \u00e4\u00e4rmiselt vastupidav ja kulumiskindel. Sellel on ka stiilne l\u00e4ikiv kaunistus, mis annab sellele \u00e4\u00e4rmiselt elegantse ilme. Kaasasolev takjapael muudab kaabli transportimise ja hoiustamise lihtsaks.<\/p>\n<p><img decoding=\"async\" src=\"https:\/\/b2b.innpro.pl\/data\/include\/cms\/-Baseus\/CAJY000201\/6.jpg\"><\/p>\n<h3>Kiirlaadimine<\/h3>\n<p>Te ei pea enam l\u00f5putult ootama, kuni teie nutitelefon laeb. Baseus Crystal kaabel toetab PD 20 W ja 18 W kiirlaadimist. Mida see praktikas t\u00e4hendab? Selle abil saate n\u00e4iteks oma iPhone&#8217;i laadida 60%-ni vaid umbes 30 minutiga. Viie tinatatud vaskjuhtmega s\u00fcdamik tagab kaabli usaldusv\u00e4\u00e4rse t\u00f6\u00f6.<\/p>\n<p><img decoding=\"async\" src=\"https:\/\/b2b.innpro.pl\/data\/include\/cms\/-Baseus\/CAJY000201\/3.jpg\"><\/p>\n<h3>Lai \u00fchilduvus<\/h3>\n<p>\u00c4rge kartke \u00fchilduvusprobleeme \u2013 n\u00fc\u00fcd j\u00e4\u00e4vad need vaid ebameeldivaks m\u00e4lestuseks. Baseus Crystal kaabli abil saate laadida n\u00e4iteks iPhone 13, 12, 11, Xs, X, 8 ja 6S. Toode \u00fchildub muuhulgas ka Apple&#8217;i tahvelarvutitega, n\u00e4iteks iPad Pro, iPad Air 3 ja iPad mini.<\/p>\n<p><img decoding=\"async\" src=\"https:\/\/b2b.innpro.pl\/data\/include\/cms\/-Baseus\/CAJY000201\/1.jpg\"><\/p>\n<h3>Ohutu kasutada<\/h3>\n<p>Te ei pea muretsema kaabli ega sellega \u00fchendatud iPhone&#8217;i v\u00f5i iPadi ohutuse p\u00e4rast. Toode on varustatud nutika kiibiga, mis tuvastab laadimise ajal temperatuuri ja kaitseb teie seadmeid kahjustuste eest. See on kaitstud ka \u00fclelaadimise eest.<\/p>\n<p><img decoding=\"async\" src=\"https:\/\/b2b.innpro.pl\/data\/include\/cms\/-Baseus\/CAJY000201\/8.jpg\"><\/p>\n<h3>Muljetavaldav vastupidavus<\/h3>\n<p>Kaabli k\u00f5ige tundlikum osa on t\u00e4iendavalt kaitstud. See muudab selle painutamis- ja t\u00f5mbamiskindlaks. Selle pistikud on erakordselt vastupidava disainiga ja p\u00e4rast \u00fchendamist j\u00e4\u00e4vad need kindlalt paika. Neid kaitseb alumiiniumisulamist korpus. Lisaks kaitseb punutud kangast kate kaablit kahjustuste eest ja hoiab \u00e4ra selle sassiminemise.<\/p>\n<p><img decoding=\"async\" src=\"https:\/\/b2b.innpro.pl\/data\/include\/cms\/-Baseus\/CAJY000201\/5.jpg\"><\/p>\n<h3>Kiire laadimine \u2013 kiire failiedastus<\/h3>\n<p>Baseus Crystal kaabliga saate mitte ainult oma iPadi v\u00f5i iPhone&#8217;i kiiresti laadida, vaid ka valitud faile m\u00f5ne hetkega edastada. Toode pakub edastuskiirust kuni 480 Mbps. See t\u00e4hendab, et k\u00f5ik vajalikud fotod, dokumendid v\u00f5i filmid on \u00f5iges kohas hetkega. Sa ei pea enam liiga kaua ootama!<\/p>\n<p><img decoding=\"async\" src=\"https:\/\/b2b.innpro.pl\/data\/include\/cms\/-Baseus\/CAJY000201\/4.jpg\"><\/p>\n<div class=\"table-wrapper\">\n<table>\n<tbody>\n<tr>\n<th>Br\u00e4nd<\/th>\n<td>Baseus<\/td>\n<\/tr>\n<tr>\n<th>Mudel<\/th>\n<td>CAJY000201<\/td>\n<\/tr>\n<tr>\n<th>V\u00e4rv<\/th>\n<td>Must<\/td>\n<\/tr>\n<tr>\n<th>Materjal<\/th>\n<td>Alumiiniumisulam + punutud kangast kaabel<\/td>\n<\/tr>\n<tr>\n<th>V\u00f5imsus<\/th>\n<td>PD 20W<\/td>\n<\/tr>\n<tr>\n<th>Edastuskiirus<\/th>\n<td>Kuni 480 Mbps<\/td>\n<\/tr>\n<tr>\n<th>Pikkus<\/th>\n<td>1,2 m<\/td>\n<\/tr>\n<\/tbody>\n<\/table>\n<\/div>\n","protected":false},"excerpt":{"rendered":"<p>USB-C &#8211; Lightning kaabel Baseus Crystal 1,2 m pikkune USB-C &#8211; Lightning kaabel Baseus Crystal pakub 20 W PD kiirlaadimist ja \u00fchildub enamiku Apple&#8217;i seadmetega. See v\u00f5imaldab teil faile edastada kiirusega kuni 480 Mbps. See on \u00e4\u00e4rmiselt vastupidav ja kulumiskindel. Sellel on ka stiilne l\u00e4ikiv kaunistus, mis annab sellele \u00e4\u00e4rmiselt elegantse ilme. Kaasasolev takjapael muudab [&#8230;]\n","protected":false},"featured_media":25606,"comment_status":"open","ping_status":"closed","template":"","meta":[],"product_brand":[95],"product_cat":[1152],"product_tag":[],"class_list":{"0":"post-25605","1":"product","2":"type-product","3":"status-publish","4":"has-post-thumbnail","6":"product_brand-baseus","7":"product_cat-usb-c-to-lightning-usb-cables","9":"first","10":"outofstock","11":"taxable","12":"shipping-taxable","13":"purchasable","14":"product-type-simple"},"aioseo_notices":[],"_links":{"self":[{"href":"https:\/\/asura.lv\/et\/wp-json\/wp\/v2\/product\/25605","targetHints":{"allow":["GET"]}}],"collection":[{"href":"https:\/\/asura.lv\/et\/wp-json\/wp\/v2\/product"}],"about":[{"href":"https:\/\/asura.lv\/et\/wp-json\/wp\/v2\/types\/product"}],"replies":[{"embeddable":true,"href":"https:\/\/asura.lv\/et\/wp-json\/wp\/v2\/comments?post=25605"}],"wp:featuredmedia":[{"embeddable":true,"href":"https:\/\/asura.lv\/et\/wp-json\/wp\/v2\/media\/25606"}],"wp:attachment":[{"href":"https:\/\/asura.lv\/et\/wp-json\/wp\/v2\/media?parent=25605"}],"wp:term":[{"taxonomy":"product_brand","embeddable":true,"href":"https:\/\/asura.lv\/et\/wp-json\/wp\/v2\/product_brand?post=25605"},{"taxonomy":"product_cat","embeddable":true,"href":"https:\/\/asura.lv\/et\/wp-json\/wp\/v2\/product_cat?post=25605"},{"taxonomy":"product_tag","embeddable":true,"href":"https:\/\/asura.lv\/et\/wp-json\/wp\/v2\/product_tag?post=25605"}],"curies":[{"name":"wp","href":"https:\/\/api.w.org\/{rel}","templated":true}]}}