{"id":25701,"date":"2025-11-28T20:46:31","date_gmt":"2025-11-28T20:46:31","guid":{"rendered":"https:\/\/asura.lv\/product\/metal-pipe-cutter-32mm-deli-tools-edl2504-yellow\/"},"modified":"2025-12-12T14:47:45","modified_gmt":"2025-12-12T12:47:45","slug":"metal-pipe-cutter-32mm-deli-tools-edl2504-yellow","status":"publish","type":"product","link":"https:\/\/asura.lv\/et\/toode\/metal-pipe-cutter-32mm-deli-tools-edl2504-yellow\/","title":{"rendered":"Metalltoru l\u00f5ikur 32mm Deli Tools EDL2504 (kollane)"},"content":{"rendered":"<h3>Deli metalltorude l\u00f5ikur EDL2504<\/h3>\n<p>Deli EDL2504 metalltorude l\u00f5ikur tagab vajaliku t\u00e4psuse ja sobib ideaalselt torut\u00f6\u00f6deks. Korrosioonikindla legeerterase kasutamine v\u00f5imaldab seadmel kiiresti ja t\u00e4pselt l\u00f5igata vaske, alumiiniumi ja juhtmeid. T\u00f6\u00f6riista ergonoomiline k\u00e4epide sobib h\u00e4sti k\u00e4tte ja pakub v\u00f5rratut mugavust.<\/p>\n<p><img decoding=\"async\" src=\"https:\/\/b2b.innpro.pl\/data\/include\/cms\/005Deli\/EDL2504\/3.jpg\"><\/p>\n<div class=\"table-wrapper\">\n<table>\n<tbody>\n<tr>\n<th>Kaubam\u00e4rk<\/th>\n<td>Deli<\/td>\n<\/tr>\n<tr>\n<th>Mudel<\/th>\n<td>EDL2504<\/td>\n<\/tr>\n<tr>\n<th>Materjal<\/th>\n<td>52-62HRC legeerteras<\/td>\n<\/tr>\n<tr>\n<th>L\u00f5ikeulatus<\/th>\n<td>3-32 mm<\/td>\n<\/tr>\n<tr>\n<th>Sobib<\/th>\n<td>Alumiiniumi, raua, roostevaba terase, plasttorude ja PVC-st, PP-st, PE-st, PEX-ist valmistatud torude l\u00f5ikamine PP-R<\/td>\n<\/tr>\n<tr>\n<th>V\u00e4rv<\/th>\n<td>Kollane<\/td>\n<\/tr>\n<\/tbody>\n<\/table>\n<\/div>\n","protected":false},"excerpt":{"rendered":"<p>Deli metalltorude l\u00f5ikur EDL2504 Deli EDL2504 metalltorude l\u00f5ikur tagab vajaliku t\u00e4psuse ja sobib ideaalselt torut\u00f6\u00f6deks. Korrosioonikindla legeerterase kasutamine v\u00f5imaldab seadmel kiiresti ja t\u00e4pselt l\u00f5igata vaske, alumiiniumi ja juhtmeid. T\u00f6\u00f6riista ergonoomiline k\u00e4epide sobib h\u00e4sti k\u00e4tte ja pakub v\u00f5rratut mugavust. Kaubam\u00e4rk Deli Mudel EDL2504 Materjal 52-62HRC legeerteras L\u00f5ikeulatus 3-32 mm Sobib Alumiiniumi, raua, roostevaba terase, plasttorude ja [&#8230;]\n","protected":false},"featured_media":25702,"comment_status":"open","ping_status":"closed","template":"","meta":[],"product_brand":[310],"product_cat":[1056],"product_tag":[],"class_list":{"0":"post-25701","1":"product","2":"type-product","3":"status-publish","4":"has-post-thumbnail","6":"product_brand-deli-tools","7":"product_cat-cutting-tools","9":"first","10":"outofstock","11":"taxable","12":"shipping-taxable","13":"purchasable","14":"product-type-simple"},"aioseo_notices":[],"_links":{"self":[{"href":"https:\/\/asura.lv\/et\/wp-json\/wp\/v2\/product\/25701","targetHints":{"allow":["GET"]}}],"collection":[{"href":"https:\/\/asura.lv\/et\/wp-json\/wp\/v2\/product"}],"about":[{"href":"https:\/\/asura.lv\/et\/wp-json\/wp\/v2\/types\/product"}],"replies":[{"embeddable":true,"href":"https:\/\/asura.lv\/et\/wp-json\/wp\/v2\/comments?post=25701"}],"wp:featuredmedia":[{"embeddable":true,"href":"https:\/\/asura.lv\/et\/wp-json\/wp\/v2\/media\/25702"}],"wp:attachment":[{"href":"https:\/\/asura.lv\/et\/wp-json\/wp\/v2\/media?parent=25701"}],"wp:term":[{"taxonomy":"product_brand","embeddable":true,"href":"https:\/\/asura.lv\/et\/wp-json\/wp\/v2\/product_brand?post=25701"},{"taxonomy":"product_cat","embeddable":true,"href":"https:\/\/asura.lv\/et\/wp-json\/wp\/v2\/product_cat?post=25701"},{"taxonomy":"product_tag","embeddable":true,"href":"https:\/\/asura.lv\/et\/wp-json\/wp\/v2\/product_tag?post=25701"}],"curies":[{"name":"wp","href":"https:\/\/api.w.org\/{rel}","templated":true}]}}