{"id":25839,"date":"2025-11-28T20:46:15","date_gmt":"2025-11-28T20:46:15","guid":{"rendered":"https:\/\/asura.lv\/product\/superfire-hl55-headlamp-150-lm-usb-c-4-modes-270-m\/"},"modified":"2025-12-12T14:47:39","modified_gmt":"2025-12-12T12:47:39","slug":"superfire-hl55-headlamp-150-lm-usb-c-4-modes-270-m","status":"publish","type":"product","link":"https:\/\/asura.lv\/et\/toode\/superfire-hl55-headlamp-150-lm-usb-c-4-modes-270-m\/","title":{"rendered":"Superfire HL55 pealamp, 150 lm, USB-C, 4 re\u017eiimi, 270 m"},"content":{"rendered":"<h3>Superfire HL55 pealamp, 150 lm, USB-C, 4 re\u017eiimi, 270 m<\/h3>\n<p>Praktiline pealamp Superfire&#8217;ilt on kasulik paljudes erinevates olukordades. See sobib ideaalselt m\u00e4gimatkamiseks, telkimiseks v\u00f5i \u00f5htusteks jalutusk\u00e4ikudeks koeraga. Sellel on kompaktsed m\u00f5\u00f5tmed ja v\u00e4ike kaal, seega on seda lihtne kaasas kanda ja see on alati k\u00e4ep\u00e4rast. Sellel on neli t\u00f6\u00f6re\u017eiimi. See paistab silma ka pika valgustusulatuse poolest. Hea valguse fookus ja k\u00f5rge heledus muudavad selle suurep\u00e4raseks nii \u00f5ues kui ka igap\u00e4evasteks tegevusteks. See on ka veekindel, nii et saate seda kasutada karmides ilmastikutingimustes. Reguleerimisfunktsiooniga varustatud taskulamp v\u00f5imaldab teil valguse nurka vastavalt oma vajadustele reguleerida.<\/p>\n<p>\n<img decoding=\"async\" alt=\"Suure helkuri ja rihmaga pealamp, millel on tumedal taustal kiri SUPERFIRE\" border=\"0\" src=\"https:\/\/assets.innpro.pl\/14135\/17631\/3.jpg\"\/>\n<\/p>\n<h3>Kohandage selle t\u00f6\u00f6d vastavalt oma vajadustele<\/h3>\n<p>Taskulambil on erinevad valgusre\u017eiimid &#8211; sealhulgas tugev, keskmine, n\u00f5rk, vilkuv ja SOS, nii et saate neid vastavalt oma vajadustele valida. Lisaks on taskulambi k\u00e4epidemel praktiline reguleerimisv\u00f5imalus vahemikus 0\u00b0 kuni 90\u00b0, nii et saate ise otsustada, millise nurga all valgus peaks langema. HL55 rihm on samuti reguleeritav, nii et see sobib ideaalselt maksimaalse mugavuse tagamiseks.<\/p>\n<p>\n<img decoding=\"async\" alt=\"Mees koopas kannab pealampi, kannab rohelist jopet ja oran\u017ei seljakotti\" border=\"0\" src=\"https:\/\/assets.innpro.pl\/14135\/17631\/2.jpg\"\/>\n<\/p>\n<h3>Vastupidav ja praktiline disain<\/h3>\n<p>Pealamp on IP43 veekindlaga, nii et saate seda vihmas kasutada, muretsemata selle kahjustamise p\u00e4rast. Materjalid, millest see on valmistatud, on vastupidavad ja peavad vastu mitmesugustele ilmastikutingimustele. HL55 on varustatud ka USB-C (Universal Serial Bus Type C, universaalne pistik andmete ja toite jaoks) pordiga, mis toetab laadimist erinevatest seadmetest \u2013 saate selle \u00fchendada klassikalise laadija, varupatarei v\u00f5i arvutiga.<\/p>\n<p>\n<img decoding=\"async\" alt=\"M\u00e4rjal pinnal lebav peataskulamp, mida valgustab ja pritsib vihma k\u00e4es vesi\" border=\"0\" src=\"https:\/\/assets.innpro.pl\/14135\/17631\/7.jpg\"\/>\n<\/p>\n<h3>Pikk valgusulatus<\/h3>\n<p>Taskulambi ulatus ulatub kuni 270 meetrini, seega v\u00f5ib see olla teie usaldusv\u00e4\u00e4rne abiline igasugustel \u00f6istel ekspeditsioonidel. Samuti saate seda edukalt kasutada jalgrattas\u00f5idul, telkides v\u00f5i autot parandades.<\/p>\n<p>\n<img decoding=\"async\" alt=\"Neli \u00f6\u00f6stseeni, kus inimesed kasutavad taskulampe jalgrattas\u00f5idul, telkides, joostes ja autot parandades\" border=\"0\" src=\"https:\/\/assets.innpro.pl\/14135\/17631\/4.jpg\"\/>\n<\/p>\n<h3>Kaasas<\/h3>\n<ul class=\"list-disc pl-5\">\n<li>taskulamp<\/li>\n<li>USB-kaabel (Universal Serial Bus, universaalne pistik andmeedastuseks ja toiteks)<\/li>\n<\/ul>\n<div class=\"table-wrapper\">\n<p>\u0412\u00a0<\/p>\n<h3><\/h3>\n<table>\n<tbody>\n<tr>\n<th>Tootja<\/th>\n<td>Superfire<\/td>\n<\/tr>\n<tr>\n<th>Mudel<\/th>\n<td>HL55<\/td>\n<\/tr>\n<tr>\n<th>V\u00e4rv<\/th>\n<td>must<\/td>\n<\/tr>\n<tr>\n<th>M\u00f5\u00f5tmed<\/th>\n<td>67 x 79 x 60 mm<\/td>\n<\/tr>\n<tr>\n<th>Kaal<\/th>\n<td>118g<\/td>\n<\/tr>\n<tr>\n<th>V\u00f5imsus<\/th>\n<td>3W<\/td>\n<\/tr>\n<tr>\n<th>Pinge<\/th>\n<td>3,7V<\/td>\n<\/tr>\n<tr>\n<th>Veekaitse<\/th>\n<td>IP43<\/td>\n<\/tr>\n<tr>\n<th>Toiteallikas<\/th>\n<td>18650 Aku<\/td>\n<\/tr>\n<tr>\n<th>T\u00f6\u00f6aeg<\/th>\n<td>umbes 2,5 tundi<\/td>\n<\/tr>\n<tr>\n<th>Laadimisaeg<\/th>\n<td>umbes 2 tundi<\/td>\n<\/tr>\n<tr>\n<th>Laadimisport<\/th>\n<td>USB-C<\/td>\n<\/tr>\n<tr>\n<th>Re\u017eiimid<\/th>\n<td>k\u00f5rge heledus, madal heledus, vilkur, SOS<\/td>\n<\/tr>\n<tr>\n<th>Aku mahtuvus<\/th>\n<td>800 mAh<\/td>\n<\/tr>\n<tr>\n<th>Materjal<\/th>\n<td>ABS<\/td>\n<\/tr>\n<tr>\n<th>Kukkumiskindlus<\/th>\n<td>kuni 1 m k\u00f5rguselt<\/td>\n<\/tr>\n<tr>\n<th>Valgustusulatus<\/th>\n<td>270 m<\/td>\n<\/tr>\n<\/tbody>\n<\/table>\n<\/div>\n","protected":false},"excerpt":{"rendered":"<p>Superfire HL55 pealamp, 150 lm, USB-C, 4 re\u017eiimi, 270 m Praktiline pealamp Superfire&#8217;ilt on kasulik paljudes erinevates olukordades. See sobib ideaalselt m\u00e4gimatkamiseks, telkimiseks v\u00f5i \u00f5htusteks jalutusk\u00e4ikudeks koeraga. Sellel on kompaktsed m\u00f5\u00f5tmed ja v\u00e4ike kaal, seega on seda lihtne kaasas kanda ja see on alati k\u00e4ep\u00e4rast. Sellel on neli t\u00f6\u00f6re\u017eiimi. See paistab silma ka pika valgustusulatuse [&#8230;]\n","protected":false},"featured_media":25840,"comment_status":"open","ping_status":"closed","template":"","meta":[],"product_brand":[195],"product_cat":[1296],"product_tag":[],"class_list":{"0":"post-25839","1":"product","2":"type-product","3":"status-publish","4":"has-post-thumbnail","6":"product_brand-superfire","7":"product_cat-head-flashlights","9":"first","10":"outofstock","11":"taxable","12":"shipping-taxable","13":"purchasable","14":"product-type-simple"},"aioseo_notices":[],"_links":{"self":[{"href":"https:\/\/asura.lv\/et\/wp-json\/wp\/v2\/product\/25839","targetHints":{"allow":["GET"]}}],"collection":[{"href":"https:\/\/asura.lv\/et\/wp-json\/wp\/v2\/product"}],"about":[{"href":"https:\/\/asura.lv\/et\/wp-json\/wp\/v2\/types\/product"}],"replies":[{"embeddable":true,"href":"https:\/\/asura.lv\/et\/wp-json\/wp\/v2\/comments?post=25839"}],"wp:featuredmedia":[{"embeddable":true,"href":"https:\/\/asura.lv\/et\/wp-json\/wp\/v2\/media\/25840"}],"wp:attachment":[{"href":"https:\/\/asura.lv\/et\/wp-json\/wp\/v2\/media?parent=25839"}],"wp:term":[{"taxonomy":"product_brand","embeddable":true,"href":"https:\/\/asura.lv\/et\/wp-json\/wp\/v2\/product_brand?post=25839"},{"taxonomy":"product_cat","embeddable":true,"href":"https:\/\/asura.lv\/et\/wp-json\/wp\/v2\/product_cat?post=25839"},{"taxonomy":"product_tag","embeddable":true,"href":"https:\/\/asura.lv\/et\/wp-json\/wp\/v2\/product_tag?post=25839"}],"curies":[{"name":"wp","href":"https:\/\/api.w.org\/{rel}","templated":true}]}}