{"id":25863,"date":"2025-11-28T20:46:13","date_gmt":"2025-11-28T20:46:13","guid":{"rendered":"https:\/\/asura.lv\/product\/dji-care-refresh-om-5-code\/"},"modified":"2025-12-12T14:47:38","modified_gmt":"2025-12-12T12:47:38","slug":"dji-care-refresh-om-5-code","status":"publish","type":"product","link":"https:\/\/asura.lv\/et\/toode\/dji-care-refresh-om-5-code\/","title":{"rendered":"DJI Care Refresh OM 5 &#8211; kood"},"content":{"rendered":"<h3 style=\"text-align: center;\">Digitaalseid tooteid tarnitakse esmasp\u00e4evast reedeni kella 8.00\u201316.00 vahel tellimuse vormistamisel sisestatud e-posti aadressile.<\/h3>\n<h3 style=\"text-align: center;\">DJI Care Refresh teenus<\/h3>\n<p style=\"text-align: justify;\"><strong><span style=\"font-weight: 400;\">DJI Care Refresh on teenus, mis pakub teie seadmele lisakaitset. V\u00e4ikese tasu eest pakutakse kahjustatud seadmele kahte asendust aasta jooksul. See kaitse h\u00f5lmab muu hulgas kokkup\u00f5rgetest v\u00f5i veega kokkupuutest tulenevaid kahjustusi. Kahjustatud seadmed asendatakse uute v\u00f5i samav\u00e4\u00e4rsete esemetega. DJI Care Refreshi saab aktiveerida 30 p\u00e4eva jooksul alates seadme aktiveerimisest (esimene k\u00e4ivitamine). Lisaks saate kaitset pikendada, ostes t\u00e4iendava aastaplaani (kuni kaks korda, kokku 3 aastaks). Lisaks kehtib teenindusperioodil tootja ametlik garantii.<\/span><\/strong><\/p>\n<p style=\"text-align: justify;\"><img loading=\"lazy\" decoding=\"async\" src=\"\/data\/include\/cms\/12DJI\/Care-Refresh\/OM4\/01.jpg\" border=\"0\" alt=\"\" width=\"1100\" height=\"700\" \/><\/p>\n<p style=\"text-align: justify;\">\u0412\u00a0<\/p>\n<h3 style=\"text-align: center;\">DJI OM 5<\/h3>\n<p style=\"text-align: justify;\">DJI OM 5 seeria stabilisaatorite puhul on DJI Care Refreshi esimese asendustoote hind 45 PLN. Teise asendusosa hind on 59 PLN.*<\/p>\n<p style=\"text-align: justify;\">*Asendusosa hind v\u00f5ib tootjale otse teatades erineda olenevalt kehtivast valuutakursist.<\/p>\n<p style=\"text-align: justify;\"><img loading=\"lazy\" decoding=\"async\" src=\"\/data\/include\/cms\/12DJI\/Care-Refresh\/OM-5\/1.jpg\" border=\"0\" width=\"1100\" height=\"700\" \/><\/p>\n<p style=\"text-align: justify;\">\u0412\u00a0<\/p>\n<h3 style=\"text-align: center;\">DJI Care Refreshi aktiveerimine<\/h3>\n<p style=\"text-align: justify;\">1. Aktiveerige kood aadressil: <a href=\"https:\/\/support.dji.com\/care\/active\">https:\/\/support.dji.com\/care\/active<\/a>.<br \/>2. Aktiveerimisprotsessi k\u00e4igus sisestage Care Refresh kood, seadme seerianumber (asub otse tootel) ja aktiveerija andmed (nimi, e-posti aadress).<br \/>3. DJI Care Refresh aktiveeritakse ja m\u00e4\u00e4ratakse automaatselt vastavale piirkonnale. Saate DJI Care Refresh aktiveerimise kinnituse e-posti teel. Teie seade on n\u00fc\u00fcd kaitstud!<\/p>\n<p style=\"text-align: justify;\"><img loading=\"lazy\" decoding=\"async\" src=\"\/data\/include\/cms\/12DJI\/Care-Refresh\/OM4\/03.jpg\" border=\"0\" alt=\"\" width=\"1100\" height=\"700\" \/><\/p>\n<p style=\"text-align: justify;\">\u0412\u00a0<\/p>\n<h3 style=\"text-align: center;\">\u00d5nnetuse korral<\/h3>\n<p style=\"text-align: justify;\">1. Kasutaja teatab rikkest ja saadab seadme Saksamaal asuvasse DJI teeninduskeskusesse, mainides DJI Care Refresh&#8217;i omamist.<br \/>2. Kasutaja saab remondihinnapakkumise ja otsustab, kas maksab remondi\/asenduse eest v\u00f5i kasutab DJI Care Refreshi.<br \/>3. P\u00e4rast DJI Care Refreshi valimist maksab kasutaja asenduse eest ja saab uue seadme.<br \/>4. Asendatud toode toimetatakse kasutajale viivitamatult ja tasuta saatmisega.<\/p>\n<p style=\"text-align: justify;\"><img loading=\"lazy\" decoding=\"async\" src=\"\/data\/include\/cms\/12DJI\/Care-Refresh\/OM-5\/2.jpg\" border=\"0\" width=\"1100\" height=\"700\" \/><\/p>\n<p style=\"text-align: justify;\">\u0412\u00a0<\/p>\n<h3 style=\"text-align: center;\">Mida DJI Care Refresh ei kata<\/h3>\n<p style=\"text-align: justify;\">DJI Care Refresh ei kata:<br \/> 1) Kaotatud v\u00f5i osaliselt kaotatud seadmeid.<br \/> 2) Varastatud v\u00f5i h\u00fcljatud tooteid.<br \/> 3) Lisatarvikuid.<br \/> 4) Toote tahtlikku kaotamist.<br \/> 5) Korpuse kahjustusi, mis ei m\u00f5juta toote funktsionaalsust.<br \/> 6) Otseseid v\u00f5i kaudseid kahjusid, mis on tingitud v\u00e4\u00e4ramatust j\u00f5ust.<br \/> 7) V\u00e4ljaspool kehtivaid tingimusi tekkivaid defekte DJI Care Refreshi kehtivusaeg.<br \/> 8) Lisatasud, mis on seotud mudeli t\u00e4iustuste v\u00f5i j\u00f5udluse parandamisega.<br \/> 9) Defektid, mis tulenevad kasutusjuhendi soovitustele mittevastavatest modifikatsioonidest v\u00f5i \u00fchildumatute akude ja laadijate kasutamisest.<br \/> 10) Defektid, mis tulenevad volitamata lisatarvikute, akude v\u00f5i tarkvara kasutamisest.<\/p>\n<p style=\"text-align: justify;\">\u0412\u00a0<\/p>\n<h3>Laiendatud kindlustuskaitse valik*<\/h3>\n<p><span style=\"background-color: transparent; color: #000000;\">Kasutajatel on ka v\u00f5imalus pikendada kindlustuskaitset kuni 3 aastani. Selleks ostke lihtsalt t\u00e4iendav aastaplaan.<\/span><\/p>\n<ul>\n<li><span style=\"background-color: transparent;\">Kui teil on aastane DJI Care Refresh&#8217;i plaan, saate kaitset kaks korda pikendada, ostes kaks lisaaastaplaani:<\/span> <strong style=\"background-color: transparent;\">aastaplaan + aastaplaan + aastaplaan<\/strong><span style=\"background-color: transparent;\">.<\/span><\/li>\n<li><span style=\"background-color: transparent;\">Kui teil on kaheaastane plaan, saate kaitset \u00fcks kord pikendada, ostes \u00fche aastaplaani:<\/span> <strong style=\"background-color: transparent;\">2-aastane plaan + aastaplaan<\/strong><span style=\"background-color: transparent;\">.<\/span><\/li>\n<\/ul>\n<p><span style=\"background-color: transparent; color: #000000;\">M\u00e4rkus. Kaitse pikendamine t\u00e4iendava kaheaastase plaaniga ei ole v\u00f5imalik.<\/span><\/p>\n<p><span style=\"background-color: transparent; color: #000000;\">Katvuse pikendamiseks peavad olema t\u00e4idetud teatud tingimused:<\/span><\/p>\n<ul>\n<li><span style=\"background-color: transparent;\">DJI Care Refresh teenuse ostmine \u00fches j\u00e4rgmistest variantidest: aastane DJI Care Refresh pakett \/ 2-aastane DJI Care Refresh pakett \/ aastane DJI Care Refresh pakett ja DJI Care Refresh + \/ aastane DJI Care Refresh pakett koos t\u00e4iendava aastase paketiga (uuendamine).<\/span><\/li>\n<li><span style=\"background-color: transparent;\">Ostetud DJI Care Refresh teenuse kehtivusaeg ei ole l\u00f5ppenud v\u00f5i on l\u00f5ppenud 15 p\u00e4eva jooksul.<\/span><\/li>\n<\/ul>\n<p>\u0412\u00a0<\/p>\n<p><span style=\"background-color: transparent;\">*<\/span>Lisateavet DJI Care Refresh kohta leiate aadressilt <a href=\"https:\/\/s3.eu-central-1.amazonaws.com\/files.innpro.pl\/DJI\/DJI-CARE.pdf\" target=\"_blank\" rel=\"noopener noreferrer\">see<\/a> dokument.<\/p>\n","protected":false},"excerpt":{"rendered":"<p>Digitaalseid tooteid tarnitakse esmasp\u00e4evast reedeni kella 8.00\u201316.00 vahel tellimuse vormistamisel sisestatud e-posti aadressile. DJI Care Refresh teenus DJI Care Refresh on teenus, mis pakub teie seadmele lisakaitset. V\u00e4ikese tasu eest pakutakse kahjustatud seadmele kahte asendust aasta jooksul. See kaitse h\u00f5lmab muu hulgas kokkup\u00f5rgetest v\u00f5i veega kokkupuutest tulenevaid kahjustusi. Kahjustatud seadmed asendatakse uute v\u00f5i samav\u00e4\u00e4rsete esemetega. [&#8230;]\n","protected":false},"featured_media":25864,"comment_status":"open","ping_status":"closed","template":"","meta":[],"product_brand":[89],"product_cat":[1605],"product_tag":[],"class_list":{"0":"post-25863","1":"product","2":"type-product","3":"status-publish","4":"has-post-thumbnail","6":"product_brand-dji","7":"product_cat-dji-care-refresh","9":"first","10":"outofstock","11":"taxable","12":"shipping-taxable","13":"purchasable","14":"product-type-simple"},"aioseo_notices":[],"_links":{"self":[{"href":"https:\/\/asura.lv\/et\/wp-json\/wp\/v2\/product\/25863","targetHints":{"allow":["GET"]}}],"collection":[{"href":"https:\/\/asura.lv\/et\/wp-json\/wp\/v2\/product"}],"about":[{"href":"https:\/\/asura.lv\/et\/wp-json\/wp\/v2\/types\/product"}],"replies":[{"embeddable":true,"href":"https:\/\/asura.lv\/et\/wp-json\/wp\/v2\/comments?post=25863"}],"wp:featuredmedia":[{"embeddable":true,"href":"https:\/\/asura.lv\/et\/wp-json\/wp\/v2\/media\/25864"}],"wp:attachment":[{"href":"https:\/\/asura.lv\/et\/wp-json\/wp\/v2\/media?parent=25863"}],"wp:term":[{"taxonomy":"product_brand","embeddable":true,"href":"https:\/\/asura.lv\/et\/wp-json\/wp\/v2\/product_brand?post=25863"},{"taxonomy":"product_cat","embeddable":true,"href":"https:\/\/asura.lv\/et\/wp-json\/wp\/v2\/product_cat?post=25863"},{"taxonomy":"product_tag","embeddable":true,"href":"https:\/\/asura.lv\/et\/wp-json\/wp\/v2\/product_tag?post=25863"}],"curies":[{"name":"wp","href":"https:\/\/api.w.org\/{rel}","templated":true}]}}