{"id":25947,"date":"2025-11-28T20:46:03","date_gmt":"2025-11-28T20:46:03","guid":{"rendered":"https:\/\/asura.lv\/product\/replacement-filter-for-petkit-pura-air-odor-eliminator-2pcs\/"},"modified":"2025-12-12T14:47:35","modified_gmt":"2025-12-12T12:47:35","slug":"replacement-filter-for-petkit-pura-air-odor-eliminator-2pcs","status":"publish","type":"product","link":"https:\/\/asura.lv\/et\/toode\/replacement-filter-for-petkit-pura-air-odor-eliminator-2pcs\/","title":{"rendered":"PetKit Pura Air l\u00f5hnaeemaldaja vahetusfilter (2 tk)"},"content":{"rendered":"<h3>PetKit Pura Air l\u00f5hnade absorbeerija vahetusfiltrid (2 tk)<\/h3>\n<p>Vabanege ebameeldivatest l\u00f5hnadest igaveseks! Pol\u00fcmeerfiltrid on spetsiaalselt loodud PetKiti intelligentsele l\u00f5hnade absorbeerijale Pura Air. Need on valmistatud kuni 20 taime ekstraktist, seega neelab see t\u00f5husalt l\u00f5hna ja lagundab l\u00f5hnamolekule ning takistab bakterite kasvu. See on mittetoksiline ja t\u00e4iesti ohutu tervisele. See k\u00f5ik t\u00e4hendab, et PetKit Pura Airiga saate nautida puhast ja v\u00e4rsket \u00f5hku. Vahetage filtreid iga 3 kuu tagant, et seade t\u00f6\u00f6taks t\u00f5husalt. <\/p>\n<p><img decoding=\"async\" src=\"https:\/\/b2b.innpro.pl\/data\/include\/cms\/03PetKit\/PURA-Air-filter\/1.jpg\" alt=\"03PetKit\/PURA-Air-Filter\/1\"><\/p>\n<div class=\"table-wrapper\">\n<table>\n<tbody>\n<tr>\n<th>Tootja <\/th>\n<td>PetKit<\/td>\n<\/tr>\n<tr>\n<th>Rakendus <\/th>\n<td>Filtrid on m\u00f5eldud PetKit Pura Air intelligentsele l\u00f5hnade absorbeerijale<\/td>\n<\/tr>\n<tr>\n<th>Komplektis olevate t\u00fckkide arv<\/th>\n<td>2<\/td>\n<\/tr>\n<\/tbody>\n<\/table>\n<\/div>\n","protected":false},"excerpt":{"rendered":"<p>PetKit Pura Air l\u00f5hnade absorbeerija vahetusfiltrid (2 tk) Vabanege ebameeldivatest l\u00f5hnadest igaveseks! Pol\u00fcmeerfiltrid on spetsiaalselt loodud PetKiti intelligentsele l\u00f5hnade absorbeerijale Pura Air. Need on valmistatud kuni 20 taime ekstraktist, seega neelab see t\u00f5husalt l\u00f5hna ja lagundab l\u00f5hnamolekule ning takistab bakterite kasvu. See on mittetoksiline ja t\u00e4iesti ohutu tervisele. See k\u00f5ik t\u00e4hendab, et PetKit Pura Airiga [&#8230;]\n","protected":false},"featured_media":25948,"comment_status":"open","ping_status":"closed","template":"","meta":[],"product_brand":[279],"product_cat":[1347],"product_tag":[],"class_list":{"0":"post-25947","1":"product","2":"type-product","3":"status-publish","4":"has-post-thumbnail","6":"product_brand-petkit","7":"product_cat-odor-absorbers","9":"first","10":"outofstock","11":"taxable","12":"shipping-taxable","13":"purchasable","14":"product-type-simple"},"aioseo_notices":[],"_links":{"self":[{"href":"https:\/\/asura.lv\/et\/wp-json\/wp\/v2\/product\/25947","targetHints":{"allow":["GET"]}}],"collection":[{"href":"https:\/\/asura.lv\/et\/wp-json\/wp\/v2\/product"}],"about":[{"href":"https:\/\/asura.lv\/et\/wp-json\/wp\/v2\/types\/product"}],"replies":[{"embeddable":true,"href":"https:\/\/asura.lv\/et\/wp-json\/wp\/v2\/comments?post=25947"}],"wp:featuredmedia":[{"embeddable":true,"href":"https:\/\/asura.lv\/et\/wp-json\/wp\/v2\/media\/25948"}],"wp:attachment":[{"href":"https:\/\/asura.lv\/et\/wp-json\/wp\/v2\/media?parent=25947"}],"wp:term":[{"taxonomy":"product_brand","embeddable":true,"href":"https:\/\/asura.lv\/et\/wp-json\/wp\/v2\/product_brand?post=25947"},{"taxonomy":"product_cat","embeddable":true,"href":"https:\/\/asura.lv\/et\/wp-json\/wp\/v2\/product_cat?post=25947"},{"taxonomy":"product_tag","embeddable":true,"href":"https:\/\/asura.lv\/et\/wp-json\/wp\/v2\/product_tag?post=25947"}],"curies":[{"name":"wp","href":"https:\/\/api.w.org\/{rel}","templated":true}]}}