{"id":25983,"date":"2025-11-28T20:45:59","date_gmt":"2025-11-28T20:45:59","guid":{"rendered":"https:\/\/asura.lv\/product\/telesin-backpack-strap-mount-with-j-hook-mount-for-gopro-osmo-action-gp-bpm-003\/"},"modified":"2025-12-12T14:47:31","modified_gmt":"2025-12-12T12:47:31","slug":"telesin-backpack-strap-mount-with-j-hook-mount-for-gopro-osmo-action-gp-bpm-003","status":"publish","type":"product","link":"https:\/\/asura.lv\/et\/toode\/telesin-backpack-strap-mount-with-j-hook-mount-for-gopro-osmo-action-gp-bpm-003\/","title":{"rendered":"Telesin seljakotirihma kinnitus J-konksuga GoPro\/Osmo Action kaameratele (GP-BPM-003)"},"content":{"rendered":"<h3>Telesin seljakotirihma kinnitus J-konksuga GoPro\/Osmo Actionile (GP-BPM-003)<\/h3>\n<p>Vabastage oma k\u00e4ed originaalsete kaadrite loomiseks jalgrattaga s\u00f5ites, m\u00e4etippudel ronides v\u00f5i m\u00e4est alla suusatades. Telesin kaubam\u00e4rgi takjapaelaga libisemiskindel rihm v\u00f5imaldab teil spordikaamera kindlalt seljakoti k\u00fclge kinnitada. Kaasasolev J-konksuga kinnitus annab teile palju v\u00f5imalusi lisatarviku kasutamiseks.<\/p>\n<p>\n<img decoding=\"async\" alt=\"\" border=\"0\" src=\"https:\/\/assets.innpro.pl\/15979\/20156\/9.jpg\"\/>\n<\/p>\n<h3>Libisemiskindel ja stabiilne<\/h3>\n<p>Rihma sisek\u00fclg on valmistatud PU-plastist. See on ka vooderdatud T-t\u00fc\u00fcpi silikooniga. Seega on lisatarvik libisemiskindel &#8211; see ei v\u00e4rise ega libise seljakoti rakmetelt maha, seega ei riku see teie unistuste kaadreid. See annab sulle peaaegu piiramatu vabaduse salvestada isegi k\u00f5ige d\u00fcnaamilisemat materjali.<\/p>\n<p>\n<img decoding=\"async\" alt=\"\" border=\"0\" src=\"https:\/\/assets.innpro.pl\/15979\/20156\/1.jpg\"\/>\n<\/p>\n<h3>T\u00e4iustatud takjakinnitus<\/h3>\n<p>Kvaliteetse takjakinnituse kasutamine muudab rihma paigaldamise \u00e4\u00e4rmiselt lihtsaks ja mugavaks, kuid samas usaldusv\u00e4\u00e4rseks. Kui oled selle kinnitanud, p\u00fcsib see stabiilselt paigal. Sa ei pea muretsema, et see \u00e4kki iseenesest lahti tuleb ja maha kukub, kahjustades kaamerat. Takjapael eristub oma uskumatu haarduvuse poolest, mis tagab t\u00e4ieliku ohutuse.<\/p>\n<p>\n<img decoding=\"async\" alt=\"\" border=\"0\" src=\"https:\/\/assets.innpro.pl\/15979\/20156\/8.jpg\"\/>\n<\/p>\n<h3>Lai \u00fchilduvus<\/h3>\n<p>Telesin kinnitusrihm on suurep\u00e4rane valik GoPro\/Osmo Actioni jaoks! Lisatarvik \u00fchildub enamiku turul saadaolevate populaarsete spordikaamerate kaubam\u00e4rkidega. Kinnitage oma seade selle k\u00fclge ja j\u00e4\u00e4dvustage k\u00f5ik oma v\u00e4\u00e4rtuslikud hetked vapustavate piltidega!<\/p>\n<p>\n<img decoding=\"async\" alt=\"\" border=\"0\" src=\"https:\/\/assets.innpro.pl\/15979\/20156\/4.jpg\"\/>\n<\/p>\n<h3>Salvesta nii, nagu soovid<\/h3>\n<p>J-konksuga kinnitus annab teile v\u00f5imaluse rihma mitmel viisil kasutada. Saate oma spordikaamera h\u00f5lpsalt sellele kinnitada. Paigaldamine on \u00e4\u00e4rmiselt lihtne ja v\u00f5tab vaid m\u00f5ne hetke.<\/p>\n<p>\n<img decoding=\"async\" alt=\"\" border=\"0\" src=\"https:\/\/assets.innpro.pl\/15979\/20156\/3.jpg\"\/>\n<\/p>\n<h3>\u00dcllatavalt suur kandev\u00f5ime<\/h3>\n<p>Vaatamata oma v\u00e4iksusele paistab lisatarvik silma muljetavaldava kandev\u00f5imega. See suudab hakkama saada kuni 2 kg kaaluvate seadmetega, mis t\u00e4hendab, et see sobib h\u00e4sti mitte ainult spordikaamerate, vaid ka n\u00e4iteks peegelkaameratega. M\u00e4rkus: suurema ohutuse tagamiseks soovitame kasutada kuni 1,5 kg kaaluvaid seadmeid.<\/p>\n<p>\n<img decoding=\"async\" alt=\"\" border=\"0\" src=\"https:\/\/assets.innpro.pl\/15979\/20156\/6.jpg\"\/>\n<\/p>\n<h3>Kaasas<\/h3>\n<ul class=\"list-disc pl-5\">\n<li>x1 takjakinnitus seljakotirihma jaoks<\/li>\n<li>x1 J-konkskinnitus<\/li>\n<li>x1 pikk kruvi<\/li>\n<\/ul>\n<div class=\"table-wrapper\">\n<p>\u0412\u00a0<\/p>\n<h3><\/h3>\n<table>\n<tbody>\n<tr>\n<th>Tootja<\/th>\n<td>Telesin<\/td>\n<\/tr>\n<tr>\n<th>Mudel<\/th>\n<td>GP-BPM-003<\/td>\n<\/tr>\n<tr>\n<th>M\u00f5\u00f5tmed<\/th>\n<td>220 x 120 x 80 mm<\/td>\n<\/tr>\n<tr>\n<th>Kaal<\/th>\n<td>44,6 g<\/td>\n<\/tr>\n<tr>\n<th>Kandev\u00f5ime<\/th>\n<td>Kuni 2 kg (suurema ohutuse tagamiseks soovitame kasutada kuni 1,5 kg kaaluvaid seadmeid)<\/td>\n<\/tr>\n<tr>\n<th>\u00dchilduvus<\/th>\n<td>GoPro\/Osmo Action<\/td>\n<\/tr>\n<\/tbody>\n<\/table>\n<\/div>\n","protected":false},"excerpt":{"rendered":"<p>Telesin seljakotirihma kinnitus J-konksuga GoPro\/Osmo Actionile (GP-BPM-003) Vabastage oma k\u00e4ed originaalsete kaadrite loomiseks jalgrattaga s\u00f5ites, m\u00e4etippudel ronides v\u00f5i m\u00e4est alla suusatades. Telesin kaubam\u00e4rgi takjapaelaga libisemiskindel rihm v\u00f5imaldab teil spordikaamera kindlalt seljakoti k\u00fclge kinnitada. Kaasasolev J-konksuga kinnitus annab teile palju v\u00f5imalusi lisatarviku kasutamiseks. Libisemiskindel ja stabiilne Rihma sisek\u00fclg on valmistatud PU-plastist. See on ka vooderdatud T-t\u00fc\u00fcpi [&#8230;]\n","protected":false},"featured_media":25984,"comment_status":"open","ping_status":"closed","template":"","meta":[],"product_brand":[296],"product_cat":[1044],"product_tag":[],"class_list":{"0":"post-25983","1":"product","2":"type-product","3":"status-publish","4":"has-post-thumbnail","6":"product_brand-telesin","7":"product_cat-straps-mounts-and-holders","9":"first","10":"outofstock","11":"taxable","12":"shipping-taxable","13":"purchasable","14":"product-type-simple"},"aioseo_notices":[],"_links":{"self":[{"href":"https:\/\/asura.lv\/et\/wp-json\/wp\/v2\/product\/25983","targetHints":{"allow":["GET"]}}],"collection":[{"href":"https:\/\/asura.lv\/et\/wp-json\/wp\/v2\/product"}],"about":[{"href":"https:\/\/asura.lv\/et\/wp-json\/wp\/v2\/types\/product"}],"replies":[{"embeddable":true,"href":"https:\/\/asura.lv\/et\/wp-json\/wp\/v2\/comments?post=25983"}],"wp:featuredmedia":[{"embeddable":true,"href":"https:\/\/asura.lv\/et\/wp-json\/wp\/v2\/media\/25984"}],"wp:attachment":[{"href":"https:\/\/asura.lv\/et\/wp-json\/wp\/v2\/media?parent=25983"}],"wp:term":[{"taxonomy":"product_brand","embeddable":true,"href":"https:\/\/asura.lv\/et\/wp-json\/wp\/v2\/product_brand?post=25983"},{"taxonomy":"product_cat","embeddable":true,"href":"https:\/\/asura.lv\/et\/wp-json\/wp\/v2\/product_cat?post=25983"},{"taxonomy":"product_tag","embeddable":true,"href":"https:\/\/asura.lv\/et\/wp-json\/wp\/v2\/product_tag?post=25983"}],"curies":[{"name":"wp","href":"https:\/\/api.w.org\/{rel}","templated":true}]}}