{"id":26013,"date":"2025-11-28T20:45:55","date_gmt":"2025-11-28T20:45:55","guid":{"rendered":"https:\/\/asura.lv\/product\/smart-wi-fi-light-strip-msl320-meross-homekit\/"},"modified":"2025-12-12T14:47:29","modified_gmt":"2025-12-12T12:47:29","slug":"smart-wi-fi-light-strip-msl320-meross-homekit","status":"publish","type":"product","link":"https:\/\/asura.lv\/et\/toode\/smart-wi-fi-light-strip-msl320-meross-homekit\/","title":{"rendered":"Nutikas WiFi-valgusriba MSL320 Meross (HomeKit)"},"content":{"rendered":"<h3>Meross MSL320 WiFi nutikas LED-riba (HomeKit)<\/h3>\n<p>Hankige oma kodu tubadele originaalne kaunistus ja looge igaks s\u00fcndmuseks ainulaadne meeleolu. Kuidas seda teha? Kasutage Meross MSL320 LED-valgusriba! Reguleerige valgust vabalt vastavalt oma vajadustele, muutes selle heledust v\u00f5i v\u00e4rvi. Valgustust saate juhtida ka eemalt &#8211; kasutades Meross rakendust v\u00f5i platvorme nagu Apple HomeKit v\u00f5i Google Assistant. Toode toetab ka h\u00e4\u00e4ljuhtimist.<\/p>\n<p><img decoding=\"async\" src=\"https:\/\/b2b.innpro.pl\/data\/include\/cms\/04Meross\/16.08\/MSL320HK\/1.jpg?v=1626779514125\"><\/p>\n<h3>Looge igas olukorras \u00f5ige atmosf\u00e4\u00e4r<\/h3>\n<p>Kas teadsite, et \u00f5ige valgustus v\u00f5ib meie meeleolu teatud viisil m\u00f5jutada? Selle abil saate luua ka igaks s\u00fcndmuseks ainulaadse atmosf\u00e4\u00e4ri. LED-valgusriba MSL320 laseb teil n\u00e4ha, kuidas see t\u00f6\u00f6tab! Saate vabalt reguleerida selle tekitatava valguse heledust ja isegi muuta selle v\u00e4rvi &#8211; laiast RGB-v\u00e4rvide valikust leiate kindlasti midagi endale sobivat.<\/p>\n<p><img decoding=\"async\" src=\"https:\/\/b2b.innpro.pl\/data\/include\/cms\/04Meross\/16.08\/MSL320HK\/3.jpg?v=1626779514125\"><\/p>\n<h3>Fantastilised valgusefektid<\/h3>\n<p>See pole teie v\u00f5imaluste l\u00f5pp! LED-riba toetab stseene mitmesuguste valgusefektidega, mis v\u00f5imaldavad teil valgustust veelgi paremini olukorrale kohandada. Planeerite vaikset \u00f5htut oma lemmikraamatuga v\u00f5i koduse filmi\u00f5htu? Korraldate pidu? Vajate t\u00f6\u00f6 ajal keskendumishetke? V\u00f5i valmistute lihtsalt magamaminekuks? Vali \u00f5ige stseen ja naudi valgust, mis sobib ideaalselt sinu vajadustega.<\/p>\n<p><img decoding=\"async\" src=\"https:\/\/b2b.innpro.pl\/data\/include\/cms\/04Meross\/16.08\/MSL320HK\/2.jpg?v=1626779514125\"><\/p>\n<h3>Juhti oma valgustust k\u00f5ikjalt<\/h3>\n<p>N\u00fc\u00fcd saad valgustust juhtida isegi kodust eemal olles. LED-riba t\u00f6\u00f6tab Meross rakenduse, samuti Apple HomeKiti, Amazon Alexa, Google Assistant, Samsung SmartThingsi ja IFTTT-ga. Valguse sisse- ja v\u00e4ljal\u00fclitamiseks v\u00f5i selle parameetrite muutmiseks haara lihtsalt telefon! Samuti saate luua ajakavasid ja taimereid.<\/p>\n<p><img decoding=\"async\" src=\"https:\/\/b2b.innpro.pl\/data\/include\/cms\/04Meross\/16.08\/MSL320HK\/5.jpg?v=1626779514125\"><\/p>\n<h3>Mugav h\u00e4\u00e4ljuhtimine<\/h3>\n<p>\u00dchilduvus intelligentsete assistentidega t\u00e4hendab ka seda, et saate oma tulesid juhtida lihtsate h\u00e4\u00e4lk\u00e4sklustega \u2013 te ei pea isegi liikuma! Vaid m\u00f5ne h\u00e4sti valitud s\u00f5naga saate n\u00e4iteks valgusriba sisse v\u00f5i v\u00e4lja l\u00fclitada, valgust heledamaks muuta v\u00f5i selle v\u00e4rvi muuta.<\/p>\n<p><img decoding=\"async\" src=\"https:\/\/b2b.innpro.pl\/data\/include\/cms\/04Meross\/16.08\/MSL320HK\/7.jpg?v=1626779514125\"><\/p>\n<h3>Teie uus ja lihtne viis valitud ruumide kaunistamiseks<\/h3>\n<p>Toote kokkupanek ja seadistamine ei tekita teile probleeme. 5 m pikkus annab teile peaaegu piiramatud kasutusv\u00f5imalused. LED-lindiga saate originaalselt kaunistada n\u00e4iteks k\u00f6\u00f6gikappe, lauda, \u200b\u200bteleri taga olevat seina v\u00f5i riiuleid. Lisaks saab seade t\u00f6\u00f6tada teie olemasoleva WiFi-v\u00f5rguga \u2013 t\u00e4iendavat jaoturit pole vaja.<\/p>\n<p><img decoding=\"async\" src=\"https:\/\/b2b.innpro.pl\/data\/include\/cms\/04Meross\/16.08\/MSL320HK\/4.jpg?v=1626779514125\"><\/p>\n<h3>Karbis<\/h3>\n<ul>\n<li>2 x 5 m LED-valgusriba<\/li>\n<li>1 x nutikas WiFi-kontroller<\/li>\n<li>2 x pistikut<\/li>\n<li>1 x toiteadapter<\/li>\n<li>10 x kinnitusklambrit<\/li>\n<\/ul>\n<div class=\"table-wrapper\">\n<table>\n<tbody>\n<tr>\n<th>Br\u00e4nd<\/th>\n<td>Meross<\/td>\n<\/tr>\n<tr>\n<th>Sisend<\/th>\n<td>12V\/1.5A<\/td>\n<\/tr>\n<tr>\n<th>V\u00e4rv<\/th>\n<td>RGB<\/td>\n<\/tr>\n<tr>\n<th>Pikkus<\/th>\n<td>2x 5m<\/td>\n<\/tr>\n<tr>\n<th>Adapteri t\u00fc\u00fcp<\/th>\n<td>EU<\/td>\n<\/tr>\n<tr>\n<th>Antenn<\/th>\n<td>1x sisemine antenn<\/td>\n<\/tr>\n<tr>\n<th>Traadita \u00fchenduse standard<\/th>\n<td>IEEE 802.11 b\/g\/n, 2.4 GHz, 1T1R<\/td>\n<\/tr>\n<tr>\n<th>Traadita Turvalisus<\/th>\n<td>Toode toetab 64\/128-bitist WEP-i, WPA-PSK-d, WPA2-PSK-d.<\/p>\n<p>*Toode ei toeta ettev\u00f5tte WiFi-d.<\/td>\n<\/tr>\n<tr>\n<th>Sertifikaadid<\/th>\n<td>CE, RoHS, WEEE<\/td>\n<\/tr>\n<tr>\n<th>S\u00fcsteemin\u00f5uded<\/th>\n<td>iOS 13.0 v\u00f5i uuem\/Android 4.1 v\u00f5i uuem, olemasolev WiFi-v\u00f5rk<\/td>\n<\/tr>\n<tr>\n<th>T\u00f6\u00f6temperatuur<\/th>\n<td>0\u201340 \u00b0C<\/td>\n<\/tr>\n<tr>\n<th>S\u00e4ilitustemperatuur<\/th>\n<td>-40\u201370 \u00b0C<\/td>\n<\/tr>\n<tr>\n<th>T\u00f6\u00f6keskkonna \u00f5huniiskus<\/th>\n<td>10\u201390% (mittekondenseeruv)<\/td>\n<\/tr>\n<tr>\n<th>S\u00e4ilitusniiskus<\/th>\n<td>5\u201390% (mittekondenseeruv)<\/td>\n<\/tr>\n<tr>\n<th>Rakendus<\/th>\n<td>Meross<\/td>\n<\/tr>\n<tr>\n<th>\u00dchilduvus<\/th>\n<td>Apple HomeKit, Amazon Alexa, Google Assistant, Samsung SmartThings<\/td>\n<\/tr>\n<\/tbody>\n<\/table>\n<\/div>\n","protected":false},"excerpt":{"rendered":"<p>Meross MSL320 WiFi nutikas LED-riba (HomeKit) Hankige oma kodu tubadele originaalne kaunistus ja looge igaks s\u00fcndmuseks ainulaadne meeleolu. Kuidas seda teha? Kasutage Meross MSL320 LED-valgusriba! Reguleerige valgust vabalt vastavalt oma vajadustele, muutes selle heledust v\u00f5i v\u00e4rvi. Valgustust saate juhtida ka eemalt &#8211; kasutades Meross rakendust v\u00f5i platvorme nagu Apple HomeKit v\u00f5i Google Assistant. Toode toetab [&#8230;]\n","protected":false},"featured_media":26014,"comment_status":"open","ping_status":"closed","template":"","meta":[],"product_brand":[324],"product_cat":[969],"product_tag":[],"class_list":{"0":"post-26013","1":"product","2":"type-product","3":"status-publish","4":"has-post-thumbnail","6":"product_brand-meross","7":"product_cat-led-strips","9":"first","10":"outofstock","11":"taxable","12":"shipping-taxable","13":"purchasable","14":"product-type-simple"},"aioseo_notices":[],"_links":{"self":[{"href":"https:\/\/asura.lv\/et\/wp-json\/wp\/v2\/product\/26013","targetHints":{"allow":["GET"]}}],"collection":[{"href":"https:\/\/asura.lv\/et\/wp-json\/wp\/v2\/product"}],"about":[{"href":"https:\/\/asura.lv\/et\/wp-json\/wp\/v2\/types\/product"}],"replies":[{"embeddable":true,"href":"https:\/\/asura.lv\/et\/wp-json\/wp\/v2\/comments?post=26013"}],"wp:featuredmedia":[{"embeddable":true,"href":"https:\/\/asura.lv\/et\/wp-json\/wp\/v2\/media\/26014"}],"wp:attachment":[{"href":"https:\/\/asura.lv\/et\/wp-json\/wp\/v2\/media?parent=26013"}],"wp:term":[{"taxonomy":"product_brand","embeddable":true,"href":"https:\/\/asura.lv\/et\/wp-json\/wp\/v2\/product_brand?post=26013"},{"taxonomy":"product_cat","embeddable":true,"href":"https:\/\/asura.lv\/et\/wp-json\/wp\/v2\/product_cat?post=26013"},{"taxonomy":"product_tag","embeddable":true,"href":"https:\/\/asura.lv\/et\/wp-json\/wp\/v2\/product_tag?post=26013"}],"curies":[{"name":"wp","href":"https:\/\/api.w.org\/{rel}","templated":true}]}}