{"id":26319,"date":"2025-11-28T20:44:07","date_gmt":"2025-11-28T20:44:07","guid":{"rendered":"https:\/\/asura.lv\/product\/wireless-door-window-sensor-sonoff-dw2-rf-433mhz\/"},"modified":"2025-12-12T14:46:41","modified_gmt":"2025-12-12T12:46:41","slug":"wireless-door-window-sensor-sonoff-dw2-rf-433mhz","status":"publish","type":"product","link":"https:\/\/asura.lv\/et\/toode\/wireless-door-window-sensor-sonoff-dw2-rf-433mhz\/","title":{"rendered":"Juhtmevaba ukse-\/aknaandur Sonoff DW2 RF 433MHz"},"content":{"rendered":"<h3>Nutikas andur ustele ja akendele<\/h3>\n<p>Juhtmevaba ukse-\/aknaandur Sonoff DW2 RF 433MHz\u0412 on anduriga andur, mis tagab korteri suurema turvalisuse sissemurdmise eest. Andur saadab telefoni teate iga kord, kui uks\/aken avatakse v\u00f5i suletakse. Hoolitse oma turvalisuse eest ja naudi meelerahu oma korteris<\/p>\n<p><img decoding=\"async\" src=\"https:\/\/b2b.innpro.pl\/data\/include\/cms\/8Szymon-Mura\/Sonoff\/dw2\/1.jpg\"><\/p>\n<h3>Alati kindel, et maja on turvaline<\/h3>\n<p>Andur saadab teie telefoni rakendusse teateid, kui kutsumata k\u00fclaline proovib teie korteri akent v\u00f5i ust avada. \u00c4ra muretse korterisse j\u00e4\u00e4nud asjade p\u00e4rast<\/p>\n<p><img decoding=\"async\" src=\"https:\/\/b2b.innpro.pl\/data\/include\/cms\/8Szymon-Mura\/Sonoff\/dw2\/4.jpg\"><\/p>\n<h3>\u00dclit\u00f5hus aku<\/h3>\n<p>T\u00e4nu madalale energiatarbimisele kestab aku kuni kaks aastat.<\/p>\n<p><img decoding=\"async\" src=\"https:\/\/b2b.innpro.pl\/data\/include\/cms\/8Szymon-Mura\/Sonoff\/dw2\/6.jpg\"><\/p>\n<div class=\"table-wrapper\">\n<table class=\"table-specs\">\n<tbody>\n<tr>\n<th><span>Mudel<\/span><\/th>\n<td><span>DW2<\/span><\/td>\n<\/tr>\n<tr>\n<th><span>Toide<\/span><\/th>\n<td><span>Aku\u00a0<span>mn27<\/span> (ei kuulu komplekti)<\/span><\/td>\n<\/tr>\n<tr>\n<th><span>Puhkevool<\/span><\/th>\n<td><span>\u22644000A<\/span><\/td>\n<\/tr>\n<tr>\n<th><span>V\u00e4ljalaskevool<\/span><\/th>\n<td><span>\u226415mA<\/span><\/td>\n<\/tr>\n<tr>\n<th><span>T\u00f6\u00f6temperatuur<\/span><\/th>\n<td><span>-10\u207b\u2075 kuni 40 tolli<\/span><\/td>\n<\/tr>\n<tr>\n<th><span>M\u00f5\u00f5tmed<\/span><\/th>\n<td><span>70 mm x 31 mm x 19 mm \/ 42 x 14 x 16<\/span><\/td>\n<\/tr>\n<tr>\n<th><span>Side<\/span><\/th>\n<td><span>RF 433 MHz<\/span><\/td>\n<\/tr>\n<\/tbody>\n<\/table>\n<\/div>\n","protected":false},"excerpt":{"rendered":"<p>Nutikas andur ustele ja akendele Juhtmevaba ukse-\/aknaandur Sonoff DW2 RF 433MHz\u0412 on anduriga andur, mis tagab korteri suurema turvalisuse sissemurdmise eest. Andur saadab telefoni teate iga kord, kui uks\/aken avatakse v\u00f5i suletakse. Hoolitse oma turvalisuse eest ja naudi meelerahu oma korteris Alati kindel, et maja on turvaline Andur saadab teie telefoni rakendusse teateid, kui kutsumata [&#8230;]\n","protected":false},"featured_media":26320,"comment_status":"open","ping_status":"closed","template":"","meta":[],"product_brand":[203],"product_cat":[948],"product_tag":[],"class_list":{"0":"post-26319","1":"product","2":"type-product","3":"status-publish","4":"has-post-thumbnail","6":"product_brand-sonoff","7":"product_cat-sensors","9":"first","10":"outofstock","11":"taxable","12":"shipping-taxable","13":"purchasable","14":"product-type-simple"},"aioseo_notices":[],"_links":{"self":[{"href":"https:\/\/asura.lv\/et\/wp-json\/wp\/v2\/product\/26319","targetHints":{"allow":["GET"]}}],"collection":[{"href":"https:\/\/asura.lv\/et\/wp-json\/wp\/v2\/product"}],"about":[{"href":"https:\/\/asura.lv\/et\/wp-json\/wp\/v2\/types\/product"}],"replies":[{"embeddable":true,"href":"https:\/\/asura.lv\/et\/wp-json\/wp\/v2\/comments?post=26319"}],"wp:featuredmedia":[{"embeddable":true,"href":"https:\/\/asura.lv\/et\/wp-json\/wp\/v2\/media\/26320"}],"wp:attachment":[{"href":"https:\/\/asura.lv\/et\/wp-json\/wp\/v2\/media?parent=26319"}],"wp:term":[{"taxonomy":"product_brand","embeddable":true,"href":"https:\/\/asura.lv\/et\/wp-json\/wp\/v2\/product_brand?post=26319"},{"taxonomy":"product_cat","embeddable":true,"href":"https:\/\/asura.lv\/et\/wp-json\/wp\/v2\/product_cat?post=26319"},{"taxonomy":"product_tag","embeddable":true,"href":"https:\/\/asura.lv\/et\/wp-json\/wp\/v2\/product_tag?post=26319"}],"curies":[{"name":"wp","href":"https:\/\/api.w.org\/{rel}","templated":true}]}}