{"id":26547,"date":"2025-11-28T20:43:43","date_gmt":"2025-11-28T20:43:43","guid":{"rendered":"https:\/\/asura.lv\/product\/sonoff-wifi-smart-switch-4chr3\/"},"modified":"2025-12-12T14:46:31","modified_gmt":"2025-12-12T12:46:31","slug":"sonoff-wifi-smart-switch-4chr3","status":"publish","type":"product","link":"https:\/\/asura.lv\/et\/toode\/sonoff-wifi-smart-switch-4chr3\/","title":{"rendered":"SONOFF WiFi nutikas l\u00fcliti 4CHR3"},"content":{"rendered":"<h3>Lihtne juurdep\u00e4\u00e4s 3 seadme t\u00f6\u00f6re\u017eiimile<\/h3>\n<p>Erinevalt Sonoff 4CHR2 l\u00fcliti eelmisest versioonist on meil otse telefoni rakenduse kaudu juurdep\u00e4\u00e4s iselukustuvale (v\u00f5imaldab sisse l\u00fclitada seadmeid, mis j\u00e4\u00e4vad sisse, kuni te need k\u00e4sitsi v\u00e4lja l\u00fclitate), blokeerivale (teise seadme sissel\u00fclitamisel l\u00fclitatakse automaatselt v\u00e4lja eelnevalt sisse l\u00fclitatud seade) ja j\u00e4rkj\u00e4rgulisele (seadme sissel\u00fclitamisel l\u00fclitatakse see etteantud aja m\u00f6\u00f6dudes v\u00e4lja) re\u017eiimidele.<\/p>\n<p>\n<img decoding=\"async\" border=\"0\" src=\"https:\/\/assets.innpro.pl\/9514\/11106\/4.jpg\"\/>\n<\/p>\n<h3>4 seadme eraldi t\u00f6\u00f6<\/h3>\n<p>Iselukustuv re\u017eiim v\u00f5imaldab 4 \u00fchendatud valguskandjat koheselt sisse\/v\u00e4lja l\u00fclitada.<\/p>\n<p>\n<img decoding=\"async\" border=\"0\" src=\"https:\/\/assets.innpro.pl\/9514\/11106\/2.jpg\"\/>\n<\/p>\n<h3>Usaldusv\u00e4\u00e4rne assistent<\/h3>\n<p>Kasutajad saavad \u00fchendatud seadmeid kaugjuhtimise teel juhtida tasuta eWeLinki rakenduse kaudu, mis on saadaval iOS-i ja Androidi platvormidel. T\u00e4nu \u00fchilduvusele Amazon Alexa, Amazon Echo, Echo Dot, Amazon Tap, Google Assistant, Google Home, Google Nest ja IFTTT-ga on v\u00f5imalik ka h\u00e4\u00e4ljuhtimine ja koost\u00f6\u00f6 nutikate assistentidega.<\/p>\n<p>\n<img decoding=\"async\" border=\"0\" src=\"https:\/\/assets.innpro.pl\/9514\/11106\/1.jpg\"\/>\n<\/p>\n<h3>Kaitse ennek\u00f5ike<\/h3>\n<p>Vastupidav korpus on valmistatud kvaliteetsest tulekindlast PC-materjalist, mis pakub \u00fchendatud seadmete kasutamisel suurep\u00e4rast kaitset.<\/p>\n<p>\n<img decoding=\"async\" border=\"0\" src=\"https:\/\/assets.innpro.pl\/9514\/11106\/3.jpg\"\/>\n<\/p>\n<h3>Universaalne \u00fchilduvus<\/h3>\n<p>Relee \u00fchildub paljude turul saadaolevate seadmetega. Muuhulgas saab seda kasutada valgustuse, tarbeelektroonika ja kodumasinate, ventilaatorite, mootorite ja paljude muude seadmetega.<\/p>\n<p>\n<img decoding=\"async\" border=\"0\" src=\"https:\/\/assets.innpro.pl\/9514\/11106\/6.jpg\"\/>\n<\/p>\n<div class=\"table-wrapper\">\n<p>\u0412\u00a0<\/p>\n<h3><\/h3>\n<table>\n<tbody>\n<tr>\n<th>Tootja<\/th>\n<td>Sonoff<\/td>\n<\/tr>\n<tr>\n<th>Mudel<\/th>\n<td>4CHR3<\/td>\n<\/tr>\n<tr>\n<th>Pingevahemik<\/th>\n<td>100\u2013240 V AC50\/60 Hz<\/td>\n<\/tr>\n<tr>\n<th>Maksimaalne koormus<\/th>\n<td>10 A\/2200 W\/juhe 16 A\/3500 W<\/td>\n<\/tr>\n<tr>\n<th>WiFi \u00fchendus<\/th>\n<td>2,4 GHz, 802.11 b\/g\/n<\/td>\n<\/tr>\n<tr>\n<th>Turvalisus<\/th>\n<td>WPA\/WPA2<\/td>\n<\/tr>\n<tr>\n<th>Materjal<\/th>\n<td>PC V0<\/td>\n<\/tr>\n<tr>\n<th>M\u00f5\u00f5tmed<\/th>\n<td>145 x 90 x 34 mm<\/td>\n<\/tr>\n<tr>\n<th>T\u00f6\u00f6temperatuur<\/th>\n<td>-10 \u00b0C ~ 40 \u00b0C<\/td>\n<\/tr>\n<\/tbody>\n<\/table>\n<\/div>\n","protected":false},"excerpt":{"rendered":"<p>Lihtne juurdep\u00e4\u00e4s 3 seadme t\u00f6\u00f6re\u017eiimile Erinevalt Sonoff 4CHR2 l\u00fcliti eelmisest versioonist on meil otse telefoni rakenduse kaudu juurdep\u00e4\u00e4s iselukustuvale (v\u00f5imaldab sisse l\u00fclitada seadmeid, mis j\u00e4\u00e4vad sisse, kuni te need k\u00e4sitsi v\u00e4lja l\u00fclitate), blokeerivale (teise seadme sissel\u00fclitamisel l\u00fclitatakse automaatselt v\u00e4lja eelnevalt sisse l\u00fclitatud seade) ja j\u00e4rkj\u00e4rgulisele (seadme sissel\u00fclitamisel l\u00fclitatakse see etteantud aja m\u00f6\u00f6dudes v\u00e4lja) re\u017eiimidele. 4 [&#8230;]\n","protected":false},"featured_media":26548,"comment_status":"open","ping_status":"closed","template":"","meta":[],"product_brand":[203],"product_cat":[918],"product_tag":[],"class_list":{"0":"post-26547","1":"product","2":"type-product","3":"status-publish","4":"has-post-thumbnail","6":"product_brand-sonoff","7":"product_cat-smart-controllers","9":"first","10":"outofstock","11":"taxable","12":"shipping-taxable","13":"purchasable","14":"product-type-simple"},"aioseo_notices":[],"_links":{"self":[{"href":"https:\/\/asura.lv\/et\/wp-json\/wp\/v2\/product\/26547","targetHints":{"allow":["GET"]}}],"collection":[{"href":"https:\/\/asura.lv\/et\/wp-json\/wp\/v2\/product"}],"about":[{"href":"https:\/\/asura.lv\/et\/wp-json\/wp\/v2\/types\/product"}],"replies":[{"embeddable":true,"href":"https:\/\/asura.lv\/et\/wp-json\/wp\/v2\/comments?post=26547"}],"wp:featuredmedia":[{"embeddable":true,"href":"https:\/\/asura.lv\/et\/wp-json\/wp\/v2\/media\/26548"}],"wp:attachment":[{"href":"https:\/\/asura.lv\/et\/wp-json\/wp\/v2\/media?parent=26547"}],"wp:term":[{"taxonomy":"product_brand","embeddable":true,"href":"https:\/\/asura.lv\/et\/wp-json\/wp\/v2\/product_brand?post=26547"},{"taxonomy":"product_cat","embeddable":true,"href":"https:\/\/asura.lv\/et\/wp-json\/wp\/v2\/product_cat?post=26547"},{"taxonomy":"product_tag","embeddable":true,"href":"https:\/\/asura.lv\/et\/wp-json\/wp\/v2\/product_tag?post=26547"}],"curies":[{"name":"wp","href":"https:\/\/api.w.org\/{rel}","templated":true}]}}