{"id":26595,"date":"2025-11-28T20:43:39","date_gmt":"2025-11-28T20:43:39","guid":{"rendered":"https:\/\/asura.lv\/product\/smart-switch-wifi-rf-433-sonoff-rf-r2-new\/"},"modified":"2025-12-12T14:46:27","modified_gmt":"2025-12-12T12:46:27","slug":"smart-switch-wifi-rf-433-sonoff-rf-r2-new","status":"publish","type":"product","link":"https:\/\/asura.lv\/et\/toode\/smart-switch-wifi-rf-433-sonoff-rf-r2-new\/","title":{"rendered":"Nutikas l\u00fcliti WiFi + RF 433 Sonoff RF R2 (UUS)"},"content":{"rendered":"<h3>Nutil\u00fcliti<\/h3>\n<p>Populaarse Sonoff RF-l\u00fcliti (IM151116003) parandatud versioon. Sonoff RF on odav nutikas WiFi-l\u00fcliti 433,92 MHz raadiovastuv\u00f5tja mooduliga, mida saab juhtida raadiopuldiga. See on kaugjuhtimisega toitel\u00fcliti, mida saab \u00fchendada paljude seadmetega. Sonoff RF elektril\u00fcliti edastab andmeid pilveplatvormile WiFi-\u00fchenduse kaudu, mis v\u00f5imaldab kasutajatel k\u00f5iki \u00fchendatud seadmeid eWeLinki mobiilirakenduse kaudu kaugjuhtimisega juhtida.<\/p>\n<p><img decoding=\"async\" src=\"https:\/\/b2b.innpro.pl\/data\/include\/cms\/6Kuba\/Sonoff\/RF\/_01_RF.jpg\"><\/p>\n<h3>Teenus<\/h3>\n<p>Kasutajad saavad \u00fchendatud seadet kaugjuhtimisega juhtida tasuta eWeLinki rakenduse kaudu, mis on saadaval iOS-i ja Androidi platvormidel, samuti raadiopuldi abil. H\u00e4\u00e4letugi ja koost\u00f6\u00f6 nutikate assistentidega on v\u00f5imalikud ka t\u00e4nu \u00fchilduvusele Amazon Alexa, Amazon Echo, Echo Dot, Amazon Tap, Google Assistant, Google Home, Google Nest ja IFTTT-ga. T\u00e4nu v\u00f5rgu\u00fchendusele on seadme oleku s\u00fcnkroonimine kohene, nii et rakendus kuvab alati praeguseid andmeid.<\/p>\n<p><img decoding=\"async\" src=\"https:\/\/b2b.innpro.pl\/data\/include\/cms\/6Kuba\/Sonoff\/Basic\/_02.jpg\"><\/p>\n<h3>Nutikas juhtimine<\/h3>\n<p>Kasutajad saavad nutikalt ajastada seadmete automaatse sisse- ja v\u00e4ljal\u00fclitamise kindlal ajal. Seade saab t\u00f6\u00f6tada iseseisvalt isegi siis, kui WiFi-v\u00f5rk pole saadaval, kasutage lihtsalt LAN-toe funktsiooni. Selleks, et seadet saaksid juhtida ka teised leibkonnaliikmed, saavad kasutajad lihtsalt seadmeid teiste kontodega jagada ja teatud \u00f5igused m\u00e4\u00e4rata. Samuti on v\u00f5imalik luua stseene v\u00f5i intelligentseid stseene l\u00fcliti sisse-\/v\u00e4ljal\u00fclitamiseks.<\/p>\n<p><img decoding=\"async\" src=\"https:\/\/b2b.innpro.pl\/data\/include\/cms\/6Kuba\/Sonoff\/RF\/_03_RF-Control.jpg\"><\/p>\n<h3>\u00dchendus<\/h3>\n<p>Allpool on seadme releega \u00fchendamise skeem.<\/p>\n<p><img decoding=\"async\" src=\"https:\/\/b2b.innpro.pl\/data\/include\/cms\/6Kuba\/Sonoff\/Basic\/_03.jpg\"><\/p>\n<h3>Universaalne \u00fchilduvus<\/h3>\n<p>Relee \u00fchildub paljude turul saadaolevate seadmetega. Seda saab kasutada valgustuse, kodumasinate, ventilaatorite ja paljude muude seadmetega.<\/p>\n<p><img decoding=\"async\" src=\"https:\/\/b2b.innpro.pl\/data\/include\/cms\/6Kuba\/Sonoff\/Basic\/_08.jpg\"><\/p>\n<div class=\"table-wrapper\">\n<table class=\"table-specs\">\n<tbody>\n<tr>\n<th><span>Mudel<\/span><\/th>\n<td><span>RF R2 (M0802010002)<\/span><\/td>\n<\/tr>\n<tr>\n<th><span>Toiteallikas<\/span><\/th>\n<td><span>90-250 V AC (50\/60 Hz)<\/span><\/td>\n<\/tr>\n<tr>\n<th><span>Max. pinge<\/span><\/th>\n<td><span>10 A<\/span><\/td>\n<\/tr>\n<tr>\n<th><span>Max. v\u00f5imsus<\/span><\/th>\n<td><span>2200 W<\/span><\/td>\n<\/tr>\n<tr>\n<th><span>Toetatud ajakavade arv<\/span><\/th>\n<td><span>8<\/span><\/td>\n<\/tr>\n<tr>\n<th><span>WiFi-side<\/span><\/th>\n<td><span>2,4 GHz, 802.11 b\/g\/n<\/span><\/td>\n<\/tr>\n<tr>\n<th><span>Raadio\u00fchendus<\/span><\/th>\n<td><span>RF 433.92 MHz<\/span><\/td>\n<\/tr>\n<tr>\n<th><span>Turvalisus<\/span><\/th>\n<td><span>WPA-PSK\/WPA2-PSK<\/span><\/td>\n<\/tr>\n<tr>\n<th><span>Paigaldamine<\/span><\/th>\n<td><span>Ei<\/span><\/td>\n<\/tr>\n<tr>\n<th><span>Haldamine<\/span><\/th>\n<td><span>Rakendus eWeLink Androidile\/iOS-ile<\/span><\/td>\n<\/tr>\n<tr>\n<th><span>Nutikas juhtimine<\/span><\/th>\n<td>\n<p><span>Amazon: Alexa, Echo, Echo Dot, Amazon Tap<\/span><\/p>\n<p><span>Google: Assistant, Home, Nest<\/span><\/p>\n<p><span>Rakendus IFTTT<\/span><\/p>\n<\/td>\n<\/tr>\n<tr>\n<th><span>Kaal<\/span><\/th>\n<td><span>52 g<\/span><\/td>\n<\/tr>\n<tr>\n<th><span>Korpuse materjal<\/span><\/th>\n<td><span>Tulekindel ABS V0<\/span><\/td>\n<\/tr>\n<tr>\n<th><span>Kanali arv<\/span><\/th>\n<td><span>1<\/span><\/td>\n<\/tr>\n<tr>\n<th><span>M\u00f5\u00f5tmed<\/span><\/th>\n<td><span>88 x 38 x 23 mm<\/span><\/td>\n<\/tr>\n<tr>\n<th><span>T\u00f6\u00f6temperatuur<\/span><\/th>\n<td><span>0\u00b0C &#8211; 40\u00b0C<\/span><\/td>\n<\/tr>\n<tr>\n<th><span>Niiskus<\/span><\/th>\n<td><span>5%-90% suhteline \u00f5huniiskus<\/span><\/td>\n<\/tr>\n<tr>\n<th><span>Sertifikaadid<\/span><\/th>\n<td><span>CE<\/span><\/td>\n<\/tr>\n<\/tbody>\n<\/table>\n<\/div>\n","protected":false},"excerpt":{"rendered":"<p>Nutil\u00fcliti Populaarse Sonoff RF-l\u00fcliti (IM151116003) parandatud versioon. Sonoff RF on odav nutikas WiFi-l\u00fcliti 433,92 MHz raadiovastuv\u00f5tja mooduliga, mida saab juhtida raadiopuldiga. See on kaugjuhtimisega toitel\u00fcliti, mida saab \u00fchendada paljude seadmetega. Sonoff RF elektril\u00fcliti edastab andmeid pilveplatvormile WiFi-\u00fchenduse kaudu, mis v\u00f5imaldab kasutajatel k\u00f5iki \u00fchendatud seadmeid eWeLinki mobiilirakenduse kaudu kaugjuhtimisega juhtida. Teenus Kasutajad saavad \u00fchendatud seadet kaugjuhtimisega [&#8230;]\n","protected":false},"featured_media":26596,"comment_status":"open","ping_status":"closed","template":"","meta":[],"product_brand":[203],"product_cat":[918],"product_tag":[],"class_list":{"0":"post-26595","1":"product","2":"type-product","3":"status-publish","4":"has-post-thumbnail","6":"product_brand-sonoff","7":"product_cat-smart-controllers","9":"first","10":"outofstock","11":"taxable","12":"shipping-taxable","13":"purchasable","14":"product-type-simple"},"aioseo_notices":[],"_links":{"self":[{"href":"https:\/\/asura.lv\/et\/wp-json\/wp\/v2\/product\/26595","targetHints":{"allow":["GET"]}}],"collection":[{"href":"https:\/\/asura.lv\/et\/wp-json\/wp\/v2\/product"}],"about":[{"href":"https:\/\/asura.lv\/et\/wp-json\/wp\/v2\/types\/product"}],"replies":[{"embeddable":true,"href":"https:\/\/asura.lv\/et\/wp-json\/wp\/v2\/comments?post=26595"}],"wp:featuredmedia":[{"embeddable":true,"href":"https:\/\/asura.lv\/et\/wp-json\/wp\/v2\/media\/26596"}],"wp:attachment":[{"href":"https:\/\/asura.lv\/et\/wp-json\/wp\/v2\/media?parent=26595"}],"wp:term":[{"taxonomy":"product_brand","embeddable":true,"href":"https:\/\/asura.lv\/et\/wp-json\/wp\/v2\/product_brand?post=26595"},{"taxonomy":"product_cat","embeddable":true,"href":"https:\/\/asura.lv\/et\/wp-json\/wp\/v2\/product_cat?post=26595"},{"taxonomy":"product_tag","embeddable":true,"href":"https:\/\/asura.lv\/et\/wp-json\/wp\/v2\/product_tag?post=26595"}],"curies":[{"name":"wp","href":"https:\/\/api.w.org\/{rel}","templated":true}]}}